{"id":17258,"date":"2024-09-18T18:59:22","date_gmt":"2024-09-18T16:59:22","guid":{"rendered":"https:\/\/oliveraieducoudon.com\/?post_type=product&#038;p=17258"},"modified":"2024-09-19T17:18:39","modified_gmt":"2024-09-19T15:18:39","slug":"rouille-2","status":"publish","type":"product","link":"https:\/\/oliveraieducoudon.com\/?product=rouille-2","title":{"rendered":"@ Rouille"},"content":{"rendered":"<h3><em><strong><span style=\"color: #993366;\">Rouille<\/span><\/strong><\/em><\/h3>\n<p>Recette bien \u00e9pic\u00e9e du sud de la France, la rouille se sert en g\u00e9n\u00e9ral sur des petits cro\u00fbtons que l&rsquo;on recouvre du bouillon d&rsquo;une soupe de poisson. La rouille se consomme aussi en condiment, pour remplacer une mayonnaise : avec le poisson, les pierrades, les fondues, les oeufs durs&#8230;<\/p>\n<p><span style=\"color: #993366;\">Ingr\u00e9dients<\/span> :<\/p>\n<p>* Les allerg\u00e8nes sont repr\u00e9sent\u00e9s en majuscule<\/p>\n<p>Eau, CRUSTACES (langoustine, homard) (SULFITES), ail, BEURRE, farine de BLE, concentre\u0301 de tomate, huile d&rsquo;olive vierge extra,<\/p>\n<p>sel de Gue\u0301rande IGP 0.9 %, fe\u0301cule de pomme de terre, poivre, fleur de sel 0,1% (Origine : France), piment fort.<\/p>\n<p><span style=\"color: #993366;\">valeurs nutritionnelles pour 100g<\/span><\/p>\n<p>Valeur \u00e9nerg\u00e9tique 2507 kJ \/ 609 kcal<br \/>\nMati\u00e8re grasse 64.89 g<br \/>\n&#8211; acides gras satur\u00e9s 7.21 g<br \/>\nGlucides 4.53 g<br \/>\ndont sucres 0.52 g<br \/>\nProt\u00e9ines 2.49 g<br \/>\nSel 1.54 g<\/p>\n<p>A conserver au frais apr\u00e8s ouverture<\/p>\n<p>Prix au kilo : 42,20\u20ac<\/p>\n","protected":false},"excerpt":{"rendered":"<p>Rouille Recette bien \u00e9pic\u00e9e du sud de la France, la rouille se sert en g\u00e9n\u00e9ral sur des petits cro\u00fbtons que l&rsquo;on recouvre du bouillon d&rsquo;une soupe de poisson. La rouille se consomme aussi en condiment, pour remplacer une mayonnaise : avec le poisson, les pierrades, les fondues, les oeufs durs&#8230; Ingr\u00e9dients : * Les allerg\u00e8nes [&hellip;]<\/p>\n","protected":false},"featured_media":17245,"comment_status":"open","ping_status":"closed","template":"","meta":{"om_disable_all_campaigns":false,"_monsterinsights_skip_tracking":false,"_monsterinsights_sitenote_active":false,"_monsterinsights_sitenote_note":"","_monsterinsights_sitenote_category":0,"ocean_post_layout":"","ocean_both_sidebars_style":"","ocean_both_sidebars_content_width":0,"ocean_both_sidebars_sidebars_width":0,"ocean_sidebar":"0","ocean_second_sidebar":"0","ocean_disable_margins":"enable","ocean_add_body_class":"","ocean_shortcode_before_top_bar":"","ocean_shortcode_after_top_bar":"","ocean_shortcode_before_header":"","ocean_shortcode_after_header":"","ocean_has_shortcode":"","ocean_shortcode_after_title":"","ocean_shortcode_before_footer_widgets":"","ocean_shortcode_after_footer_widgets":"","ocean_shortcode_before_footer_bottom":"","ocean_shortcode_after_footer_bottom":"","ocean_display_top_bar":"default","ocean_display_header":"default","ocean_header_style":"","ocean_center_header_left_menu":"0","ocean_custom_header_template":"0","ocean_custom_logo":0,"ocean_custom_retina_logo":0,"ocean_custom_logo_max_width":0,"ocean_custom_logo_tablet_max_width":0,"ocean_custom_logo_mobile_max_width":0,"ocean_custom_logo_max_height":0,"ocean_custom_logo_tablet_max_height":0,"ocean_custom_logo_mobile_max_height":0,"ocean_header_custom_menu":"0","ocean_menu_typo_font_family":"0","ocean_menu_typo_font_subset":"","ocean_menu_typo_font_size":0,"ocean_menu_typo_font_size_tablet":0,"ocean_menu_typo_font_size_mobile":0,"ocean_menu_typo_font_size_unit":"px","ocean_menu_typo_font_weight":"","ocean_menu_typo_font_weight_tablet":"","ocean_menu_typo_font_weight_mobile":"","ocean_menu_typo_transform":"","ocean_menu_typo_transform_tablet":"","ocean_menu_typo_transform_mobile":"","ocean_menu_typo_line_height":0,"ocean_menu_typo_line_height_tablet":0,"ocean_menu_typo_line_height_mobile":0,"ocean_menu_typo_line_height_unit":"","ocean_menu_typo_spacing":0,"ocean_menu_typo_spacing_tablet":0,"ocean_menu_typo_spacing_mobile":0,"ocean_menu_typo_spacing_unit":"","ocean_menu_link_color":"","ocean_menu_link_color_hover":"","ocean_menu_link_color_active":"","ocean_menu_link_background":"","ocean_menu_link_hover_background":"","ocean_menu_link_active_background":"","ocean_menu_social_links_bg":"","ocean_menu_social_hover_links_bg":"","ocean_menu_social_links_color":"","ocean_menu_social_hover_links_color":"","ocean_disable_title":"default","ocean_disable_heading":"default","ocean_post_title":"","ocean_post_subheading":"","ocean_post_title_style":"","ocean_post_title_background_color":"","ocean_post_title_background":0,"ocean_post_title_bg_image_position":"","ocean_post_title_bg_image_attachment":"","ocean_post_title_bg_image_repeat":"","ocean_post_title_bg_image_size":"","ocean_post_title_height":0,"ocean_post_title_bg_overlay":0.5,"ocean_post_title_bg_overlay_color":"","ocean_disable_breadcrumbs":"default","ocean_breadcrumbs_color":"","ocean_breadcrumbs_separator_color":"","ocean_breadcrumbs_links_color":"","ocean_breadcrumbs_links_hover_color":"","ocean_display_footer_widgets":"default","ocean_display_footer_bottom":"default","ocean_custom_footer_template":"0"},"product_brand":[],"product_cat":[88,40],"product_tag":[],"class_list":{"0":"post-17258","1":"product","2":"type-product","3":"status-publish","4":"has-post-thumbnail","6":"product_cat-les-nouveautees-de-loliveraie","7":"product_cat-specialites-provencales","8":"product_shipping_class-produits-livrables","10":"entry","11":"has-media","13":"first","14":"instock","15":"taxable","16":"shipping-taxable","17":"purchasable","18":"product-type-simple","19":"has-product-nav","20":"col","21":"span_1_of_4","22":"owp-content-center","23":"owp-thumbs-layout-horizontal","24":"owp-btn-big","25":"owp-tabs-layout-vertical","26":"has-no-thumbnails"},"aioseo_notices":[],"jetpack_sharing_enabled":true,"_links":{"self":[{"href":"https:\/\/oliveraieducoudon.com\/index.php?rest_route=\/wp\/v2\/product\/17258","targetHints":{"allow":["GET"]}}],"collection":[{"href":"https:\/\/oliveraieducoudon.com\/index.php?rest_route=\/wp\/v2\/product"}],"about":[{"href":"https:\/\/oliveraieducoudon.com\/index.php?rest_route=\/wp\/v2\/types\/product"}],"replies":[{"embeddable":true,"href":"https:\/\/oliveraieducoudon.com\/index.php?rest_route=%2Fwp%2Fv2%2Fcomments&post=17258"}],"wp:featuredmedia":[{"embeddable":true,"href":"https:\/\/oliveraieducoudon.com\/index.php?rest_route=\/wp\/v2\/media\/17245"}],"wp:attachment":[{"href":"https:\/\/oliveraieducoudon.com\/index.php?rest_route=%2Fwp%2Fv2%2Fmedia&parent=17258"}],"wp:term":[{"taxonomy":"product_brand","embeddable":true,"href":"https:\/\/oliveraieducoudon.com\/index.php?rest_route=%2Fwp%2Fv2%2Fproduct_brand&post=17258"},{"taxonomy":"product_cat","embeddable":true,"href":"https:\/\/oliveraieducoudon.com\/index.php?rest_route=%2Fwp%2Fv2%2Fproduct_cat&post=17258"},{"taxonomy":"product_tag","embeddable":true,"href":"https:\/\/oliveraieducoudon.com\/index.php?rest_route=%2Fwp%2Fv2%2Fproduct_tag&post=17258"}],"curies":[{"name":"wp","href":"https:\/\/api.w.org\/{rel}","templated":true}]}}