{"id":17235,"date":"2024-09-18T15:04:45","date_gmt":"2024-09-18T13:04:45","guid":{"rendered":"https:\/\/oliveraieducoudon.com\/?post_type=product&#038;p=17235"},"modified":"2024-09-18T15:14:51","modified_gmt":"2024-09-18T13:14:51","slug":"terrine-aux-escargots-100g","status":"publish","type":"product","link":"https:\/\/oliveraieducoudon.com\/?product=terrine-aux-escargots-100g","title":{"rendered":"@ TERRINE AUX ESCARGOTS 100G"},"content":{"rendered":"<p>@ TERRINE AUX ESCARGOTS 100G<\/p>\n<p>Cr\u00e9ateur et fabricant de recettes depuis 2007, nous<br \/>\nd\u00e9veloppons nos gammes de produits dans nos<br \/>\npetits bocaux en verre.<br \/>\nNous \u00e9laborons de multiples recettes<br \/>\nsavoureuses et gourmandes. Il y en a pour<br \/>\ntous les go\u00fbts !<br \/>\nNos petits bocaux de verre au lookirr\u00e9sistible,<br \/>\nsont 100% r\u00e9utilisables et recyclables.<\/p>\n<p>INGREDIENTS<br \/>\n* Les allerg\u00e8nes sont repr\u00e9sent\u00e9s en majuscule ou en gras et soulign\u00e9<br \/>\nPoitrine de porc, ESCARGOT 20%, CREME, ail, persil 4% , \u0152UFS, oignon, sel de Gu\u00e9rande IGP 1.5%, f\u00e9cule de pomme de terre, g\u00e9lifiant : carragh\u00e9nane, poivre.<br \/>\nOrigine des escargots etdu porc:France<br \/>\nCONSEILS<br \/>\nAvant ouverture : V\u00e9rifier que le joint est plat entre le bocal et le couvercle et que la languette est orient\u00e9e vers le bas.<br \/>\nA la premi\u00e8re ouverture : tirer sur la languette du joint qui doit \u00e9mettre un bruit caract\u00e9ristique \u00ab\u00a0plop\u00a0\u00bb.<\/p>\n<p>MODE DE CONSERVATION MODE D&rsquo;EMPLOI<br \/>\nApr\u00e8s ouverture, se conserve 2 jours au r\u00e9frig\u00e9rateur.<br \/>\nServir tr\u00e8s frais sur toasts \u00e0 l&rsquo;ap\u00e9ritif.<\/p>\n<p>VALEURS NUTRITIONNELLES (MOYENNES POUR 100 G)<br \/>\nENERGIE (KJ) 982<br \/>\nENERGIE (Kcal )237<br \/>\nMATIERES GRASSES (g)19,5<br \/>\nDONT ACIDES GRAS SATURES (g) 2,8<br \/>\nGLUCIDES (g) 11,4<br \/>\nDONT SUCRES (g) 1,1<br \/>\nPROTEINES (g) 3,9<br \/>\nSEL (g) 0,65<\/p>\n<p>Tarif au Kilos \u00a045 \u20ac<\/p>\n","protected":false},"excerpt":{"rendered":"<p>@ TERRINE AUX ESCARGOTS 100G Cr\u00e9ateur et fabricant de recettes depuis 2007, nous d\u00e9veloppons nos gammes de produits dans nos petits bocaux en verre. Nous \u00e9laborons de multiples recettes savoureuses et gourmandes. Il y en a pour tous les go\u00fbts ! Nos petits bocaux de verre au lookirr\u00e9sistible, sont 100% r\u00e9utilisables et recyclables. INGREDIENTS * [&hellip;]<\/p>\n","protected":false},"featured_media":17236,"comment_status":"open","ping_status":"closed","template":"","meta":{"om_disable_all_campaigns":false,"_monsterinsights_skip_tracking":false,"_monsterinsights_sitenote_active":false,"_monsterinsights_sitenote_note":"","_monsterinsights_sitenote_category":0,"ocean_post_layout":"","ocean_both_sidebars_style":"","ocean_both_sidebars_content_width":0,"ocean_both_sidebars_sidebars_width":0,"ocean_sidebar":"0","ocean_second_sidebar":"0","ocean_disable_margins":"enable","ocean_add_body_class":"","ocean_shortcode_before_top_bar":"","ocean_shortcode_after_top_bar":"","ocean_shortcode_before_header":"","ocean_shortcode_after_header":"","ocean_has_shortcode":"","ocean_shortcode_after_title":"","ocean_shortcode_before_footer_widgets":"","ocean_shortcode_after_footer_widgets":"","ocean_shortcode_before_footer_bottom":"","ocean_shortcode_after_footer_bottom":"","ocean_display_top_bar":"default","ocean_display_header":"default","ocean_header_style":"","ocean_center_header_left_menu":"0","ocean_custom_header_template":"0","ocean_custom_logo":0,"ocean_custom_retina_logo":0,"ocean_custom_logo_max_width":0,"ocean_custom_logo_tablet_max_width":0,"ocean_custom_logo_mobile_max_width":0,"ocean_custom_logo_max_height":0,"ocean_custom_logo_tablet_max_height":0,"ocean_custom_logo_mobile_max_height":0,"ocean_header_custom_menu":"0","ocean_menu_typo_font_family":"0","ocean_menu_typo_font_subset":"","ocean_menu_typo_font_size":0,"ocean_menu_typo_font_size_tablet":0,"ocean_menu_typo_font_size_mobile":0,"ocean_menu_typo_font_size_unit":"px","ocean_menu_typo_font_weight":"","ocean_menu_typo_font_weight_tablet":"","ocean_menu_typo_font_weight_mobile":"","ocean_menu_typo_transform":"","ocean_menu_typo_transform_tablet":"","ocean_menu_typo_transform_mobile":"","ocean_menu_typo_line_height":0,"ocean_menu_typo_line_height_tablet":0,"ocean_menu_typo_line_height_mobile":0,"ocean_menu_typo_line_height_unit":"","ocean_menu_typo_spacing":0,"ocean_menu_typo_spacing_tablet":0,"ocean_menu_typo_spacing_mobile":0,"ocean_menu_typo_spacing_unit":"","ocean_menu_link_color":"","ocean_menu_link_color_hover":"","ocean_menu_link_color_active":"","ocean_menu_link_background":"","ocean_menu_link_hover_background":"","ocean_menu_link_active_background":"","ocean_menu_social_links_bg":"","ocean_menu_social_hover_links_bg":"","ocean_menu_social_links_color":"","ocean_menu_social_hover_links_color":"","ocean_disable_title":"default","ocean_disable_heading":"default","ocean_post_title":"","ocean_post_subheading":"","ocean_post_title_style":"","ocean_post_title_background_color":"","ocean_post_title_background":0,"ocean_post_title_bg_image_position":"","ocean_post_title_bg_image_attachment":"","ocean_post_title_bg_image_repeat":"","ocean_post_title_bg_image_size":"","ocean_post_title_height":0,"ocean_post_title_bg_overlay":0.5,"ocean_post_title_bg_overlay_color":"","ocean_disable_breadcrumbs":"default","ocean_breadcrumbs_color":"","ocean_breadcrumbs_separator_color":"","ocean_breadcrumbs_links_color":"","ocean_breadcrumbs_links_hover_color":"","ocean_display_footer_widgets":"default","ocean_display_footer_bottom":"default","ocean_custom_footer_template":"0"},"product_brand":[],"product_cat":[88,40],"product_tag":[],"class_list":{"0":"post-17235","1":"product","2":"type-product","3":"status-publish","4":"has-post-thumbnail","6":"product_cat-les-nouveautees-de-loliveraie","7":"product_cat-specialites-provencales","8":"product_shipping_class-produits-livrables","10":"entry","11":"has-media","13":"first","14":"instock","15":"taxable","16":"shipping-taxable","17":"purchasable","18":"product-type-simple","19":"has-product-nav","20":"col","21":"span_1_of_4","22":"owp-content-center","23":"owp-thumbs-layout-horizontal","24":"owp-btn-big","25":"owp-tabs-layout-vertical","26":"has-no-thumbnails"},"aioseo_notices":[],"jetpack_sharing_enabled":true,"_links":{"self":[{"href":"https:\/\/oliveraieducoudon.com\/index.php?rest_route=\/wp\/v2\/product\/17235","targetHints":{"allow":["GET"]}}],"collection":[{"href":"https:\/\/oliveraieducoudon.com\/index.php?rest_route=\/wp\/v2\/product"}],"about":[{"href":"https:\/\/oliveraieducoudon.com\/index.php?rest_route=\/wp\/v2\/types\/product"}],"replies":[{"embeddable":true,"href":"https:\/\/oliveraieducoudon.com\/index.php?rest_route=%2Fwp%2Fv2%2Fcomments&post=17235"}],"wp:featuredmedia":[{"embeddable":true,"href":"https:\/\/oliveraieducoudon.com\/index.php?rest_route=\/wp\/v2\/media\/17236"}],"wp:attachment":[{"href":"https:\/\/oliveraieducoudon.com\/index.php?rest_route=%2Fwp%2Fv2%2Fmedia&parent=17235"}],"wp:term":[{"taxonomy":"product_brand","embeddable":true,"href":"https:\/\/oliveraieducoudon.com\/index.php?rest_route=%2Fwp%2Fv2%2Fproduct_brand&post=17235"},{"taxonomy":"product_cat","embeddable":true,"href":"https:\/\/oliveraieducoudon.com\/index.php?rest_route=%2Fwp%2Fv2%2Fproduct_cat&post=17235"},{"taxonomy":"product_tag","embeddable":true,"href":"https:\/\/oliveraieducoudon.com\/index.php?rest_route=%2Fwp%2Fv2%2Fproduct_tag&post=17235"}],"curies":[{"name":"wp","href":"https:\/\/api.w.org\/{rel}","templated":true}]}}