{"id":16991,"date":"2023-12-16T14:54:07","date_gmt":"2023-12-16T13:54:07","guid":{"rendered":"https:\/\/oliveraieducoudon.com\/?post_type=product&#038;p=16991"},"modified":"2025-06-23T14:48:59","modified_gmt":"2025-06-23T12:48:59","slug":"ecorce-de-pin-maritime","status":"publish","type":"product","link":"https:\/\/oliveraieducoudon.com\/?product=ecorce-de-pin-maritime","title":{"rendered":"ECORCE DE PIN MARITIME"},"content":{"rendered":"<p>Bien qu\u2019elle soit un d\u00e9chet de production issue de l\u2019exploitation du bois,\u00a0<strong>l\u2019<a href=\"https:\/\/www.promessedefleurs.com\/paillage\/paillage-d-ecorces.html\" target=\"_blank\" rel=\"noopener\">\u00e9corce de pin maritime<\/a><\/strong>\u00a0a su \u00eatre valoris\u00e9e comme paillage et\u00a0<strong>est aujourd\u2019hui appr\u00e9ci\u00e9e pour la touche d\u00e9corative qu\u2019elle apporte aux am\u00e9nagements paysagers<\/strong>. Toutefois,\u00a0<strong>cette \u00e9corce de paillage est aussi victime d\u2019une id\u00e9e re\u00e7ue<\/strong>\u00a0tr\u00e8s ancr\u00e9e dans la m\u00e9moire des jardiniers : elle acidifie beaucoup le sol et ne peut \u00eatre utilis\u00e9e qu\u2019au pied des plantes affectionnant les terres acides. Or de nouvelles \u00e9tudes n\u2019ont pas confirm\u00e9 cette information.<\/p>\n<p>&nbsp;<\/p>\n<p><strong>La d\u00e9composition de l\u2019\u00e9corce de pin est lente<\/strong>\u00a0(entre 5 et 7 ans), contrairement \u00e0 d\u2019autres paillages (par exemple les coques de cacao ou les paillages sous forme de paillettes).\u00a0<strong>L\u2019\u00e9corce de pin maritime est structur\u00e9e de plusieurs couches superpos\u00e9es.<\/strong>\u00a0Ce paillis organique p\u00e8se lourd, m\u00eame \u00e0 sec. Il est donc pr\u00e9f\u00e9rable de l\u2019utiliser pour pailler le pied de v\u00e9g\u00e9taux robustes.\u00a0<strong>Le pH de l\u2019\u00e9corce pin varie de 4 \u00e0 8<\/strong>.<\/p>\n<div class=\"my-8 py-8\" data-type=\"bloc\">\n<div class=\"post-view lg:max-w-screen-md m-auto px-2 sm:px-4 lg:px-8\">\n<section id=\"blocs_page1\" class=\"contenu_flexible flex flex-col overflow-x-hidden\">\n<h2 class=\"text-xl font-bold !mt-0 mb-8 leading-tight\">Les avantages de l\u2019\u00e9corce de pin<\/h2>\n<p>Utiliser l\u2019\u00e9corce de pin comme paillage au jardin pr\u00e9sente de nombreux int\u00e9r\u00eats :<\/p>\n<ul>\n<li><strong>Ce paillage emp\u00eache le d\u00e9veloppement des adventices<\/strong>\u00a0(mauvaises herbes).<\/li>\n<li>En couche suffisamment \u00e9paisse,\u00a0<strong>l\u2019\u00e9corce permet aux plantes de mieux r\u00e9sister au froid et \u00e0 la s\u00e9cheresse<\/strong>.<\/li>\n<li><strong>Le paillage d\u2019\u00e9corce de pin a une grande capacit\u00e9 d\u2019absorption de l\u2019eau<\/strong>\u00a0de pluie ou d\u2019arrosage qu\u2019il restitue progressivement aux plantes. Le sol reste toujours l\u00e9g\u00e8rement humide et les arrosages sont alors moins fr\u00e9quents.<\/li>\n<li><strong>En limitant l\u2019\u00e9vaporation de l\u2019eau, aucune cro\u00fbte de battance ne se forme \u00e0 la surface de sol<\/strong>\u00a0(cro\u00fbte de terre dure et s\u00e8che) et il n\u2019y a pas de compactage du sol. L\u2019eau s\u2019infiltre alors facilement dans une terre drainante et l\u2019\u00e9rosion de la terre est ainsi \u00e9vit\u00e9e lors des fortes pluies.<\/li>\n<li><strong>La structure a\u00e9r\u00e9e de l\u2019\u00e9corce favorise les \u00e9changes gazeux<\/strong>. L\u2019air circule bien, ce qui est essentiel pour la vie microbienne de la terre.<\/li>\n<li>Contrairement aux paillages fins et l\u00e9gers tels que les paillis de chanvre ou de lin,\u00a0<strong>l\u2019\u00e9corce de pin ne s\u2019envole pas au premier coup de vent<\/strong>\u00a0gr\u00e2ce \u00e0 son poids.<\/li>\n<li>Esth\u00e9tique,\u00a0<strong>la couleur marron orang\u00e9 et la texture des plaques d\u2019\u00e9corce met en valeur le feuillage des v\u00e9g\u00e9taux<\/strong>.<\/li>\n<\/ul>\n<div id=\"attachment_151361\" class=\"wp-caption aligncenter\"><img fetchpriority=\"high\" decoding=\"async\" class=\"wp-image-151361 size-full\" src=\"https:\/\/www.promessedefleurs.com\/blogwp\/wp-content\/uploads\/2022\/03\/ecorce-de-pin-avantages.jpg\" alt=\"\u00e9corce de pin atouts, \u00e9corce de pin inconv\u00e9nients\" width=\"856\" height=\"570\" aria-describedby=\"caption-attachment-151361\" \/><\/p>\n<p id=\"caption-attachment-151361\" class=\"wp-caption-text\">L\u2019\u00e9corce de pin est tr\u00e8s d\u00e9corative dans les massifs et apporte une belle finition<\/p>\n<\/div>\n<\/section>\n<\/div>\n<\/div>\n<div class=\"my-8 py-8\" data-type=\"bloc\">\n<div class=\"post-view lg:max-w-screen-md m-auto px-2 sm:px-4 lg:px-8\">\n<section id=\"blocs_page2\" class=\"contenu_flexible flex flex-col overflow-x-hidden\">\n<h2 class=\"text-xl font-bold !mt-0 mb-8 leading-tight\">Les inconv\u00e9nients de l\u2019\u00e9corce de pin<\/h2>\n<ul>\n<li><strong>Sur un sol d\u00e9j\u00e0 tr\u00e8s acide<\/strong>\u00a0(pH entre 4.5 et 5.5), l\u2019utilisation d\u2019<strong>un paillage d\u2019\u00e9corces de pin va accro\u00eetre l\u2019acidit\u00e9 de la terre,<\/strong>\u00a0ce qui peut perturber la croissance des v\u00e9g\u00e9taux d\u00e9j\u00e0 en place.\u00a0<strong>En revanche,<\/strong>\u00a0lorsqu\u2019elle est fra\u00eechement d\u00e9pos\u00e9e\u00a0<strong>sur un sol neutre ou calcaire, l\u2019\u00e9corce de pin ne provoque pas une importante acidification<\/strong>\u00a0qui pourrait nuire aux cultures. De plus, cette l\u00e9g\u00e8re acidit\u00e9 s\u2019estompe peu \u00e0 peu au fil du temps.<\/li>\n<li><strong>L\u2019\u00e9corce de pin n\u2019est pas recommand\u00e9e pour am\u00e9liorer la qualit\u00e9 du sol<\/strong>, car elle se d\u00e9grade lentement. L\u2019humus ne se formera qu\u2019au long terme.<\/li>\n<li><strong>Dans les massifs plats, l\u2019\u00e9corce de pin<\/strong><strong>\u00a0risque de ne pas rester en place lors des pi\u00e9tinements<\/strong>\u00a0des enfants, des passages d\u2019animaux\u00a0<strong>ou<\/strong>\u00a0<strong>en cas de forte pluie<\/strong>. Si besoin, vous pouvez installer des bordures pour retenir les \u00e9corces et ainsi \u00e9viter qu\u2019elles ne s\u2019\u00e9parpillent sur votre pelouse. En revanche, l\u2019\u00e9corce de pin n\u2019est pas recommand\u00e9e pour les massifs en pente ou talus.<\/li>\n<\/ul>\n<\/section>\n<\/div>\n<\/div>\n<p>&nbsp;<\/p>\n","protected":false},"excerpt":{"rendered":"<p>Bien qu\u2019elle soit un d\u00e9chet de production issue de l\u2019exploitation du bois,\u00a0l\u2019\u00e9corce de pin maritime\u00a0a su \u00eatre valoris\u00e9e comme paillage et\u00a0est aujourd\u2019hui appr\u00e9ci\u00e9e pour la touche d\u00e9corative qu\u2019elle apporte aux am\u00e9nagements paysagers. Toutefois,\u00a0cette \u00e9corce de paillage est aussi victime d\u2019une id\u00e9e re\u00e7ue\u00a0tr\u00e8s ancr\u00e9e dans la m\u00e9moire des jardiniers : elle acidifie beaucoup le sol et [&hellip;]<\/p>\n","protected":false},"featured_media":16997,"comment_status":"open","ping_status":"closed","template":"","meta":{"om_disable_all_campaigns":false,"_monsterinsights_skip_tracking":false,"_monsterinsights_sitenote_active":false,"_monsterinsights_sitenote_note":"","_monsterinsights_sitenote_category":0,"ocean_post_layout":"","ocean_both_sidebars_style":"","ocean_both_sidebars_content_width":0,"ocean_both_sidebars_sidebars_width":0,"ocean_sidebar":"0","ocean_second_sidebar":"0","ocean_disable_margins":"enable","ocean_add_body_class":"","ocean_shortcode_before_top_bar":"","ocean_shortcode_after_top_bar":"","ocean_shortcode_before_header":"","ocean_shortcode_after_header":"","ocean_has_shortcode":"","ocean_shortcode_after_title":"","ocean_shortcode_before_footer_widgets":"","ocean_shortcode_after_footer_widgets":"","ocean_shortcode_before_footer_bottom":"","ocean_shortcode_after_footer_bottom":"","ocean_display_top_bar":"default","ocean_display_header":"default","ocean_header_style":"","ocean_center_header_left_menu":"0","ocean_custom_header_template":"0","ocean_custom_logo":0,"ocean_custom_retina_logo":0,"ocean_custom_logo_max_width":0,"ocean_custom_logo_tablet_max_width":0,"ocean_custom_logo_mobile_max_width":0,"ocean_custom_logo_max_height":0,"ocean_custom_logo_tablet_max_height":0,"ocean_custom_logo_mobile_max_height":0,"ocean_header_custom_menu":"0","ocean_menu_typo_font_family":"0","ocean_menu_typo_font_subset":"","ocean_menu_typo_font_size":0,"ocean_menu_typo_font_size_tablet":0,"ocean_menu_typo_font_size_mobile":0,"ocean_menu_typo_font_size_unit":"px","ocean_menu_typo_font_weight":"","ocean_menu_typo_font_weight_tablet":"","ocean_menu_typo_font_weight_mobile":"","ocean_menu_typo_transform":"","ocean_menu_typo_transform_tablet":"","ocean_menu_typo_transform_mobile":"","ocean_menu_typo_line_height":0,"ocean_menu_typo_line_height_tablet":0,"ocean_menu_typo_line_height_mobile":0,"ocean_menu_typo_line_height_unit":"","ocean_menu_typo_spacing":0,"ocean_menu_typo_spacing_tablet":0,"ocean_menu_typo_spacing_mobile":0,"ocean_menu_typo_spacing_unit":"","ocean_menu_link_color":"","ocean_menu_link_color_hover":"","ocean_menu_link_color_active":"","ocean_menu_link_background":"","ocean_menu_link_hover_background":"","ocean_menu_link_active_background":"","ocean_menu_social_links_bg":"","ocean_menu_social_hover_links_bg":"","ocean_menu_social_links_color":"","ocean_menu_social_hover_links_color":"","ocean_disable_title":"default","ocean_disable_heading":"default","ocean_post_title":"","ocean_post_subheading":"","ocean_post_title_style":"","ocean_post_title_background_color":"","ocean_post_title_background":0,"ocean_post_title_bg_image_position":"","ocean_post_title_bg_image_attachment":"","ocean_post_title_bg_image_repeat":"","ocean_post_title_bg_image_size":"","ocean_post_title_height":0,"ocean_post_title_bg_overlay":0.5,"ocean_post_title_bg_overlay_color":"","ocean_disable_breadcrumbs":"default","ocean_breadcrumbs_color":"","ocean_breadcrumbs_separator_color":"","ocean_breadcrumbs_links_color":"","ocean_breadcrumbs_links_hover_color":"","ocean_display_footer_widgets":"default","ocean_display_footer_bottom":"default","ocean_custom_footer_template":"0"},"product_brand":[],"product_cat":[83],"product_tag":[],"class_list":{"0":"post-16991","1":"product","2":"type-product","3":"status-publish","4":"has-post-thumbnail","6":"product_cat-terreau-terre-vegetal-galets-argile-pouzzolane-ecorce","7":"product_shipping_class-produits-non-livrables","9":"entry","10":"has-media","12":"first","13":"instock","14":"taxable","15":"shipping-taxable","16":"purchasable","17":"product-type-variable","18":"has-product-nav","19":"col","20":"span_1_of_4","21":"owp-content-center","22":"owp-thumbs-layout-horizontal","23":"owp-btn-big","24":"owp-tabs-layout-vertical","25":"has-no-thumbnails"},"aioseo_notices":[],"jetpack_sharing_enabled":true,"_links":{"self":[{"href":"https:\/\/oliveraieducoudon.com\/index.php?rest_route=\/wp\/v2\/product\/16991","targetHints":{"allow":["GET"]}}],"collection":[{"href":"https:\/\/oliveraieducoudon.com\/index.php?rest_route=\/wp\/v2\/product"}],"about":[{"href":"https:\/\/oliveraieducoudon.com\/index.php?rest_route=\/wp\/v2\/types\/product"}],"replies":[{"embeddable":true,"href":"https:\/\/oliveraieducoudon.com\/index.php?rest_route=%2Fwp%2Fv2%2Fcomments&post=16991"}],"wp:featuredmedia":[{"embeddable":true,"href":"https:\/\/oliveraieducoudon.com\/index.php?rest_route=\/wp\/v2\/media\/16997"}],"wp:attachment":[{"href":"https:\/\/oliveraieducoudon.com\/index.php?rest_route=%2Fwp%2Fv2%2Fmedia&parent=16991"}],"wp:term":[{"taxonomy":"product_brand","embeddable":true,"href":"https:\/\/oliveraieducoudon.com\/index.php?rest_route=%2Fwp%2Fv2%2Fproduct_brand&post=16991"},{"taxonomy":"product_cat","embeddable":true,"href":"https:\/\/oliveraieducoudon.com\/index.php?rest_route=%2Fwp%2Fv2%2Fproduct_cat&post=16991"},{"taxonomy":"product_tag","embeddable":true,"href":"https:\/\/oliveraieducoudon.com\/index.php?rest_route=%2Fwp%2Fv2%2Fproduct_tag&post=16991"}],"curies":[{"name":"wp","href":"https:\/\/api.w.org\/{rel}","templated":true}]}}