{"id":16970,"date":"2023-12-13T14:47:13","date_gmt":"2023-12-13T13:47:13","guid":{"rendered":"https:\/\/oliveraieducoudon.com\/?post_type=product&#038;p=16970"},"modified":"2023-12-13T14:56:24","modified_gmt":"2023-12-13T13:56:24","slug":"la-boule-dextinction-a-declenchement-automatique","status":"publish","type":"product","link":"https:\/\/oliveraieducoudon.com\/?product=la-boule-dextinction-a-declenchement-automatique","title":{"rendered":"LA BOULE D\u2019EXTINCTION \u00c0 D\u00c9CLENCHEMENT AUTOMATIQUE  ELB01(6&Prime;)"},"content":{"rendered":"<h2><em><strong><span style=\"color: #ff0000;\">TECHNOLOGIE\u00a0R\u00c9VOLUTIONNAIRE\u00a0D\u2019EXTINCTION <span style=\"color: #0000ff;\">ELB01(6&Prime;)<\/span><\/span><\/strong><\/em><\/h2>\n<p>LA BOULE D\u2019EXTINCTION\u00a0\u00c0 D\u00c9CLENCHEMENT AUTOMATIQUE<br \/>\nLa mani\u00e8re la plus simple\u00a0et la plus rapide\u00a0pour \u00e9teindre un feu<\/p>\n<p><strong><span style=\"color: #ff0000;\">C\u2019est quoi une boule extinctrice ?<\/span><\/strong><\/p>\n<p>La boule d\u2019extinction Elide Fire\u00ae est bas\u00e9e sur une technologie r\u00e9volutionnaire qui fournit des<br \/>\nsolutions bien plus avanc\u00e9es que les extincteurs portatifs. Les limitations et probl\u00e8mes li\u00e9s aux<br \/>\nm\u00e9thodes conventionnelles d\u2019extinction (maintenance, formation etc.) sont \u00e0 l\u2019origine de son<br \/>\nd\u00e9veloppement. Elle est simple d\u2019utilisation et fournit une protection permanente \u00e9tant donn\u00e9<br \/>\nqu\u2019elle s\u2019auto-active en pr\u00e9sence d\u2019une flamme, sans intervention humaine.<\/p>\n<p>Protection Anti-Feu\u00a0dans une petite boule\u00a0rouge Elide Fire\u00ae\u00a01,3 kg<br \/>\nRapide, efficace,\u00a0l\u00e9ger et facile \u00e0 utiliser<\/p>\n<p>La boule Elide Fire\u00ae est certifi\u00e9e pour un usage dans la Communaut\u00e9 Europ\u00e9enne et assure la conformit\u00e9 du<br \/>\nproduit aux exigences communautaires. La dur\u00e9e de performance de la boule d\u2019extinction est de 5 ans.<br \/>\nAucune mesure de formation pour son utilisation. Elle ne s\u2019active qu\u2019en pr\u00e9sence d\u2019un feu.<br \/>\nRespectueuse de l\u2019environnement et non dangereuse pour l\u2019homme.<\/p>\n<p>En seulement 3 \u00e0 10 secondes apr\u00e8s un contact avec la\u00a0flamme, le d\u00e9tonateur situ\u00e9 \u00e0 l\u2019int\u00e9rieur de la boule<br \/>\nactive la m\u00e8che sur sa surface externe.\u00a0Une explosion imm\u00e9diate est provoqu\u00e9e : la poudre\u00a0d\u2019extinction se disperse sur une zone de 8 \u00e0 10 m2 en\u00a0champ libre (ce qui \u00e9quivaut \u00e0 un extincteur standard<br \/>\nde 2,5 kg). La force ext\u00e9rieure de l\u2019explosion pousse alors\u00a0l\u2019oxyg\u00e8ne en dehors de la zone d\u2019incendie, le feu s\u2019\u00e9teint<br \/>\ninstantan\u00e9ment par l\u2019action du souffle.\u00a0C\u2019est simple, il suffit de lancer la boule vers le feu,<\/p>\n<p>elle s\u2019activera automatiquement et dispersera instantan\u00e9ment l\u2019agent extincteur afin d\u2019\u00e9teindre<\/p>\n<p>le feu. Si un incendie se d\u00e9clenche dans une pi\u00e8ce\u00a0inoccup\u00e9e, la boule Elide Fire\u00ae s\u2019activera en contact<br \/>\navec le feu, \u00e9mettant en plus de son action d\u2019extinction\u00a0un avertissement sonore par sa d\u00e9tonation. Par cette<br \/>\ncaract\u00e9ristique, la boule peut \u00eatre plac\u00e9e \u00e0 n\u2019importe\u00a0quel endroit pr\u00e9sentant un risque d\u2019incendie, comme<br \/>\ndans votre cuisine, ou au-dessus des prises de courant\u00a0souvent surcharg\u00e9es, pr\u00e8s d\u2019une armoire \u00e9lectrique,<br \/>\ndans une voiture, dans un bateau&#8230; Bref, tout ce que\u00a0vous souhaitez prot\u00e9ger&#8230;<\/p>\n<p><em><strong><span style=\"color: #ff0000;\">Protection \u00a0active<\/span><\/strong><\/em><\/p>\n<p>Lorsqu\u2019un incendie se d\u00e9clare, il vous suffit de jeter la boule vers le feu.<br \/>\nElle tombera naturellement au contact des flammes et s\u2019activera en 3 \u00e0 10<br \/>\nsecondes. Pas de goupille ni de pi\u00e8ces de rechange ou de formation : la boule<br \/>\nmesure 152 mm de diam\u00e8tre et p\u00e8se 1,3 kg (+\/- 0,2 kg), elle est tr\u00e8s simple<br \/>\nd\u2019utilisation.<\/p>\n<p><em><strong><span style=\"color: #ff0000;\">Protection\u00a0passive<\/span><\/strong><\/em><\/p>\n<p>Un des avantages des plus importants de la boule Elide<br \/>\nFire\u00ae est qu\u2019elle se d\u00e9clenche automatiquement en<br \/>\npr\u00e9sence de feu. Si elle est plac\u00e9e dans des zones \u00e0<br \/>\nhaut risque d\u2019incendie, l\u00e0 o\u00f9 la plupart des incendies se<br \/>\nd\u00e9clarent, elle s\u2019activera automatiquement lorsqu\u2019elle<br \/>\nse retrouvera au contact d\u2019une flamme.<\/p>\n<p><em><strong><span style=\"color: #ff0000;\">Conditions\u00a0d\u2019utilisation<\/span><\/strong><\/em><\/p>\n<p>La boule Elide Fire\u00ae doit \u00eatre<br \/>\nprot\u00e9g\u00e9e de la pluie et ne pas<br \/>\n\u00eatre expos\u00e9e directement aux<br \/>\nrayons du soleil.<\/p>\n<p>&nbsp;<\/p>\n<p>&nbsp;<\/p>\n<p>&nbsp;<\/p>\n<p>&nbsp;<\/p>\n","protected":false},"excerpt":{"rendered":"<p>TECHNOLOGIE\u00a0R\u00c9VOLUTIONNAIRE\u00a0D\u2019EXTINCTION ELB01(6&Prime;) LA BOULE D\u2019EXTINCTION\u00a0\u00c0 D\u00c9CLENCHEMENT AUTOMATIQUE La mani\u00e8re la plus simple\u00a0et la plus rapide\u00a0pour \u00e9teindre un feu C\u2019est quoi une boule extinctrice ? La boule d\u2019extinction Elide Fire\u00ae est bas\u00e9e sur une technologie r\u00e9volutionnaire qui fournit des solutions bien plus avanc\u00e9es que les extincteurs portatifs. Les limitations et probl\u00e8mes li\u00e9s aux m\u00e9thodes conventionnelles d\u2019extinction [&hellip;]<\/p>\n","protected":false},"featured_media":16971,"comment_status":"open","ping_status":"closed","template":"","meta":{"om_disable_all_campaigns":false,"_monsterinsights_skip_tracking":false,"_monsterinsights_sitenote_active":false,"_monsterinsights_sitenote_note":"","_monsterinsights_sitenote_category":0,"ocean_post_layout":"","ocean_both_sidebars_style":"","ocean_both_sidebars_content_width":0,"ocean_both_sidebars_sidebars_width":0,"ocean_sidebar":"0","ocean_second_sidebar":"0","ocean_disable_margins":"enable","ocean_add_body_class":"","ocean_shortcode_before_top_bar":"","ocean_shortcode_after_top_bar":"","ocean_shortcode_before_header":"","ocean_shortcode_after_header":"","ocean_has_shortcode":"","ocean_shortcode_after_title":"","ocean_shortcode_before_footer_widgets":"","ocean_shortcode_after_footer_widgets":"","ocean_shortcode_before_footer_bottom":"","ocean_shortcode_after_footer_bottom":"","ocean_display_top_bar":"default","ocean_display_header":"default","ocean_header_style":"","ocean_center_header_left_menu":"0","ocean_custom_header_template":"0","ocean_custom_logo":0,"ocean_custom_retina_logo":0,"ocean_custom_logo_max_width":0,"ocean_custom_logo_tablet_max_width":0,"ocean_custom_logo_mobile_max_width":0,"ocean_custom_logo_max_height":0,"ocean_custom_logo_tablet_max_height":0,"ocean_custom_logo_mobile_max_height":0,"ocean_header_custom_menu":"0","ocean_menu_typo_font_family":"0","ocean_menu_typo_font_subset":"","ocean_menu_typo_font_size":0,"ocean_menu_typo_font_size_tablet":0,"ocean_menu_typo_font_size_mobile":0,"ocean_menu_typo_font_size_unit":"px","ocean_menu_typo_font_weight":"","ocean_menu_typo_font_weight_tablet":"","ocean_menu_typo_font_weight_mobile":"","ocean_menu_typo_transform":"","ocean_menu_typo_transform_tablet":"","ocean_menu_typo_transform_mobile":"","ocean_menu_typo_line_height":0,"ocean_menu_typo_line_height_tablet":0,"ocean_menu_typo_line_height_mobile":0,"ocean_menu_typo_line_height_unit":"","ocean_menu_typo_spacing":0,"ocean_menu_typo_spacing_tablet":0,"ocean_menu_typo_spacing_mobile":0,"ocean_menu_typo_spacing_unit":"","ocean_menu_link_color":"","ocean_menu_link_color_hover":"","ocean_menu_link_color_active":"","ocean_menu_link_background":"","ocean_menu_link_hover_background":"","ocean_menu_link_active_background":"","ocean_menu_social_links_bg":"","ocean_menu_social_hover_links_bg":"","ocean_menu_social_links_color":"","ocean_menu_social_hover_links_color":"","ocean_disable_title":"default","ocean_disable_heading":"default","ocean_post_title":"","ocean_post_subheading":"","ocean_post_title_style":"","ocean_post_title_background_color":"","ocean_post_title_background":0,"ocean_post_title_bg_image_position":"","ocean_post_title_bg_image_attachment":"","ocean_post_title_bg_image_repeat":"","ocean_post_title_bg_image_size":"","ocean_post_title_height":0,"ocean_post_title_bg_overlay":0.5,"ocean_post_title_bg_overlay_color":"","ocean_disable_breadcrumbs":"default","ocean_breadcrumbs_color":"","ocean_breadcrumbs_separator_color":"","ocean_breadcrumbs_links_color":"","ocean_breadcrumbs_links_hover_color":"","ocean_display_footer_widgets":"default","ocean_display_footer_bottom":"default","ocean_custom_footer_template":"0"},"product_brand":[],"product_cat":[34,72],"product_tag":[],"class_list":{"0":"post-16970","1":"product","2":"type-product","3":"status-publish","4":"has-post-thumbnail","6":"product_cat-accessoires-chalet-bungalow-energie-solaire-alarme-protection-incendie","7":"product_cat-les-alarmes","9":"entry","10":"has-media","12":"first","13":"instock","14":"taxable","15":"shipping-taxable","16":"purchasable","17":"product-type-simple","18":"has-product-nav","19":"col","20":"span_1_of_4","21":"owp-content-center","22":"owp-thumbs-layout-horizontal","23":"owp-btn-big","24":"owp-tabs-layout-vertical"},"aioseo_notices":[],"jetpack_sharing_enabled":true,"_links":{"self":[{"href":"https:\/\/oliveraieducoudon.com\/index.php?rest_route=\/wp\/v2\/product\/16970","targetHints":{"allow":["GET"]}}],"collection":[{"href":"https:\/\/oliveraieducoudon.com\/index.php?rest_route=\/wp\/v2\/product"}],"about":[{"href":"https:\/\/oliveraieducoudon.com\/index.php?rest_route=\/wp\/v2\/types\/product"}],"replies":[{"embeddable":true,"href":"https:\/\/oliveraieducoudon.com\/index.php?rest_route=%2Fwp%2Fv2%2Fcomments&post=16970"}],"wp:featuredmedia":[{"embeddable":true,"href":"https:\/\/oliveraieducoudon.com\/index.php?rest_route=\/wp\/v2\/media\/16971"}],"wp:attachment":[{"href":"https:\/\/oliveraieducoudon.com\/index.php?rest_route=%2Fwp%2Fv2%2Fmedia&parent=16970"}],"wp:term":[{"taxonomy":"product_brand","embeddable":true,"href":"https:\/\/oliveraieducoudon.com\/index.php?rest_route=%2Fwp%2Fv2%2Fproduct_brand&post=16970"},{"taxonomy":"product_cat","embeddable":true,"href":"https:\/\/oliveraieducoudon.com\/index.php?rest_route=%2Fwp%2Fv2%2Fproduct_cat&post=16970"},{"taxonomy":"product_tag","embeddable":true,"href":"https:\/\/oliveraieducoudon.com\/index.php?rest_route=%2Fwp%2Fv2%2Fproduct_tag&post=16970"}],"curies":[{"name":"wp","href":"https:\/\/api.w.org\/{rel}","templated":true}]}}