{"id":16924,"date":"2023-12-09T17:46:25","date_gmt":"2023-12-09T16:46:25","guid":{"rendered":"https:\/\/oliveraieducoudon.com\/?post_type=product&#038;p=16924"},"modified":"2023-12-13T14:52:03","modified_gmt":"2023-12-13T13:52:03","slug":"panneau-de-chargement-solaire","status":"publish","type":"product","link":"https:\/\/oliveraieducoudon.com\/?product=panneau-de-chargement-solaire","title":{"rendered":"Panneau de chargement solaire"},"content":{"rendered":"<h2><span style=\"color: #ff0000;\"><em><strong>Panneau de chargement solaire<\/strong><\/em><\/span><\/h2>\n<p><span style=\"color: #ff0000;\">Une \u00e9nergie plus propre pour une protection continue<\/span><\/p>\n<div class=\"text-ele\">\n<p>Gr\u00e2ce \u00e0 ce panneau solaire, vous n\u2019aurez plus besoin de recharger manuellement vos cam\u00e9ras \u00e0 batterie\u00a0EZVIZ. La lumi\u00e8re du soleil maintiendra vos cam\u00e9ras connect\u00e9es sous tension toute la journ\u00e9e et tous les jours.<\/p>\n<\/div>\n<div class=\"text-ele\">\n<p>Compatible avec toutes les cam\u00e9ras\u00a0EZVIZ aliment\u00e9es par batterie\u00b9\u00a0: CS-BC1C, CS-BC1-B1, CS-BC1-B2, CS-BC1-B3, CS-BC1.<\/p>\n<div class=\"text-ele\">\n<p><strong>Un panneau solaire compact \u00e0 haut rendement<\/strong><\/p>\n<\/div>\n<div class=\"text-ele\">\n<p>Avec ce panneau solaire, vous n\u2019aurez besoin que de quelques heures d\u2019ensoleillement direct par jour pour faire fonctionner votre cam\u00e9ra\u00b2. Fabriqu\u00e9 \u00e0 partir de cellules en silicium monocristallin \u00e0 haut rendement, il fournit une alimentation maximale de 4,2\u00a0W.<\/p>\n<div class=\"text-ele\">\n<p><strong>Con\u00e7u pour toutes les conditions m\u00e9t\u00e9orologiques<\/strong><\/p>\n<\/div>\n<div class=\"text-ele\">\n<p>Dot\u00e9 d\u2019un cadre durable et de vis en acier inoxydable, le panneau solaire r\u00e9siste sans probl\u00e8me \u00e0 la pluie, \u00e0 la poussi\u00e8re, \u00e0 la neige et au soleil. Il vous suffit de le monter pour b\u00e9n\u00e9ficier de l\u2019\u00e9nergie intarissable du soleil<\/p>\n<\/div>\n<\/div>\n<div class=\"text-ele\">\n<div class=\"text-ele\">\n<p><strong>Installation simple et flexible<\/strong><\/p>\n<\/div>\n<div class=\"text-ele\">\n<p>Avec un support r\u00e9glable qui pivote \u00e0 360\u00a0degr\u00e9s et un c\u00e2ble de 4\u00a0m\u00e8tres de long, le panneau solaire offre une flexibilit\u00e9 incroyable. Montez votre cam\u00e9ra de s\u00e9curit\u00e9 l\u00e0 o\u00f9 vous en avez besoin, puis trouvez un endroit ensoleill\u00e9 pour installer le panneau solaire.<\/p>\n<\/div>\n<\/div>\n<\/div>\n<p>&nbsp;<\/p>\n","protected":false},"excerpt":{"rendered":"<p>Panneau de chargement solaire Une \u00e9nergie plus propre pour une protection continue Gr\u00e2ce \u00e0 ce panneau solaire, vous n\u2019aurez plus besoin de recharger manuellement vos cam\u00e9ras \u00e0 batterie\u00a0EZVIZ. La lumi\u00e8re du soleil maintiendra vos cam\u00e9ras connect\u00e9es sous tension toute la journ\u00e9e et tous les jours. Compatible avec toutes les cam\u00e9ras\u00a0EZVIZ aliment\u00e9es par batterie\u00b9\u00a0: CS-BC1C, CS-BC1-B1, [&hellip;]<\/p>\n","protected":false},"featured_media":16925,"comment_status":"open","ping_status":"closed","template":"","meta":{"om_disable_all_campaigns":false,"_monsterinsights_skip_tracking":false,"_monsterinsights_sitenote_active":false,"_monsterinsights_sitenote_note":"","_monsterinsights_sitenote_category":0,"ocean_post_layout":"","ocean_both_sidebars_style":"","ocean_both_sidebars_content_width":0,"ocean_both_sidebars_sidebars_width":0,"ocean_sidebar":"0","ocean_second_sidebar":"0","ocean_disable_margins":"enable","ocean_add_body_class":"","ocean_shortcode_before_top_bar":"","ocean_shortcode_after_top_bar":"","ocean_shortcode_before_header":"","ocean_shortcode_after_header":"","ocean_has_shortcode":"","ocean_shortcode_after_title":"","ocean_shortcode_before_footer_widgets":"","ocean_shortcode_after_footer_widgets":"","ocean_shortcode_before_footer_bottom":"","ocean_shortcode_after_footer_bottom":"","ocean_display_top_bar":"default","ocean_display_header":"default","ocean_header_style":"","ocean_center_header_left_menu":"0","ocean_custom_header_template":"0","ocean_custom_logo":0,"ocean_custom_retina_logo":0,"ocean_custom_logo_max_width":0,"ocean_custom_logo_tablet_max_width":0,"ocean_custom_logo_mobile_max_width":0,"ocean_custom_logo_max_height":0,"ocean_custom_logo_tablet_max_height":0,"ocean_custom_logo_mobile_max_height":0,"ocean_header_custom_menu":"0","ocean_menu_typo_font_family":"0","ocean_menu_typo_font_subset":"","ocean_menu_typo_font_size":0,"ocean_menu_typo_font_size_tablet":0,"ocean_menu_typo_font_size_mobile":0,"ocean_menu_typo_font_size_unit":"px","ocean_menu_typo_font_weight":"","ocean_menu_typo_font_weight_tablet":"","ocean_menu_typo_font_weight_mobile":"","ocean_menu_typo_transform":"","ocean_menu_typo_transform_tablet":"","ocean_menu_typo_transform_mobile":"","ocean_menu_typo_line_height":0,"ocean_menu_typo_line_height_tablet":0,"ocean_menu_typo_line_height_mobile":0,"ocean_menu_typo_line_height_unit":"","ocean_menu_typo_spacing":0,"ocean_menu_typo_spacing_tablet":0,"ocean_menu_typo_spacing_mobile":0,"ocean_menu_typo_spacing_unit":"","ocean_menu_link_color":"","ocean_menu_link_color_hover":"","ocean_menu_link_color_active":"","ocean_menu_link_background":"","ocean_menu_link_hover_background":"","ocean_menu_link_active_background":"","ocean_menu_social_links_bg":"","ocean_menu_social_hover_links_bg":"","ocean_menu_social_links_color":"","ocean_menu_social_hover_links_color":"","ocean_disable_title":"default","ocean_disable_heading":"default","ocean_post_title":"","ocean_post_subheading":"","ocean_post_title_style":"","ocean_post_title_background_color":"","ocean_post_title_background":0,"ocean_post_title_bg_image_position":"","ocean_post_title_bg_image_attachment":"","ocean_post_title_bg_image_repeat":"","ocean_post_title_bg_image_size":"","ocean_post_title_height":0,"ocean_post_title_bg_overlay":0.5,"ocean_post_title_bg_overlay_color":"","ocean_disable_breadcrumbs":"default","ocean_breadcrumbs_color":"","ocean_breadcrumbs_separator_color":"","ocean_breadcrumbs_links_color":"","ocean_breadcrumbs_links_hover_color":"","ocean_display_footer_widgets":"default","ocean_display_footer_bottom":"default","ocean_custom_footer_template":"0"},"product_brand":[],"product_cat":[72,62],"product_tag":[],"class_list":{"0":"post-16924","1":"product","2":"type-product","3":"status-publish","4":"has-post-thumbnail","6":"product_cat-les-alarmes","7":"product_cat-le-solaire","9":"entry","10":"has-media","12":"first","13":"instock","14":"taxable","15":"shipping-taxable","16":"purchasable","17":"product-type-simple","18":"has-product-nav","19":"col","20":"span_1_of_4","21":"owp-content-center","22":"owp-thumbs-layout-horizontal","23":"owp-btn-big","24":"owp-tabs-layout-vertical"},"aioseo_notices":[],"jetpack_sharing_enabled":true,"_links":{"self":[{"href":"https:\/\/oliveraieducoudon.com\/index.php?rest_route=\/wp\/v2\/product\/16924","targetHints":{"allow":["GET"]}}],"collection":[{"href":"https:\/\/oliveraieducoudon.com\/index.php?rest_route=\/wp\/v2\/product"}],"about":[{"href":"https:\/\/oliveraieducoudon.com\/index.php?rest_route=\/wp\/v2\/types\/product"}],"replies":[{"embeddable":true,"href":"https:\/\/oliveraieducoudon.com\/index.php?rest_route=%2Fwp%2Fv2%2Fcomments&post=16924"}],"wp:featuredmedia":[{"embeddable":true,"href":"https:\/\/oliveraieducoudon.com\/index.php?rest_route=\/wp\/v2\/media\/16925"}],"wp:attachment":[{"href":"https:\/\/oliveraieducoudon.com\/index.php?rest_route=%2Fwp%2Fv2%2Fmedia&parent=16924"}],"wp:term":[{"taxonomy":"product_brand","embeddable":true,"href":"https:\/\/oliveraieducoudon.com\/index.php?rest_route=%2Fwp%2Fv2%2Fproduct_brand&post=16924"},{"taxonomy":"product_cat","embeddable":true,"href":"https:\/\/oliveraieducoudon.com\/index.php?rest_route=%2Fwp%2Fv2%2Fproduct_cat&post=16924"},{"taxonomy":"product_tag","embeddable":true,"href":"https:\/\/oliveraieducoudon.com\/index.php?rest_route=%2Fwp%2Fv2%2Fproduct_tag&post=16924"}],"curies":[{"name":"wp","href":"https:\/\/api.w.org\/{rel}","templated":true}]}}