{"id":16917,"date":"2023-12-09T17:34:45","date_gmt":"2023-12-09T16:34:45","guid":{"rendered":"https:\/\/oliveraieducoudon.com\/?post_type=product&#038;p=16917"},"modified":"2023-12-13T14:52:03","modified_gmt":"2023-12-13T13:52:03","slug":"ezviz-elife-camera-bc1c-a-batterie-rechargeable","status":"publish","type":"product","link":"https:\/\/oliveraieducoudon.com\/?product=ezviz-elife-camera-bc1c-a-batterie-rechargeable","title":{"rendered":"EZVIZ eLife  Cam\u00e9ra BC1C \u00e0 batterie rechargeable"},"content":{"rendered":"<div class=\"text-ele\">\n<p><em><span style=\"color: #ff0000;\"><strong>EZVIZ eLife\u00a0Cam\u00e9ra BC1C \u00e0 batterie rechargeable &#8211; Wifi \u00a0&#8211; \u00a0Cam\u00e9ra Jour\/Nuit &#8211;<\/strong><\/span><\/em><\/p>\n<div class=\"text-ele\">\n<p>Vision nocturne en couleur<\/p>\n<\/div>\n<div class=\"text-ele\">\n<p>Alertes vocales personnalisables<\/p>\n<\/div>\n<div class=\"text-ele\">\n<p>M\u00e9moire eMMC int\u00e9gr\u00e9e de 32\u00a0Go<\/p>\n<\/div>\n<div class=\"text-ele\">\n<p>Conversation bidirectionnelle<\/p>\n<\/div>\n<div class=\"text-ele\">\n<p>Batterie rechargeable au lithium de 7\u00a0800\u00a0mAh<\/p>\n<\/div>\n<div class=\"text-ele\">\n<p>Prise en charge\u00a0Wi-Fi 2,4\u00a0GHz<\/p>\n<\/div>\n<div class=\"text-ele\">\n<p>Protection IP66 contre l\u2019eau et la poussi\u00e8re<\/p>\n<\/div>\n<div class=\"text-ele\">\n<p><strong>Possibilit\u00e9 d\u2019utiliser le panneau solaire\u00a0EZVIZ pour recharger la batterie<\/strong><\/p>\n<\/div>\n<p>Compression vid\u00e9o\u00a0H.26<\/p>\n<p>Protection active<\/p>\n<div class=\"text-ele\">\n<p>\u00c9quip\u00e9e d\u2019une batterie rechargeable de 7\u00a0800\u00a0mAh, la cam\u00e9ra\u00a0BC1C b\u00e9n\u00e9ficie d\u2019une autonomie pouvant atteindre 210\u00a0jours* apr\u00e8s une charge compl\u00e8te, offrant ainsi des performances stables \u00e0 chaque heure du jour et de la nuit. Il est \u00e9galement possible de la recharger directement en la connectant au panneau solaire\u00a0EZVIZ.<\/p>\n<div class=\"text-ele\">\n<p><strong>Installation sans fil rapide et facile<\/strong>.<\/p>\n<\/div>\n<div class=\"text-ele\">\n<p>Dot\u00e9e d\u2019une batterie de grande capacit\u00e9, d\u2019une connectivit\u00e9 Wi-Fi et d\u2019une base magn\u00e9tique, la cam\u00e9ra\u00a0BC1C ne n\u00e9cessite aucune aide professionnelle pour son installation. Fixez simplement la cam\u00e9ra sur n\u2019importe quelle surface m\u00e9tallique et le tour est jou\u00e9\u00a0!<\/p>\n<div class=\"text-ele\">\n<p><strong>Construite pour durer.<\/strong><\/p>\n<\/div>\n<div class=\"text-ele\">\n<p>La cam\u00e9ra\u00a0BC1C, dot\u00e9e d\u2019un bo\u00eetier\u00a0IP66, offre \u00e0 la fois un niveau \u00e9lev\u00e9 de protection contre la poussi\u00e8re et l\u2019eau, ainsi qu\u2019une protection durable, m\u00eame dans les conditions m\u00e9t\u00e9orologiques les plus difficiles<\/p>\n<\/div>\n<\/div>\n<\/div>\n<p><span style=\"color: #ff0000;\"><em><strong><img decoding=\"async\" class=\"alignleft\" src=\"https:\/\/mfs.ezvizlife.com\/ad06b0a0b9c66f5e23fc50e41e10d859.jpg\" width=\"295\" height=\"92\" \/><\/strong><\/em><\/span><\/p>\n<\/div>\n<p>&nbsp;<\/p>\n<p>&nbsp;<\/p>\n<p>&nbsp;<\/p>\n<p>&nbsp;<\/p>\n<p>&nbsp;<\/p>\n","protected":false},"excerpt":{"rendered":"<p>EZVIZ eLife\u00a0Cam\u00e9ra BC1C \u00e0 batterie rechargeable &#8211; Wifi \u00a0&#8211; \u00a0Cam\u00e9ra Jour\/Nuit &#8211; Vision nocturne en couleur Alertes vocales personnalisables M\u00e9moire eMMC int\u00e9gr\u00e9e de 32\u00a0Go Conversation bidirectionnelle Batterie rechargeable au lithium de 7\u00a0800\u00a0mAh Prise en charge\u00a0Wi-Fi 2,4\u00a0GHz Protection IP66 contre l\u2019eau et la poussi\u00e8re Possibilit\u00e9 d\u2019utiliser le panneau solaire\u00a0EZVIZ pour recharger la batterie Compression vid\u00e9o\u00a0H.26 Protection [&hellip;]<\/p>\n","protected":false},"featured_media":16918,"comment_status":"open","ping_status":"closed","template":"","meta":{"om_disable_all_campaigns":false,"_monsterinsights_skip_tracking":false,"_monsterinsights_sitenote_active":false,"_monsterinsights_sitenote_note":"","_monsterinsights_sitenote_category":0,"ocean_post_layout":"","ocean_both_sidebars_style":"","ocean_both_sidebars_content_width":0,"ocean_both_sidebars_sidebars_width":0,"ocean_sidebar":"0","ocean_second_sidebar":"0","ocean_disable_margins":"enable","ocean_add_body_class":"","ocean_shortcode_before_top_bar":"","ocean_shortcode_after_top_bar":"","ocean_shortcode_before_header":"","ocean_shortcode_after_header":"","ocean_has_shortcode":"","ocean_shortcode_after_title":"","ocean_shortcode_before_footer_widgets":"","ocean_shortcode_after_footer_widgets":"","ocean_shortcode_before_footer_bottom":"","ocean_shortcode_after_footer_bottom":"","ocean_display_top_bar":"default","ocean_display_header":"default","ocean_header_style":"","ocean_center_header_left_menu":"0","ocean_custom_header_template":"0","ocean_custom_logo":0,"ocean_custom_retina_logo":0,"ocean_custom_logo_max_width":0,"ocean_custom_logo_tablet_max_width":0,"ocean_custom_logo_mobile_max_width":0,"ocean_custom_logo_max_height":0,"ocean_custom_logo_tablet_max_height":0,"ocean_custom_logo_mobile_max_height":0,"ocean_header_custom_menu":"0","ocean_menu_typo_font_family":"0","ocean_menu_typo_font_subset":"","ocean_menu_typo_font_size":0,"ocean_menu_typo_font_size_tablet":0,"ocean_menu_typo_font_size_mobile":0,"ocean_menu_typo_font_size_unit":"px","ocean_menu_typo_font_weight":"","ocean_menu_typo_font_weight_tablet":"","ocean_menu_typo_font_weight_mobile":"","ocean_menu_typo_transform":"","ocean_menu_typo_transform_tablet":"","ocean_menu_typo_transform_mobile":"","ocean_menu_typo_line_height":0,"ocean_menu_typo_line_height_tablet":0,"ocean_menu_typo_line_height_mobile":0,"ocean_menu_typo_line_height_unit":"","ocean_menu_typo_spacing":0,"ocean_menu_typo_spacing_tablet":0,"ocean_menu_typo_spacing_mobile":0,"ocean_menu_typo_spacing_unit":"","ocean_menu_link_color":"","ocean_menu_link_color_hover":"","ocean_menu_link_color_active":"","ocean_menu_link_background":"","ocean_menu_link_hover_background":"","ocean_menu_link_active_background":"","ocean_menu_social_links_bg":"","ocean_menu_social_hover_links_bg":"","ocean_menu_social_links_color":"","ocean_menu_social_hover_links_color":"","ocean_disable_title":"default","ocean_disable_heading":"default","ocean_post_title":"","ocean_post_subheading":"","ocean_post_title_style":"","ocean_post_title_background_color":"","ocean_post_title_background":0,"ocean_post_title_bg_image_position":"","ocean_post_title_bg_image_attachment":"","ocean_post_title_bg_image_repeat":"","ocean_post_title_bg_image_size":"","ocean_post_title_height":0,"ocean_post_title_bg_overlay":0.5,"ocean_post_title_bg_overlay_color":"","ocean_disable_breadcrumbs":"default","ocean_breadcrumbs_color":"","ocean_breadcrumbs_separator_color":"","ocean_breadcrumbs_links_color":"","ocean_breadcrumbs_links_hover_color":"","ocean_display_footer_widgets":"default","ocean_display_footer_bottom":"default","ocean_custom_footer_template":"0"},"product_brand":[],"product_cat":[72],"product_tag":[],"class_list":{"0":"post-16917","1":"product","2":"type-product","3":"status-publish","4":"has-post-thumbnail","6":"product_cat-les-alarmes","7":"product_shipping_class-produits-livrables","9":"entry","10":"has-media","12":"first","13":"instock","14":"taxable","15":"shipping-taxable","16":"purchasable","17":"product-type-simple","18":"has-product-nav","19":"col","20":"span_1_of_4","21":"owp-content-center","22":"owp-thumbs-layout-horizontal","23":"owp-btn-big","24":"owp-tabs-layout-vertical"},"aioseo_notices":[],"jetpack_sharing_enabled":true,"_links":{"self":[{"href":"https:\/\/oliveraieducoudon.com\/index.php?rest_route=\/wp\/v2\/product\/16917","targetHints":{"allow":["GET"]}}],"collection":[{"href":"https:\/\/oliveraieducoudon.com\/index.php?rest_route=\/wp\/v2\/product"}],"about":[{"href":"https:\/\/oliveraieducoudon.com\/index.php?rest_route=\/wp\/v2\/types\/product"}],"replies":[{"embeddable":true,"href":"https:\/\/oliveraieducoudon.com\/index.php?rest_route=%2Fwp%2Fv2%2Fcomments&post=16917"}],"wp:featuredmedia":[{"embeddable":true,"href":"https:\/\/oliveraieducoudon.com\/index.php?rest_route=\/wp\/v2\/media\/16918"}],"wp:attachment":[{"href":"https:\/\/oliveraieducoudon.com\/index.php?rest_route=%2Fwp%2Fv2%2Fmedia&parent=16917"}],"wp:term":[{"taxonomy":"product_brand","embeddable":true,"href":"https:\/\/oliveraieducoudon.com\/index.php?rest_route=%2Fwp%2Fv2%2Fproduct_brand&post=16917"},{"taxonomy":"product_cat","embeddable":true,"href":"https:\/\/oliveraieducoudon.com\/index.php?rest_route=%2Fwp%2Fv2%2Fproduct_cat&post=16917"},{"taxonomy":"product_tag","embeddable":true,"href":"https:\/\/oliveraieducoudon.com\/index.php?rest_route=%2Fwp%2Fv2%2Fproduct_tag&post=16917"}],"curies":[{"name":"wp","href":"https:\/\/api.w.org\/{rel}","templated":true}]}}