{"id":16897,"date":"2023-11-26T15:57:38","date_gmt":"2023-11-26T14:57:38","guid":{"rendered":"https:\/\/oliveraieducoudon.com\/?post_type=product&#038;p=16897"},"modified":"2023-12-13T14:52:03","modified_gmt":"2023-12-13T13:52:03","slug":"filtre-exterieur-fx4-ou-fx-6","status":"publish","type":"product","link":"https:\/\/oliveraieducoudon.com\/?product=filtre-exterieur-fx4-ou-fx-6","title":{"rendered":"Filtre ext\u00e9rieur FX4 OU FX 6"},"content":{"rendered":"<div class=\"zm-title\">\n<h3><span style=\"color: #0000ff;\">DESCRIPTION DE FLUVAL FX4 \u00a0et FX 6<\/span><\/h3>\n<h3><span style=\"color: #800080;\"># pour aquarium jusqu&rsquo;\u00e0\u00a01000L\u00a0FX4 et \u00a0jusqu&rsquo;\u00e0 1500 L FX 6<\/span><\/h3>\n<\/div>\n<div class=\"mwct3\">\n<p>Le tout nouveau\u00a0<strong>filtre externe pour aquarium <\/strong><strong>\u00a0<\/strong>de la remarquable s\u00e9rie FX, caract\u00e9ris\u00e9e par son rendement et sa fiabilit\u00e9, est puissant tout en \u00e9tant plus compact que le mod\u00e8le FX6. Le filtre FX4 vient combler l&rsquo;\u00e9cart entre le Filtre ext\u00e9rieur Fluval 406 et le filtre ext\u00e9rieur FX6. Il est donc id\u00e9al pour ceux et celles qui poss\u00e8dent des aquariums contenant jusqu&rsquo;\u00e0 1 000L (250 gal US).<\/p>\n<p>Les paniers empilables de masses filtrantes sont au c\u0153ur de la filtration Fluval en plusieurs \u00e9tapes. Ces paniers de grande contenance vous permettent d\u2019empiler les masses filtrantes dans un ordre pr\u00e9cis en fonction de ce qui conviendra le mieux \u00e0 votre aquarium.<\/p>\n<p>Les filtres FX de la nouvelle g\u00e9n\u00e9ration contiennent deux paniers de plus que les anciens mod\u00e8les afin d\u2019offrir une filtration polyvalente de grande capacit\u00e9.<\/p>\n<p><span style=\"color: #0000ff;\"><strong>Caract\u00e9ristiques &#8211; Fluval FX4 pour aquarium jusqu&rsquo;\u00e0 1000L :<\/strong><\/span><br \/>\n&#8211; Filtre ext\u00e9rieur pour aquarium Fluval FX4<br \/>\n&#8211; Pour aquarium jusqu&rsquo;\u00e0 1000L \/h<br \/>\n&#8211; D\u00e9bit de la pompe 2650 l\/h, 30W<br \/>\n&#8211; D\u00e9bit eau filtr\u00e9e : 1700 l\/h<br \/>\n&#8211; Volume de filtration : 14L<br \/>\n&#8211; Dimensions : 40 x 40 x 42 cm (L x l x H)<br \/>\n&#8211; Masses filtrantes incluses : 4 mousses filtrantes, 1 mousse filtrante Bio Fam, 1 mousse charbon, 2 Biomax (support bact\u00e9rien)<\/p>\n<p><img decoding=\"async\" src=\"https:\/\/static.zoomalia.com\/prod_img\/34329\/t%C3%A9l%C3%A9chargement.png\" alt=\"\" \/><\/p>\n<p><strong>Changements d&rsquo;eau facile et sans tracas !<\/strong><br \/>\nLes mod\u00e8les de la s\u00e9rie FX sont munis d\u2019une soupape d\u2019\u00e9vacuation multifonctionnelle \u00e0 leur base qui permet de vider le filtre externe et d\u2019effectuer facilement les changements d\u2019eau, en proc\u00e9dant au drainage de l\u2019eau et au remplissage de l\u2019aquarium directement \u00e0 partir du filtre.<\/p>\n<p>Le couvercle du filtre est dot\u00e9 de deux pinces commodes pour ranger le tuyau lorsque celui-ci n\u2019est pas utilis\u00e9. Vous n\u2019avez donc pas besoin de le raccorder de nouveau au moment de la prochaine utilisation.<\/p>\n<p><strong><a title=\"FX Gravel Vac\" href=\"https:\/\/www.zoomalia.com\/animalerie\/fluval-fx-gravel-vac-aspirateur-pour-filtre-fluval-fx-p-59297.html\">FX Gravel Vac<\/a>\u00a0(en option)<\/strong><br \/>\nCe nouveau nettoyeur de gravier se branche directement \u00e0 la soupape d\u2019\u00e9vacuation pour un nettoyage du substrat des plus puissants.Le d\u00e9bit est contr\u00f4l\u00e9 facilement et efficacement \u00e0 l\u2019aide du r\u00e9gulateur actionn\u00e9 par le pouce, alors que l\u2019entretien sans d\u00e9g\u00e2ts est facilit\u00e9 par les sacs de filtration jetables.<\/p>\n<\/div>\n","protected":false},"excerpt":{"rendered":"<p>DESCRIPTION DE FLUVAL FX4 \u00a0et FX 6 # pour aquarium jusqu&rsquo;\u00e0\u00a01000L\u00a0FX4 et \u00a0jusqu&rsquo;\u00e0 1500 L FX 6 Le tout nouveau\u00a0filtre externe pour aquarium \u00a0de la remarquable s\u00e9rie FX, caract\u00e9ris\u00e9e par son rendement et sa fiabilit\u00e9, est puissant tout en \u00e9tant plus compact que le mod\u00e8le FX6. Le filtre FX4 vient combler l&rsquo;\u00e9cart entre le Filtre [&hellip;]<\/p>\n","protected":false},"featured_media":16898,"comment_status":"open","ping_status":"closed","template":"","meta":{"om_disable_all_campaigns":false,"_monsterinsights_skip_tracking":false,"_monsterinsights_sitenote_active":false,"_monsterinsights_sitenote_note":"","_monsterinsights_sitenote_category":0,"ocean_post_layout":"","ocean_both_sidebars_style":"","ocean_both_sidebars_content_width":0,"ocean_both_sidebars_sidebars_width":0,"ocean_sidebar":"0","ocean_second_sidebar":"0","ocean_disable_margins":"enable","ocean_add_body_class":"","ocean_shortcode_before_top_bar":"","ocean_shortcode_after_top_bar":"","ocean_shortcode_before_header":"","ocean_shortcode_after_header":"","ocean_has_shortcode":"","ocean_shortcode_after_title":"","ocean_shortcode_before_footer_widgets":"","ocean_shortcode_after_footer_widgets":"","ocean_shortcode_before_footer_bottom":"","ocean_shortcode_after_footer_bottom":"","ocean_display_top_bar":"default","ocean_display_header":"default","ocean_header_style":"","ocean_center_header_left_menu":"0","ocean_custom_header_template":"0","ocean_custom_logo":0,"ocean_custom_retina_logo":0,"ocean_custom_logo_max_width":0,"ocean_custom_logo_tablet_max_width":0,"ocean_custom_logo_mobile_max_width":0,"ocean_custom_logo_max_height":0,"ocean_custom_logo_tablet_max_height":0,"ocean_custom_logo_mobile_max_height":0,"ocean_header_custom_menu":"0","ocean_menu_typo_font_family":"0","ocean_menu_typo_font_subset":"","ocean_menu_typo_font_size":0,"ocean_menu_typo_font_size_tablet":0,"ocean_menu_typo_font_size_mobile":0,"ocean_menu_typo_font_size_unit":"px","ocean_menu_typo_font_weight":"","ocean_menu_typo_font_weight_tablet":"","ocean_menu_typo_font_weight_mobile":"","ocean_menu_typo_transform":"","ocean_menu_typo_transform_tablet":"","ocean_menu_typo_transform_mobile":"","ocean_menu_typo_line_height":0,"ocean_menu_typo_line_height_tablet":0,"ocean_menu_typo_line_height_mobile":0,"ocean_menu_typo_line_height_unit":"","ocean_menu_typo_spacing":0,"ocean_menu_typo_spacing_tablet":0,"ocean_menu_typo_spacing_mobile":0,"ocean_menu_typo_spacing_unit":"","ocean_menu_link_color":"","ocean_menu_link_color_hover":"","ocean_menu_link_color_active":"","ocean_menu_link_background":"","ocean_menu_link_hover_background":"","ocean_menu_link_active_background":"","ocean_menu_social_links_bg":"","ocean_menu_social_hover_links_bg":"","ocean_menu_social_links_color":"","ocean_menu_social_hover_links_color":"","ocean_disable_title":"default","ocean_disable_heading":"default","ocean_post_title":"","ocean_post_subheading":"","ocean_post_title_style":"","ocean_post_title_background_color":"","ocean_post_title_background":0,"ocean_post_title_bg_image_position":"","ocean_post_title_bg_image_attachment":"","ocean_post_title_bg_image_repeat":"","ocean_post_title_bg_image_size":"","ocean_post_title_height":0,"ocean_post_title_bg_overlay":0.5,"ocean_post_title_bg_overlay_color":"","ocean_disable_breadcrumbs":"default","ocean_breadcrumbs_color":"","ocean_breadcrumbs_separator_color":"","ocean_breadcrumbs_links_color":"","ocean_breadcrumbs_links_hover_color":"","ocean_display_footer_widgets":"default","ocean_display_footer_bottom":"default","ocean_custom_footer_template":"0"},"product_brand":[],"product_cat":[82],"product_tag":[],"class_list":{"0":"post-16897","1":"product","2":"type-product","3":"status-publish","4":"has-post-thumbnail","6":"product_cat-aquarium-et-accessoires","7":"product_shipping_class-produits-livrables","9":"entry","10":"has-media","12":"first","13":"instock","14":"taxable","15":"shipping-taxable","16":"purchasable","17":"product-type-variable","18":"has-product-nav","19":"col","20":"span_1_of_4","21":"owp-content-center","22":"owp-thumbs-layout-horizontal","23":"owp-btn-big","24":"owp-tabs-layout-vertical"},"aioseo_notices":[],"jetpack_sharing_enabled":true,"_links":{"self":[{"href":"https:\/\/oliveraieducoudon.com\/index.php?rest_route=\/wp\/v2\/product\/16897","targetHints":{"allow":["GET"]}}],"collection":[{"href":"https:\/\/oliveraieducoudon.com\/index.php?rest_route=\/wp\/v2\/product"}],"about":[{"href":"https:\/\/oliveraieducoudon.com\/index.php?rest_route=\/wp\/v2\/types\/product"}],"replies":[{"embeddable":true,"href":"https:\/\/oliveraieducoudon.com\/index.php?rest_route=%2Fwp%2Fv2%2Fcomments&post=16897"}],"wp:featuredmedia":[{"embeddable":true,"href":"https:\/\/oliveraieducoudon.com\/index.php?rest_route=\/wp\/v2\/media\/16898"}],"wp:attachment":[{"href":"https:\/\/oliveraieducoudon.com\/index.php?rest_route=%2Fwp%2Fv2%2Fmedia&parent=16897"}],"wp:term":[{"taxonomy":"product_brand","embeddable":true,"href":"https:\/\/oliveraieducoudon.com\/index.php?rest_route=%2Fwp%2Fv2%2Fproduct_brand&post=16897"},{"taxonomy":"product_cat","embeddable":true,"href":"https:\/\/oliveraieducoudon.com\/index.php?rest_route=%2Fwp%2Fv2%2Fproduct_cat&post=16897"},{"taxonomy":"product_tag","embeddable":true,"href":"https:\/\/oliveraieducoudon.com\/index.php?rest_route=%2Fwp%2Fv2%2Fproduct_tag&post=16897"}],"curies":[{"name":"wp","href":"https:\/\/api.w.org\/{rel}","templated":true}]}}