{"id":16885,"date":"2023-11-26T15:41:54","date_gmt":"2023-11-26T14:41:54","guid":{"rendered":"https:\/\/oliveraieducoudon.com\/?post_type=product&#038;p=16885"},"modified":"2025-11-11T17:37:36","modified_gmt":"2025-11-11T16:37:36","slug":"aquarium-spec-v-19-l","status":"publish","type":"product","link":"https:\/\/oliveraieducoudon.com\/?product=aquarium-spec-v-19-l","title":{"rendered":"AQUARIUM SPEC V 19 L"},"content":{"rendered":"<p><strong>Description<\/strong><\/p>\n<ul class=\"p-summary__list\">\n<li>Aquarium 19 litres<\/li>\n<li>Tous les composants n\u00e9cessaires<\/li>\n<li>Eclairage LED 7000K<\/li>\n<li>Filtrage en 3 \u00e9tapes<\/li>\n<li>52,07 x 19,05 x 29,46 cm; 5 kilogrammes<\/li>\n<\/ul>\n<p>Avez-vous d\u00e9j\u00e0 entendu parler de l&rsquo;aquascaping ? En tant qu&rsquo;expert des plantes d&rsquo;eau douce, probablement ! Vous savez d\u00e9j\u00e0 comment cr\u00e9er de superbes paysage sous-marins. La culture des bonsa\u00efs, c&rsquo;\u00e9tait hier. Quiconque cherche r\u00e9ellement \u00e0 d\u00e9velopper une d\u00e9coration v\u00e9g\u00e9tale pratique aujourd&rsquo;hui l&rsquo;aquascaping, comme par exemple dans un nano aquarium \u00e9clair\u00e9 tel que le SPEC V NANO de Fluval. Le \u00ab\u00a0V\u00a0\u00bb signifie ici \u00ab\u00a05\u00a0\u00bb et marque les innovations int\u00e9ressantes qui ont \u00e9t\u00e9 apport\u00e9es au fil des mod\u00e8les.<\/p>\n<div class=\"p-details__content --wysiwyg\">\n<p>La derni\u00e8re de ces innovations est l&rsquo;impressionnant syst\u00e8me d&rsquo;\u00e9clairage LED 7000K, qui offre des performances d&rsquo;\u00e9clairage<\/p>\n<p>20 % plus lumineuses et entra\u00eene une croissance accrue des plantes. Le nano aquarium SPEC-V marque \u00e9galement des points en mati\u00e8re de filtration avec une puret\u00e9 de l&rsquo;eau incomparable gr\u00e2ce aux trois \u00e9tapes de la surface de milieux filtrants m\u00e9canique, chimique et biologique.<\/p>\n<p>Id\u00e9al pour les d\u00e9butants qui souhaitent s&rsquo;essayer \u00e0 l&rsquo;aquascaping. Attention, \u00e7a rend addict !<\/p>\n<p><strong>Les plus :<\/strong><\/p>\n<ul>\n<li>La zone de filtre noire se trouve derri\u00e8re un design en nid d&rsquo;abeille \u00e9l\u00e9gant et moderne.<\/li>\n<li>Croissance saine des plantes gr\u00e2ce aux puissantes LED 7000K.<\/li>\n<li>Filtration en 3 \u00e9tapes avec une surface de milieux filtrants m\u00e9canique, chimique et biologique.<\/li>\n<\/ul>\n<p><strong>Contenu :<\/strong><\/p>\n<ul>\n<li>Bac en verre avec couvercle<\/li>\n<li>Syst\u00e8me d&rsquo;\u00e9clairage \u00e0 DEL<\/li>\n<li>Transformateur s\u00fbr \u00e0 basse tension<\/li>\n<li>Pompe de circulation avec bec de sortie<\/li>\n<li>Bloc de mousse filtrant Fluval avec poign\u00e9e<\/li>\n<li>Sachet de charbon actif Fluval<\/li>\n<li>Sachet de cylindres BioMax Fluval<\/li>\n<\/ul>\n<\/div>\n","protected":false},"excerpt":{"rendered":"<p>Description Aquarium 19 litres Tous les composants n\u00e9cessaires Eclairage LED 7000K Filtrage en 3 \u00e9tapes 52,07 x 19,05 x 29,46 cm; 5 kilogrammes Avez-vous d\u00e9j\u00e0 entendu parler de l&rsquo;aquascaping ? En tant qu&rsquo;expert des plantes d&rsquo;eau douce, probablement ! Vous savez d\u00e9j\u00e0 comment cr\u00e9er de superbes paysage sous-marins. La culture des bonsa\u00efs, c&rsquo;\u00e9tait hier. Quiconque [&hellip;]<\/p>\n","protected":false},"featured_media":16892,"comment_status":"open","ping_status":"closed","template":"","meta":{"om_disable_all_campaigns":false,"_monsterinsights_skip_tracking":false,"_monsterinsights_sitenote_active":false,"_monsterinsights_sitenote_note":"","_monsterinsights_sitenote_category":0,"ocean_post_layout":"","ocean_both_sidebars_style":"","ocean_both_sidebars_content_width":0,"ocean_both_sidebars_sidebars_width":0,"ocean_sidebar":"0","ocean_second_sidebar":"0","ocean_disable_margins":"enable","ocean_add_body_class":"","ocean_shortcode_before_top_bar":"","ocean_shortcode_after_top_bar":"","ocean_shortcode_before_header":"","ocean_shortcode_after_header":"","ocean_has_shortcode":"","ocean_shortcode_after_title":"","ocean_shortcode_before_footer_widgets":"","ocean_shortcode_after_footer_widgets":"","ocean_shortcode_before_footer_bottom":"","ocean_shortcode_after_footer_bottom":"","ocean_display_top_bar":"default","ocean_display_header":"default","ocean_header_style":"","ocean_center_header_left_menu":"0","ocean_custom_header_template":"0","ocean_custom_logo":0,"ocean_custom_retina_logo":0,"ocean_custom_logo_max_width":0,"ocean_custom_logo_tablet_max_width":0,"ocean_custom_logo_mobile_max_width":0,"ocean_custom_logo_max_height":0,"ocean_custom_logo_tablet_max_height":0,"ocean_custom_logo_mobile_max_height":0,"ocean_header_custom_menu":"0","ocean_menu_typo_font_family":"0","ocean_menu_typo_font_subset":"","ocean_menu_typo_font_size":0,"ocean_menu_typo_font_size_tablet":0,"ocean_menu_typo_font_size_mobile":0,"ocean_menu_typo_font_size_unit":"px","ocean_menu_typo_font_weight":"","ocean_menu_typo_font_weight_tablet":"","ocean_menu_typo_font_weight_mobile":"","ocean_menu_typo_transform":"","ocean_menu_typo_transform_tablet":"","ocean_menu_typo_transform_mobile":"","ocean_menu_typo_line_height":0,"ocean_menu_typo_line_height_tablet":0,"ocean_menu_typo_line_height_mobile":0,"ocean_menu_typo_line_height_unit":"","ocean_menu_typo_spacing":0,"ocean_menu_typo_spacing_tablet":0,"ocean_menu_typo_spacing_mobile":0,"ocean_menu_typo_spacing_unit":"","ocean_menu_link_color":"","ocean_menu_link_color_hover":"","ocean_menu_link_color_active":"","ocean_menu_link_background":"","ocean_menu_link_hover_background":"","ocean_menu_link_active_background":"","ocean_menu_social_links_bg":"","ocean_menu_social_hover_links_bg":"","ocean_menu_social_links_color":"","ocean_menu_social_hover_links_color":"","ocean_disable_title":"default","ocean_disable_heading":"default","ocean_post_title":"","ocean_post_subheading":"","ocean_post_title_style":"","ocean_post_title_background_color":"","ocean_post_title_background":0,"ocean_post_title_bg_image_position":"","ocean_post_title_bg_image_attachment":"","ocean_post_title_bg_image_repeat":"","ocean_post_title_bg_image_size":"","ocean_post_title_height":0,"ocean_post_title_bg_overlay":0.5,"ocean_post_title_bg_overlay_color":"","ocean_disable_breadcrumbs":"default","ocean_breadcrumbs_color":"","ocean_breadcrumbs_separator_color":"","ocean_breadcrumbs_links_color":"","ocean_breadcrumbs_links_hover_color":"","ocean_display_footer_widgets":"default","ocean_display_footer_bottom":"default","ocean_custom_footer_template":"0"},"product_brand":[],"product_cat":[82],"product_tag":[],"class_list":{"0":"post-16885","1":"product","2":"type-product","3":"status-publish","4":"has-post-thumbnail","6":"product_cat-aquarium-et-accessoires","7":"product_shipping_class-produits-non-livrables","9":"entry","10":"has-media","12":"first","13":"instock","14":"taxable","15":"shipping-taxable","16":"purchasable","17":"product-type-simple","18":"has-product-nav","19":"col","20":"span_1_of_4","21":"owp-content-center","22":"owp-thumbs-layout-horizontal","23":"owp-btn-big","24":"owp-tabs-layout-vertical"},"aioseo_notices":[],"jetpack_sharing_enabled":true,"_links":{"self":[{"href":"https:\/\/oliveraieducoudon.com\/index.php?rest_route=\/wp\/v2\/product\/16885","targetHints":{"allow":["GET"]}}],"collection":[{"href":"https:\/\/oliveraieducoudon.com\/index.php?rest_route=\/wp\/v2\/product"}],"about":[{"href":"https:\/\/oliveraieducoudon.com\/index.php?rest_route=\/wp\/v2\/types\/product"}],"replies":[{"embeddable":true,"href":"https:\/\/oliveraieducoudon.com\/index.php?rest_route=%2Fwp%2Fv2%2Fcomments&post=16885"}],"wp:featuredmedia":[{"embeddable":true,"href":"https:\/\/oliveraieducoudon.com\/index.php?rest_route=\/wp\/v2\/media\/16892"}],"wp:attachment":[{"href":"https:\/\/oliveraieducoudon.com\/index.php?rest_route=%2Fwp%2Fv2%2Fmedia&parent=16885"}],"wp:term":[{"taxonomy":"product_brand","embeddable":true,"href":"https:\/\/oliveraieducoudon.com\/index.php?rest_route=%2Fwp%2Fv2%2Fproduct_brand&post=16885"},{"taxonomy":"product_cat","embeddable":true,"href":"https:\/\/oliveraieducoudon.com\/index.php?rest_route=%2Fwp%2Fv2%2Fproduct_cat&post=16885"},{"taxonomy":"product_tag","embeddable":true,"href":"https:\/\/oliveraieducoudon.com\/index.php?rest_route=%2Fwp%2Fv2%2Fproduct_tag&post=16885"}],"curies":[{"name":"wp","href":"https:\/\/api.w.org\/{rel}","templated":true}]}}