{"id":16851,"date":"2023-11-25T18:30:21","date_gmt":"2023-11-25T17:30:21","guid":{"rendered":"https:\/\/oliveraieducoudon.com\/?post_type=product&#038;p=16851"},"modified":"2023-12-13T14:52:03","modified_gmt":"2023-12-13T13:52:03","slug":"vermi-chien-chat-comprimes","status":"publish","type":"product","link":"https:\/\/oliveraieducoudon.com\/?product=vermi-chien-chat-comprimes","title":{"rendered":"VERMI&rsquo; CHIEN &#038; CHAT COMPRIM\u00c9S"},"content":{"rendered":"<p><span style=\"color: #ff0000;\"><em><strong>Vermi&rsquo; chien &amp; chat comprim\u00e9s \u00a0Boite de\u00a060 Comprim\u00e9s<\/strong><\/em><\/span><\/p>\n<p>Les comprim\u00e9s Vermi&rsquo; chien &amp; chat Actiplant&rsquo; sont formul\u00e9s \u00e0 partir d\u2019actifs d\u2019origine naturelle. Ce m\u00e9lange in\u00e9dit favorise l\u2019expulsion des parasites intestinaux des animaux, et procure une meilleure hygi\u00e8ne digestive. Il participe au confort quotidien de votre animal.<\/p>\n<p>Terre de diatom\u00e9e, Courge et cannelle. Additifs : Agent de saveur. Agent texturant : cellulose et maltodexine. Constituants analytiques : Prot\u00e9ines brutes 0% &#8211; cendres brutes 21.02% &#8211; Humidit\u00e9 4.3% &#8211; Mati\u00e8res grasses brutes 1.2% &#8211; Phosphore 0% &#8211; Calcium 0% &#8211; Cellulose brute 24.65% &#8211; Sodium 0.01%<\/p>\n<p>Comprim\u00e9s s\u00e9cables : facilite l\u2019administration \u00e0 l\u2019animal. En traitement (15 jours) : \u2022 Chatons\/chiots : \u00bd comprim\u00e9 \u2022 Petit chien<\/p>\n<p>&nbsp;<\/p>\n","protected":false},"excerpt":{"rendered":"<p>Vermi&rsquo; chien &amp; chat comprim\u00e9s \u00a0Boite de\u00a060 Comprim\u00e9s Les comprim\u00e9s Vermi&rsquo; chien &amp; chat Actiplant&rsquo; sont formul\u00e9s \u00e0 partir d\u2019actifs d\u2019origine naturelle. Ce m\u00e9lange in\u00e9dit favorise l\u2019expulsion des parasites intestinaux des animaux, et procure une meilleure hygi\u00e8ne digestive. Il participe au confort quotidien de votre animal. Terre de diatom\u00e9e, Courge et cannelle. Additifs : Agent [&hellip;]<\/p>\n","protected":false},"featured_media":16855,"comment_status":"open","ping_status":"closed","template":"","meta":{"om_disable_all_campaigns":false,"_monsterinsights_skip_tracking":false,"_monsterinsights_sitenote_active":false,"_monsterinsights_sitenote_note":"","_monsterinsights_sitenote_category":0,"ocean_post_layout":"","ocean_both_sidebars_style":"","ocean_both_sidebars_content_width":0,"ocean_both_sidebars_sidebars_width":0,"ocean_sidebar":"0","ocean_second_sidebar":"0","ocean_disable_margins":"enable","ocean_add_body_class":"","ocean_shortcode_before_top_bar":"","ocean_shortcode_after_top_bar":"","ocean_shortcode_before_header":"","ocean_shortcode_after_header":"","ocean_has_shortcode":"","ocean_shortcode_after_title":"","ocean_shortcode_before_footer_widgets":"","ocean_shortcode_after_footer_widgets":"","ocean_shortcode_before_footer_bottom":"","ocean_shortcode_after_footer_bottom":"","ocean_display_top_bar":"default","ocean_display_header":"default","ocean_header_style":"","ocean_center_header_left_menu":"0","ocean_custom_header_template":"0","ocean_custom_logo":0,"ocean_custom_retina_logo":0,"ocean_custom_logo_max_width":0,"ocean_custom_logo_tablet_max_width":0,"ocean_custom_logo_mobile_max_width":0,"ocean_custom_logo_max_height":0,"ocean_custom_logo_tablet_max_height":0,"ocean_custom_logo_mobile_max_height":0,"ocean_header_custom_menu":"0","ocean_menu_typo_font_family":"0","ocean_menu_typo_font_subset":"","ocean_menu_typo_font_size":0,"ocean_menu_typo_font_size_tablet":0,"ocean_menu_typo_font_size_mobile":0,"ocean_menu_typo_font_size_unit":"px","ocean_menu_typo_font_weight":"","ocean_menu_typo_font_weight_tablet":"","ocean_menu_typo_font_weight_mobile":"","ocean_menu_typo_transform":"","ocean_menu_typo_transform_tablet":"","ocean_menu_typo_transform_mobile":"","ocean_menu_typo_line_height":0,"ocean_menu_typo_line_height_tablet":0,"ocean_menu_typo_line_height_mobile":0,"ocean_menu_typo_line_height_unit":"","ocean_menu_typo_spacing":0,"ocean_menu_typo_spacing_tablet":0,"ocean_menu_typo_spacing_mobile":0,"ocean_menu_typo_spacing_unit":"","ocean_menu_link_color":"","ocean_menu_link_color_hover":"","ocean_menu_link_color_active":"","ocean_menu_link_background":"","ocean_menu_link_hover_background":"","ocean_menu_link_active_background":"","ocean_menu_social_links_bg":"","ocean_menu_social_hover_links_bg":"","ocean_menu_social_links_color":"","ocean_menu_social_hover_links_color":"","ocean_disable_title":"default","ocean_disable_heading":"default","ocean_post_title":"","ocean_post_subheading":"","ocean_post_title_style":"","ocean_post_title_background_color":"","ocean_post_title_background":0,"ocean_post_title_bg_image_position":"","ocean_post_title_bg_image_attachment":"","ocean_post_title_bg_image_repeat":"","ocean_post_title_bg_image_size":"","ocean_post_title_height":0,"ocean_post_title_bg_overlay":0.5,"ocean_post_title_bg_overlay_color":"","ocean_disable_breadcrumbs":"default","ocean_breadcrumbs_color":"","ocean_breadcrumbs_separator_color":"","ocean_breadcrumbs_links_color":"","ocean_breadcrumbs_links_hover_color":"","ocean_display_footer_widgets":"default","ocean_display_footer_bottom":"default","ocean_custom_footer_template":"0"},"product_brand":[],"product_cat":[54,55],"product_tag":[],"class_list":{"0":"post-16851","1":"product","2":"type-product","3":"status-publish","4":"has-post-thumbnail","6":"product_cat-pour-les-chats","7":"product_cat-pour-les-chiens","8":"product_shipping_class-produits-livrables","10":"entry","11":"has-media","13":"first","14":"instock","15":"taxable","16":"shipping-taxable","17":"purchasable","18":"product-type-simple","19":"has-product-nav","20":"col","21":"span_1_of_4","22":"owp-content-center","23":"owp-thumbs-layout-horizontal","24":"owp-btn-big","25":"owp-tabs-layout-vertical","26":"has-no-thumbnails"},"aioseo_notices":[],"jetpack_sharing_enabled":true,"_links":{"self":[{"href":"https:\/\/oliveraieducoudon.com\/index.php?rest_route=\/wp\/v2\/product\/16851","targetHints":{"allow":["GET"]}}],"collection":[{"href":"https:\/\/oliveraieducoudon.com\/index.php?rest_route=\/wp\/v2\/product"}],"about":[{"href":"https:\/\/oliveraieducoudon.com\/index.php?rest_route=\/wp\/v2\/types\/product"}],"replies":[{"embeddable":true,"href":"https:\/\/oliveraieducoudon.com\/index.php?rest_route=%2Fwp%2Fv2%2Fcomments&post=16851"}],"wp:featuredmedia":[{"embeddable":true,"href":"https:\/\/oliveraieducoudon.com\/index.php?rest_route=\/wp\/v2\/media\/16855"}],"wp:attachment":[{"href":"https:\/\/oliveraieducoudon.com\/index.php?rest_route=%2Fwp%2Fv2%2Fmedia&parent=16851"}],"wp:term":[{"taxonomy":"product_brand","embeddable":true,"href":"https:\/\/oliveraieducoudon.com\/index.php?rest_route=%2Fwp%2Fv2%2Fproduct_brand&post=16851"},{"taxonomy":"product_cat","embeddable":true,"href":"https:\/\/oliveraieducoudon.com\/index.php?rest_route=%2Fwp%2Fv2%2Fproduct_cat&post=16851"},{"taxonomy":"product_tag","embeddable":true,"href":"https:\/\/oliveraieducoudon.com\/index.php?rest_route=%2Fwp%2Fv2%2Fproduct_tag&post=16851"}],"curies":[{"name":"wp","href":"https:\/\/api.w.org\/{rel}","templated":true}]}}