{"id":16843,"date":"2023-11-25T17:16:08","date_gmt":"2023-11-25T16:16:08","guid":{"rendered":"https:\/\/oliveraieducoudon.com\/?post_type=product&#038;p=16843"},"modified":"2023-12-13T14:52:03","modified_gmt":"2023-12-13T13:52:03","slug":"pipettes-antiparasitaires-petit-chien-2-15-kg","status":"publish","type":"product","link":"https:\/\/oliveraieducoudon.com\/?product=pipettes-antiparasitaires-petit-chien-2-15-kg","title":{"rendered":"PIPETTES ANTIPARASITAIRES"},"content":{"rendered":"<h3><span style=\"color: #ff0000;\"><em><strong># Actiplant&rsquo; &#8211; Pipettes antiparasitaires <\/strong><\/em><\/span><\/h3>\n<p><span style=\"color: #339966;\"><em><strong>petit chien 2-15 kg \u00a0&#8211;\u00a02 x 1 ml ou\u00a0<\/strong><\/em><\/span><\/p>\n<p><span style=\"color: #339966;\"><em><strong>chien moyen 15-30 kg<\/strong><\/em><\/span><\/p>\n<p><span style=\"color: #339966;\"><em><strong>grand chien 30 kg et + &#8211; 4 x 2ml<\/strong><\/em><\/span><\/p>\n<p>Pipette insectifuges \u00e0 base de G\u00e9raniol.<\/p>\n<p>Principe actif : 0,45% (m\/m) G\u00e9raniol CAS : 106-24-1 TP 19<\/p>\n<p>\u2022 Ne pas appliquer sur un animal en partie mouill\u00e9 car la protection pourrait \u00eatre r\u00e9duite. \u2022 R\u00e9partir le contenu de la pipette en 3 points (entre le bas du cr\u00e2ne et le creux des \u00e9paules). \u2022 Ecarter le pelage et d\u00e9poser une partie du contenu requis sur la peau. \u2022 Les gouttes peuvent \u00eatre r\u00e9-appliqu\u00e9es sans aucun danger 7 jours apr\u00e8s l\u2019application initiale. \u2022 La protection est effective en 24 \u00e0 48 heures.<\/p>\n","protected":false},"excerpt":{"rendered":"<p># Actiplant&rsquo; &#8211; Pipettes antiparasitaires petit chien 2-15 kg \u00a0&#8211;\u00a02 x 1 ml ou\u00a0 chien moyen 15-30 kg grand chien 30 kg et + &#8211; 4 x 2ml Pipette insectifuges \u00e0 base de G\u00e9raniol. Principe actif : 0,45% (m\/m) G\u00e9raniol CAS : 106-24-1 TP 19 \u2022 Ne pas appliquer sur un animal en partie mouill\u00e9 [&hellip;]<\/p>\n","protected":false},"featured_media":16844,"comment_status":"open","ping_status":"closed","template":"","meta":{"om_disable_all_campaigns":false,"_monsterinsights_skip_tracking":false,"_monsterinsights_sitenote_active":false,"_monsterinsights_sitenote_note":"","_monsterinsights_sitenote_category":0,"ocean_post_layout":"","ocean_both_sidebars_style":"","ocean_both_sidebars_content_width":0,"ocean_both_sidebars_sidebars_width":0,"ocean_sidebar":"0","ocean_second_sidebar":"0","ocean_disable_margins":"enable","ocean_add_body_class":"","ocean_shortcode_before_top_bar":"","ocean_shortcode_after_top_bar":"","ocean_shortcode_before_header":"","ocean_shortcode_after_header":"","ocean_has_shortcode":"","ocean_shortcode_after_title":"","ocean_shortcode_before_footer_widgets":"","ocean_shortcode_after_footer_widgets":"","ocean_shortcode_before_footer_bottom":"","ocean_shortcode_after_footer_bottom":"","ocean_display_top_bar":"default","ocean_display_header":"default","ocean_header_style":"","ocean_center_header_left_menu":"0","ocean_custom_header_template":"0","ocean_custom_logo":0,"ocean_custom_retina_logo":0,"ocean_custom_logo_max_width":0,"ocean_custom_logo_tablet_max_width":0,"ocean_custom_logo_mobile_max_width":0,"ocean_custom_logo_max_height":0,"ocean_custom_logo_tablet_max_height":0,"ocean_custom_logo_mobile_max_height":0,"ocean_header_custom_menu":"0","ocean_menu_typo_font_family":"0","ocean_menu_typo_font_subset":"","ocean_menu_typo_font_size":0,"ocean_menu_typo_font_size_tablet":0,"ocean_menu_typo_font_size_mobile":0,"ocean_menu_typo_font_size_unit":"px","ocean_menu_typo_font_weight":"","ocean_menu_typo_font_weight_tablet":"","ocean_menu_typo_font_weight_mobile":"","ocean_menu_typo_transform":"","ocean_menu_typo_transform_tablet":"","ocean_menu_typo_transform_mobile":"","ocean_menu_typo_line_height":0,"ocean_menu_typo_line_height_tablet":0,"ocean_menu_typo_line_height_mobile":0,"ocean_menu_typo_line_height_unit":"","ocean_menu_typo_spacing":0,"ocean_menu_typo_spacing_tablet":0,"ocean_menu_typo_spacing_mobile":0,"ocean_menu_typo_spacing_unit":"","ocean_menu_link_color":"","ocean_menu_link_color_hover":"","ocean_menu_link_color_active":"","ocean_menu_link_background":"","ocean_menu_link_hover_background":"","ocean_menu_link_active_background":"","ocean_menu_social_links_bg":"","ocean_menu_social_hover_links_bg":"","ocean_menu_social_links_color":"","ocean_menu_social_hover_links_color":"","ocean_disable_title":"default","ocean_disable_heading":"default","ocean_post_title":"","ocean_post_subheading":"","ocean_post_title_style":"","ocean_post_title_background_color":"","ocean_post_title_background":0,"ocean_post_title_bg_image_position":"","ocean_post_title_bg_image_attachment":"","ocean_post_title_bg_image_repeat":"","ocean_post_title_bg_image_size":"","ocean_post_title_height":0,"ocean_post_title_bg_overlay":0.5,"ocean_post_title_bg_overlay_color":"","ocean_disable_breadcrumbs":"default","ocean_breadcrumbs_color":"","ocean_breadcrumbs_separator_color":"","ocean_breadcrumbs_links_color":"","ocean_breadcrumbs_links_hover_color":"","ocean_display_footer_widgets":"default","ocean_display_footer_bottom":"default","ocean_custom_footer_template":"0"},"product_brand":[],"product_cat":[55],"product_tag":[],"class_list":{"0":"post-16843","1":"product","2":"type-product","3":"status-publish","4":"has-post-thumbnail","6":"product_cat-pour-les-chiens","8":"entry","9":"has-media","11":"first","12":"instock","13":"taxable","14":"shipping-taxable","15":"purchasable","16":"product-type-variable","17":"has-product-nav","18":"col","19":"span_1_of_4","20":"owp-content-center","21":"owp-thumbs-layout-horizontal","22":"owp-btn-big","23":"owp-tabs-layout-vertical"},"aioseo_notices":[],"jetpack_sharing_enabled":true,"_links":{"self":[{"href":"https:\/\/oliveraieducoudon.com\/index.php?rest_route=\/wp\/v2\/product\/16843","targetHints":{"allow":["GET"]}}],"collection":[{"href":"https:\/\/oliveraieducoudon.com\/index.php?rest_route=\/wp\/v2\/product"}],"about":[{"href":"https:\/\/oliveraieducoudon.com\/index.php?rest_route=\/wp\/v2\/types\/product"}],"replies":[{"embeddable":true,"href":"https:\/\/oliveraieducoudon.com\/index.php?rest_route=%2Fwp%2Fv2%2Fcomments&post=16843"}],"wp:featuredmedia":[{"embeddable":true,"href":"https:\/\/oliveraieducoudon.com\/index.php?rest_route=\/wp\/v2\/media\/16844"}],"wp:attachment":[{"href":"https:\/\/oliveraieducoudon.com\/index.php?rest_route=%2Fwp%2Fv2%2Fmedia&parent=16843"}],"wp:term":[{"taxonomy":"product_brand","embeddable":true,"href":"https:\/\/oliveraieducoudon.com\/index.php?rest_route=%2Fwp%2Fv2%2Fproduct_brand&post=16843"},{"taxonomy":"product_cat","embeddable":true,"href":"https:\/\/oliveraieducoudon.com\/index.php?rest_route=%2Fwp%2Fv2%2Fproduct_cat&post=16843"},{"taxonomy":"product_tag","embeddable":true,"href":"https:\/\/oliveraieducoudon.com\/index.php?rest_route=%2Fwp%2Fv2%2Fproduct_tag&post=16843"}],"curies":[{"name":"wp","href":"https:\/\/api.w.org\/{rel}","templated":true}]}}