{"id":16820,"date":"2023-11-25T15:55:33","date_gmt":"2023-11-25T14:55:33","guid":{"rendered":"https:\/\/oliveraieducoudon.com\/?post_type=product&#038;p=16820"},"modified":"2025-11-11T17:37:36","modified_gmt":"2025-11-11T16:37:36","slug":"paludarium-90-x-45-x-90-cm-2","status":"publish","type":"product","link":"https:\/\/oliveraieducoudon.com\/?product=paludarium-90-x-45-x-90-cm-2","title":{"rendered":"PALUDARIUM 90 X 45 X 90 CM"},"content":{"rendered":"<p><span style=\"color: #ff00ff;\"><em><strong> PALUDARIUM 90 X 45 X 90 CM<\/strong><\/em><\/span><\/p>\n<p>Le terrarium Exo Terra, con\u00e7u par des herp\u00e9tologistes europ\u00e9ens, est l&rsquo;habitat id\u00e9al pour les reptiles et les amphibiens. Les portes avant facilitent l&rsquo;entretien et le nourrissage. Un loquet est sp\u00e9cialement con\u00e7u pour emp\u00eacher les reptiles de s&rsquo;enfuir et il permet d&rsquo;ouvrir les portes s\u00e9par\u00e9ment. Le couvercle grillag\u00e9 enti\u00e8rement amovible permet aux rayons U.V.B. et infrarouges de p\u00e9n\u00e9trer et facilite l&rsquo;acc\u00e8s pour d\u00e9corer et nettoyer le terrarium. \u00c0 l&rsquo;arri\u00e8re du couvercle grillag\u00e9, de chaque c\u00f4t\u00e9, se trouvent cinq entr\u00e9es refermables pour fils et tuyaux. Cela simplifie l&rsquo;installation de roches chauffantes Heat Wave, de cascades, de sondes, etc., dans le terrarium. La base du terrarium est sur\u00e9lev\u00e9e pour permettre d&rsquo;installer une pellicule chauffante de substrat afin de chauffer une partie de la surface agrandie. La fen\u00eatre du devant, plac\u00e9e tr\u00e8s haut, est id\u00e9ale pour ajouter des couches \u00e9paisses de substrat (pour les reptiles qui creusent), des accessoires aquatiques (paludarium) ou pour installer un abri Exo Terra pour reptiles. L&rsquo;arri\u00e8re-plan imitant des roches naturelles est de la m\u00eame couleur que tous les accessoires de d\u00e9corations Exo Terra (bols \u00e0 eau, cascades, roches chauffantes, etc.) et fournit un objet de plus pour grimper. \u00e0 couper pour obtenir la grandeur d\u00e9sir\u00e9e. Il cr\u00e9e un habitat multidimensionnel id\u00e9al pour les reptiles grimpeurs ou il peut \u00eatre utilis\u00e9 simplement pour embellir un terrarium naturel. Sa couleur et sa texture sont les m\u00eames que toutes les d\u00e9corations Exo Terra pour terrariums naturels, afin de cr\u00e9er un milieu parfaitement harmonis\u00e9, humide ou sec.<\/p>\n<p>&nbsp;<\/p>\n","protected":false},"excerpt":{"rendered":"<p>PALUDARIUM 90 X 45 X 90 CM Le terrarium Exo Terra, con\u00e7u par des herp\u00e9tologistes europ\u00e9ens, est l&rsquo;habitat id\u00e9al pour les reptiles et les amphibiens. Les portes avant facilitent l&rsquo;entretien et le nourrissage. Un loquet est sp\u00e9cialement con\u00e7u pour emp\u00eacher les reptiles de s&rsquo;enfuir et il permet d&rsquo;ouvrir les portes s\u00e9par\u00e9ment. Le couvercle grillag\u00e9 enti\u00e8rement [&hellip;]<\/p>\n","protected":false},"featured_media":16821,"comment_status":"open","ping_status":"closed","template":"","meta":{"om_disable_all_campaigns":false,"_monsterinsights_skip_tracking":false,"_monsterinsights_sitenote_active":false,"_monsterinsights_sitenote_note":"","_monsterinsights_sitenote_category":0,"ocean_post_layout":"","ocean_both_sidebars_style":"","ocean_both_sidebars_content_width":0,"ocean_both_sidebars_sidebars_width":0,"ocean_sidebar":"0","ocean_second_sidebar":"0","ocean_disable_margins":"enable","ocean_add_body_class":"","ocean_shortcode_before_top_bar":"","ocean_shortcode_after_top_bar":"","ocean_shortcode_before_header":"","ocean_shortcode_after_header":"","ocean_has_shortcode":"","ocean_shortcode_after_title":"","ocean_shortcode_before_footer_widgets":"","ocean_shortcode_after_footer_widgets":"","ocean_shortcode_before_footer_bottom":"","ocean_shortcode_after_footer_bottom":"","ocean_display_top_bar":"default","ocean_display_header":"default","ocean_header_style":"","ocean_center_header_left_menu":"0","ocean_custom_header_template":"0","ocean_custom_logo":0,"ocean_custom_retina_logo":0,"ocean_custom_logo_max_width":0,"ocean_custom_logo_tablet_max_width":0,"ocean_custom_logo_mobile_max_width":0,"ocean_custom_logo_max_height":0,"ocean_custom_logo_tablet_max_height":0,"ocean_custom_logo_mobile_max_height":0,"ocean_header_custom_menu":"0","ocean_menu_typo_font_family":"0","ocean_menu_typo_font_subset":"","ocean_menu_typo_font_size":0,"ocean_menu_typo_font_size_tablet":0,"ocean_menu_typo_font_size_mobile":0,"ocean_menu_typo_font_size_unit":"px","ocean_menu_typo_font_weight":"","ocean_menu_typo_font_weight_tablet":"","ocean_menu_typo_font_weight_mobile":"","ocean_menu_typo_transform":"","ocean_menu_typo_transform_tablet":"","ocean_menu_typo_transform_mobile":"","ocean_menu_typo_line_height":0,"ocean_menu_typo_line_height_tablet":0,"ocean_menu_typo_line_height_mobile":0,"ocean_menu_typo_line_height_unit":"","ocean_menu_typo_spacing":0,"ocean_menu_typo_spacing_tablet":0,"ocean_menu_typo_spacing_mobile":0,"ocean_menu_typo_spacing_unit":"","ocean_menu_link_color":"","ocean_menu_link_color_hover":"","ocean_menu_link_color_active":"","ocean_menu_link_background":"","ocean_menu_link_hover_background":"","ocean_menu_link_active_background":"","ocean_menu_social_links_bg":"","ocean_menu_social_hover_links_bg":"","ocean_menu_social_links_color":"","ocean_menu_social_hover_links_color":"","ocean_disable_title":"default","ocean_disable_heading":"default","ocean_post_title":"","ocean_post_subheading":"","ocean_post_title_style":"","ocean_post_title_background_color":"","ocean_post_title_background":0,"ocean_post_title_bg_image_position":"","ocean_post_title_bg_image_attachment":"","ocean_post_title_bg_image_repeat":"","ocean_post_title_bg_image_size":"","ocean_post_title_height":0,"ocean_post_title_bg_overlay":0.5,"ocean_post_title_bg_overlay_color":"","ocean_disable_breadcrumbs":"default","ocean_breadcrumbs_color":"","ocean_breadcrumbs_separator_color":"","ocean_breadcrumbs_links_color":"","ocean_breadcrumbs_links_hover_color":"","ocean_display_footer_widgets":"default","ocean_display_footer_bottom":"default","ocean_custom_footer_template":"0"},"product_brand":[],"product_cat":[56],"product_tag":[],"class_list":{"0":"post-16820","1":"product","2":"type-product","3":"status-publish","4":"has-post-thumbnail","6":"product_cat-pour-les-nac","7":"product_shipping_class-produits-livrables","9":"entry","10":"has-media","12":"first","13":"instock","14":"taxable","15":"shipping-taxable","16":"purchasable","17":"product-type-simple","18":"has-product-nav","19":"col","20":"span_1_of_4","21":"owp-content-center","22":"owp-thumbs-layout-horizontal","23":"owp-btn-big","24":"owp-tabs-layout-vertical","25":"has-no-thumbnails"},"aioseo_notices":[],"jetpack_sharing_enabled":true,"_links":{"self":[{"href":"https:\/\/oliveraieducoudon.com\/index.php?rest_route=\/wp\/v2\/product\/16820","targetHints":{"allow":["GET"]}}],"collection":[{"href":"https:\/\/oliveraieducoudon.com\/index.php?rest_route=\/wp\/v2\/product"}],"about":[{"href":"https:\/\/oliveraieducoudon.com\/index.php?rest_route=\/wp\/v2\/types\/product"}],"replies":[{"embeddable":true,"href":"https:\/\/oliveraieducoudon.com\/index.php?rest_route=%2Fwp%2Fv2%2Fcomments&post=16820"}],"wp:featuredmedia":[{"embeddable":true,"href":"https:\/\/oliveraieducoudon.com\/index.php?rest_route=\/wp\/v2\/media\/16821"}],"wp:attachment":[{"href":"https:\/\/oliveraieducoudon.com\/index.php?rest_route=%2Fwp%2Fv2%2Fmedia&parent=16820"}],"wp:term":[{"taxonomy":"product_brand","embeddable":true,"href":"https:\/\/oliveraieducoudon.com\/index.php?rest_route=%2Fwp%2Fv2%2Fproduct_brand&post=16820"},{"taxonomy":"product_cat","embeddable":true,"href":"https:\/\/oliveraieducoudon.com\/index.php?rest_route=%2Fwp%2Fv2%2Fproduct_cat&post=16820"},{"taxonomy":"product_tag","embeddable":true,"href":"https:\/\/oliveraieducoudon.com\/index.php?rest_route=%2Fwp%2Fv2%2Fproduct_tag&post=16820"}],"curies":[{"name":"wp","href":"https:\/\/api.w.org\/{rel}","templated":true}]}}