{"id":16815,"date":"2023-11-25T15:41:48","date_gmt":"2023-11-25T14:41:48","guid":{"rendered":"https:\/\/oliveraieducoudon.com\/?post_type=product&#038;p=16815"},"modified":"2025-11-11T17:37:36","modified_gmt":"2025-11-11T16:37:36","slug":"paludarium-90-x-45-x-90-cm","status":"publish","type":"product","link":"https:\/\/oliveraieducoudon.com\/?product=paludarium-90-x-45-x-90-cm","title":{"rendered":"TERRARIUM GRILLAG\u00c9 90 X 45 X 90CM"},"content":{"rendered":"<p><span style=\"color: #ff6600;\"><strong><em>TERRARIUM GRILLAG\u00c9 90 X 45 X 90CM<\/em><\/strong><\/span><\/p>\n<p>Le Terrarium grillag\u00e9 Exo Terra offre un habitat parfait pour les reptiles et les amphibiens arboricoles qui n\u00e9cessitent une bonne circulation d\u2019air. En effet, la circulation constante de l\u2019air procure une ventilation optimale, tout en diminuant les odeurs et la formation de la moisissure dans l\u2019habitat de votre reptile. De plus, la variation importante de la temp\u00e9rature engendr\u00e9e par la structure du grillage permet aux reptiles de r\u00e9guler efficacement leur temp\u00e9rature corporelle et d\u2019\u00e9viter les coups de chaleur. \u00c9galement, les mailles du grillage laissent p\u00e9n\u00e9trer les rayons ultraviolets \u00e9mis par un appareil d\u2019\u00e9clairage \u00e0 rayons UVB ou par le soleil et les propagent dans tout l\u2019habitat. Le plateau permet aussi de d\u00e9poser une mince couche de substrat afin d\u2019absorber les gouttelettes d\u2019eau et d\u2019augmenter le taux d\u2019humidit\u00e9, en plus de se retirer facilement gr\u00e2ce \u00e0 la porte inf\u00e9rieure battante. De robustes loquets nickel\u00e9s assurent la solidit\u00e9 de la cage, procurant ainsi aux reptiles un habitat s\u00fbr et sans danger. Ajoutez un Arri\u00e8re-plan Exo Terra (facultatif) afin d\u2019augmenter le taux d\u2019humidit\u00e9 et de permettre la formation de bu\u00e9e, pour les esp\u00e8ces qui pr\u00e9f\u00e8rent s\u2019abreuver de gouttelettes d\u2019eau, comme les cam\u00e9l\u00e9ons, les geckos diurnes et de nombreuses autres esp\u00e8ces arboricoles. Le montage du Terrarium grillag\u00e9 s\u2019effectue simplement \u00e0 l\u2019aide d\u2019un tournevis.<\/p>\n<p>&nbsp;<\/p>\n","protected":false},"excerpt":{"rendered":"<p>TERRARIUM GRILLAG\u00c9 90 X 45 X 90CM Le Terrarium grillag\u00e9 Exo Terra offre un habitat parfait pour les reptiles et les amphibiens arboricoles qui n\u00e9cessitent une bonne circulation d\u2019air. En effet, la circulation constante de l\u2019air procure une ventilation optimale, tout en diminuant les odeurs et la formation de la moisissure dans l\u2019habitat de votre [&hellip;]<\/p>\n","protected":false},"featured_media":16818,"comment_status":"open","ping_status":"closed","template":"","meta":{"om_disable_all_campaigns":false,"_monsterinsights_skip_tracking":false,"_monsterinsights_sitenote_active":false,"_monsterinsights_sitenote_note":"","_monsterinsights_sitenote_category":0,"ocean_post_layout":"","ocean_both_sidebars_style":"","ocean_both_sidebars_content_width":0,"ocean_both_sidebars_sidebars_width":0,"ocean_sidebar":"0","ocean_second_sidebar":"0","ocean_disable_margins":"enable","ocean_add_body_class":"","ocean_shortcode_before_top_bar":"","ocean_shortcode_after_top_bar":"","ocean_shortcode_before_header":"","ocean_shortcode_after_header":"","ocean_has_shortcode":"","ocean_shortcode_after_title":"","ocean_shortcode_before_footer_widgets":"","ocean_shortcode_after_footer_widgets":"","ocean_shortcode_before_footer_bottom":"","ocean_shortcode_after_footer_bottom":"","ocean_display_top_bar":"default","ocean_display_header":"default","ocean_header_style":"","ocean_center_header_left_menu":"0","ocean_custom_header_template":"0","ocean_custom_logo":0,"ocean_custom_retina_logo":0,"ocean_custom_logo_max_width":0,"ocean_custom_logo_tablet_max_width":0,"ocean_custom_logo_mobile_max_width":0,"ocean_custom_logo_max_height":0,"ocean_custom_logo_tablet_max_height":0,"ocean_custom_logo_mobile_max_height":0,"ocean_header_custom_menu":"0","ocean_menu_typo_font_family":"0","ocean_menu_typo_font_subset":"","ocean_menu_typo_font_size":0,"ocean_menu_typo_font_size_tablet":0,"ocean_menu_typo_font_size_mobile":0,"ocean_menu_typo_font_size_unit":"px","ocean_menu_typo_font_weight":"","ocean_menu_typo_font_weight_tablet":"","ocean_menu_typo_font_weight_mobile":"","ocean_menu_typo_transform":"","ocean_menu_typo_transform_tablet":"","ocean_menu_typo_transform_mobile":"","ocean_menu_typo_line_height":0,"ocean_menu_typo_line_height_tablet":0,"ocean_menu_typo_line_height_mobile":0,"ocean_menu_typo_line_height_unit":"","ocean_menu_typo_spacing":0,"ocean_menu_typo_spacing_tablet":0,"ocean_menu_typo_spacing_mobile":0,"ocean_menu_typo_spacing_unit":"","ocean_menu_link_color":"","ocean_menu_link_color_hover":"","ocean_menu_link_color_active":"","ocean_menu_link_background":"","ocean_menu_link_hover_background":"","ocean_menu_link_active_background":"","ocean_menu_social_links_bg":"","ocean_menu_social_hover_links_bg":"","ocean_menu_social_links_color":"","ocean_menu_social_hover_links_color":"","ocean_disable_title":"default","ocean_disable_heading":"default","ocean_post_title":"","ocean_post_subheading":"","ocean_post_title_style":"","ocean_post_title_background_color":"","ocean_post_title_background":0,"ocean_post_title_bg_image_position":"","ocean_post_title_bg_image_attachment":"","ocean_post_title_bg_image_repeat":"","ocean_post_title_bg_image_size":"","ocean_post_title_height":0,"ocean_post_title_bg_overlay":0.5,"ocean_post_title_bg_overlay_color":"","ocean_disable_breadcrumbs":"default","ocean_breadcrumbs_color":"","ocean_breadcrumbs_separator_color":"","ocean_breadcrumbs_links_color":"","ocean_breadcrumbs_links_hover_color":"","ocean_display_footer_widgets":"default","ocean_display_footer_bottom":"default","ocean_custom_footer_template":"0"},"product_brand":[],"product_cat":[56],"product_tag":[],"class_list":{"0":"post-16815","1":"product","2":"type-product","3":"status-publish","4":"has-post-thumbnail","6":"product_cat-pour-les-nac","7":"product_shipping_class-produits-livrables","9":"entry","10":"has-media","12":"first","13":"instock","14":"taxable","15":"shipping-taxable","16":"purchasable","17":"product-type-simple","18":"has-product-nav","19":"col","20":"span_1_of_4","21":"owp-content-center","22":"owp-thumbs-layout-horizontal","23":"owp-btn-big","24":"owp-tabs-layout-vertical"},"aioseo_notices":[],"jetpack_sharing_enabled":true,"_links":{"self":[{"href":"https:\/\/oliveraieducoudon.com\/index.php?rest_route=\/wp\/v2\/product\/16815","targetHints":{"allow":["GET"]}}],"collection":[{"href":"https:\/\/oliveraieducoudon.com\/index.php?rest_route=\/wp\/v2\/product"}],"about":[{"href":"https:\/\/oliveraieducoudon.com\/index.php?rest_route=\/wp\/v2\/types\/product"}],"replies":[{"embeddable":true,"href":"https:\/\/oliveraieducoudon.com\/index.php?rest_route=%2Fwp%2Fv2%2Fcomments&post=16815"}],"wp:featuredmedia":[{"embeddable":true,"href":"https:\/\/oliveraieducoudon.com\/index.php?rest_route=\/wp\/v2\/media\/16818"}],"wp:attachment":[{"href":"https:\/\/oliveraieducoudon.com\/index.php?rest_route=%2Fwp%2Fv2%2Fmedia&parent=16815"}],"wp:term":[{"taxonomy":"product_brand","embeddable":true,"href":"https:\/\/oliveraieducoudon.com\/index.php?rest_route=%2Fwp%2Fv2%2Fproduct_brand&post=16815"},{"taxonomy":"product_cat","embeddable":true,"href":"https:\/\/oliveraieducoudon.com\/index.php?rest_route=%2Fwp%2Fv2%2Fproduct_cat&post=16815"},{"taxonomy":"product_tag","embeddable":true,"href":"https:\/\/oliveraieducoudon.com\/index.php?rest_route=%2Fwp%2Fv2%2Fproduct_tag&post=16815"}],"curies":[{"name":"wp","href":"https:\/\/api.w.org\/{rel}","templated":true}]}}