{"id":16747,"date":"2023-11-21T16:06:13","date_gmt":"2023-11-21T15:06:13","guid":{"rendered":"https:\/\/oliveraieducoudon.com\/?post_type=product&#038;p=16747"},"modified":"2024-04-18T07:20:51","modified_gmt":"2024-04-18T05:20:51","slug":"bassin-avec-fenetre-pour-koi-500qt-i-2000-litres","status":"publish","type":"product","link":"https:\/\/oliveraieducoudon.com\/?product=bassin-avec-fenetre-pour-koi-500qt-i-2000-litres","title":{"rendered":"BASSIN AVEC FENETRE POUR KOI  2000 Litres &#8211; 500i"},"content":{"rendered":"<h3><em><strong><span style=\"color: #0000ff;\">LE BASSIN\u00a0R\u00c9SERVOIR KOI \u00a0 (2000 litres)<\/span><\/strong><\/em><\/h3>\n<p>Le 500QT est la plus petite variante sans fen\u00eatre de bassin, le 500i est \u00e9quip\u00e9 d&rsquo;une fen\u00eatre infinie. Ces variantes font partie des conteneurs les plus populaires et peuvent \u00eatre utilis\u00e9es \u00e0 merveille comme bassin de pr\u00e9sentation pour la vente ou comme conteneur de quarantaine.<\/p>\n<p>DIMENSIONS<\/p>\n<p>Longueur\u2026\u2026\u2026\u2026\u2026\u2026\u2026\u2026\u2026.1950 mm externe \u2013 1825 mm interne<\/p>\n<p>Largeur\u2026\u2026\u2026\u2026\u2026\u2026\u2026\u2026\u2026\u20261350 mm externe \u2013 1210 mm interne<\/p>\n<p>Hauteur totale\u2026\u2026\u2026\u2026\u2026\u2026\u2026\u2026\u2026\u2026\u2026\u2026\u2026\u2026\u2026\u2026\u2026\u2026..1150 mm<\/p>\n<p>Profondeur interne\u2026\u2026\u2026\u2026\u2026\u2026\u2026\u2026\u2026\u2026\u2026\u2026\u2026\u2026\u2026\u2026\u2026\u2026..1000mm<\/p>\n<p>model 500i \u00a0 \u00a0Taille de la fen\u00eatre de visualisation\u2026\u2026\u2026\u2026\u2026\u2026\u2026\u20261550 mm x 850 mm<\/p>\n<p>Capacit\u00e9: +-2000l avec r\u00e9servoir d&rsquo;eau 90cm2000<\/p>\n<p>500QT ref 1995<br \/>\n500i ref 2795<\/p>\n<p>LIVRAISON POSSIBLE SUR DEVIS<\/p>\n<p>&nbsp;<\/p>\n<p>&nbsp;<\/p>\n<p>&nbsp;<\/p>\n<p>&nbsp;<\/p>\n","protected":false},"excerpt":{"rendered":"<p>LE BASSIN\u00a0R\u00c9SERVOIR KOI \u00a0 (2000 litres) Le 500QT est la plus petite variante sans fen\u00eatre de bassin, le 500i est \u00e9quip\u00e9 d&rsquo;une fen\u00eatre infinie. Ces variantes font partie des conteneurs les plus populaires et peuvent \u00eatre utilis\u00e9es \u00e0 merveille comme bassin de pr\u00e9sentation pour la vente ou comme conteneur de quarantaine. DIMENSIONS Longueur\u2026\u2026\u2026\u2026\u2026\u2026\u2026\u2026\u2026.1950 mm externe [&hellip;]<\/p>\n","protected":false},"featured_media":0,"comment_status":"open","ping_status":"closed","template":"","meta":{"om_disable_all_campaigns":false,"_monsterinsights_skip_tracking":false,"_monsterinsights_sitenote_active":false,"_monsterinsights_sitenote_note":"","_monsterinsights_sitenote_category":0,"ocean_post_layout":"","ocean_both_sidebars_style":"","ocean_both_sidebars_content_width":0,"ocean_both_sidebars_sidebars_width":0,"ocean_sidebar":"0","ocean_second_sidebar":"0","ocean_disable_margins":"enable","ocean_add_body_class":"","ocean_shortcode_before_top_bar":"","ocean_shortcode_after_top_bar":"","ocean_shortcode_before_header":"","ocean_shortcode_after_header":"","ocean_has_shortcode":"","ocean_shortcode_after_title":"","ocean_shortcode_before_footer_widgets":"","ocean_shortcode_after_footer_widgets":"","ocean_shortcode_before_footer_bottom":"","ocean_shortcode_after_footer_bottom":"","ocean_display_top_bar":"default","ocean_display_header":"default","ocean_header_style":"","ocean_center_header_left_menu":"0","ocean_custom_header_template":"0","ocean_custom_logo":0,"ocean_custom_retina_logo":0,"ocean_custom_logo_max_width":0,"ocean_custom_logo_tablet_max_width":0,"ocean_custom_logo_mobile_max_width":0,"ocean_custom_logo_max_height":0,"ocean_custom_logo_tablet_max_height":0,"ocean_custom_logo_mobile_max_height":0,"ocean_header_custom_menu":"0","ocean_menu_typo_font_family":"0","ocean_menu_typo_font_subset":"","ocean_menu_typo_font_size":0,"ocean_menu_typo_font_size_tablet":0,"ocean_menu_typo_font_size_mobile":0,"ocean_menu_typo_font_size_unit":"px","ocean_menu_typo_font_weight":"","ocean_menu_typo_font_weight_tablet":"","ocean_menu_typo_font_weight_mobile":"","ocean_menu_typo_transform":"","ocean_menu_typo_transform_tablet":"","ocean_menu_typo_transform_mobile":"","ocean_menu_typo_line_height":0,"ocean_menu_typo_line_height_tablet":0,"ocean_menu_typo_line_height_mobile":0,"ocean_menu_typo_line_height_unit":"","ocean_menu_typo_spacing":0,"ocean_menu_typo_spacing_tablet":0,"ocean_menu_typo_spacing_mobile":0,"ocean_menu_typo_spacing_unit":"","ocean_menu_link_color":"","ocean_menu_link_color_hover":"","ocean_menu_link_color_active":"","ocean_menu_link_background":"","ocean_menu_link_hover_background":"","ocean_menu_link_active_background":"","ocean_menu_social_links_bg":"","ocean_menu_social_hover_links_bg":"","ocean_menu_social_links_color":"","ocean_menu_social_hover_links_color":"","ocean_disable_title":"default","ocean_disable_heading":"default","ocean_post_title":"","ocean_post_subheading":"","ocean_post_title_style":"","ocean_post_title_background_color":"","ocean_post_title_background":0,"ocean_post_title_bg_image_position":"","ocean_post_title_bg_image_attachment":"","ocean_post_title_bg_image_repeat":"","ocean_post_title_bg_image_size":"","ocean_post_title_height":0,"ocean_post_title_bg_overlay":0.5,"ocean_post_title_bg_overlay_color":"","ocean_disable_breadcrumbs":"default","ocean_breadcrumbs_color":"","ocean_breadcrumbs_separator_color":"","ocean_breadcrumbs_links_color":"","ocean_breadcrumbs_links_hover_color":"","ocean_display_footer_widgets":"default","ocean_display_footer_bottom":"default","ocean_custom_footer_template":"0"},"product_brand":[],"product_cat":[75],"product_tag":[],"class_list":{"0":"post-16747","1":"product","2":"type-product","3":"status-publish","5":"product_cat-bassin-pour-koi","7":"entry","9":"first","10":"instock","11":"taxable","12":"shipping-taxable","13":"purchasable","14":"product-type-variable","15":"has-product-nav","16":"col","17":"span_1_of_4","18":"owp-content-center","19":"owp-thumbs-layout-horizontal","20":"owp-btn-big","21":"owp-tabs-layout-vertical"},"aioseo_notices":[],"jetpack_sharing_enabled":true,"_links":{"self":[{"href":"https:\/\/oliveraieducoudon.com\/index.php?rest_route=\/wp\/v2\/product\/16747","targetHints":{"allow":["GET"]}}],"collection":[{"href":"https:\/\/oliveraieducoudon.com\/index.php?rest_route=\/wp\/v2\/product"}],"about":[{"href":"https:\/\/oliveraieducoudon.com\/index.php?rest_route=\/wp\/v2\/types\/product"}],"replies":[{"embeddable":true,"href":"https:\/\/oliveraieducoudon.com\/index.php?rest_route=%2Fwp%2Fv2%2Fcomments&post=16747"}],"wp:attachment":[{"href":"https:\/\/oliveraieducoudon.com\/index.php?rest_route=%2Fwp%2Fv2%2Fmedia&parent=16747"}],"wp:term":[{"taxonomy":"product_brand","embeddable":true,"href":"https:\/\/oliveraieducoudon.com\/index.php?rest_route=%2Fwp%2Fv2%2Fproduct_brand&post=16747"},{"taxonomy":"product_cat","embeddable":true,"href":"https:\/\/oliveraieducoudon.com\/index.php?rest_route=%2Fwp%2Fv2%2Fproduct_cat&post=16747"},{"taxonomy":"product_tag","embeddable":true,"href":"https:\/\/oliveraieducoudon.com\/index.php?rest_route=%2Fwp%2Fv2%2Fproduct_tag&post=16747"}],"curies":[{"name":"wp","href":"https:\/\/api.w.org\/{rel}","templated":true}]}}