{"id":16725,"date":"2023-11-21T14:39:22","date_gmt":"2023-11-21T13:39:22","guid":{"rendered":"https:\/\/oliveraieducoudon.com\/?post_type=product&#038;p=16725"},"modified":"2024-04-18T07:23:29","modified_gmt":"2024-04-18T05:23:29","slug":"bassin-avec-fenetre-pour-koi-3200-litres","status":"publish","type":"product","link":"https:\/\/oliveraieducoudon.com\/?product=bassin-avec-fenetre-pour-koi-3200-litres","title":{"rendered":"BASSIN AVEC FENETRE POUR KOI 3200 Litres &#8211; 700i"},"content":{"rendered":"<h3><em><strong><span style=\"color: #0000ff;\">LE BASSIN\u00a0R\u00c9SERVOIR KOI 750V \/ 750i \u00a0(3200 litres)<\/span><\/strong><\/em><\/h3>\n<p>Un r\u00e9servoir 3200 L \u00a0de haute qualit\u00e9 \u00e9quip\u00e9 en standard d&rsquo;un drain de fond de 110 mm.<\/p>\n<p>Ce mod\u00e8le est dot\u00e9 d&rsquo;une base enti\u00e8rement inclin\u00e9e et de coins filet\u00e9s pour faciliter l&rsquo;\u00e9limination des d\u00e9chets.<\/p>\n<p>DIMENSIONS<\/p>\n<p>Longueur\u2026\u2026\u2026\u2026\u2026\u2026\u2026\u2026\u2026\u2026\u2026.2660 mm externe \u2013 2500 mm interne<\/p>\n<p>Largeur\u2026\u2026\u2026\u2026\u2026\u2026\u2026\u2026\u2026\u2026\u2026\u20261460 mm externe \u2013 1300 mm interne<\/p>\n<p>Hauteur hors tout\u2026\u2026\u2026\u2026\u2026\u2026\u2026\u2026\u2026\u2026\u2026\u2026\u2026\u2026\u2026\u2026\u2026\u2026\u2026\u2026..1220mm Profondeur int\u00e9rieure\u2026\u2026\u2026\u2026\u2026\u2026\u2026\u2026\u2026\u2026\u2026\u2026\u2026\u2026\u2026\u2026\u2026\u2026\u2026\u2026..1050mm<\/p>\n<p>Taille de la fen\u00eatre 750 V\u2026\u2026\u2026\u2026.. \u2026\u2026\u2026\u20261720 mm x 500 mm (25,5 mm)<\/p>\n<p>750v poids \u2026\u2026\u2026\u2026\u2026\u2026\u2026\u2026\u2026\u2026\u2026\u2026\u2026\u2026\u2026\u2026\u2026\u2026\u2026\u2026\u2026.275Kg<\/p>\n<p>Taille de la fen\u00eatre 750i\u2026\u2026\u2026\u2026\u2026\u2026\u2026\u2026\u2026.1720 mm x 715 mm (31,5 mm)<\/p>\n<p>750i poids\u2026\u2026\u2026\u2026\u2026\u2026\u2026\u2026\u2026\u2026\u2026\u2026\u2026\u2026\u2026\u2026\u2026\u2026\u2026\u2026\u2026.. 290Kg<\/p>\n<p>R\u00e9servoir\u00a0: R\u00e9servoir 3\u00a0250\u00a0litres avec r\u00e9servoir d&rsquo;eau de 1\u00a0m<\/p>\n<p><span style=\"color: #ff0000;\">Deux options standards sont disponibles\u00a0:<\/span><br \/>\n750 V (fen\u00eatre encadr\u00e9e)<br \/>\n750i (fen\u00eatre infini)<\/p>\n<p>750V: ref 4495<br \/>\n750i: ref 4995<\/p>\n<p>LIVRAISON POSSIBLE SUR DEVIS<\/p>\n<p>&nbsp;<\/p>\n<p>&nbsp;<\/p>\n<p>&nbsp;<\/p>\n<p>&nbsp;<\/p>\n","protected":false},"excerpt":{"rendered":"<p>LE BASSIN\u00a0R\u00c9SERVOIR KOI 750V \/ 750i \u00a0(3200 litres) Un r\u00e9servoir 3200 L \u00a0de haute qualit\u00e9 \u00e9quip\u00e9 en standard d&rsquo;un drain de fond de 110 mm. Ce mod\u00e8le est dot\u00e9 d&rsquo;une base enti\u00e8rement inclin\u00e9e et de coins filet\u00e9s pour faciliter l&rsquo;\u00e9limination des d\u00e9chets. DIMENSIONS Longueur\u2026\u2026\u2026\u2026\u2026\u2026\u2026\u2026\u2026\u2026\u2026.2660 mm externe \u2013 2500 mm interne Largeur\u2026\u2026\u2026\u2026\u2026\u2026\u2026\u2026\u2026\u2026\u2026\u20261460 mm externe \u2013 1300 [&hellip;]<\/p>\n","protected":false},"featured_media":0,"comment_status":"open","ping_status":"closed","template":"","meta":{"om_disable_all_campaigns":false,"_monsterinsights_skip_tracking":false,"_monsterinsights_sitenote_active":false,"_monsterinsights_sitenote_note":"","_monsterinsights_sitenote_category":0,"ocean_post_layout":"","ocean_both_sidebars_style":"","ocean_both_sidebars_content_width":0,"ocean_both_sidebars_sidebars_width":0,"ocean_sidebar":"0","ocean_second_sidebar":"0","ocean_disable_margins":"enable","ocean_add_body_class":"","ocean_shortcode_before_top_bar":"","ocean_shortcode_after_top_bar":"","ocean_shortcode_before_header":"","ocean_shortcode_after_header":"","ocean_has_shortcode":"","ocean_shortcode_after_title":"","ocean_shortcode_before_footer_widgets":"","ocean_shortcode_after_footer_widgets":"","ocean_shortcode_before_footer_bottom":"","ocean_shortcode_after_footer_bottom":"","ocean_display_top_bar":"default","ocean_display_header":"default","ocean_header_style":"","ocean_center_header_left_menu":"0","ocean_custom_header_template":"0","ocean_custom_logo":0,"ocean_custom_retina_logo":0,"ocean_custom_logo_max_width":0,"ocean_custom_logo_tablet_max_width":0,"ocean_custom_logo_mobile_max_width":0,"ocean_custom_logo_max_height":0,"ocean_custom_logo_tablet_max_height":0,"ocean_custom_logo_mobile_max_height":0,"ocean_header_custom_menu":"0","ocean_menu_typo_font_family":"0","ocean_menu_typo_font_subset":"","ocean_menu_typo_font_size":0,"ocean_menu_typo_font_size_tablet":0,"ocean_menu_typo_font_size_mobile":0,"ocean_menu_typo_font_size_unit":"px","ocean_menu_typo_font_weight":"","ocean_menu_typo_font_weight_tablet":"","ocean_menu_typo_font_weight_mobile":"","ocean_menu_typo_transform":"","ocean_menu_typo_transform_tablet":"","ocean_menu_typo_transform_mobile":"","ocean_menu_typo_line_height":0,"ocean_menu_typo_line_height_tablet":0,"ocean_menu_typo_line_height_mobile":0,"ocean_menu_typo_line_height_unit":"","ocean_menu_typo_spacing":0,"ocean_menu_typo_spacing_tablet":0,"ocean_menu_typo_spacing_mobile":0,"ocean_menu_typo_spacing_unit":"","ocean_menu_link_color":"","ocean_menu_link_color_hover":"","ocean_menu_link_color_active":"","ocean_menu_link_background":"","ocean_menu_link_hover_background":"","ocean_menu_link_active_background":"","ocean_menu_social_links_bg":"","ocean_menu_social_hover_links_bg":"","ocean_menu_social_links_color":"","ocean_menu_social_hover_links_color":"","ocean_disable_title":"default","ocean_disable_heading":"default","ocean_post_title":"","ocean_post_subheading":"","ocean_post_title_style":"","ocean_post_title_background_color":"","ocean_post_title_background":0,"ocean_post_title_bg_image_position":"","ocean_post_title_bg_image_attachment":"","ocean_post_title_bg_image_repeat":"","ocean_post_title_bg_image_size":"","ocean_post_title_height":0,"ocean_post_title_bg_overlay":0.5,"ocean_post_title_bg_overlay_color":"","ocean_disable_breadcrumbs":"default","ocean_breadcrumbs_color":"","ocean_breadcrumbs_separator_color":"","ocean_breadcrumbs_links_color":"","ocean_breadcrumbs_links_hover_color":"","ocean_display_footer_widgets":"default","ocean_display_footer_bottom":"default","ocean_custom_footer_template":"0"},"product_brand":[],"product_cat":[75],"product_tag":[],"class_list":{"0":"post-16725","1":"product","2":"type-product","3":"status-publish","5":"product_cat-bassin-pour-koi","7":"entry","9":"first","10":"instock","11":"taxable","12":"shipping-taxable","13":"purchasable","14":"product-type-variable","15":"has-product-nav","16":"col","17":"span_1_of_4","18":"owp-content-center","19":"owp-thumbs-layout-horizontal","20":"owp-btn-big","21":"owp-tabs-layout-vertical"},"aioseo_notices":[],"jetpack_sharing_enabled":true,"_links":{"self":[{"href":"https:\/\/oliveraieducoudon.com\/index.php?rest_route=\/wp\/v2\/product\/16725","targetHints":{"allow":["GET"]}}],"collection":[{"href":"https:\/\/oliveraieducoudon.com\/index.php?rest_route=\/wp\/v2\/product"}],"about":[{"href":"https:\/\/oliveraieducoudon.com\/index.php?rest_route=\/wp\/v2\/types\/product"}],"replies":[{"embeddable":true,"href":"https:\/\/oliveraieducoudon.com\/index.php?rest_route=%2Fwp%2Fv2%2Fcomments&post=16725"}],"wp:attachment":[{"href":"https:\/\/oliveraieducoudon.com\/index.php?rest_route=%2Fwp%2Fv2%2Fmedia&parent=16725"}],"wp:term":[{"taxonomy":"product_brand","embeddable":true,"href":"https:\/\/oliveraieducoudon.com\/index.php?rest_route=%2Fwp%2Fv2%2Fproduct_brand&post=16725"},{"taxonomy":"product_cat","embeddable":true,"href":"https:\/\/oliveraieducoudon.com\/index.php?rest_route=%2Fwp%2Fv2%2Fproduct_cat&post=16725"},{"taxonomy":"product_tag","embeddable":true,"href":"https:\/\/oliveraieducoudon.com\/index.php?rest_route=%2Fwp%2Fv2%2Fproduct_tag&post=16725"}],"curies":[{"name":"wp","href":"https:\/\/api.w.org\/{rel}","templated":true}]}}