{"id":16611,"date":"2023-11-19T18:16:13","date_gmt":"2023-11-19T17:16:13","guid":{"rendered":"https:\/\/oliveraieducoudon.com\/?post_type=product&#038;p=16611"},"modified":"2024-08-28T18:07:58","modified_gmt":"2024-08-28T16:07:58","slug":"olives-noires-geante-cerignola","status":"publish","type":"product","link":"https:\/\/oliveraieducoudon.com\/?product=olives-noires-geante-cerignola","title":{"rendered":"OLIVES VERTE VERTE  (CERIGNOLA)"},"content":{"rendered":"<h3><strong><em><span style=\"color: #808000;\">OLIVES VERTE GEANTE (CERIGNOLA<\/span><\/em><\/strong><\/h3>\n<p>Grosses olive verte \u00a0\u00e0 d\u00e9guster en ap\u00e9ro<\/p>\n<p>Ingr\u00e9dients : olives verte, eau, huile de colza, acide citrique(conservateur), acide lactique(Antioxydant)<\/p>\n<p>Ce produit est pr\u00e9sent\u00e9 sous vide d&rsquo;air dans un emballage plastique alimentaire afin de garantir son \u00e9tanch\u00e9it\u00e9 et une meilleure pr\u00e9servation pendant son transport.<br \/>\nA conserver dans une atmosph\u00e8re fraiche (moins de 12\u00b0c) et s\u00e8che .<br \/>\nproduits d&rsquo;importation pr\u00e9par\u00e9 et conditionn\u00e9 en Provence.<\/p>\n<p>Mais aussi L oliveraie du coudon a choisi de pr\u00e9parer les tartinables en pots de verre st\u00e9rilis\u00e9s afin de lutter contre le plastique dans les oceans , de les conserver plus longtemps afin de les offrir pour les f\u00eates !<\/p>\n<p>Valeurs nutritionnelles pour 100g<\/p>\n<p>Valeur \u00e9nerg\u00e9tique 684 kJ \/ 163 kcal<br \/>\nMati\u00e8re grasse 17 g<br \/>\n&#8211; acides gras satur\u00e9s 2.2 g<br \/>\nGlucides 0.7 g<br \/>\ndont sucres 0.6 g<br \/>\nProt\u00e9ines 1.4 g<br \/>\nSel 3.7 g<\/p>\n","protected":false},"excerpt":{"rendered":"<p>OLIVES VERTE GEANTE (CERIGNOLA Grosses olive verte \u00a0\u00e0 d\u00e9guster en ap\u00e9ro Ingr\u00e9dients : olives verte, eau, huile de colza, acide citrique(conservateur), acide lactique(Antioxydant) Ce produit est pr\u00e9sent\u00e9 sous vide d&rsquo;air dans un emballage plastique alimentaire afin de garantir son \u00e9tanch\u00e9it\u00e9 et une meilleure pr\u00e9servation pendant son transport. A conserver dans une atmosph\u00e8re fraiche (moins de [&hellip;]<\/p>\n","protected":false},"featured_media":16617,"comment_status":"open","ping_status":"closed","template":"","meta":{"om_disable_all_campaigns":false,"_monsterinsights_skip_tracking":false,"_monsterinsights_sitenote_active":false,"_monsterinsights_sitenote_note":"","_monsterinsights_sitenote_category":0,"ocean_post_layout":"","ocean_both_sidebars_style":"","ocean_both_sidebars_content_width":0,"ocean_both_sidebars_sidebars_width":0,"ocean_sidebar":"0","ocean_second_sidebar":"0","ocean_disable_margins":"enable","ocean_add_body_class":"","ocean_shortcode_before_top_bar":"","ocean_shortcode_after_top_bar":"","ocean_shortcode_before_header":"","ocean_shortcode_after_header":"","ocean_has_shortcode":"","ocean_shortcode_after_title":"","ocean_shortcode_before_footer_widgets":"","ocean_shortcode_after_footer_widgets":"","ocean_shortcode_before_footer_bottom":"","ocean_shortcode_after_footer_bottom":"","ocean_display_top_bar":"default","ocean_display_header":"default","ocean_header_style":"","ocean_center_header_left_menu":"0","ocean_custom_header_template":"0","ocean_custom_logo":0,"ocean_custom_retina_logo":0,"ocean_custom_logo_max_width":0,"ocean_custom_logo_tablet_max_width":0,"ocean_custom_logo_mobile_max_width":0,"ocean_custom_logo_max_height":0,"ocean_custom_logo_tablet_max_height":0,"ocean_custom_logo_mobile_max_height":0,"ocean_header_custom_menu":"0","ocean_menu_typo_font_family":"0","ocean_menu_typo_font_subset":"","ocean_menu_typo_font_size":0,"ocean_menu_typo_font_size_tablet":0,"ocean_menu_typo_font_size_mobile":0,"ocean_menu_typo_font_size_unit":"px","ocean_menu_typo_font_weight":"","ocean_menu_typo_font_weight_tablet":"","ocean_menu_typo_font_weight_mobile":"","ocean_menu_typo_transform":"","ocean_menu_typo_transform_tablet":"","ocean_menu_typo_transform_mobile":"","ocean_menu_typo_line_height":0,"ocean_menu_typo_line_height_tablet":0,"ocean_menu_typo_line_height_mobile":0,"ocean_menu_typo_line_height_unit":"","ocean_menu_typo_spacing":0,"ocean_menu_typo_spacing_tablet":0,"ocean_menu_typo_spacing_mobile":0,"ocean_menu_typo_spacing_unit":"","ocean_menu_link_color":"","ocean_menu_link_color_hover":"","ocean_menu_link_color_active":"","ocean_menu_link_background":"","ocean_menu_link_hover_background":"","ocean_menu_link_active_background":"","ocean_menu_social_links_bg":"","ocean_menu_social_hover_links_bg":"","ocean_menu_social_links_color":"","ocean_menu_social_hover_links_color":"","ocean_disable_title":"default","ocean_disable_heading":"default","ocean_post_title":"","ocean_post_subheading":"","ocean_post_title_style":"","ocean_post_title_background_color":"","ocean_post_title_background":0,"ocean_post_title_bg_image_position":"","ocean_post_title_bg_image_attachment":"","ocean_post_title_bg_image_repeat":"","ocean_post_title_bg_image_size":"","ocean_post_title_height":0,"ocean_post_title_bg_overlay":0.5,"ocean_post_title_bg_overlay_color":"","ocean_disable_breadcrumbs":"default","ocean_breadcrumbs_color":"","ocean_breadcrumbs_separator_color":"","ocean_breadcrumbs_links_color":"","ocean_breadcrumbs_links_hover_color":"","ocean_display_footer_widgets":"default","ocean_display_footer_bottom":"default","ocean_custom_footer_template":"0"},"product_brand":[],"product_cat":[41,71],"product_tag":[],"class_list":{"0":"post-16611","1":"product","2":"type-product","3":"status-publish","4":"has-post-thumbnail","6":"product_cat-olives-ails-confits","7":"product_cat-3promotions","8":"product_shipping_class-produits-livrables","10":"entry","11":"has-media","13":"first","14":"instock","15":"sale","16":"taxable","17":"shipping-taxable","18":"purchasable","19":"product-type-variable","20":"has-product-nav","21":"col","22":"span_1_of_4","23":"owp-content-center","24":"owp-thumbs-layout-horizontal","25":"owp-btn-big","26":"owp-tabs-layout-vertical","27":"has-no-thumbnails"},"aioseo_notices":[],"jetpack_sharing_enabled":true,"_links":{"self":[{"href":"https:\/\/oliveraieducoudon.com\/index.php?rest_route=\/wp\/v2\/product\/16611","targetHints":{"allow":["GET"]}}],"collection":[{"href":"https:\/\/oliveraieducoudon.com\/index.php?rest_route=\/wp\/v2\/product"}],"about":[{"href":"https:\/\/oliveraieducoudon.com\/index.php?rest_route=\/wp\/v2\/types\/product"}],"replies":[{"embeddable":true,"href":"https:\/\/oliveraieducoudon.com\/index.php?rest_route=%2Fwp%2Fv2%2Fcomments&post=16611"}],"wp:featuredmedia":[{"embeddable":true,"href":"https:\/\/oliveraieducoudon.com\/index.php?rest_route=\/wp\/v2\/media\/16617"}],"wp:attachment":[{"href":"https:\/\/oliveraieducoudon.com\/index.php?rest_route=%2Fwp%2Fv2%2Fmedia&parent=16611"}],"wp:term":[{"taxonomy":"product_brand","embeddable":true,"href":"https:\/\/oliveraieducoudon.com\/index.php?rest_route=%2Fwp%2Fv2%2Fproduct_brand&post=16611"},{"taxonomy":"product_cat","embeddable":true,"href":"https:\/\/oliveraieducoudon.com\/index.php?rest_route=%2Fwp%2Fv2%2Fproduct_cat&post=16611"},{"taxonomy":"product_tag","embeddable":true,"href":"https:\/\/oliveraieducoudon.com\/index.php?rest_route=%2Fwp%2Fv2%2Fproduct_tag&post=16611"}],"curies":[{"name":"wp","href":"https:\/\/api.w.org\/{rel}","templated":true}]}}