{"id":16525,"date":"2023-11-17T17:40:55","date_gmt":"2023-11-17T16:40:55","guid":{"rendered":"https:\/\/oliveraieducoudon.com\/?post_type=product&#038;p=16525"},"modified":"2025-11-11T17:37:36","modified_gmt":"2025-11-11T16:37:36","slug":"cypres-elwoodii","status":"publish","type":"product","link":"https:\/\/oliveraieducoudon.com\/?product=cypres-elwoodii","title":{"rendered":"CYPR\u00c9S ELWOODII"},"content":{"rendered":"<p><span style=\"color: #008000;\"><em><strong>CYPR\u00c9S ELWOODII<\/strong><\/em><\/span><\/p>\n<p><em><strong>Faux cypr\u00e8s de Lawson d\u2019Ellwood ou Chamaecyparis lawsoniana \u2018Ellwoodii\u2019<\/strong><\/em><\/p>\n<p>Certainement le plus connu des conif\u00e8res \u00e0 petit d\u00e9veloppement\u00a0! Tr\u00e8s facile \u00e0 r\u00e9ussir, le faux cypr\u00e8s de Lawson d\u2019Ellwood, ou Chamaecyparis lawsoniana \u2018Ellwoodii\u2019, pousse en tout sols et \u00e0 toute exposition. Il forme une colonne large de feuillage vert bleut\u00e9 et ne demande quasiment aucun soin. En bac, isol\u00e9, en alignement ou en rocaille, profitez de sa silhouette \u00e9lanc\u00e9e en toute simplicit\u00e9\u00a0!<\/p>\n<p>Le Chamaecyparis lawsoniana \u2018Ellwoodii\u2019 est l\u2019un des conif\u00e8res \u00e0 petit d\u00e9veloppement les plus populaires. Il forme une\u00a0colonne dense\u00a0\u00e0 croissance mod\u00e9r\u00e9e, compacte et r\u00e9guli\u00e8re. Son feuillage est tr\u00e8s abondant et se composent de petites feuilles serr\u00e9es\u00a0vert bleut\u00e9, devenant\u00a0bleu acier en hiver\u00a0sous l\u2019effet du froid.<\/p>\n<p>La croissance du faux cypr\u00e8s de Lawson d\u2019Ellwood est plut\u00f4t lente au d\u00e9but. Les sujets qui prennent de l\u2019\u00e2ge poussent plus rapidement et peuvent s\u2019\u00e9largir en prenant plusieurs fl\u00e8ches (pousses principales). Il atteint g\u00e9n\u00e9ralement\u00a01,5 \u00e0 2 m de haut\u00a0pour 0,5 \u00e0 0,8 m de large, jusqu\u2019\u00e0 4 m de haut et 1,5 m de large pour des exemplaires \u00e2g\u00e9s en conditions tr\u00e8s favorables.<\/p>\n<p>Comment r\u00e9ussir le faux cypr\u00e8s de Lawson d\u2019Ellwood ?<\/p>\n<p>Tr\u00e8s facile \u00e0 r\u00e9ussir,\u00a0le faux cypr\u00e8s de Lawson d\u2019Ellwood pousse aussi bien\u00a0au soleil ou \u00e0 mi-ombre, dans\u00a0une terre ordinaire, m\u00eame s\u00e8che. Sa pr\u00e9f\u00e9rence va toutefois aux\u00a0sols meubles, drain\u00e9s et assez frais. Une fois install\u00e9, il supporte bien les s\u00e9cheresses estivales.<\/p>\n<p>Il s\u2019adapte \u00e0 merveille \u00e0 la culture en bac, dans un grand pot rempli d\u2019un m\u00e9lange \u00bd terre v\u00e9g\u00e9tale (ou de jardin) et \u00bd terreau pour plantations de bonne qualit\u00e9. Il demandera simplement des arrosages plus r\u00e9guliers en p\u00e9riodes s\u00e8ches.<\/p>\n<p>L\u2019entretien du Chamaecyparis lawsoniana \u2018Ellwoodii\u2019 est quasi-nul. Les arrosages sont facultatifs, sauf pour les jeunes plantations et les arbustes cultiv\u00e9s en bac. Il n\u2019a pas besoin d\u2019\u00eatre taill\u00e9, m\u00eame s\u2019il on peut intervenir tr\u00e8s l\u00e9g\u00e8rement pour accentuer ou r\u00e9gulariser sa forme naturelle en colonne.<\/p>\n<p>En sol pauvre ou en bac, pensez \u00e0 apporter de\u00a0l\u2019engrais organique\u00a0type\u00a0Lombricompost\u00a0en automne, puis en fin de printemps.<\/p>\n<p>&nbsp;<\/p>\n<p><strong><span style=\"color: #0000ff;\">L&rsquo;oliveraie peut vous proposer\u00a0diff\u00e9rents\u00a0pots de\u00a0diff\u00e9rentes\u00a0couleurs pour vos plantes <\/span><\/strong><br \/>\n<strong><span style=\"color: #0000ff;\">Ainsi de vous livrer sur simple demande <\/span><\/strong><br \/>\n<strong><span style=\"color: #0000ff;\">Une photo de la plante command\u00e9e vous sera envoy\u00e9e par sms ou mail avant livraison ou retrait\u00a0<\/span><\/strong><\/p>\n<div><strong>Nous contacter pour toutes demandes de devis ou une vari\u00e9t\u00e9\u00a0sp\u00e9cifique nous avons un large choix de plantes a vous proposer<\/strong><\/div>\n<div><span style=\"color: #008000;\"><strong>Devis par mail : oliveraieducoudon@gmail.com ou TEL 0643095220<\/strong><\/span><\/div>\n<p>&nbsp;<\/p>\n","protected":false},"excerpt":{"rendered":"<p>CYPR\u00c9S ELWOODII Faux cypr\u00e8s de Lawson d\u2019Ellwood ou Chamaecyparis lawsoniana \u2018Ellwoodii\u2019 Certainement le plus connu des conif\u00e8res \u00e0 petit d\u00e9veloppement\u00a0! Tr\u00e8s facile \u00e0 r\u00e9ussir, le faux cypr\u00e8s de Lawson d\u2019Ellwood, ou Chamaecyparis lawsoniana \u2018Ellwoodii\u2019, pousse en tout sols et \u00e0 toute exposition. Il forme une colonne large de feuillage vert bleut\u00e9 et ne demande quasiment [&hellip;]<\/p>\n","protected":false},"featured_media":16538,"comment_status":"open","ping_status":"closed","template":"","meta":{"om_disable_all_campaigns":false,"_monsterinsights_skip_tracking":false,"_monsterinsights_sitenote_active":false,"_monsterinsights_sitenote_note":"","_monsterinsights_sitenote_category":0,"ocean_post_layout":"","ocean_both_sidebars_style":"","ocean_both_sidebars_content_width":0,"ocean_both_sidebars_sidebars_width":0,"ocean_sidebar":"0","ocean_second_sidebar":"0","ocean_disable_margins":"enable","ocean_add_body_class":"","ocean_shortcode_before_top_bar":"","ocean_shortcode_after_top_bar":"","ocean_shortcode_before_header":"","ocean_shortcode_after_header":"","ocean_has_shortcode":"","ocean_shortcode_after_title":"","ocean_shortcode_before_footer_widgets":"","ocean_shortcode_after_footer_widgets":"","ocean_shortcode_before_footer_bottom":"","ocean_shortcode_after_footer_bottom":"","ocean_display_top_bar":"default","ocean_display_header":"default","ocean_header_style":"","ocean_center_header_left_menu":"0","ocean_custom_header_template":"0","ocean_custom_logo":0,"ocean_custom_retina_logo":0,"ocean_custom_logo_max_width":0,"ocean_custom_logo_tablet_max_width":0,"ocean_custom_logo_mobile_max_width":0,"ocean_custom_logo_max_height":0,"ocean_custom_logo_tablet_max_height":0,"ocean_custom_logo_mobile_max_height":0,"ocean_header_custom_menu":"0","ocean_menu_typo_font_family":"0","ocean_menu_typo_font_subset":"","ocean_menu_typo_font_size":0,"ocean_menu_typo_font_size_tablet":0,"ocean_menu_typo_font_size_mobile":0,"ocean_menu_typo_font_size_unit":"px","ocean_menu_typo_font_weight":"","ocean_menu_typo_font_weight_tablet":"","ocean_menu_typo_font_weight_mobile":"","ocean_menu_typo_transform":"","ocean_menu_typo_transform_tablet":"","ocean_menu_typo_transform_mobile":"","ocean_menu_typo_line_height":0,"ocean_menu_typo_line_height_tablet":0,"ocean_menu_typo_line_height_mobile":0,"ocean_menu_typo_line_height_unit":"","ocean_menu_typo_spacing":0,"ocean_menu_typo_spacing_tablet":0,"ocean_menu_typo_spacing_mobile":0,"ocean_menu_typo_spacing_unit":"","ocean_menu_link_color":"","ocean_menu_link_color_hover":"","ocean_menu_link_color_active":"","ocean_menu_link_background":"","ocean_menu_link_hover_background":"","ocean_menu_link_active_background":"","ocean_menu_social_links_bg":"","ocean_menu_social_hover_links_bg":"","ocean_menu_social_links_color":"","ocean_menu_social_hover_links_color":"","ocean_disable_title":"default","ocean_disable_heading":"default","ocean_post_title":"","ocean_post_subheading":"","ocean_post_title_style":"","ocean_post_title_background_color":"","ocean_post_title_background":0,"ocean_post_title_bg_image_position":"","ocean_post_title_bg_image_attachment":"","ocean_post_title_bg_image_repeat":"","ocean_post_title_bg_image_size":"","ocean_post_title_height":0,"ocean_post_title_bg_overlay":0.5,"ocean_post_title_bg_overlay_color":"","ocean_disable_breadcrumbs":"default","ocean_breadcrumbs_color":"","ocean_breadcrumbs_separator_color":"","ocean_breadcrumbs_links_color":"","ocean_breadcrumbs_links_hover_color":"","ocean_display_footer_widgets":"default","ocean_display_footer_bottom":"default","ocean_custom_footer_template":"0"},"product_brand":[],"product_cat":[67],"product_tag":[],"class_list":{"0":"post-16525","1":"product","2":"type-product","3":"status-publish","4":"has-post-thumbnail","6":"product_cat-les-sapins-et-pins","7":"product_shipping_class-produits-non-livrables","9":"entry","10":"has-media","12":"first","13":"instock","14":"taxable","15":"shipping-taxable","16":"purchasable","17":"product-type-variable","18":"has-product-nav","19":"col","20":"span_1_of_4","21":"owp-content-center","22":"owp-thumbs-layout-horizontal","23":"owp-btn-big","24":"owp-tabs-layout-vertical"},"aioseo_notices":[],"jetpack_sharing_enabled":true,"_links":{"self":[{"href":"https:\/\/oliveraieducoudon.com\/index.php?rest_route=\/wp\/v2\/product\/16525","targetHints":{"allow":["GET"]}}],"collection":[{"href":"https:\/\/oliveraieducoudon.com\/index.php?rest_route=\/wp\/v2\/product"}],"about":[{"href":"https:\/\/oliveraieducoudon.com\/index.php?rest_route=\/wp\/v2\/types\/product"}],"replies":[{"embeddable":true,"href":"https:\/\/oliveraieducoudon.com\/index.php?rest_route=%2Fwp%2Fv2%2Fcomments&post=16525"}],"wp:featuredmedia":[{"embeddable":true,"href":"https:\/\/oliveraieducoudon.com\/index.php?rest_route=\/wp\/v2\/media\/16538"}],"wp:attachment":[{"href":"https:\/\/oliveraieducoudon.com\/index.php?rest_route=%2Fwp%2Fv2%2Fmedia&parent=16525"}],"wp:term":[{"taxonomy":"product_brand","embeddable":true,"href":"https:\/\/oliveraieducoudon.com\/index.php?rest_route=%2Fwp%2Fv2%2Fproduct_brand&post=16525"},{"taxonomy":"product_cat","embeddable":true,"href":"https:\/\/oliveraieducoudon.com\/index.php?rest_route=%2Fwp%2Fv2%2Fproduct_cat&post=16525"},{"taxonomy":"product_tag","embeddable":true,"href":"https:\/\/oliveraieducoudon.com\/index.php?rest_route=%2Fwp%2Fv2%2Fproduct_tag&post=16525"}],"curies":[{"name":"wp","href":"https:\/\/api.w.org\/{rel}","templated":true}]}}