{"id":16513,"date":"2023-11-17T16:28:10","date_gmt":"2023-11-17T15:28:10","guid":{"rendered":"https:\/\/oliveraieducoudon.com\/?post_type=product&#038;p=16513"},"modified":"2023-11-21T10:56:59","modified_gmt":"2023-11-21T09:56:59","slug":"cypres-goldcrest","status":"publish","type":"product","link":"https:\/\/oliveraieducoudon.com\/?product=cypres-goldcrest","title":{"rendered":"CYPR\u00c9S GOLDCREST"},"content":{"rendered":"<p><em><strong><span style=\"color: #008000;\">CYPR\u00c9S GOLDCREST<\/span><\/strong><\/em><\/p>\n<p>Le\u00a0Cupressus macrocarpa \u2018Goldcrest\u2019 est une vari\u00e9t\u00e9 de\u00a0Cypr\u00e8s de Lambert \u00e0 petit d\u00e9veloppement, remarquable par la couleur dor\u00e9e tr\u00e8s lumineuse de son feuillage, devenant bronze en hiver. Ce joli conif\u00e8re poss\u00e8de une allure de colonne effil\u00e9e ou de c\u00f4ne bien dense. C&rsquo;est un arbre pr\u00e9cieux pour les jardins du littoral atlantique, car il\u00a0s&rsquo;accommode des sols pauvres, sableux, des embruns et des brouillards sal\u00e9s.\u00a0Les sols trop rocheux et le climat tr\u00e8s sec de la m\u00e9diterran\u00e9e sont \u00e0 \u00e9viter.\u00a0Le cultivar \u2018Goldcrest\u2019 est frileux et ne supporte pas les vents glac\u00e9s, on lui choisira de pr\u00e9f\u00e9rence un emplacement abrit\u00e9 et on le prot\u00e8gera en hiver<\/p>\n<p>Le\u00a0Cupressus macrocarpa \u2018Goldcrest\u2019 est une vari\u00e9t\u00e9 de\u00a0Cypr\u00e8s de Lambert \u00e0 petit d\u00e9veloppement, remarquable par la couleur dor\u00e9e tr\u00e8s lumineuse de son feuillage, devenant bronze en hiver. Ce joli conif\u00e8re poss\u00e8de une allure de colonne effil\u00e9e ou de c\u00f4ne bien dense. C&rsquo;est un arbre pr\u00e9cieux pour les jardins du littoral atlantique, car il\u00a0s&rsquo;accommode des sols pauvres, sableux, des embruns et des brouillards sal\u00e9s.\u00a0Les sols trop rocheux et le climat tr\u00e8s sec de la m\u00e9diterran\u00e9e sont \u00e0 \u00e9viter.\u00a0Le cultivar \u2018Goldcrest\u2019 est frileux et ne supporte pas les vents glac\u00e9s, on lui choisira de pr\u00e9f\u00e9rence un emplacement abrit\u00e9 et on le prot\u00e8gera en hiver.<\/p>\n<p>Le Cupressus macrocarpa est l&rsquo;une des plus grandes esp\u00e8ces appartenant \u00e0 la famille des cupressac\u00e9es. Plus commun\u00e9ment connu sous les noms de Cypr\u00e8s de Lambert ou encore cypr\u00e8s \u00e0 gros fruits, il s\u2019agit d\u2019un grand conif\u00e8re originaire des environs de Monterey, une ville situ\u00e9e sur la c\u00f4te ouest des Etats-Unis \u00e0 laquelle il doit son autre nom de Cypr\u00e8s de Monterey. Dans la nature, on le trouve dans les for\u00eats bordant le centre du littoral californien, o\u00f9 il b\u00e9n\u00e9ficie de l&rsquo;humidit\u00e9 atmosph\u00e9rique et des brouillards qu&rsquo;il appr\u00e9cie. Certains sp\u00e9cimens atteignent 36m de hauteur et forment un tronc de 2m40 de diam\u00e8tre dans ses contr\u00e9es d&rsquo;origine. Proche du Chamaecyparis, il en diff\u00e8re par ses ramules arrondies, dispos\u00e9es en \u00e9couvillons autour de l&rsquo;axe principal, et ses c\u00f4nes plus gros, \u00e0 \u00e9cailles ligneuses.<\/p>\n<p>Le cultivar\u00a0<strong>\u2018Goldcrest\u2019<\/strong>\u00a0d\u00e9passera rarement\u00a0<strong>8 m de hauteur pour 2,5 m d&rsquo;envergure<\/strong>\u00a0sous nos climats. Poussant rapidement, il s&rsquo;habille d&rsquo;un feuillage assez grossier lorsqu&rsquo;il est observ\u00e9 de pr\u00e8s, aromatique au froissement. Son odeur est l\u00e9g\u00e8rement acide. Ses petites feuilles triangulaires \u00e9mouss\u00e9es sont imbriqu\u00e9es sur de courtes ramules cylindriques elles-m\u00eames implant\u00e9es sur des rameaux. Les jeunes sujets \u00e2g\u00e9s de moins de 1 an portent des feuilles juv\u00e9niles en forme d&rsquo;aiguilles. Le feuillage, jaune dor\u00e9 au printemps, devient bronze en automne. Les c\u00f4nes femelles, globuleux, verts, deviennent bruns \u00e0 maturit\u00e9.\u00a0L&rsquo;\u00e9corce brun rouge prend une teinte gris\u00e2tre avec l&rsquo;\u00e2ge. Le syst\u00e8me racinaire de cet arbre est pivotant, ce qui lui permet de s&rsquo;ancrer tr\u00e8s profond\u00e9ment dans le sol pour y puiser eau et nourriture, et r\u00e9sister au vent, m\u00eame violent.\u00a0<strong>Rustique jusqu\u2019\u00e0 -7\u00b0C<\/strong>\u00a0en sol bien drain\u00e9, il sera \u00e0 prot\u00e9ger en hiver dans les r\u00e9gions aux hivers froids.<\/p>\n<p>Le\u00a0<strong>Cypr\u00e8s de Lambert \u2018Goldcrest\u2019<\/strong>, avec son port \u00e9troit et son petit d\u00e9veloppement, sera \u00e0 sa place dans tous les jardins, m\u00eame petits. Aubaine pour les jardins de bord de mer tr\u00e8s vent\u00e9s, au sol sableux, o\u00f9 peut d&rsquo;arbres se plaisent, son port\u00a0\u00e9l\u00e9gant structure un jardin de fa\u00e7on unique, qu&rsquo;il soit de style contemporain, sauvage, romantique ou anglais.\u00a0<strong>Avec son feuillage lumineux, il sera magnifique associ\u00e9 \u00e0 des plantes aux feuillages plus sombres, vert fonc\u00e9 ou pourpre.\u00a0<\/strong>On peut aussi, par commodit\u00e9 ou par manque d&rsquo;inspiration, l&rsquo;utiliser en haie, comme son cousin le cypr\u00e8s de Leyland ; cela fera de cet arbre majestueux un infirme, priv\u00e9 de libert\u00e9, d&rsquo;ampleur, et m\u00eame d&rsquo;identit\u00e9. Tr\u00e8s plant\u00e9 sur le littoral breton, le cypr\u00e8s \u00e0 gros fruits est un conif\u00e8re \u00e9l\u00e9gant, peu exigeant et vigoureux, qui prosp\u00e8rera dans toutes les r\u00e9gions o\u00f9 les \u00e9t\u00e9s sont frais et les hivers humides et doux.<\/p>\n<p><strong><span style=\"color: #0000ff;\">L&rsquo;oliveraie peut vous proposer\u00a0diff\u00e9rents\u00a0pots de\u00a0diff\u00e9rentes\u00a0couleurs pour vos plantes <\/span><\/strong><br \/>\n<strong><span style=\"color: #0000ff;\">Ainsi de vous livrer sur simple demande <\/span><\/strong><br \/>\n<strong><span style=\"color: #0000ff;\">Une photo de la plante command\u00e9e vous sera envoy\u00e9e par sms ou mail avant livraison ou retrait\u00a0<\/span><\/strong><\/p>\n<div><strong>Nous contacter pour toutes demandes de devis ou une vari\u00e9t\u00e9\u00a0sp\u00e9cifique nous avons un large choix de plantes a vous proposer<\/strong><\/div>\n<div><span style=\"color: #008000;\"><strong>Devis par mail : oliveraieducoudon@gmail.com ou TEL 0643095220<\/strong><\/span><\/div>\n<p>&nbsp;<\/p>\n","protected":false},"excerpt":{"rendered":"<p>CYPR\u00c9S GOLDCREST Le\u00a0Cupressus macrocarpa \u2018Goldcrest\u2019 est une vari\u00e9t\u00e9 de\u00a0Cypr\u00e8s de Lambert \u00e0 petit d\u00e9veloppement, remarquable par la couleur dor\u00e9e tr\u00e8s lumineuse de son feuillage, devenant bronze en hiver. Ce joli conif\u00e8re poss\u00e8de une allure de colonne effil\u00e9e ou de c\u00f4ne bien dense. C&rsquo;est un arbre pr\u00e9cieux pour les jardins du littoral atlantique, car il\u00a0s&rsquo;accommode des [&hellip;]<\/p>\n","protected":false},"featured_media":16519,"comment_status":"open","ping_status":"closed","template":"","meta":{"om_disable_all_campaigns":false,"_monsterinsights_skip_tracking":false,"_monsterinsights_sitenote_active":false,"_monsterinsights_sitenote_note":"","_monsterinsights_sitenote_category":0,"ocean_post_layout":"","ocean_both_sidebars_style":"","ocean_both_sidebars_content_width":0,"ocean_both_sidebars_sidebars_width":0,"ocean_sidebar":"0","ocean_second_sidebar":"0","ocean_disable_margins":"enable","ocean_add_body_class":"","ocean_shortcode_before_top_bar":"","ocean_shortcode_after_top_bar":"","ocean_shortcode_before_header":"","ocean_shortcode_after_header":"","ocean_has_shortcode":"","ocean_shortcode_after_title":"","ocean_shortcode_before_footer_widgets":"","ocean_shortcode_after_footer_widgets":"","ocean_shortcode_before_footer_bottom":"","ocean_shortcode_after_footer_bottom":"","ocean_display_top_bar":"default","ocean_display_header":"default","ocean_header_style":"","ocean_center_header_left_menu":"0","ocean_custom_header_template":"0","ocean_custom_logo":0,"ocean_custom_retina_logo":0,"ocean_custom_logo_max_width":0,"ocean_custom_logo_tablet_max_width":0,"ocean_custom_logo_mobile_max_width":0,"ocean_custom_logo_max_height":0,"ocean_custom_logo_tablet_max_height":0,"ocean_custom_logo_mobile_max_height":0,"ocean_header_custom_menu":"0","ocean_menu_typo_font_family":"0","ocean_menu_typo_font_subset":"","ocean_menu_typo_font_size":0,"ocean_menu_typo_font_size_tablet":0,"ocean_menu_typo_font_size_mobile":0,"ocean_menu_typo_font_size_unit":"px","ocean_menu_typo_font_weight":"","ocean_menu_typo_font_weight_tablet":"","ocean_menu_typo_font_weight_mobile":"","ocean_menu_typo_transform":"","ocean_menu_typo_transform_tablet":"","ocean_menu_typo_transform_mobile":"","ocean_menu_typo_line_height":0,"ocean_menu_typo_line_height_tablet":0,"ocean_menu_typo_line_height_mobile":0,"ocean_menu_typo_line_height_unit":"","ocean_menu_typo_spacing":0,"ocean_menu_typo_spacing_tablet":0,"ocean_menu_typo_spacing_mobile":0,"ocean_menu_typo_spacing_unit":"","ocean_menu_link_color":"","ocean_menu_link_color_hover":"","ocean_menu_link_color_active":"","ocean_menu_link_background":"","ocean_menu_link_hover_background":"","ocean_menu_link_active_background":"","ocean_menu_social_links_bg":"","ocean_menu_social_hover_links_bg":"","ocean_menu_social_links_color":"","ocean_menu_social_hover_links_color":"","ocean_disable_title":"default","ocean_disable_heading":"default","ocean_post_title":"","ocean_post_subheading":"","ocean_post_title_style":"","ocean_post_title_background_color":"","ocean_post_title_background":0,"ocean_post_title_bg_image_position":"","ocean_post_title_bg_image_attachment":"","ocean_post_title_bg_image_repeat":"","ocean_post_title_bg_image_size":"","ocean_post_title_height":0,"ocean_post_title_bg_overlay":0.5,"ocean_post_title_bg_overlay_color":"","ocean_disable_breadcrumbs":"default","ocean_breadcrumbs_color":"","ocean_breadcrumbs_separator_color":"","ocean_breadcrumbs_links_color":"","ocean_breadcrumbs_links_hover_color":"","ocean_display_footer_widgets":"default","ocean_display_footer_bottom":"default","ocean_custom_footer_template":"0"},"product_brand":[],"product_cat":[67],"product_tag":[],"class_list":{"0":"post-16513","1":"product","2":"type-product","3":"status-publish","4":"has-post-thumbnail","6":"product_cat-les-sapins-et-pins","7":"product_shipping_class-produits-non-livrables","9":"entry","10":"has-media","12":"first","13":"instock","14":"taxable","15":"shipping-taxable","16":"purchasable","17":"product-type-variable","18":"has-product-nav","19":"col","20":"span_1_of_4","21":"owp-content-center","22":"owp-thumbs-layout-horizontal","23":"owp-btn-big","24":"owp-tabs-layout-vertical"},"aioseo_notices":[],"jetpack_sharing_enabled":true,"_links":{"self":[{"href":"https:\/\/oliveraieducoudon.com\/index.php?rest_route=\/wp\/v2\/product\/16513","targetHints":{"allow":["GET"]}}],"collection":[{"href":"https:\/\/oliveraieducoudon.com\/index.php?rest_route=\/wp\/v2\/product"}],"about":[{"href":"https:\/\/oliveraieducoudon.com\/index.php?rest_route=\/wp\/v2\/types\/product"}],"replies":[{"embeddable":true,"href":"https:\/\/oliveraieducoudon.com\/index.php?rest_route=%2Fwp%2Fv2%2Fcomments&post=16513"}],"wp:featuredmedia":[{"embeddable":true,"href":"https:\/\/oliveraieducoudon.com\/index.php?rest_route=\/wp\/v2\/media\/16519"}],"wp:attachment":[{"href":"https:\/\/oliveraieducoudon.com\/index.php?rest_route=%2Fwp%2Fv2%2Fmedia&parent=16513"}],"wp:term":[{"taxonomy":"product_brand","embeddable":true,"href":"https:\/\/oliveraieducoudon.com\/index.php?rest_route=%2Fwp%2Fv2%2Fproduct_brand&post=16513"},{"taxonomy":"product_cat","embeddable":true,"href":"https:\/\/oliveraieducoudon.com\/index.php?rest_route=%2Fwp%2Fv2%2Fproduct_cat&post=16513"},{"taxonomy":"product_tag","embeddable":true,"href":"https:\/\/oliveraieducoudon.com\/index.php?rest_route=%2Fwp%2Fv2%2Fproduct_tag&post=16513"}],"curies":[{"name":"wp","href":"https:\/\/api.w.org\/{rel}","templated":true}]}}