{"id":16464,"date":"2023-11-14T17:40:54","date_gmt":"2023-11-14T16:40:54","guid":{"rendered":"https:\/\/oliveraieducoudon.com\/?post_type=product&#038;p=16464"},"modified":"2023-11-21T10:57:00","modified_gmt":"2023-11-21T09:57:00","slug":"les-yuccas-exterieur","status":"publish","type":"product","link":"https:\/\/oliveraieducoudon.com\/?product=les-yuccas-exterieur","title":{"rendered":"LES YUCCAS EXTERIEUR"},"content":{"rendered":"<p><span style=\"color: #008000;\"><em><strong>LES YUCCAS EXTERIEUR<\/strong><\/em><\/span><\/p>\n<p><span style=\"color: #993366;\"><em><strong>#Yucca elephantipes<\/strong><\/em><\/span><br \/>\nCe yucca elephantipes sp giant pousse sur un tronc puissant \u00e9vas\u00e9 \u00e0 sa base et produisant de nombreux rejets. Sa croissance est sans doute la plus rapide du genre. Il faut pr\u00e9voir de la place pour ce yucca qui doit \u00eatre consid\u00e9r\u00e9 comme un arbre. Cette esp\u00e8ce ne demande pas de fortes chaleurs pour pousser correctement.\u00a0 Mais il fleurit rarement en dehors des zones m\u00e9diterran\u00e9ennes.Ce yucca est diff\u00e9rentiable de l&rsquo;esp\u00e8ce type par des feuilles plus longues et avec le revers rugueux. Ce yucca a une \u00e9pine terminale souple ce qui le rend moins dangereux que tous les autres yuccas \u00e0 gros d\u00e9veloppement.<\/p>\n<p><span style=\"color: #008000;\"><em><strong>#Yucca filamentosa<\/strong><\/em><\/span><br \/>\nLe YUCCA filamentosa (Herbe \u00e0 soie) est un arbuste au feuillage persistant. Ses feuilles sont longues et lanc\u00e9ol\u00e9es bord\u00e9es de nombreux filaments, ce qui a donn\u00e9 le nom \u00e0 l&rsquo;esp\u00e8ce. Leur extr\u00e9mit\u00e9 est pourvue d&rsquo;une \u00e9pine peu ac\u00e9r\u00e9e contrairement \u00e0 d&rsquo;autres yuccas. En \u00e9t\u00e9, du coeur de la rosette \u00e9merge une hampe florale de 1,5 m\u00e8tre de haut. Robuste, elle porte une panicule de grosses fleurs blanches en clochette. Le yucca filamenteux d\u00e9veloppe facilement des rejets qui prennent le relais de la touffe principale apr\u00e8s sa floraison. Le yucca filamenteux r\u00e9siste tr\u00e8s bien \u00e0 la s\u00e9cheresse, en particulier gr\u00e2ce aux petits filaments blancs de son feuillage qui retiennent l&rsquo;humidit\u00e9. Le yucca filamenteux est tr\u00e8s r\u00e9sistant au froid, jusque -15\u00b0C; il peut tol\u00e9rer de brefs gels jusque -20\u00b0C. Plantez le en pleine terre, isol\u00e9 au milieu d&rsquo;une pelouse, d&rsquo;une rocaille ou en massif.<\/p>\n<p><span style=\"color: #0000ff;\"><em><strong>#Yucca jewel<\/strong><\/em><\/span><br \/>\nYucca jewel plante\u00a0exotique, feuilles vertes et blanches persistantes et \u00e9troites regroup\u00e9es en touffe dense et large. Fleur en clochettes blanches, de juin \u00e0 septembre. Lent d\u00e9veloppement. Exposition ensoleill\u00e9e. Utilisation pour\u00a0 plantation en isol\u00e9 dans petit ou moyen jardin, massif exotique, bac.<\/p>\n<p><span style=\"color: #ff0000;\"><em><strong>#Yucca rostrata<\/strong><\/em><\/span><br \/>\nLe\u00a0<strong>Yucca rostrata\u00a0<\/strong>est<strong>\u00a0<\/strong>parfois appel\u00e9 Yucca rostr\u00e9 en raison du graphisme de son inflorescence monumentale, \u00e9voquant un bec g\u00e9ant plongeant dans sa t\u00eate sph\u00e9rique h\u00e9riss\u00e9e de mille feuilles d&rsquo;un vert-gris-bleut\u00e9 m\u00e9tallique. Il fait partie de ces plantes exotiques mais rustiques venues des d\u00e9serts nord-am\u00e9ricains, froids en hiver, arides en \u00e9t\u00e9, que l&rsquo;on r\u00e8ve d&rsquo;adopter pour apporter \u00e0 nos d\u00e9cors parfois conventionnels une note d\u00e9paysante et le souffle des grands espaces. De belle stature,\u00a0<strong>de croissance assez rapide en sol fertile et profond,<\/strong>\u00a0il forme au bout de quelques ann\u00e9es une plante magnifique. R\u00e9servez-lui un emplacement de choix dans un jardin sec ou au centre d&rsquo;une grande rocaille, on ne verra que lui!<\/p>\n<p><span style=\"color: #993300;\"><em><strong>#Yucca \u00a0puck<\/strong><\/em><\/span><br \/>\nLe Yucca Puck est un tr\u00e8s joli Yucca au feuillage incroyablement d\u00e9coratif.\u00a0Caract\u00e9ris\u00e9 par de jolies rosettes de longues feuilles rigides en forme d&rsquo;\u00e9p\u00e9e de vert moyen avec de subtiles rayures de panachure verte et grise ainsi que de fines marges jaunes.\u00a0Branches avec l&rsquo;\u00e2ge.\u00a0Extr\u00eamement facile \u00e0 cultiver et \u00e0 entretenir, c&rsquo;est un excellent ajout, apportant une touche exotique \u00e0 n&rsquo;importe quel jardin pendant l&rsquo;\u00e9t\u00e9 ou id\u00e9al pour toute pi\u00e8ce lumineuse ou v\u00e9randa.Pas particuli\u00e8rement rustique, il devra \u00eatre plac\u00e9 dans une position \u00e0 l&rsquo;abri du gel pendant l&rsquo;hiver, bien qu&rsquo;il se soit bien comport\u00e9 dans les zones c\u00f4ti\u00e8res et urbaines abrit\u00e9es.<\/p>\n<p><strong><span style=\"color: #0000ff;\">L&rsquo;oliveraie peut vous proposer\u00a0diff\u00e9rents\u00a0pots de\u00a0diff\u00e9rentes\u00a0couleurs pour vos plantes <\/span><\/strong><br \/>\n<strong><span style=\"color: #0000ff;\">Ainsi de vous livrer sur simple demande <\/span><\/strong><br \/>\n<strong><span style=\"color: #0000ff;\">Une photo de la plante command\u00e9e vous sera envoy\u00e9e par sms ou mail avant livraison ou retrait\u00a0<\/span><\/strong><\/p>\n<div><strong>Nous contacter pour toutes demandes de devis ou une vari\u00e9t\u00e9\u00a0sp\u00e9cifique nous avons un large choix de plantes a vous proposer<\/strong><\/div>\n<div><span style=\"color: #008000;\"><strong>Devis par mail : oliveraieducoudon@gmail.com ou TEL 0643095220<\/strong><\/span><\/div>\n<p>&nbsp;<\/p>\n","protected":false},"excerpt":{"rendered":"<p>LES YUCCAS EXTERIEUR #Yucca elephantipes Ce yucca elephantipes sp giant pousse sur un tronc puissant \u00e9vas\u00e9 \u00e0 sa base et produisant de nombreux rejets. Sa croissance est sans doute la plus rapide du genre. Il faut pr\u00e9voir de la place pour ce yucca qui doit \u00eatre consid\u00e9r\u00e9 comme un arbre. Cette esp\u00e8ce ne demande pas [&hellip;]<\/p>\n","protected":false},"featured_media":16497,"comment_status":"open","ping_status":"closed","template":"","meta":{"om_disable_all_campaigns":false,"_monsterinsights_skip_tracking":false,"_monsterinsights_sitenote_active":false,"_monsterinsights_sitenote_note":"","_monsterinsights_sitenote_category":0,"ocean_post_layout":"","ocean_both_sidebars_style":"","ocean_both_sidebars_content_width":0,"ocean_both_sidebars_sidebars_width":0,"ocean_sidebar":"0","ocean_second_sidebar":"0","ocean_disable_margins":"enable","ocean_add_body_class":"","ocean_shortcode_before_top_bar":"","ocean_shortcode_after_top_bar":"","ocean_shortcode_before_header":"","ocean_shortcode_after_header":"","ocean_has_shortcode":"","ocean_shortcode_after_title":"","ocean_shortcode_before_footer_widgets":"","ocean_shortcode_after_footer_widgets":"","ocean_shortcode_before_footer_bottom":"","ocean_shortcode_after_footer_bottom":"","ocean_display_top_bar":"default","ocean_display_header":"default","ocean_header_style":"","ocean_center_header_left_menu":"0","ocean_custom_header_template":"0","ocean_custom_logo":0,"ocean_custom_retina_logo":0,"ocean_custom_logo_max_width":0,"ocean_custom_logo_tablet_max_width":0,"ocean_custom_logo_mobile_max_width":0,"ocean_custom_logo_max_height":0,"ocean_custom_logo_tablet_max_height":0,"ocean_custom_logo_mobile_max_height":0,"ocean_header_custom_menu":"0","ocean_menu_typo_font_family":"0","ocean_menu_typo_font_subset":"","ocean_menu_typo_font_size":0,"ocean_menu_typo_font_size_tablet":0,"ocean_menu_typo_font_size_mobile":0,"ocean_menu_typo_font_size_unit":"px","ocean_menu_typo_font_weight":"","ocean_menu_typo_font_weight_tablet":"","ocean_menu_typo_font_weight_mobile":"","ocean_menu_typo_transform":"","ocean_menu_typo_transform_tablet":"","ocean_menu_typo_transform_mobile":"","ocean_menu_typo_line_height":0,"ocean_menu_typo_line_height_tablet":0,"ocean_menu_typo_line_height_mobile":0,"ocean_menu_typo_line_height_unit":"","ocean_menu_typo_spacing":0,"ocean_menu_typo_spacing_tablet":0,"ocean_menu_typo_spacing_mobile":0,"ocean_menu_typo_spacing_unit":"","ocean_menu_link_color":"","ocean_menu_link_color_hover":"","ocean_menu_link_color_active":"","ocean_menu_link_background":"","ocean_menu_link_hover_background":"","ocean_menu_link_active_background":"","ocean_menu_social_links_bg":"","ocean_menu_social_hover_links_bg":"","ocean_menu_social_links_color":"","ocean_menu_social_hover_links_color":"","ocean_disable_title":"default","ocean_disable_heading":"default","ocean_post_title":"","ocean_post_subheading":"","ocean_post_title_style":"","ocean_post_title_background_color":"","ocean_post_title_background":0,"ocean_post_title_bg_image_position":"","ocean_post_title_bg_image_attachment":"","ocean_post_title_bg_image_repeat":"","ocean_post_title_bg_image_size":"","ocean_post_title_height":0,"ocean_post_title_bg_overlay":0.5,"ocean_post_title_bg_overlay_color":"","ocean_disable_breadcrumbs":"default","ocean_breadcrumbs_color":"","ocean_breadcrumbs_separator_color":"","ocean_breadcrumbs_links_color":"","ocean_breadcrumbs_links_hover_color":"","ocean_display_footer_widgets":"default","ocean_display_footer_bottom":"default","ocean_custom_footer_template":"0"},"product_brand":[],"product_cat":[66],"product_tag":[],"class_list":{"0":"post-16464","1":"product","2":"type-product","3":"status-publish","4":"has-post-thumbnail","6":"product_cat-les-plantes-de-haie","7":"product_shipping_class-produits-non-livrables","9":"entry","10":"has-media","12":"first","13":"instock","14":"taxable","15":"shipping-taxable","16":"purchasable","17":"product-type-variable","18":"has-product-nav","19":"col","20":"span_1_of_4","21":"owp-content-center","22":"owp-thumbs-layout-horizontal","23":"owp-btn-big","24":"owp-tabs-layout-vertical"},"aioseo_notices":[],"jetpack_sharing_enabled":true,"_links":{"self":[{"href":"https:\/\/oliveraieducoudon.com\/index.php?rest_route=\/wp\/v2\/product\/16464","targetHints":{"allow":["GET"]}}],"collection":[{"href":"https:\/\/oliveraieducoudon.com\/index.php?rest_route=\/wp\/v2\/product"}],"about":[{"href":"https:\/\/oliveraieducoudon.com\/index.php?rest_route=\/wp\/v2\/types\/product"}],"replies":[{"embeddable":true,"href":"https:\/\/oliveraieducoudon.com\/index.php?rest_route=%2Fwp%2Fv2%2Fcomments&post=16464"}],"wp:featuredmedia":[{"embeddable":true,"href":"https:\/\/oliveraieducoudon.com\/index.php?rest_route=\/wp\/v2\/media\/16497"}],"wp:attachment":[{"href":"https:\/\/oliveraieducoudon.com\/index.php?rest_route=%2Fwp%2Fv2%2Fmedia&parent=16464"}],"wp:term":[{"taxonomy":"product_brand","embeddable":true,"href":"https:\/\/oliveraieducoudon.com\/index.php?rest_route=%2Fwp%2Fv2%2Fproduct_brand&post=16464"},{"taxonomy":"product_cat","embeddable":true,"href":"https:\/\/oliveraieducoudon.com\/index.php?rest_route=%2Fwp%2Fv2%2Fproduct_cat&post=16464"},{"taxonomy":"product_tag","embeddable":true,"href":"https:\/\/oliveraieducoudon.com\/index.php?rest_route=%2Fwp%2Fv2%2Fproduct_tag&post=16464"}],"curies":[{"name":"wp","href":"https:\/\/api.w.org\/{rel}","templated":true}]}}