{"id":16447,"date":"2023-11-14T16:29:15","date_gmt":"2023-11-14T15:29:15","guid":{"rendered":"https:\/\/oliveraieducoudon.com\/?post_type=product&#038;p=16447"},"modified":"2023-11-15T17:35:00","modified_gmt":"2023-11-15T16:35:00","slug":"figuette","status":"publish","type":"product","link":"https:\/\/oliveraieducoudon.com\/?product=figuette","title":{"rendered":"FIGUETTE"},"content":{"rendered":"<p>FIGUETTE s\u00e8che nouvelle recolte<\/p>\n<p>La figue est cultiv\u00e9e par l\u2019homme depuis la nuit des temps. On consid\u00e8re m\u00eame que la figue est l\u2019un des plus anciens fruits cultiv\u00e9s par l\u2019homme apr\u00e8s la d\u00e9couverte de figues de culture vieilles de 9 400 \u00e0 9 200 ans avant JC.<\/p>\n<p>C\u2019est une figue de petite taille tr\u00e8s appr\u00e9ci\u00e9e pour sa peau fine, sa chair tr\u00e8s moelleuse et son go\u00fbt exquis.<\/p>\n<p>Valeurs nutritionnelles (pour 100 g) :<br \/>\nProt\u00e9ines : 3,61 g<br \/>\nLipides : 1,3 g (dont graisses satur\u00e9es : 0,26 g)<br \/>\nGlucides : 55,1 g (dont sucre : 25,7 g)<br \/>\nEnergie (kcal) : 272 kcal<br \/>\nSel : 0,04 g<br \/>\nPetits conseils de d\u00e9gustation<br \/>\nLe matin, savourez quelques figues dans votre yaourt, bol de granola ou de porridge pour faire le plein d&rsquo;\u00e9nergie.<br \/>\nLa figue est aussi id\u00e9ale pour vos recettes sucr\u00e9es-sal\u00e9es : ajoutez-en dans vos plats \u00e0 base de curry, tajines, viandes en sauce, mais aussi poke bowls pour les adeptes de cette tendance venue d&rsquo;Hawa\u00ef.<br \/>\nEt lors des petites fringales de la journ\u00e9e, d\u00e9gustez quelques figues s\u00e9ch\u00e9es&#8230; et c&rsquo;est reparti, vous voici reboost\u00e9 avec plaisir et gourmandise.<\/p>\n<p>Ingr\u00e9dients : figuettes, farine de riz<\/p>\n","protected":false},"excerpt":{"rendered":"<p>FIGUETTE s\u00e8che nouvelle recolte La figue est cultiv\u00e9e par l\u2019homme depuis la nuit des temps. On consid\u00e8re m\u00eame que la figue est l\u2019un des plus anciens fruits cultiv\u00e9s par l\u2019homme apr\u00e8s la d\u00e9couverte de figues de culture vieilles de 9 400 \u00e0 9 200 ans avant JC. C\u2019est une figue de petite taille tr\u00e8s appr\u00e9ci\u00e9e [&hellip;]<\/p>\n","protected":false},"featured_media":16449,"comment_status":"open","ping_status":"closed","template":"","meta":{"om_disable_all_campaigns":false,"_monsterinsights_skip_tracking":false,"_monsterinsights_sitenote_active":false,"_monsterinsights_sitenote_note":"","_monsterinsights_sitenote_category":0,"ocean_post_layout":"","ocean_both_sidebars_style":"","ocean_both_sidebars_content_width":0,"ocean_both_sidebars_sidebars_width":0,"ocean_sidebar":"0","ocean_second_sidebar":"0","ocean_disable_margins":"enable","ocean_add_body_class":"","ocean_shortcode_before_top_bar":"","ocean_shortcode_after_top_bar":"","ocean_shortcode_before_header":"","ocean_shortcode_after_header":"","ocean_has_shortcode":"","ocean_shortcode_after_title":"","ocean_shortcode_before_footer_widgets":"","ocean_shortcode_after_footer_widgets":"","ocean_shortcode_before_footer_bottom":"","ocean_shortcode_after_footer_bottom":"","ocean_display_top_bar":"default","ocean_display_header":"default","ocean_header_style":"","ocean_center_header_left_menu":"0","ocean_custom_header_template":"0","ocean_custom_logo":0,"ocean_custom_retina_logo":0,"ocean_custom_logo_max_width":0,"ocean_custom_logo_tablet_max_width":0,"ocean_custom_logo_mobile_max_width":0,"ocean_custom_logo_max_height":0,"ocean_custom_logo_tablet_max_height":0,"ocean_custom_logo_mobile_max_height":0,"ocean_header_custom_menu":"0","ocean_menu_typo_font_family":"0","ocean_menu_typo_font_subset":"","ocean_menu_typo_font_size":0,"ocean_menu_typo_font_size_tablet":0,"ocean_menu_typo_font_size_mobile":0,"ocean_menu_typo_font_size_unit":"px","ocean_menu_typo_font_weight":"","ocean_menu_typo_font_weight_tablet":"","ocean_menu_typo_font_weight_mobile":"","ocean_menu_typo_transform":"","ocean_menu_typo_transform_tablet":"","ocean_menu_typo_transform_mobile":"","ocean_menu_typo_line_height":0,"ocean_menu_typo_line_height_tablet":0,"ocean_menu_typo_line_height_mobile":0,"ocean_menu_typo_line_height_unit":"","ocean_menu_typo_spacing":0,"ocean_menu_typo_spacing_tablet":0,"ocean_menu_typo_spacing_mobile":0,"ocean_menu_typo_spacing_unit":"","ocean_menu_link_color":"","ocean_menu_link_color_hover":"","ocean_menu_link_color_active":"","ocean_menu_link_background":"","ocean_menu_link_hover_background":"","ocean_menu_link_active_background":"","ocean_menu_social_links_bg":"","ocean_menu_social_hover_links_bg":"","ocean_menu_social_links_color":"","ocean_menu_social_hover_links_color":"","ocean_disable_title":"default","ocean_disable_heading":"default","ocean_post_title":"","ocean_post_subheading":"","ocean_post_title_style":"","ocean_post_title_background_color":"","ocean_post_title_background":0,"ocean_post_title_bg_image_position":"","ocean_post_title_bg_image_attachment":"","ocean_post_title_bg_image_repeat":"","ocean_post_title_bg_image_size":"","ocean_post_title_height":0,"ocean_post_title_bg_overlay":0.5,"ocean_post_title_bg_overlay_color":"","ocean_disable_breadcrumbs":"default","ocean_breadcrumbs_color":"","ocean_breadcrumbs_separator_color":"","ocean_breadcrumbs_links_color":"","ocean_breadcrumbs_links_hover_color":"","ocean_display_footer_widgets":"default","ocean_display_footer_bottom":"default","ocean_custom_footer_template":"0"},"product_brand":[],"product_cat":[42],"product_tag":[],"class_list":{"0":"post-16447","1":"product","2":"type-product","3":"status-publish","4":"has-post-thumbnail","6":"product_cat-biscuits-aperitifs-chips-oreillettes","7":"product_shipping_class-produits-livrables","9":"entry","10":"has-media","12":"first","13":"instock","14":"taxable","15":"shipping-taxable","16":"purchasable","17":"product-type-variable","18":"has-product-nav","19":"col","20":"span_1_of_4","21":"owp-content-center","22":"owp-thumbs-layout-horizontal","23":"owp-btn-big","24":"owp-tabs-layout-vertical","25":"has-no-thumbnails"},"aioseo_notices":[],"jetpack_sharing_enabled":true,"_links":{"self":[{"href":"https:\/\/oliveraieducoudon.com\/index.php?rest_route=\/wp\/v2\/product\/16447","targetHints":{"allow":["GET"]}}],"collection":[{"href":"https:\/\/oliveraieducoudon.com\/index.php?rest_route=\/wp\/v2\/product"}],"about":[{"href":"https:\/\/oliveraieducoudon.com\/index.php?rest_route=\/wp\/v2\/types\/product"}],"replies":[{"embeddable":true,"href":"https:\/\/oliveraieducoudon.com\/index.php?rest_route=%2Fwp%2Fv2%2Fcomments&post=16447"}],"wp:featuredmedia":[{"embeddable":true,"href":"https:\/\/oliveraieducoudon.com\/index.php?rest_route=\/wp\/v2\/media\/16449"}],"wp:attachment":[{"href":"https:\/\/oliveraieducoudon.com\/index.php?rest_route=%2Fwp%2Fv2%2Fmedia&parent=16447"}],"wp:term":[{"taxonomy":"product_brand","embeddable":true,"href":"https:\/\/oliveraieducoudon.com\/index.php?rest_route=%2Fwp%2Fv2%2Fproduct_brand&post=16447"},{"taxonomy":"product_cat","embeddable":true,"href":"https:\/\/oliveraieducoudon.com\/index.php?rest_route=%2Fwp%2Fv2%2Fproduct_cat&post=16447"},{"taxonomy":"product_tag","embeddable":true,"href":"https:\/\/oliveraieducoudon.com\/index.php?rest_route=%2Fwp%2Fv2%2Fproduct_tag&post=16447"}],"curies":[{"name":"wp","href":"https:\/\/api.w.org\/{rel}","templated":true}]}}