{"id":16398,"date":"2023-11-13T18:07:43","date_gmt":"2023-11-13T17:07:43","guid":{"rendered":"https:\/\/oliveraieducoudon.com\/?post_type=product&#038;p=16398"},"modified":"2023-11-21T10:57:00","modified_gmt":"2023-11-21T09:57:00","slug":"eucalyptus","status":"publish","type":"product","link":"https:\/\/oliveraieducoudon.com\/?product=eucalyptus","title":{"rendered":"EUCALYPTUS"},"content":{"rendered":"<h2><em><strong><span style=\"color: #008000;\">EUCALYPTUS<\/span><\/strong><\/em><\/h2>\n<p><span style=\"color: #993366;\"><em><strong># EUCALYPTUS SILVER DOLLAR<\/strong><\/em><\/span><br \/>\nFeuillage bleu argent\u00e9. Compact. Meilleure rusticit\u00e9.<\/p>\n<div class=\"product attribute overview\">\n<p class=\"value\">Arbre touffu, \u00e0 croissance rapide. \u00c9corce s&rsquo;exfoliant par plaques laissant apparaitre des teintes grise et cuivr\u00e9es. Feuilles, gris bleut\u00e9 m\u00e9tallis\u00e9es, presque rondes, de la taille d&rsquo;une pi\u00e8ce d&rsquo;un dollar, d\u00e9gageant une odeur de menthol et de camphre. Nombreuses ombelles de 3 fleurs blanches \u00e0 cr\u00e8me. C&rsquo;est l&rsquo;esp\u00e8ce la plus utilis\u00e9e par les fleuristes dans les compositions florales. Il est rustique jusqu&rsquo;\u00e0 &#8211; 15\u00b0C<\/p>\n<\/div>\n<p><span style=\"color: #3366ff;\"><em><strong># EUCALYPTUS BABY BLUE TOUFFE<\/strong><\/em><\/span><\/p>\n<p>L\u2019Eucalyptus Baby Blue\u00a0est une forme naine de l\u2019Eucalyptus pulverulenta, \u00e9galement appel\u00e9 Gommier argent\u00e9 des montagnes. Obtenue en Californie dans les ann\u00e9es 50, cette vari\u00e9t\u00e9 a dans un premier temps \u00e9t\u00e9 s\u00e9lectionn\u00e9e pour la fleuristerie, en raison\u00a0de la densit\u00e9 et du parfum de son feuillage\u00a0tr\u00e8s bleu.\u00a0Puis sa facilit\u00e9 de culture, sa relative rusticit\u00e9 et son port tr\u00e8s compact lui ont ouvert toutes grandes les portes de nos jardins. Il poss\u00e8de deux atouts suppl\u00e9mentaires: sa floraison printani\u00e8re, semblable \u00e0 des pompons blanc-cr\u00e8me pris en sandwich entre ses petites feuilles, et sa belle \u00e9corce qui s&rsquo;exfolie en lambeaux au fil du temps. Proche de l\u2019Eucalyptus gunni, il est cependant un peu moins rustique.\u00a0Cette plante fera de nos\u00a0 jardins et de nos terrasses un petit coin de paradis. Il est id\u00e9al pour les petits espaces et s&rsquo;adapte \u00e0 tous les sols sans exc\u00e8s de calcaire, mais parfaitement drain\u00e9s.<\/p>\n<p><em><strong><span style=\"color: #ff00ff;\"># EUCALYPTUS GUNNIL TIGE<\/span><\/strong><\/em><\/p>\n<p><span style=\"color: #000000;\">L\u2019Eucalyptus gunnii, encore appel\u00e9 \u00ab Gommier cidre \u00bb a un feuillage tr\u00e8s odorant a \u00e9galement une place de choix dans les compositions florales. Il peut supporter des temp\u00e9ratures allant jusqu\u2019\u00e0 -18\u00b0C ! Entre les mois d\u2019octobre et de f\u00e9vrier, l\u2019Eucalyptus de Gunn produit de belles petites fleurs blanches en forme d\u2019ombelles qui se rassemblent en de jolis bouquets cotonneux de couleur cr\u00e8me. Le feuillage persistant de l\u2019Eucalyptus gunnii est de couleur verte bleut\u00e9e. Les jeunes feuilles sont oppos\u00e9es, rondes et si magnifiques que certains jardiniers maintiennent leur Gommier cidre \u00e0 l\u2019\u00e9tat d\u2019arbuste afin de pr\u00e9server cette beaut\u00e9.<\/span><\/p>\n<p><strong><span style=\"color: #0000ff;\">L&rsquo;oliveraie peut vous proposer\u00a0diff\u00e9rents\u00a0pots de\u00a0diff\u00e9rentes\u00a0couleurs pour vos plantes <\/span><\/strong><br \/>\n<strong><span style=\"color: #0000ff;\">Ainsi de vous livrer sur simple demande <\/span><\/strong><br \/>\n<strong><span style=\"color: #0000ff;\">Une photo de la plante command\u00e9e vous sera envoy\u00e9e par sms ou mail avant livraison ou retrait\u00a0<\/span><\/strong><\/p>\n<div><strong>Nous contacter pour toutes demandes de devis ou une vari\u00e9t\u00e9\u00a0sp\u00e9cifique nous avons un large choix de plantes a vous proposer<\/strong><\/div>\n<div><span style=\"color: #008000;\"><strong>Devis par mail : oliveraieducoudon@gmail.com ou TEL 0643095220<\/strong><\/span><\/div>\n<p>&nbsp;<\/p>\n","protected":false},"excerpt":{"rendered":"<p>EUCALYPTUS # EUCALYPTUS SILVER DOLLAR Feuillage bleu argent\u00e9. Compact. Meilleure rusticit\u00e9. Arbre touffu, \u00e0 croissance rapide. \u00c9corce s&rsquo;exfoliant par plaques laissant apparaitre des teintes grise et cuivr\u00e9es. Feuilles, gris bleut\u00e9 m\u00e9tallis\u00e9es, presque rondes, de la taille d&rsquo;une pi\u00e8ce d&rsquo;un dollar, d\u00e9gageant une odeur de menthol et de camphre. Nombreuses ombelles de 3 fleurs blanches \u00e0 [&hellip;]<\/p>\n","protected":false},"featured_media":16404,"comment_status":"open","ping_status":"closed","template":"","meta":{"om_disable_all_campaigns":false,"_monsterinsights_skip_tracking":false,"_monsterinsights_sitenote_active":false,"_monsterinsights_sitenote_note":"","_monsterinsights_sitenote_category":0,"ocean_post_layout":"","ocean_both_sidebars_style":"","ocean_both_sidebars_content_width":0,"ocean_both_sidebars_sidebars_width":0,"ocean_sidebar":"0","ocean_second_sidebar":"0","ocean_disable_margins":"enable","ocean_add_body_class":"","ocean_shortcode_before_top_bar":"","ocean_shortcode_after_top_bar":"","ocean_shortcode_before_header":"","ocean_shortcode_after_header":"","ocean_has_shortcode":"","ocean_shortcode_after_title":"","ocean_shortcode_before_footer_widgets":"","ocean_shortcode_after_footer_widgets":"","ocean_shortcode_before_footer_bottom":"","ocean_shortcode_after_footer_bottom":"","ocean_display_top_bar":"default","ocean_display_header":"default","ocean_header_style":"","ocean_center_header_left_menu":"0","ocean_custom_header_template":"0","ocean_custom_logo":0,"ocean_custom_retina_logo":0,"ocean_custom_logo_max_width":0,"ocean_custom_logo_tablet_max_width":0,"ocean_custom_logo_mobile_max_width":0,"ocean_custom_logo_max_height":0,"ocean_custom_logo_tablet_max_height":0,"ocean_custom_logo_mobile_max_height":0,"ocean_header_custom_menu":"0","ocean_menu_typo_font_family":"0","ocean_menu_typo_font_subset":"","ocean_menu_typo_font_size":0,"ocean_menu_typo_font_size_tablet":0,"ocean_menu_typo_font_size_mobile":0,"ocean_menu_typo_font_size_unit":"px","ocean_menu_typo_font_weight":"","ocean_menu_typo_font_weight_tablet":"","ocean_menu_typo_font_weight_mobile":"","ocean_menu_typo_transform":"","ocean_menu_typo_transform_tablet":"","ocean_menu_typo_transform_mobile":"","ocean_menu_typo_line_height":0,"ocean_menu_typo_line_height_tablet":0,"ocean_menu_typo_line_height_mobile":0,"ocean_menu_typo_line_height_unit":"","ocean_menu_typo_spacing":0,"ocean_menu_typo_spacing_tablet":0,"ocean_menu_typo_spacing_mobile":0,"ocean_menu_typo_spacing_unit":"","ocean_menu_link_color":"","ocean_menu_link_color_hover":"","ocean_menu_link_color_active":"","ocean_menu_link_background":"","ocean_menu_link_hover_background":"","ocean_menu_link_active_background":"","ocean_menu_social_links_bg":"","ocean_menu_social_hover_links_bg":"","ocean_menu_social_links_color":"","ocean_menu_social_hover_links_color":"","ocean_disable_title":"default","ocean_disable_heading":"default","ocean_post_title":"","ocean_post_subheading":"","ocean_post_title_style":"","ocean_post_title_background_color":"","ocean_post_title_background":0,"ocean_post_title_bg_image_position":"","ocean_post_title_bg_image_attachment":"","ocean_post_title_bg_image_repeat":"","ocean_post_title_bg_image_size":"","ocean_post_title_height":0,"ocean_post_title_bg_overlay":0.5,"ocean_post_title_bg_overlay_color":"","ocean_disable_breadcrumbs":"default","ocean_breadcrumbs_color":"","ocean_breadcrumbs_separator_color":"","ocean_breadcrumbs_links_color":"","ocean_breadcrumbs_links_hover_color":"","ocean_display_footer_widgets":"default","ocean_display_footer_bottom":"default","ocean_custom_footer_template":"0"},"product_brand":[],"product_cat":[53,68],"product_tag":[],"class_list":{"0":"post-16398","1":"product","2":"type-product","3":"status-publish","4":"has-post-thumbnail","6":"product_cat-la-pepiniere","7":"product_cat-les-arbres","8":"product_shipping_class-produits-non-livrables","10":"entry","11":"has-media","13":"first","14":"instock","15":"taxable","16":"shipping-taxable","17":"purchasable","18":"product-type-variable","19":"has-product-nav","20":"col","21":"span_1_of_4","22":"owp-content-center","23":"owp-thumbs-layout-horizontal","24":"owp-btn-big","25":"owp-tabs-layout-vertical"},"aioseo_notices":[],"jetpack_sharing_enabled":true,"_links":{"self":[{"href":"https:\/\/oliveraieducoudon.com\/index.php?rest_route=\/wp\/v2\/product\/16398","targetHints":{"allow":["GET"]}}],"collection":[{"href":"https:\/\/oliveraieducoudon.com\/index.php?rest_route=\/wp\/v2\/product"}],"about":[{"href":"https:\/\/oliveraieducoudon.com\/index.php?rest_route=\/wp\/v2\/types\/product"}],"replies":[{"embeddable":true,"href":"https:\/\/oliveraieducoudon.com\/index.php?rest_route=%2Fwp%2Fv2%2Fcomments&post=16398"}],"wp:featuredmedia":[{"embeddable":true,"href":"https:\/\/oliveraieducoudon.com\/index.php?rest_route=\/wp\/v2\/media\/16404"}],"wp:attachment":[{"href":"https:\/\/oliveraieducoudon.com\/index.php?rest_route=%2Fwp%2Fv2%2Fmedia&parent=16398"}],"wp:term":[{"taxonomy":"product_brand","embeddable":true,"href":"https:\/\/oliveraieducoudon.com\/index.php?rest_route=%2Fwp%2Fv2%2Fproduct_brand&post=16398"},{"taxonomy":"product_cat","embeddable":true,"href":"https:\/\/oliveraieducoudon.com\/index.php?rest_route=%2Fwp%2Fv2%2Fproduct_cat&post=16398"},{"taxonomy":"product_tag","embeddable":true,"href":"https:\/\/oliveraieducoudon.com\/index.php?rest_route=%2Fwp%2Fv2%2Fproduct_tag&post=16398"}],"curies":[{"name":"wp","href":"https:\/\/api.w.org\/{rel}","templated":true}]}}