{"id":16365,"date":"2023-11-13T16:06:43","date_gmt":"2023-11-13T15:06:43","guid":{"rendered":"https:\/\/oliveraieducoudon.com\/?post_type=product&#038;p=16365"},"modified":"2025-06-23T14:48:57","modified_gmt":"2025-06-23T12:48:57","slug":"cypres-totem","status":"publish","type":"product","link":"https:\/\/oliveraieducoudon.com\/?product=cypres-totem","title":{"rendered":"CYPR\u00c9S TOTEM"},"content":{"rendered":"<h3 class=\"c-title--great--double-margin\"><span style=\"color: #993366;\"><em><strong>CYPRES DE PROVENCE TOTEM (CYPR\u00c8S DE FLORENCE)<\/strong><\/em><\/span><\/h3>\n<div class=\"c-wysiwyg\">\n<h3 class=\"heading\">L&rsquo;Elegance au jardin !<\/h3>\n<p>Le\u00a0<strong>Cypr\u00e8s Totem<\/strong>\u00a0est un arbre colonnaire, tr\u00e8s \u00e9troit. Son beau feuillage persistant est vert, l\u00e9g\u00e8rement bleut\u00e9. Il se distingue des autres cypr\u00e8s colonnaires par l&rsquo;absence de fructification. Ainsi ses branches restent toujours bien serr\u00e9es aupr\u00e8s du tronc.<\/p>\n<p>Symbole des jardins du Sud de la France et d&rsquo;Italie, le\u00a0<strong>Cypr\u00e8s Totem<\/strong>\u00a0donne de la structure au paysage.<\/p>\n<p>On plante ce conif\u00e8re tr\u00e8s tendance, pr\u00e8s de la piscine, de la maison ou de la terrasse pour apporter de la verticalit\u00e9. Il peut \u00e9galement \u00eatre planter en alignement le long d\u2019une all\u00e9e. Adapt\u00e9 \u00e0 la culture en pot ou en bac, vous pourrez aussi l\u2019installer sur le balcon ou dans le patio. Autrefois, on plantait le\u00a0<strong>Cypr\u00e8s Totem<\/strong>\u00a0en bouquet de 3 sujets en signe de bienvenue.<\/p>\n<h3 class=\"heading\">Comment planter un Cypr\u00e8s de Florence ?<\/h3>\n<p>Originaire du Bassin m\u00e9diterran\u00e9en le\u00a0<strong>Cypres Totem<\/strong>\u00a0est un conif\u00e8re formant une colonne de 1m de large pour 7m de haut. On le plante tous les 80cm sur une toile de paillage en plein soleil et dans une bonne terre de jardin bien drain\u00e9e. Rustique (-15 \u00e0 -20\u00b0C), il poss\u00e8de une excellente r\u00e9sistance \u00e0 la s\u00e9cheresse. Son bois au parfum poivr\u00e9, a des propri\u00e9t\u00e9s insectifuges<\/p>\n<p><strong><span style=\"color: #0000ff;\">L&rsquo;oliveraie peut vous proposer\u00a0diff\u00e9rents\u00a0pots de\u00a0diff\u00e9rentes\u00a0couleurs pour vos plantes <\/span><\/strong><br \/>\n<strong><span style=\"color: #0000ff;\">Ainsi de vous livrer sur simple demande <\/span><\/strong><br \/>\n<strong><span style=\"color: #0000ff;\">Une photo de la plante command\u00e9e vous sera envoy\u00e9e par sms ou mail avant livraison ou retrait\u00a0<\/span><\/strong><\/p>\n<div><strong>Nous contacter pour toutes demandes de devis ou une vari\u00e9t\u00e9\u00a0sp\u00e9cifique nous avons un large choix de plantes a vous proposer<\/strong><\/div>\n<div><span style=\"color: #008000;\"><strong>Devis par mail : oliveraieducoudon@gmail.com ou TEL 0643095220<\/strong><\/span><\/div>\n<\/div>\n","protected":false},"excerpt":{"rendered":"<p>CYPRES DE PROVENCE TOTEM (CYPR\u00c8S DE FLORENCE) L&rsquo;Elegance au jardin ! Le\u00a0Cypr\u00e8s Totem\u00a0est un arbre colonnaire, tr\u00e8s \u00e9troit. Son beau feuillage persistant est vert, l\u00e9g\u00e8rement bleut\u00e9. Il se distingue des autres cypr\u00e8s colonnaires par l&rsquo;absence de fructification. Ainsi ses branches restent toujours bien serr\u00e9es aupr\u00e8s du tronc. Symbole des jardins du Sud de la France [&hellip;]<\/p>\n","protected":false},"featured_media":16372,"comment_status":"open","ping_status":"closed","template":"","meta":{"om_disable_all_campaigns":false,"_monsterinsights_skip_tracking":false,"_monsterinsights_sitenote_active":false,"_monsterinsights_sitenote_note":"","_monsterinsights_sitenote_category":0,"ocean_post_layout":"","ocean_both_sidebars_style":"","ocean_both_sidebars_content_width":0,"ocean_both_sidebars_sidebars_width":0,"ocean_sidebar":"0","ocean_second_sidebar":"0","ocean_disable_margins":"enable","ocean_add_body_class":"","ocean_shortcode_before_top_bar":"","ocean_shortcode_after_top_bar":"","ocean_shortcode_before_header":"","ocean_shortcode_after_header":"","ocean_has_shortcode":"","ocean_shortcode_after_title":"","ocean_shortcode_before_footer_widgets":"","ocean_shortcode_after_footer_widgets":"","ocean_shortcode_before_footer_bottom":"","ocean_shortcode_after_footer_bottom":"","ocean_display_top_bar":"default","ocean_display_header":"default","ocean_header_style":"","ocean_center_header_left_menu":"0","ocean_custom_header_template":"0","ocean_custom_logo":0,"ocean_custom_retina_logo":0,"ocean_custom_logo_max_width":0,"ocean_custom_logo_tablet_max_width":0,"ocean_custom_logo_mobile_max_width":0,"ocean_custom_logo_max_height":0,"ocean_custom_logo_tablet_max_height":0,"ocean_custom_logo_mobile_max_height":0,"ocean_header_custom_menu":"0","ocean_menu_typo_font_family":"0","ocean_menu_typo_font_subset":"","ocean_menu_typo_font_size":0,"ocean_menu_typo_font_size_tablet":0,"ocean_menu_typo_font_size_mobile":0,"ocean_menu_typo_font_size_unit":"px","ocean_menu_typo_font_weight":"","ocean_menu_typo_font_weight_tablet":"","ocean_menu_typo_font_weight_mobile":"","ocean_menu_typo_transform":"","ocean_menu_typo_transform_tablet":"","ocean_menu_typo_transform_mobile":"","ocean_menu_typo_line_height":0,"ocean_menu_typo_line_height_tablet":0,"ocean_menu_typo_line_height_mobile":0,"ocean_menu_typo_line_height_unit":"","ocean_menu_typo_spacing":0,"ocean_menu_typo_spacing_tablet":0,"ocean_menu_typo_spacing_mobile":0,"ocean_menu_typo_spacing_unit":"","ocean_menu_link_color":"","ocean_menu_link_color_hover":"","ocean_menu_link_color_active":"","ocean_menu_link_background":"","ocean_menu_link_hover_background":"","ocean_menu_link_active_background":"","ocean_menu_social_links_bg":"","ocean_menu_social_hover_links_bg":"","ocean_menu_social_links_color":"","ocean_menu_social_hover_links_color":"","ocean_disable_title":"default","ocean_disable_heading":"default","ocean_post_title":"","ocean_post_subheading":"","ocean_post_title_style":"","ocean_post_title_background_color":"","ocean_post_title_background":0,"ocean_post_title_bg_image_position":"","ocean_post_title_bg_image_attachment":"","ocean_post_title_bg_image_repeat":"","ocean_post_title_bg_image_size":"","ocean_post_title_height":0,"ocean_post_title_bg_overlay":0.5,"ocean_post_title_bg_overlay_color":"","ocean_disable_breadcrumbs":"default","ocean_breadcrumbs_color":"","ocean_breadcrumbs_separator_color":"","ocean_breadcrumbs_links_color":"","ocean_breadcrumbs_links_hover_color":"","ocean_display_footer_widgets":"default","ocean_display_footer_bottom":"default","ocean_custom_footer_template":"0"},"product_brand":[],"product_cat":[67],"product_tag":[],"class_list":{"0":"post-16365","1":"product","2":"type-product","3":"status-publish","4":"has-post-thumbnail","6":"product_cat-les-sapins-et-pins","7":"product_shipping_class-produits-non-livrables","9":"entry","10":"has-media","12":"first","13":"instock","14":"taxable","15":"shipping-taxable","16":"purchasable","17":"product-type-variable","18":"has-product-nav","19":"col","20":"span_1_of_4","21":"owp-content-center","22":"owp-thumbs-layout-horizontal","23":"owp-btn-big","24":"owp-tabs-layout-vertical"},"aioseo_notices":[],"jetpack_sharing_enabled":true,"_links":{"self":[{"href":"https:\/\/oliveraieducoudon.com\/index.php?rest_route=\/wp\/v2\/product\/16365","targetHints":{"allow":["GET"]}}],"collection":[{"href":"https:\/\/oliveraieducoudon.com\/index.php?rest_route=\/wp\/v2\/product"}],"about":[{"href":"https:\/\/oliveraieducoudon.com\/index.php?rest_route=\/wp\/v2\/types\/product"}],"replies":[{"embeddable":true,"href":"https:\/\/oliveraieducoudon.com\/index.php?rest_route=%2Fwp%2Fv2%2Fcomments&post=16365"}],"wp:featuredmedia":[{"embeddable":true,"href":"https:\/\/oliveraieducoudon.com\/index.php?rest_route=\/wp\/v2\/media\/16372"}],"wp:attachment":[{"href":"https:\/\/oliveraieducoudon.com\/index.php?rest_route=%2Fwp%2Fv2%2Fmedia&parent=16365"}],"wp:term":[{"taxonomy":"product_brand","embeddable":true,"href":"https:\/\/oliveraieducoudon.com\/index.php?rest_route=%2Fwp%2Fv2%2Fproduct_brand&post=16365"},{"taxonomy":"product_cat","embeddable":true,"href":"https:\/\/oliveraieducoudon.com\/index.php?rest_route=%2Fwp%2Fv2%2Fproduct_cat&post=16365"},{"taxonomy":"product_tag","embeddable":true,"href":"https:\/\/oliveraieducoudon.com\/index.php?rest_route=%2Fwp%2Fv2%2Fproduct_tag&post=16365"}],"curies":[{"name":"wp","href":"https:\/\/api.w.org\/{rel}","templated":true}]}}