{"id":16358,"date":"2023-11-13T16:02:47","date_gmt":"2023-11-13T15:02:47","guid":{"rendered":"https:\/\/oliveraieducoudon.com\/?post_type=product&#038;p=16358"},"modified":"2023-11-21T10:57:00","modified_gmt":"2023-11-21T09:57:00","slug":"cypres-leyland-greffe","status":"publish","type":"product","link":"https:\/\/oliveraieducoudon.com\/?product=cypres-leyland-greffe","title":{"rendered":"CYPR\u00c9S LEYLAND GREFF\u00c9"},"content":{"rendered":"<div class=\"blocTitre\">\n<h4 id=\"ArticleSeoH1\" class=\"titreH1\"><span style=\"color: #ff0000;\">CYPR\u00c8S DE LEYLAND GREFF\u00c9<\/span><\/h4>\n<\/div>\n<div class=\"texteCateg\">\n<p>Le cypr\u00e8s de leyland greff\u00e9 (Cupressocyparis leylandii) s&rsquo;adapte en tous sols m\u00eame calcaires et r\u00e9siste mieux \u00e0 la s\u00e9cheresse.<\/p>\n<p>Le Cupressocyparis leylandii ou cypr\u00e8s de leyland se reconna\u00eet \u00e0 son feuillage vert moyen mat ins\u00e9r\u00e9 tr\u00e8s dens\u00e9ment sur la plante. Son port conique large est soutenu par de nombreuses branches serr\u00e9es. Son \u00e9corce lisse et grise se fissure avec l&rsquo;\u00e2ge. Tr\u00e8s souvent utilis\u00e9 dans les haies s\u00e9paratives denses entre des parcelles. Il peut aussi \u00eatre employ\u00e9 dans des magnifiques haies hautes libres.<\/p>\n<p>Le cypr\u00e8s de Leyland s&rsquo; adapte \u00e0 tous types de sol et supporte les grands froids. Il se satisfait de n&rsquo;importe quelle terre bien drain\u00e9e et pauvre mais l&rsquo;ajout de terreau sera b\u00e9n\u00e9fique \u00e0 la plantation.<br \/>\nCe conif\u00e8re aime le soleil direct et pousse aussi \u00e0 mi-ombre. La distance de plantation est comprise entre 70 cm et 1 m.<\/p>\n<p>PLANTER UNE HAIE de cypr\u00e8s de leyland : Creusez une tranch\u00e9e de 50 cm de profondeur et autant de large pour votre haie, a\u00e9rez la terre et incorporez un amendement organique et un engrais de fond (corne broy\u00e9 )<\/p>\n<p><strong><span style=\"color: #0000ff;\">L&rsquo;oliveraie peut vous proposer\u00a0diff\u00e9rents\u00a0pots de\u00a0diff\u00e9rentes\u00a0couleurs pour vos plantes <\/span><\/strong><br \/>\n<strong><span style=\"color: #0000ff;\">Ainsi de vous livrer sur simple demande <\/span><\/strong><br \/>\n<strong><span style=\"color: #0000ff;\">Une photo de la plante command\u00e9e vous sera envoy\u00e9e par sms ou mail avant livraison ou retrait\u00a0<\/span><\/strong><\/p>\n<div><strong>Nous contacter pour toutes demandes de devis ou une vari\u00e9t\u00e9\u00a0sp\u00e9cifique nous avons un large choix de plantes a vous proposer<\/strong><\/div>\n<div><span style=\"color: #008000;\"><strong>Devis par mail : oliveraieducoudon@gmail.com ou TEL 0643095220<\/strong><\/span><\/div>\n<\/div>\n<div><\/div>\n","protected":false},"excerpt":{"rendered":"<p>CYPR\u00c8S DE LEYLAND GREFF\u00c9 Le cypr\u00e8s de leyland greff\u00e9 (Cupressocyparis leylandii) s&rsquo;adapte en tous sols m\u00eame calcaires et r\u00e9siste mieux \u00e0 la s\u00e9cheresse. Le Cupressocyparis leylandii ou cypr\u00e8s de leyland se reconna\u00eet \u00e0 son feuillage vert moyen mat ins\u00e9r\u00e9 tr\u00e8s dens\u00e9ment sur la plante. Son port conique large est soutenu par de nombreuses branches serr\u00e9es. [&hellip;]<\/p>\n","protected":false},"featured_media":16374,"comment_status":"open","ping_status":"closed","template":"","meta":{"om_disable_all_campaigns":false,"_monsterinsights_skip_tracking":false,"_monsterinsights_sitenote_active":false,"_monsterinsights_sitenote_note":"","_monsterinsights_sitenote_category":0,"ocean_post_layout":"","ocean_both_sidebars_style":"","ocean_both_sidebars_content_width":0,"ocean_both_sidebars_sidebars_width":0,"ocean_sidebar":"0","ocean_second_sidebar":"0","ocean_disable_margins":"enable","ocean_add_body_class":"","ocean_shortcode_before_top_bar":"","ocean_shortcode_after_top_bar":"","ocean_shortcode_before_header":"","ocean_shortcode_after_header":"","ocean_has_shortcode":"","ocean_shortcode_after_title":"","ocean_shortcode_before_footer_widgets":"","ocean_shortcode_after_footer_widgets":"","ocean_shortcode_before_footer_bottom":"","ocean_shortcode_after_footer_bottom":"","ocean_display_top_bar":"default","ocean_display_header":"default","ocean_header_style":"","ocean_center_header_left_menu":"0","ocean_custom_header_template":"0","ocean_custom_logo":0,"ocean_custom_retina_logo":0,"ocean_custom_logo_max_width":0,"ocean_custom_logo_tablet_max_width":0,"ocean_custom_logo_mobile_max_width":0,"ocean_custom_logo_max_height":0,"ocean_custom_logo_tablet_max_height":0,"ocean_custom_logo_mobile_max_height":0,"ocean_header_custom_menu":"0","ocean_menu_typo_font_family":"0","ocean_menu_typo_font_subset":"","ocean_menu_typo_font_size":0,"ocean_menu_typo_font_size_tablet":0,"ocean_menu_typo_font_size_mobile":0,"ocean_menu_typo_font_size_unit":"px","ocean_menu_typo_font_weight":"","ocean_menu_typo_font_weight_tablet":"","ocean_menu_typo_font_weight_mobile":"","ocean_menu_typo_transform":"","ocean_menu_typo_transform_tablet":"","ocean_menu_typo_transform_mobile":"","ocean_menu_typo_line_height":0,"ocean_menu_typo_line_height_tablet":0,"ocean_menu_typo_line_height_mobile":0,"ocean_menu_typo_line_height_unit":"","ocean_menu_typo_spacing":0,"ocean_menu_typo_spacing_tablet":0,"ocean_menu_typo_spacing_mobile":0,"ocean_menu_typo_spacing_unit":"","ocean_menu_link_color":"","ocean_menu_link_color_hover":"","ocean_menu_link_color_active":"","ocean_menu_link_background":"","ocean_menu_link_hover_background":"","ocean_menu_link_active_background":"","ocean_menu_social_links_bg":"","ocean_menu_social_hover_links_bg":"","ocean_menu_social_links_color":"","ocean_menu_social_hover_links_color":"","ocean_disable_title":"default","ocean_disable_heading":"default","ocean_post_title":"","ocean_post_subheading":"","ocean_post_title_style":"","ocean_post_title_background_color":"","ocean_post_title_background":0,"ocean_post_title_bg_image_position":"","ocean_post_title_bg_image_attachment":"","ocean_post_title_bg_image_repeat":"","ocean_post_title_bg_image_size":"","ocean_post_title_height":0,"ocean_post_title_bg_overlay":0.5,"ocean_post_title_bg_overlay_color":"","ocean_disable_breadcrumbs":"default","ocean_breadcrumbs_color":"","ocean_breadcrumbs_separator_color":"","ocean_breadcrumbs_links_color":"","ocean_breadcrumbs_links_hover_color":"","ocean_display_footer_widgets":"default","ocean_display_footer_bottom":"default","ocean_custom_footer_template":"0"},"product_brand":[],"product_cat":[66,67],"product_tag":[],"class_list":{"0":"post-16358","1":"product","2":"type-product","3":"status-publish","4":"has-post-thumbnail","6":"product_cat-les-plantes-de-haie","7":"product_cat-les-sapins-et-pins","8":"product_shipping_class-produits-non-livrables","10":"entry","11":"has-media","13":"first","14":"instock","15":"taxable","16":"shipping-taxable","17":"purchasable","18":"product-type-variable","19":"has-product-nav","20":"col","21":"span_1_of_4","22":"owp-content-center","23":"owp-thumbs-layout-horizontal","24":"owp-btn-big","25":"owp-tabs-layout-vertical"},"aioseo_notices":[],"jetpack_sharing_enabled":true,"_links":{"self":[{"href":"https:\/\/oliveraieducoudon.com\/index.php?rest_route=\/wp\/v2\/product\/16358","targetHints":{"allow":["GET"]}}],"collection":[{"href":"https:\/\/oliveraieducoudon.com\/index.php?rest_route=\/wp\/v2\/product"}],"about":[{"href":"https:\/\/oliveraieducoudon.com\/index.php?rest_route=\/wp\/v2\/types\/product"}],"replies":[{"embeddable":true,"href":"https:\/\/oliveraieducoudon.com\/index.php?rest_route=%2Fwp%2Fv2%2Fcomments&post=16358"}],"wp:featuredmedia":[{"embeddable":true,"href":"https:\/\/oliveraieducoudon.com\/index.php?rest_route=\/wp\/v2\/media\/16374"}],"wp:attachment":[{"href":"https:\/\/oliveraieducoudon.com\/index.php?rest_route=%2Fwp%2Fv2%2Fmedia&parent=16358"}],"wp:term":[{"taxonomy":"product_brand","embeddable":true,"href":"https:\/\/oliveraieducoudon.com\/index.php?rest_route=%2Fwp%2Fv2%2Fproduct_brand&post=16358"},{"taxonomy":"product_cat","embeddable":true,"href":"https:\/\/oliveraieducoudon.com\/index.php?rest_route=%2Fwp%2Fv2%2Fproduct_cat&post=16358"},{"taxonomy":"product_tag","embeddable":true,"href":"https:\/\/oliveraieducoudon.com\/index.php?rest_route=%2Fwp%2Fv2%2Fproduct_tag&post=16358"}],"curies":[{"name":"wp","href":"https:\/\/api.w.org\/{rel}","templated":true}]}}