{"id":16351,"date":"2023-11-13T16:01:31","date_gmt":"2023-11-13T15:01:31","guid":{"rendered":"https:\/\/oliveraieducoudon.com\/?post_type=product&#038;p=16351"},"modified":"2025-06-23T14:48:47","modified_gmt":"2025-06-23T12:48:47","slug":"picea-glauca-conica","status":"publish","type":"product","link":"https:\/\/oliveraieducoudon.com\/?product=picea-glauca-conica","title":{"rendered":"PICEA GLAUCA CONICA"},"content":{"rendered":"<p><em><strong><span style=\"color: #008000;\">PICEA GLAUCA CONICA<\/span><\/strong><\/em><\/p>\n<p>Ce conif\u00e8re de taille modeste forme avec le temps une pyramide parfaite, couverte d&rsquo;une v\u00e9g\u00e9tation serr\u00e9e et naturellement r\u00e9guli\u00e8re lui conf\u00e9rant l&rsquo;aspect soign\u00e9 d&rsquo;une plante r\u00e9guli\u00e8rement taill\u00e9e. Ses jeunes pousses vert tendre submergent au printemps l&rsquo;ancien feuillage d&rsquo;un ton vert gris fonc\u00e9 \u00e0 reflets bleut\u00e9s. Parfait pour structurer un d\u00e9cor, marquer une all\u00e9e ou une entr\u00e9e, il convient parfaitement aux rocailles et se comporte bien en pots. Un petit conif\u00e8re extr\u00eamement rustique et peu exigeant.<\/p>\n<div class=\"my-4\">\n<div class=\"prose max-w-max\">\n<p>Le Picea glauca qui porte \u00e9galement le nom de Sapinette blanche, d&rsquo;Epic\u00e9a blanc ou encore d&rsquo;Epic\u00e9a glauque, est un conif\u00e8re persistant appartenant \u00e0 la famille des pinac\u00e9es. Il est originaire du Canada. Dans son environnement naturel, il pousse lentement, pr\u00e9sente un port assez variable en fonction de son habitat, mais habituellement conique ou pyramidal \u00e0 base large. Cet arbre peut atteindre 25 m de hauteur. Cette esp\u00e8ce est traditionnellement utilis\u00e9e pour la fabrication du papier. Elle peut vivre de tr\u00e8s nombreuses ann\u00e9es (200 ans et plus).<\/p>\n<p>La vari\u00e9t\u00e9 &lsquo;Conica&rsquo;, issue de cette esp\u00e8ce, est une forme naine et \u00e9l\u00e9gante, au port compact, conique et dress\u00e9. Tr\u00e8s lentement, au bout d&rsquo;une trentaine d&rsquo;ann\u00e9es, il atteindra<span class=\"apple-converted-space\"><strong>\u00a02<\/strong><\/span><strong>\u00a0m de hauteur pour 1 m d&rsquo;envergure<\/strong>, parfois plus en climat frais et humide. Il produit des rameaux courts, ascendants et tr\u00e8s serr\u00e9s, \u00e9tag\u00e9s et tr\u00e8s hi\u00e9rarchis\u00e9s, couverts d&rsquo;aiguilles courtes et quadrangulaires dispos\u00e9es en brosses, tr\u00e8s pointues et aromatiques (odeur de r\u00e9sine \u00e2cre). Elles sont couvertes d&rsquo;une cire blanche. Ses jeunes pousses printani\u00e8res sont<span class=\"apple-converted-space\">\u00a0<\/span><strong>d&rsquo;un vert tr\u00e8s tendre<\/strong>,\u00a0 puis son feuillage prend une teinte un peu sourde, uniform\u00e9ment vert-gris\u00e9 moyen, variable selon les plantes. Le syst\u00e8me racinaire des \u00e9pinettes blanches est superficiel, tr\u00e8s ramifi\u00e9 et tra\u00e7ant, ce qui les rend difficiles \u00e0 transplanter lorsqu&rsquo;ils sont adultes et particuli\u00e8rement sensibles au vent.<\/p>\n<p><strong>La sapinette blanche &lsquo;Conica&rsquo;, avec son port parfait, son d\u00e9veloppement r\u00e9duit, sans entretien, et sa facilit\u00e9 de culture<\/strong>,\u00a0<strong>est<\/strong><span class=\"apple-converted-space\">\u00a0<\/span><strong>une plante parfaite pour les rocailles,<\/strong>\u00a0les terrasses, ou pour la plantation en isol\u00e9. Il se plait dans de nombreuses situations, sous de nombreux climats, pour peu que le sol soit drain\u00e9, profond et pas trop calcaire. Cette plante s&rsquo;accorde bien avec les grosses pierres, les lignes g\u00e9om\u00e9triques et les ouvrages ma\u00e7onn\u00e9s. On peut l&rsquo;associer \u00e0 des conif\u00e8res nains au port prostr\u00e9 (Juniperus horizontalis Blue Chip), globuleux (Picea glauca Alberta Globe), colonnaire ou dress\u00e9. Les r\u00e9elles qualit\u00e9s graphiques des conif\u00e8res s&rsquo;imposent naturellement dans un jardin contemporain, qui met en exergue les formes, les silhouettes et les textures plut\u00f4t que la valse des floraisons. Ces plantes \u00e0 la permanence rassurante structurent durablement un massif, marquent les all\u00e9es ou l&rsquo;angle d&rsquo;une terrasse, se substituant \u00e0 la pr\u00e9sence forte du buis taill\u00e9 ou du houx. Elles s&rsquo;associent bien aux bruy\u00e8res ou \u00e0 des plantes couvre-sol comme les aubri\u00e8tes, les c\u00e9raistes, ainsi qu&rsquo;\u00e0 des arbustes \u00e0 fleurs blanches comme l&rsquo;exochorda ou le seringat. Le tout est de jouer avec les volumes et les couleurs<\/p>\n<p><strong><span style=\"color: #0000ff;\">L&rsquo;oliveraie peut vous proposer\u00a0diff\u00e9rents\u00a0pots de\u00a0diff\u00e9rentes\u00a0couleurs pour vos plantes <\/span><\/strong><br \/>\n<strong><span style=\"color: #0000ff;\">Ainsi de vous livrer sur simple demande <\/span><\/strong><br \/>\n<strong><span style=\"color: #0000ff;\">Une photo de la plante command\u00e9e vous sera envoy\u00e9e par sms ou mail avant livraison ou retrait\u00a0<\/span><\/strong><\/p>\n<div><strong>Nous contacter pour toutes demandes de devis ou une vari\u00e9t\u00e9\u00a0sp\u00e9cifique nous avons un large choix de plantes a vous proposer<\/strong><\/div>\n<div><span style=\"color: #008000;\"><strong>Devis par mail : oliveraieducoudon@gmail.com ou TEL 0643095220<\/strong><\/span><\/div>\n<\/div>\n<\/div>\n","protected":false},"excerpt":{"rendered":"<p>PICEA GLAUCA CONICA Ce conif\u00e8re de taille modeste forme avec le temps une pyramide parfaite, couverte d&rsquo;une v\u00e9g\u00e9tation serr\u00e9e et naturellement r\u00e9guli\u00e8re lui conf\u00e9rant l&rsquo;aspect soign\u00e9 d&rsquo;une plante r\u00e9guli\u00e8rement taill\u00e9e. Ses jeunes pousses vert tendre submergent au printemps l&rsquo;ancien feuillage d&rsquo;un ton vert gris fonc\u00e9 \u00e0 reflets bleut\u00e9s. Parfait pour structurer un d\u00e9cor, marquer une [&hellip;]<\/p>\n","protected":false},"featured_media":16352,"comment_status":"open","ping_status":"closed","template":"","meta":{"om_disable_all_campaigns":false,"_monsterinsights_skip_tracking":false,"_monsterinsights_sitenote_active":false,"_monsterinsights_sitenote_note":"","_monsterinsights_sitenote_category":0,"ocean_post_layout":"","ocean_both_sidebars_style":"","ocean_both_sidebars_content_width":0,"ocean_both_sidebars_sidebars_width":0,"ocean_sidebar":"0","ocean_second_sidebar":"0","ocean_disable_margins":"enable","ocean_add_body_class":"","ocean_shortcode_before_top_bar":"","ocean_shortcode_after_top_bar":"","ocean_shortcode_before_header":"","ocean_shortcode_after_header":"","ocean_has_shortcode":"","ocean_shortcode_after_title":"","ocean_shortcode_before_footer_widgets":"","ocean_shortcode_after_footer_widgets":"","ocean_shortcode_before_footer_bottom":"","ocean_shortcode_after_footer_bottom":"","ocean_display_top_bar":"default","ocean_display_header":"default","ocean_header_style":"","ocean_center_header_left_menu":"0","ocean_custom_header_template":"0","ocean_custom_logo":0,"ocean_custom_retina_logo":0,"ocean_custom_logo_max_width":0,"ocean_custom_logo_tablet_max_width":0,"ocean_custom_logo_mobile_max_width":0,"ocean_custom_logo_max_height":0,"ocean_custom_logo_tablet_max_height":0,"ocean_custom_logo_mobile_max_height":0,"ocean_header_custom_menu":"0","ocean_menu_typo_font_family":"0","ocean_menu_typo_font_subset":"","ocean_menu_typo_font_size":0,"ocean_menu_typo_font_size_tablet":0,"ocean_menu_typo_font_size_mobile":0,"ocean_menu_typo_font_size_unit":"px","ocean_menu_typo_font_weight":"","ocean_menu_typo_font_weight_tablet":"","ocean_menu_typo_font_weight_mobile":"","ocean_menu_typo_transform":"","ocean_menu_typo_transform_tablet":"","ocean_menu_typo_transform_mobile":"","ocean_menu_typo_line_height":0,"ocean_menu_typo_line_height_tablet":0,"ocean_menu_typo_line_height_mobile":0,"ocean_menu_typo_line_height_unit":"","ocean_menu_typo_spacing":0,"ocean_menu_typo_spacing_tablet":0,"ocean_menu_typo_spacing_mobile":0,"ocean_menu_typo_spacing_unit":"","ocean_menu_link_color":"","ocean_menu_link_color_hover":"","ocean_menu_link_color_active":"","ocean_menu_link_background":"","ocean_menu_link_hover_background":"","ocean_menu_link_active_background":"","ocean_menu_social_links_bg":"","ocean_menu_social_hover_links_bg":"","ocean_menu_social_links_color":"","ocean_menu_social_hover_links_color":"","ocean_disable_title":"default","ocean_disable_heading":"default","ocean_post_title":"","ocean_post_subheading":"","ocean_post_title_style":"","ocean_post_title_background_color":"","ocean_post_title_background":0,"ocean_post_title_bg_image_position":"","ocean_post_title_bg_image_attachment":"","ocean_post_title_bg_image_repeat":"","ocean_post_title_bg_image_size":"","ocean_post_title_height":0,"ocean_post_title_bg_overlay":0.5,"ocean_post_title_bg_overlay_color":"","ocean_disable_breadcrumbs":"default","ocean_breadcrumbs_color":"","ocean_breadcrumbs_separator_color":"","ocean_breadcrumbs_links_color":"","ocean_breadcrumbs_links_hover_color":"","ocean_display_footer_widgets":"default","ocean_display_footer_bottom":"default","ocean_custom_footer_template":"0"},"product_brand":[],"product_cat":[67],"product_tag":[],"class_list":{"0":"post-16351","1":"product","2":"type-product","3":"status-publish","4":"has-post-thumbnail","6":"product_cat-les-sapins-et-pins","7":"product_shipping_class-produits-non-livrables","9":"entry","10":"has-media","12":"first","13":"instock","14":"taxable","15":"shipping-taxable","16":"purchasable","17":"product-type-variable","18":"has-product-nav","19":"col","20":"span_1_of_4","21":"owp-content-center","22":"owp-thumbs-layout-horizontal","23":"owp-btn-big","24":"owp-tabs-layout-vertical"},"aioseo_notices":[],"jetpack_sharing_enabled":true,"_links":{"self":[{"href":"https:\/\/oliveraieducoudon.com\/index.php?rest_route=\/wp\/v2\/product\/16351","targetHints":{"allow":["GET"]}}],"collection":[{"href":"https:\/\/oliveraieducoudon.com\/index.php?rest_route=\/wp\/v2\/product"}],"about":[{"href":"https:\/\/oliveraieducoudon.com\/index.php?rest_route=\/wp\/v2\/types\/product"}],"replies":[{"embeddable":true,"href":"https:\/\/oliveraieducoudon.com\/index.php?rest_route=%2Fwp%2Fv2%2Fcomments&post=16351"}],"wp:featuredmedia":[{"embeddable":true,"href":"https:\/\/oliveraieducoudon.com\/index.php?rest_route=\/wp\/v2\/media\/16352"}],"wp:attachment":[{"href":"https:\/\/oliveraieducoudon.com\/index.php?rest_route=%2Fwp%2Fv2%2Fmedia&parent=16351"}],"wp:term":[{"taxonomy":"product_brand","embeddable":true,"href":"https:\/\/oliveraieducoudon.com\/index.php?rest_route=%2Fwp%2Fv2%2Fproduct_brand&post=16351"},{"taxonomy":"product_cat","embeddable":true,"href":"https:\/\/oliveraieducoudon.com\/index.php?rest_route=%2Fwp%2Fv2%2Fproduct_cat&post=16351"},{"taxonomy":"product_tag","embeddable":true,"href":"https:\/\/oliveraieducoudon.com\/index.php?rest_route=%2Fwp%2Fv2%2Fproduct_tag&post=16351"}],"curies":[{"name":"wp","href":"https:\/\/api.w.org\/{rel}","templated":true}]}}