{"id":16170,"date":"2023-11-13T12:44:17","date_gmt":"2023-11-13T11:44:17","guid":{"rendered":"https:\/\/oliveraieducoudon.com\/?post_type=product&#038;p=16170"},"modified":"2023-11-21T10:57:00","modified_gmt":"2023-11-21T09:57:00","slug":"16170","status":"publish","type":"product","link":"https:\/\/oliveraieducoudon.com\/?product=16170","title":{"rendered":"CORDYLINE"},"content":{"rendered":"<p><span style=\"color: #0000ff;\"><em><strong>CORDYLINE<\/strong><\/em><\/span><\/p>\n<p><span style=\"color: #000000;\"><em><strong>Originaire de Nouvelle-Z\u00e9lande, la cordyline se pla\u00eet sur nos c\u00f4tes atlantiques avec son climat doux. Son feuillage persistant aux couleurs vives et lumineux apporte un spectacle magnifique et exotique toute l\u2019ann\u00e9e.<\/strong><\/em><\/span><\/p>\n<p style=\"font-weight: 400;\"><em><strong><span style=\"color: #993366;\">Cordyline salsa<\/span><\/strong><\/em><br \/>\n<span style=\"color: #000000;\">Les superbes feuilles ruban\u00e9es et persistantes de cette surprenante vari\u00e9t\u00e9 sont panach\u00e9es de rose vif, cerise et rouge pourpre. Tr\u00e8s d\u00e9corative, la Cordyline Salsa ne forme pas de tronc comme la vari\u00e9t\u00e9 classique. Son port est \u00e9lanc\u00e9, souple et sa couleur intense fera sensation dans les massifs, pour structurer une bordure ou illuminer un patio. Adapt\u00e9e\u00a0\u00e0 la culture en pot ou en bac, elle sera parfaite sur la terrasse ou le balcon et apportera une touche lumineuse exotique.<\/span><\/p>\n<table style=\"font-weight: 400; height: 610px;\" width=\"892\">\n<tbody>\n<tr>\n<td width=\"120\"><em><strong><span style=\"color: #993366;\">Cordyline burgundi<\/span><\/strong><\/em><br \/>\n<span style=\"color: #000000;\">La Burgundy spire poss\u00e8de un tr\u00e8s beau feuillage persistant pourpre et l\u00e9g\u00e8rement rouge au centre. Ses longues feuilles \u00e9troites qui se d\u00e9veloppent en m\u00eame temps que son tronc lui conf\u00e8re un aspect \u00e9lanc\u00e9e. Id\u00e9ale en bord de mer, cette cordyline est \u00e9galement tr\u00e8s rustique, jusqu\u2019\u00e0 -12\u00b0C. Elle est parfaite pour les petits jardins avec son petit d\u00e9veloppement ou sa culture en pot sur les balcons.<\/span><\/td>\n<\/tr>\n<tr>\n<td width=\"120\"><em><strong><span style=\"color: #993366;\">Cordyline dazzler<\/span><\/strong><\/em><br \/>\n<span style=\"color: #000000;\">Cette cordyline est tr\u00e8s lumineuse et d\u00e9corative avec son feuillage persistant jaune vif et vert. On la confond souvent avec un petit palmier car elle pousse sur un petit tronc. Avec une croissance rapide, une belle floraison aux grappes de fleurs blanches appara\u00eet aux beaux jours. Tr\u00e8s d\u00e9corative dans un massif ou en pot sur votre terrasse.<\/span><\/td>\n<\/tr>\n<tr>\n<td width=\"120\"><em><strong><span style=\"color: #993366;\">Cordyline australis red star<\/span><\/strong><\/em><br \/>\n<span style=\"color: #000000;\"><em>La cordyline australis red star apporte une tr\u00e8s belle couleur rouge bordeaux dans un massif ou seule dans un pot. R\u00e9sistante jusqu\u2019\u00e0 \u2013 8\u00b0C et aux embruns, elle est faite pour \u00eatre plant\u00e9e en pleine terre sur nos c\u00f4tes maritimes. Sa croissance est plus lente que l&rsquo;australis verte. L&rsquo;association des deux esp\u00e8ces est du plus bel effet.<\/em><\/span><\/td>\n<\/tr>\n<tr>\n<td width=\"120\"><em><strong><span style=\"color: #993366;\">cordyline \u00a0peko<\/span><\/strong><\/em><br \/>\n<span style=\"color: #000000;\">La\u00a0cordyline\u00a0&lsquo;Peko&rsquo; poss\u00e8de un feuillage ruban\u00e9 vert, largement marqu\u00e9 de rose \u00e0 sa base et stri\u00e9 de bandes vert-jaune en son centre.<\/span><\/td>\n<\/tr>\n<tr>\n<td width=\"120\"><em><strong><span style=\"color: #993366;\">cordyline indivisa<\/span><\/strong><\/em><br \/>\nLa\u00a0Cordyline indivisa\u00a0est une plante de bonne envergure au\u00a0feuillage d\u00e9coratif et persistant. Ce feuillage vert\u00a0 \u00e0 vert clair, se compose de grandes palmes \u00a0enti\u00e8res ins\u00e9r\u00e9es en rond sur une tige dress\u00e9e.<br \/>\nLa tige, ou le stipe, est un faux tronc. Il est l\u2019accumulation des feuilles qui, en tombant, laissent leur bases (ou gaines) imbriqu\u00e9es les une dans les autres. Ces plantes contrairement \u00e0 nos arbustes locaux ne croissent pas en largeur et ne se divisent pas en branches. Du fait de cette particularit\u00e9, la croissance de la Cordyline indivisa est assez lente. Elle est donc\u00a0facile \u00e0 cultiver en pot\u00a0pendant de nombreuse ann\u00e9es, d\u2019autant qu\u2019elle jouit d\u2019une\u00a0dur\u00e9e de vie assez longue\u00a0et que limit\u00e9e en terme d&rsquo;espace, elle ne d\u00e9passera pas les 2m.<\/td>\n<\/tr>\n<tr>\n<td width=\"120\"><\/td>\n<\/tr>\n<\/tbody>\n<\/table>\n<p>&nbsp;<\/p>\n<p><strong><span style=\"color: #0000ff;\">L&rsquo;oliveraie peut vous proposer\u00a0diff\u00e9rents\u00a0pots de\u00a0diff\u00e9rentes\u00a0couleurs pour vos plantes <\/span><\/strong><br \/>\n<strong><span style=\"color: #0000ff;\">Ainsi de vous livrer sur simple demande <\/span><\/strong><br \/>\n<strong><span style=\"color: #0000ff;\">Une photo de la plante command\u00e9e vous sera envoy\u00e9e par sms ou mail avant livraison ou retrait\u00a0<\/span><\/strong><\/p>\n<div><strong>Nous contacter pour toutes demandes de devis ou une vari\u00e9t\u00e9\u00a0sp\u00e9cifique nous avons un large choix de plantes a vous proposer<\/strong><\/div>\n<div><span style=\"color: #008000;\"><strong>Devis par mail : oliveraieducoudon@gmail.com ou TEL 0643095220<\/strong><\/span><\/div>\n<p>&nbsp;<\/p>\n","protected":false},"excerpt":{"rendered":"<p>CORDYLINE Originaire de Nouvelle-Z\u00e9lande, la cordyline se pla\u00eet sur nos c\u00f4tes atlantiques avec son climat doux. Son feuillage persistant aux couleurs vives et lumineux apporte un spectacle magnifique et exotique toute l\u2019ann\u00e9e. Cordyline salsa Les superbes feuilles ruban\u00e9es et persistantes de cette surprenante vari\u00e9t\u00e9 sont panach\u00e9es de rose vif, cerise et rouge pourpre. Tr\u00e8s d\u00e9corative, [&hellip;]<\/p>\n","protected":false},"featured_media":16204,"comment_status":"open","ping_status":"closed","template":"","meta":{"om_disable_all_campaigns":false,"_monsterinsights_skip_tracking":false,"_monsterinsights_sitenote_active":false,"_monsterinsights_sitenote_note":"","_monsterinsights_sitenote_category":0,"ocean_post_layout":"","ocean_both_sidebars_style":"","ocean_both_sidebars_content_width":0,"ocean_both_sidebars_sidebars_width":0,"ocean_sidebar":"0","ocean_second_sidebar":"0","ocean_disable_margins":"enable","ocean_add_body_class":"","ocean_shortcode_before_top_bar":"","ocean_shortcode_after_top_bar":"","ocean_shortcode_before_header":"","ocean_shortcode_after_header":"","ocean_has_shortcode":"","ocean_shortcode_after_title":"","ocean_shortcode_before_footer_widgets":"","ocean_shortcode_after_footer_widgets":"","ocean_shortcode_before_footer_bottom":"","ocean_shortcode_after_footer_bottom":"","ocean_display_top_bar":"default","ocean_display_header":"default","ocean_header_style":"","ocean_center_header_left_menu":"0","ocean_custom_header_template":"0","ocean_custom_logo":0,"ocean_custom_retina_logo":0,"ocean_custom_logo_max_width":0,"ocean_custom_logo_tablet_max_width":0,"ocean_custom_logo_mobile_max_width":0,"ocean_custom_logo_max_height":0,"ocean_custom_logo_tablet_max_height":0,"ocean_custom_logo_mobile_max_height":0,"ocean_header_custom_menu":"0","ocean_menu_typo_font_family":"0","ocean_menu_typo_font_subset":"","ocean_menu_typo_font_size":0,"ocean_menu_typo_font_size_tablet":0,"ocean_menu_typo_font_size_mobile":0,"ocean_menu_typo_font_size_unit":"px","ocean_menu_typo_font_weight":"","ocean_menu_typo_font_weight_tablet":"","ocean_menu_typo_font_weight_mobile":"","ocean_menu_typo_transform":"","ocean_menu_typo_transform_tablet":"","ocean_menu_typo_transform_mobile":"","ocean_menu_typo_line_height":0,"ocean_menu_typo_line_height_tablet":0,"ocean_menu_typo_line_height_mobile":0,"ocean_menu_typo_line_height_unit":"","ocean_menu_typo_spacing":0,"ocean_menu_typo_spacing_tablet":0,"ocean_menu_typo_spacing_mobile":0,"ocean_menu_typo_spacing_unit":"","ocean_menu_link_color":"","ocean_menu_link_color_hover":"","ocean_menu_link_color_active":"","ocean_menu_link_background":"","ocean_menu_link_hover_background":"","ocean_menu_link_active_background":"","ocean_menu_social_links_bg":"","ocean_menu_social_hover_links_bg":"","ocean_menu_social_links_color":"","ocean_menu_social_hover_links_color":"","ocean_disable_title":"default","ocean_disable_heading":"default","ocean_post_title":"","ocean_post_subheading":"","ocean_post_title_style":"","ocean_post_title_background_color":"","ocean_post_title_background":0,"ocean_post_title_bg_image_position":"","ocean_post_title_bg_image_attachment":"","ocean_post_title_bg_image_repeat":"","ocean_post_title_bg_image_size":"","ocean_post_title_height":0,"ocean_post_title_bg_overlay":0.5,"ocean_post_title_bg_overlay_color":"","ocean_disable_breadcrumbs":"default","ocean_breadcrumbs_color":"","ocean_breadcrumbs_separator_color":"","ocean_breadcrumbs_links_color":"","ocean_breadcrumbs_links_hover_color":"","ocean_display_footer_widgets":"default","ocean_display_footer_bottom":"default","ocean_custom_footer_template":"0"},"product_brand":[],"product_cat":[53],"product_tag":[],"class_list":{"0":"post-16170","1":"product","2":"type-product","3":"status-publish","4":"has-post-thumbnail","6":"product_cat-la-pepiniere","7":"product_shipping_class-produits-non-livrables","9":"entry","10":"has-media","12":"first","13":"instock","14":"taxable","15":"shipping-taxable","16":"purchasable","17":"product-type-variable","18":"has-product-nav","19":"col","20":"span_1_of_4","21":"owp-content-center","22":"owp-thumbs-layout-horizontal","23":"owp-btn-big","24":"owp-tabs-layout-vertical"},"aioseo_notices":[],"jetpack_sharing_enabled":true,"_links":{"self":[{"href":"https:\/\/oliveraieducoudon.com\/index.php?rest_route=\/wp\/v2\/product\/16170","targetHints":{"allow":["GET"]}}],"collection":[{"href":"https:\/\/oliveraieducoudon.com\/index.php?rest_route=\/wp\/v2\/product"}],"about":[{"href":"https:\/\/oliveraieducoudon.com\/index.php?rest_route=\/wp\/v2\/types\/product"}],"replies":[{"embeddable":true,"href":"https:\/\/oliveraieducoudon.com\/index.php?rest_route=%2Fwp%2Fv2%2Fcomments&post=16170"}],"wp:featuredmedia":[{"embeddable":true,"href":"https:\/\/oliveraieducoudon.com\/index.php?rest_route=\/wp\/v2\/media\/16204"}],"wp:attachment":[{"href":"https:\/\/oliveraieducoudon.com\/index.php?rest_route=%2Fwp%2Fv2%2Fmedia&parent=16170"}],"wp:term":[{"taxonomy":"product_brand","embeddable":true,"href":"https:\/\/oliveraieducoudon.com\/index.php?rest_route=%2Fwp%2Fv2%2Fproduct_brand&post=16170"},{"taxonomy":"product_cat","embeddable":true,"href":"https:\/\/oliveraieducoudon.com\/index.php?rest_route=%2Fwp%2Fv2%2Fproduct_cat&post=16170"},{"taxonomy":"product_tag","embeddable":true,"href":"https:\/\/oliveraieducoudon.com\/index.php?rest_route=%2Fwp%2Fv2%2Fproduct_tag&post=16170"}],"curies":[{"name":"wp","href":"https:\/\/api.w.org\/{rel}","templated":true}]}}