{"id":16136,"date":"2023-11-13T11:25:34","date_gmt":"2023-11-13T10:25:34","guid":{"rendered":"https:\/\/oliveraieducoudon.com\/?post_type=product&#038;p=16136"},"modified":"2023-11-21T10:57:01","modified_gmt":"2023-11-21T09:57:01","slug":"mimosa","status":"publish","type":"product","link":"https:\/\/oliveraieducoudon.com\/?product=mimosa","title":{"rendered":"MIMOSA"},"content":{"rendered":"<p><span style=\"color: #008000;\"><em><strong>MIMOSA GAULOIS <\/strong><\/em><\/span><\/p>\n<p><span style=\"color: #000000;\">L&rsquo;Acacia dealbata Gaulois Astier greff\u00e9 poss\u00e8de toutes les qualit\u00e9s du\u00a0Mimosa d&rsquo;hiver\u00a0ou\u00a0Mimosa des fleuristes, mais ne pr\u00e9sente pas le caract\u00e8re drageonnant qu&rsquo;on lui reproche \u00e0 juste titre lorsqu&rsquo;il pousse sur ses propres racines. Il pr\u00e9sente \u00e9galement l&rsquo;avantage de tr\u00e8s bien tol\u00e9rer sols calcaires. Son seul point faible est la\u00a0 faible rusticit\u00e9 de son porte-greffe qui p\u00e9rit en-dessous de -5\/-6\u00b0C s&rsquo;il n&rsquo;est pas prot\u00e9g\u00e9. C&rsquo;est un grand et bel arbuste persistant qui fleurit t\u00f4t en fin d&rsquo;hiver ou au printemps\u00a0en climat doux, dans une mousse abondante et parfum\u00e9e de petits pompons jaunes. Ce mimosa est un formidable arbuste de haie ou un tr\u00e8s beau sujet \u00e0 planter en isol\u00e9 en climat favorable. Il formera aussi un superbe sp\u00e9cimen, plant\u00e9 dans un grand pot, \u00e0 remiser l&rsquo;hiver en r\u00e9gion froide. Ses rameaux fleuris sont sublimes dans les bouquets d&rsquo;hiver.<\/span><\/p>\n<p>L&rsquo;<em>Acacia dealbata<\/em>, originaire d&rsquo;Australie,\u00a0ne doit pas \u00eatre confondu avec l&rsquo;arbre que nous appelons acacia, qui fait partie du genre botanique\u00a0<em>Robinia<\/em>.\u00a0Celui-ci est un v\u00e9ritable petit arbre, drageonnant lorsqu&rsquo;il pousse sur ses propres racines, de croissance rapide mais de faible long\u00e9vit\u00e9. Il fut import\u00e9 en Europe d\u00e8s 1771, et arriva en France en 1804. Cette plante de la famille des Fabac\u00e9es et de la sous-famille des Mimosac\u00e9es fut tr\u00e8s largement plant\u00e9e au XIX\u00e8me si\u00e8cle sur la C\u00f4te d&rsquo;Azur, qui offre un climat doux, chaud, sec en \u00e9t\u00e9, et un sol \u00e0 tendance acide, des conditions tr\u00e8s favorables \u00e0 son implantation. \u00c0\u00a0 tel point que cette esp\u00e8ce y est devenue invasive et pr\u00e9sente une menace pour la survie de la flore locale.<\/p>\n<p>Il est propos\u00e9 sous forme de plant greff\u00e9 sur\u00a0<em>A.retinodes<\/em>, le mimosa des quatres saisons non drageonnant et tol\u00e9rant bien mieux les sols calcaires. \u00a0Ce petit arbre \u00e0 tronc unique poss\u00e8de un port arrondi et dense,\u00a0<strong>atteignant 5 m de hauteur pour 4,5m d&rsquo;envergure \u00e0 l&rsquo;\u00e2ge adulte<\/strong>\u00a0en conditions favorables. Ses dimensions pourront facilement \u00eatre contenues par la taille\u00a0post floraison,\u00a0ou la culture en pots. L&rsquo;\u00e9corce est\u00a0lisse sa couleur tire sur le gris. Sa\u00a0<strong>floraison est\u00a0 abondante de janvier \u00e0 mars,<\/strong>\u00a0selon les conditions climatiques, vraiment spectaculaire. Ses petites fleurs rondes sont des glom\u00e9rules d&rsquo;\u00e9tamines jaune vif et sont rassembl\u00e9es sur des rac\u00e8mes axillaires.\u00a0<strong>Leur parfum est reconnaissable entre tous:<\/strong>\u00a0un d\u00e9part herbac\u00e9 tr\u00e8s frais laisse place \u00e0 une divine odeur de miel, une fragrance poudr\u00e9e. Ses rameaux duveteux portent des feuilles fortement d\u00e9coup\u00e9es, d&rsquo;un vert \u00e0 reflets bleut\u00e9s et argent\u00e9s. Chacune est divis\u00e9e en folioles elles-m\u00eame divis\u00e9es en minuscules foliolules. Sa rusticit\u00e9 n&rsquo;exc\u00e8de pas -6\u00b0C, mais sa r\u00e9sistance \u00e0 la s\u00e9cheresse estivale est excellente.<\/p>\n<p>Le Mimosa des fleuristes Gaulois Astier, lorsqu&rsquo;il est plant\u00e9 en pleine terre, en climat doux, peut \u00eatre plac\u00e9\u00a0<strong>en sujet isol\u00e9,\u00a0<\/strong>en haie ou en alignement,<strong>\u00a0en brise vue v\u00e9g\u00e9tal, en raison de son pouvoir occultant<\/strong>. On peut l&rsquo;associer \u00e0 d&rsquo;autres arbustes frileux d&rsquo;aspect exotique, comme les c\u00e9anothes persistants, le\u00a0<span lang=\"LA\">Caesalpinia gilliesii<\/span>, le\u00a0<span id=\"sous_titre_h1\">Jacaranda mimosifolia<\/span>\u00a0(Flamboyant bleu), le Sesbania punicea, les escallonias, callistemons, Grevillea robusta ou le Coleonema album.\u00a0<strong>On peut le cultiver en pot dans toute la France<\/strong>, en le prot\u00e9geant des gel\u00e9es hivernales dans une serre ou une v\u00e9randa tr\u00e8s peu chauff\u00e9e.<\/p>\n<p>Pour vos bouquets : cueillez les rameaux alors que les fleurs sont \u00e0 peine \u00e9closes. Plongez-les dans de l&rsquo;eau ti\u00e8de l\u00e9g\u00e8rement sucr\u00e9e et rajoutez r\u00e9guli\u00e8rement de l&rsquo;eau dans le vase. Placez votre bouquets dans une pi\u00e8ce pas trop chauff\u00e9e et sortez-le la nuit s&rsquo;il ne g\u00e8le pas.<\/p>\n<p>En cas de culture en pot, rempoter dans un grand contenant tous les deux ans, au printemps. Arroser de temps en temps, la motte ne devant pas s\u00e9cher compl\u00e8tement. Dans les r\u00e9gions froides, il sera hivern\u00e9 dans un local lumineux et frais mais hors gel.<\/p>\n<p>Lorsqu&rsquo;il pousse sur ses propres racines, l&rsquo;Acacia dealbata est tr\u00e8s r\u00e9sistant \u00e0 la s\u00e9cheresse et rustique jusqu&rsquo;\u00e0 -10\u00b0C en exposition abrit\u00e9e, repartant de souche m\u00eame si toutes ses parties a\u00e9riennes ont \u00e9t\u00e9 d\u00e9truites. En revanche, il tol\u00e8re mal la pr\u00e9sence de calcaire en exc\u00e8s dans le sol et drageonne \u00e9norm\u00e9ment. Il est alors pr\u00e9f\u00e9rable de ne pas installer le planter trop pr\u00e8s des fondations de la maison!<\/p>\n<p>Les ennemis de ce mimosa sont le psylle (faux-puceron) ainsi que la cicadelle pruineuse (<em>Metcalfa pruinosa)\u00a0<\/em>et la cochenille australienne (Icerya purchasi) blanche, duveteuse et cotonneuse, ces deux derniers insectes s\u00e9vissant plus sp\u00e9cifiquement dans le sud de notre pays. Pour limiter leur d\u00e9veloppement,\u00a0<strong>pulv\u00e9risez du purin d&rsquo;ortie ou du savon noir\u00a0dilu\u00e9 \u00e0 5%.<\/strong><\/p>\n<p><strong><span style=\"color: #0000ff;\">L&rsquo;oliveraie peut vous proposer\u00a0diff\u00e9rents\u00a0pots de\u00a0diff\u00e9rentes\u00a0couleurs pour vos plantes <\/span><\/strong><br \/>\n<strong><span style=\"color: #0000ff;\">Ainsi de vous livrer sur simple demande <\/span><\/strong><br \/>\n<strong><span style=\"color: #0000ff;\">Une photo de la plante command\u00e9e vous sera envoy\u00e9e par sms ou mail avant livraison ou retrait\u00a0<\/span><\/strong><\/p>\n<div><strong>Nous contacter pour toutes demandes de devis ou une vari\u00e9t\u00e9\u00a0sp\u00e9cifique nous avons un large choix de plantes a vous proposer<\/strong><\/div>\n<div><span style=\"color: #008000;\"><strong>Devis par mail : oliveraieducoudon@gmail.com ou TEL 0643095220<\/strong><\/span><\/div>\n<p>&nbsp;<\/p>\n","protected":false},"excerpt":{"rendered":"<p>MIMOSA GAULOIS L&rsquo;Acacia dealbata Gaulois Astier greff\u00e9 poss\u00e8de toutes les qualit\u00e9s du\u00a0Mimosa d&rsquo;hiver\u00a0ou\u00a0Mimosa des fleuristes, mais ne pr\u00e9sente pas le caract\u00e8re drageonnant qu&rsquo;on lui reproche \u00e0 juste titre lorsqu&rsquo;il pousse sur ses propres racines. Il pr\u00e9sente \u00e9galement l&rsquo;avantage de tr\u00e8s bien tol\u00e9rer sols calcaires. Son seul point faible est la\u00a0 faible rusticit\u00e9 de son porte-greffe [&hellip;]<\/p>\n","protected":false},"featured_media":16137,"comment_status":"open","ping_status":"closed","template":"","meta":{"om_disable_all_campaigns":false,"_monsterinsights_skip_tracking":false,"_monsterinsights_sitenote_active":false,"_monsterinsights_sitenote_note":"","_monsterinsights_sitenote_category":0,"ocean_post_layout":"","ocean_both_sidebars_style":"","ocean_both_sidebars_content_width":0,"ocean_both_sidebars_sidebars_width":0,"ocean_sidebar":"0","ocean_second_sidebar":"0","ocean_disable_margins":"enable","ocean_add_body_class":"","ocean_shortcode_before_top_bar":"","ocean_shortcode_after_top_bar":"","ocean_shortcode_before_header":"","ocean_shortcode_after_header":"","ocean_has_shortcode":"","ocean_shortcode_after_title":"","ocean_shortcode_before_footer_widgets":"","ocean_shortcode_after_footer_widgets":"","ocean_shortcode_before_footer_bottom":"","ocean_shortcode_after_footer_bottom":"","ocean_display_top_bar":"default","ocean_display_header":"default","ocean_header_style":"","ocean_center_header_left_menu":"0","ocean_custom_header_template":"0","ocean_custom_logo":0,"ocean_custom_retina_logo":0,"ocean_custom_logo_max_width":0,"ocean_custom_logo_tablet_max_width":0,"ocean_custom_logo_mobile_max_width":0,"ocean_custom_logo_max_height":0,"ocean_custom_logo_tablet_max_height":0,"ocean_custom_logo_mobile_max_height":0,"ocean_header_custom_menu":"0","ocean_menu_typo_font_family":"0","ocean_menu_typo_font_subset":"","ocean_menu_typo_font_size":0,"ocean_menu_typo_font_size_tablet":0,"ocean_menu_typo_font_size_mobile":0,"ocean_menu_typo_font_size_unit":"px","ocean_menu_typo_font_weight":"","ocean_menu_typo_font_weight_tablet":"","ocean_menu_typo_font_weight_mobile":"","ocean_menu_typo_transform":"","ocean_menu_typo_transform_tablet":"","ocean_menu_typo_transform_mobile":"","ocean_menu_typo_line_height":0,"ocean_menu_typo_line_height_tablet":0,"ocean_menu_typo_line_height_mobile":0,"ocean_menu_typo_line_height_unit":"","ocean_menu_typo_spacing":0,"ocean_menu_typo_spacing_tablet":0,"ocean_menu_typo_spacing_mobile":0,"ocean_menu_typo_spacing_unit":"","ocean_menu_link_color":"","ocean_menu_link_color_hover":"","ocean_menu_link_color_active":"","ocean_menu_link_background":"","ocean_menu_link_hover_background":"","ocean_menu_link_active_background":"","ocean_menu_social_links_bg":"","ocean_menu_social_hover_links_bg":"","ocean_menu_social_links_color":"","ocean_menu_social_hover_links_color":"","ocean_disable_title":"default","ocean_disable_heading":"default","ocean_post_title":"","ocean_post_subheading":"","ocean_post_title_style":"","ocean_post_title_background_color":"","ocean_post_title_background":0,"ocean_post_title_bg_image_position":"","ocean_post_title_bg_image_attachment":"","ocean_post_title_bg_image_repeat":"","ocean_post_title_bg_image_size":"","ocean_post_title_height":0,"ocean_post_title_bg_overlay":0.5,"ocean_post_title_bg_overlay_color":"","ocean_disable_breadcrumbs":"default","ocean_breadcrumbs_color":"","ocean_breadcrumbs_separator_color":"","ocean_breadcrumbs_links_color":"","ocean_breadcrumbs_links_hover_color":"","ocean_display_footer_widgets":"default","ocean_display_footer_bottom":"default","ocean_custom_footer_template":"0"},"product_brand":[],"product_cat":[68],"product_tag":[],"class_list":{"0":"post-16136","1":"product","2":"type-product","3":"status-publish","4":"has-post-thumbnail","6":"product_cat-les-arbres","7":"product_shipping_class-produits-non-livrables","9":"entry","10":"has-media","12":"first","13":"instock","14":"taxable","15":"shipping-taxable","16":"purchasable","17":"product-type-variable","18":"has-product-nav","19":"col","20":"span_1_of_4","21":"owp-content-center","22":"owp-thumbs-layout-horizontal","23":"owp-btn-big","24":"owp-tabs-layout-vertical"},"aioseo_notices":[],"jetpack_sharing_enabled":true,"_links":{"self":[{"href":"https:\/\/oliveraieducoudon.com\/index.php?rest_route=\/wp\/v2\/product\/16136","targetHints":{"allow":["GET"]}}],"collection":[{"href":"https:\/\/oliveraieducoudon.com\/index.php?rest_route=\/wp\/v2\/product"}],"about":[{"href":"https:\/\/oliveraieducoudon.com\/index.php?rest_route=\/wp\/v2\/types\/product"}],"replies":[{"embeddable":true,"href":"https:\/\/oliveraieducoudon.com\/index.php?rest_route=%2Fwp%2Fv2%2Fcomments&post=16136"}],"wp:featuredmedia":[{"embeddable":true,"href":"https:\/\/oliveraieducoudon.com\/index.php?rest_route=\/wp\/v2\/media\/16137"}],"wp:attachment":[{"href":"https:\/\/oliveraieducoudon.com\/index.php?rest_route=%2Fwp%2Fv2%2Fmedia&parent=16136"}],"wp:term":[{"taxonomy":"product_brand","embeddable":true,"href":"https:\/\/oliveraieducoudon.com\/index.php?rest_route=%2Fwp%2Fv2%2Fproduct_brand&post=16136"},{"taxonomy":"product_cat","embeddable":true,"href":"https:\/\/oliveraieducoudon.com\/index.php?rest_route=%2Fwp%2Fv2%2Fproduct_cat&post=16136"},{"taxonomy":"product_tag","embeddable":true,"href":"https:\/\/oliveraieducoudon.com\/index.php?rest_route=%2Fwp%2Fv2%2Fproduct_tag&post=16136"}],"curies":[{"name":"wp","href":"https:\/\/api.w.org\/{rel}","templated":true}]}}