{"id":16015,"date":"2023-11-12T14:27:49","date_gmt":"2023-11-12T13:27:49","guid":{"rendered":"https:\/\/oliveraieducoudon.com\/?post_type=product&#038;p=16015"},"modified":"2025-11-11T17:37:37","modified_gmt":"2025-11-11T16:37:37","slug":"les-lauriers-roses","status":"publish","type":"product","link":"https:\/\/oliveraieducoudon.com\/?product=les-lauriers-roses","title":{"rendered":"LES LAURIERS ROSES"},"content":{"rendered":"<p><span style=\"color: #ff00ff;\"><em><strong>LES LAURIERS ROSES<\/strong><\/em><\/span><\/p>\n<p>Le laurier-rose est un arbuste d&rsquo;environ 2 m\u00e8tres de hauteur mais il peut mesurer plus de 4 m\u00e8tres de haut si on le forme en arbre. Les feuilles sont persistantes, plut\u00f4t coriaces, allong\u00e9es et fusiformes, les feuilles du laurier-rose sont verticill\u00e9es (c\u2019est-\u00e0-dire ins\u00e9r\u00e9es au m\u00eame niveau, par groupe de 3, en cercle autour des tiges) ou oppos\u00e9es sur les rameaux. Longues de 5 \u00e0 20 cm, elles sont coriaces, d\u2019un vert fonc\u00e9 brillant sur le dessus et de couleur vert p\u00e2le et terne sur le dessous<\/p>\n<p>Le laurier-rose est un habitu\u00e9 des d\u00e9cors m\u00e9diterran\u00e9ens. Dans les autres r\u00e9gions \u00e0 climat chaud et sec, on peut sans probl\u00e8me le cultiver <strong>en pleine terre<\/strong> dans un massif ou pour former une haie libre.<\/p>\n<p>Par contre, l\u00e0 o\u00f9 le climat est plus frais et o\u00f9 il est fr\u00e9quent de descendre en-dessous de 0\u00b0, le laurier rose ne pourra survivre <strong>qu\u2019en bac<\/strong>, il aura alors sa place sur une terrasse ou un balcon. En effet, la plupart des <em>Nerium oleander <\/em>meurent en-dessous de -5\u00b0. Vous pouvez n\u00e9anmoins choisir des vari\u00e9t\u00e9s plus rustiques.<\/p>\n<p>Il est assez tol\u00e9rant en ce qui concerne le sol, \u00e0 partir du moment o\u00f9 il est bien drain\u00e9, mais son d\u00e9veloppement sera plus g\u00e9n\u00e9reux dans un sol riche et profond, frais en profondeur. Il tol\u00e8re tr\u00e8s bien les sols calcaires. Vous lui proposerez un emplacement au soleil, voire \u00e0 mi-ombre, dans un endroit abrit\u00e9 du vent et surtout du froid.<\/p>\n<p>Sa plantation peut \u00eatre effectu\u00e9e entre les mois d\u2019octobre et avril, plut\u00f4t en automne dans les r\u00e9gions \u00e0 hivers doux, et au printemps l\u00e0 o\u00f9 les hivers sont froids.<\/p>\n<p>En pot, le m\u00e9lange de terre id\u00e9al est : terreau de fumier, terre de jardin et sable par tiers. Vous pouvez \u00e9galement utiliser un terreau pour plantes m\u00e9diterran\u00e9ennes.<\/p>\n<p>Vous ferez tremper la motte avant de mettre l\u2019arbuste en place dans un trou de 50 cm en tout sens (ou dans un pot de m\u00eame volume). Pensez \u00e0 la couche de drainage pour une plantation en sol argileux ou en pot (perc\u00e9 bien s\u00fbr). Placez la motte et compl\u00e9tez avec le substrat pr\u00e9par\u00e9. Tassez et arrosez copieusement avant de pailler.<\/p>\n<p><strong><span style=\"color: #0000ff;\">L&rsquo;oliveraie peut vous proposer\u00a0diff\u00e9rents\u00a0pots de\u00a0diff\u00e9rentes\u00a0couleurs pour vos plantes <\/span><\/strong><br \/>\n<strong><span style=\"color: #0000ff;\">Ainsi de vous livrer sur simple demande <\/span><\/strong><br \/>\n<strong><span style=\"color: #0000ff;\">Une photo de la plante command\u00e9e vous sera envoy\u00e9e par sms ou mail avant livraison ou retrait\u00a0<\/span><\/strong><\/p>\n<div><strong>Nous contacter pour toutes demandes de devis ou une vari\u00e9t\u00e9\u00a0sp\u00e9cifique nous avons un large choix de plantes a vous proposer<\/strong><\/div>\n<div><span style=\"color: #008000;\"><strong>Devis par mail : oliveraieducoudon@gmail.com ou TEL 0643095220<\/strong><\/span><\/div>\n<p>&nbsp;<\/p>\n","protected":false},"excerpt":{"rendered":"<p>LES LAURIERS ROSES Le laurier-rose est un arbuste d&rsquo;environ 2 m\u00e8tres de hauteur mais il peut mesurer plus de 4 m\u00e8tres de haut si on le forme en arbre. Les feuilles sont persistantes, plut\u00f4t coriaces, allong\u00e9es et fusiformes, les feuilles du laurier-rose sont verticill\u00e9es (c\u2019est-\u00e0-dire ins\u00e9r\u00e9es au m\u00eame niveau, par groupe de 3, en cercle [&hellip;]<\/p>\n","protected":false},"featured_media":16025,"comment_status":"open","ping_status":"closed","template":"","meta":{"om_disable_all_campaigns":false,"_monsterinsights_skip_tracking":false,"_monsterinsights_sitenote_active":false,"_monsterinsights_sitenote_note":"","_monsterinsights_sitenote_category":0,"ocean_post_layout":"","ocean_both_sidebars_style":"","ocean_both_sidebars_content_width":0,"ocean_both_sidebars_sidebars_width":0,"ocean_sidebar":"0","ocean_second_sidebar":"0","ocean_disable_margins":"enable","ocean_add_body_class":"","ocean_shortcode_before_top_bar":"","ocean_shortcode_after_top_bar":"","ocean_shortcode_before_header":"","ocean_shortcode_after_header":"","ocean_has_shortcode":"","ocean_shortcode_after_title":"","ocean_shortcode_before_footer_widgets":"","ocean_shortcode_after_footer_widgets":"","ocean_shortcode_before_footer_bottom":"","ocean_shortcode_after_footer_bottom":"","ocean_display_top_bar":"default","ocean_display_header":"default","ocean_header_style":"","ocean_center_header_left_menu":"0","ocean_custom_header_template":"0","ocean_custom_logo":0,"ocean_custom_retina_logo":0,"ocean_custom_logo_max_width":0,"ocean_custom_logo_tablet_max_width":0,"ocean_custom_logo_mobile_max_width":0,"ocean_custom_logo_max_height":0,"ocean_custom_logo_tablet_max_height":0,"ocean_custom_logo_mobile_max_height":0,"ocean_header_custom_menu":"0","ocean_menu_typo_font_family":"0","ocean_menu_typo_font_subset":"","ocean_menu_typo_font_size":0,"ocean_menu_typo_font_size_tablet":0,"ocean_menu_typo_font_size_mobile":0,"ocean_menu_typo_font_size_unit":"px","ocean_menu_typo_font_weight":"","ocean_menu_typo_font_weight_tablet":"","ocean_menu_typo_font_weight_mobile":"","ocean_menu_typo_transform":"","ocean_menu_typo_transform_tablet":"","ocean_menu_typo_transform_mobile":"","ocean_menu_typo_line_height":0,"ocean_menu_typo_line_height_tablet":0,"ocean_menu_typo_line_height_mobile":0,"ocean_menu_typo_line_height_unit":"","ocean_menu_typo_spacing":0,"ocean_menu_typo_spacing_tablet":0,"ocean_menu_typo_spacing_mobile":0,"ocean_menu_typo_spacing_unit":"","ocean_menu_link_color":"","ocean_menu_link_color_hover":"","ocean_menu_link_color_active":"","ocean_menu_link_background":"","ocean_menu_link_hover_background":"","ocean_menu_link_active_background":"","ocean_menu_social_links_bg":"","ocean_menu_social_hover_links_bg":"","ocean_menu_social_links_color":"","ocean_menu_social_hover_links_color":"","ocean_disable_title":"default","ocean_disable_heading":"default","ocean_post_title":"","ocean_post_subheading":"","ocean_post_title_style":"","ocean_post_title_background_color":"","ocean_post_title_background":0,"ocean_post_title_bg_image_position":"","ocean_post_title_bg_image_attachment":"","ocean_post_title_bg_image_repeat":"","ocean_post_title_bg_image_size":"","ocean_post_title_height":0,"ocean_post_title_bg_overlay":0.5,"ocean_post_title_bg_overlay_color":"","ocean_disable_breadcrumbs":"default","ocean_breadcrumbs_color":"","ocean_breadcrumbs_separator_color":"","ocean_breadcrumbs_links_color":"","ocean_breadcrumbs_links_hover_color":"","ocean_display_footer_widgets":"default","ocean_display_footer_bottom":"default","ocean_custom_footer_template":"0"},"product_brand":[],"product_cat":[65],"product_tag":[],"class_list":{"0":"post-16015","1":"product","2":"type-product","3":"status-publish","4":"has-post-thumbnail","6":"product_cat-les-lauriers-roses","7":"product_shipping_class-produits-non-livrables","9":"entry","10":"has-media","12":"first","13":"instock","14":"taxable","15":"shipping-taxable","16":"purchasable","17":"product-type-variable","18":"has-product-nav","19":"col","20":"span_1_of_4","21":"owp-content-center","22":"owp-thumbs-layout-horizontal","23":"owp-btn-big","24":"owp-tabs-layout-vertical"},"aioseo_notices":[],"jetpack_sharing_enabled":true,"_links":{"self":[{"href":"https:\/\/oliveraieducoudon.com\/index.php?rest_route=\/wp\/v2\/product\/16015","targetHints":{"allow":["GET"]}}],"collection":[{"href":"https:\/\/oliveraieducoudon.com\/index.php?rest_route=\/wp\/v2\/product"}],"about":[{"href":"https:\/\/oliveraieducoudon.com\/index.php?rest_route=\/wp\/v2\/types\/product"}],"replies":[{"embeddable":true,"href":"https:\/\/oliveraieducoudon.com\/index.php?rest_route=%2Fwp%2Fv2%2Fcomments&post=16015"}],"wp:featuredmedia":[{"embeddable":true,"href":"https:\/\/oliveraieducoudon.com\/index.php?rest_route=\/wp\/v2\/media\/16025"}],"wp:attachment":[{"href":"https:\/\/oliveraieducoudon.com\/index.php?rest_route=%2Fwp%2Fv2%2Fmedia&parent=16015"}],"wp:term":[{"taxonomy":"product_brand","embeddable":true,"href":"https:\/\/oliveraieducoudon.com\/index.php?rest_route=%2Fwp%2Fv2%2Fproduct_brand&post=16015"},{"taxonomy":"product_cat","embeddable":true,"href":"https:\/\/oliveraieducoudon.com\/index.php?rest_route=%2Fwp%2Fv2%2Fproduct_cat&post=16015"},{"taxonomy":"product_tag","embeddable":true,"href":"https:\/\/oliveraieducoudon.com\/index.php?rest_route=%2Fwp%2Fv2%2Fproduct_tag&post=16015"}],"curies":[{"name":"wp","href":"https:\/\/api.w.org\/{rel}","templated":true}]}}