{"id":15953,"date":"2023-11-12T11:51:33","date_gmt":"2023-11-12T10:51:33","guid":{"rendered":"https:\/\/oliveraieducoudon.com\/?post_type=product&#038;p=15953"},"modified":"2023-11-21T10:57:01","modified_gmt":"2023-11-21T09:57:01","slug":"washingtonia-robusta","status":"publish","type":"product","link":"https:\/\/oliveraieducoudon.com\/?product=washingtonia-robusta","title":{"rendered":"WASHINGTONIA ROBUSTA"},"content":{"rendered":"<p><em><strong><span style=\"color: #008000;\">WASHINGTONIA ROBUSTA<\/span><\/strong><\/em><\/p>\n<p>Le\u00a0<strong>Washingtonia robusta<\/strong>\u00a0est un grand palmier au\u00a0<strong>port tr\u00e8s \u00e9lanc\u00e9 et plein de prestance<\/strong>, originaire du Nord-ouest du Mexique. Il se distingue par une croissance tr\u00e8s rapide et par un port plein de prestance. Son tronc, fin et \u00e9lanc\u00e9, est surmont\u00e9 d&rsquo;une couronne de grandes feuilles palm\u00e9es, en \u00e9ventail, presque rondes. On le reconnait aussi au &lsquo;jupon&rsquo; de feuilles mortes et grises qui enrobent le haut du tronc. Appr\u00e9ci\u00e9 \u00e9galement pour sa frugalit\u00e9, mais peu rustique, on le r\u00e9servera aux climats doux. Il tol\u00e8re les embruns et r\u00e9siste bien \u00e0 la s\u00e9cheresse estivale.<\/p>\n<p>Le Washingtonia robusta appartient \u00e0 la famille des ar\u00e9cac\u00e9es, c&rsquo;est une esp\u00e8ce botanique proche du Washingtonia filifera, au port un peu moins \u00e9lev\u00e9 et au tronc plus trapu. Il est originaire du Sonora, une r\u00e9gion d\u00e9sertique couvrant le Nord du Mexique et la basse Californie, o\u00f9 il cro\u00eet spontan\u00e9ment dans les lieux arides et au fond des canyons, l\u00e0 o\u00f9 l&rsquo;eau est disponible en profondeur. Ce palmier qui pourra atteindre 25 m de hauteur, est port\u00e9 par un tronc de 80 cm de diam\u00e8tre, mais son feuillage dispos\u00e9 en couronne terminale n&rsquo;occupera pas plus de 3 m d&rsquo;envergure. Le stipe, \u00e9largi \u00e0 la base, semble interminable. Il se ramifie au sommet, sous forme de p\u00e9tioles longs de 1.50 m, \u00e0 base rouge\u00e2tre, pourvus de dents piquantes, de couleur brun-orang\u00e9. Chaque p\u00e9tiole porte une grande feuilles circulaires, de 80 cmde diam\u00e8tre, vert brillant, dont les bords sont d\u00e9coup\u00e9s en segments \u00e9troits. Sur les sujets ayant atteint une certaine taille, les limbes pr\u00e9sentent au point de rencontre des segments et du p\u00e9tiole une tache claire assez visible de dessous. Le &lsquo;jupon&rsquo; apparent en haut du tronc est form\u00e9 de p\u00e9tioles dess\u00e9ch\u00e9s et retombants qui perdurent longtemps sur la plante. La floraison, spectaculaire, n&rsquo;a lieu qu&rsquo;en ext\u00e9rieur, en \u00e9t\u00e9, sous la forme\u00a0<span class=\"texte\">de longues inflorescences (jusqu\u2019\u00e0 4 m\u00e8tres), arqu\u00e9es qui d\u00e9passent de plus d\u2019un m\u00e8tre la couronne. Les fleurs, tr\u00e8s nombreuses, de couleur cr\u00e8me \u00e0 chair, sont suivies par la formation d-innombrables petits fruits ronds, noirs et brillants, contenant chacun une graine lisse et brillante de couleur marron fonc\u00e9.<\/span><\/p>\n<p align=\"justify\">Tr\u00e8s appr\u00e9ci\u00e9 comme arbre d&rsquo;alignement en bord de mer et en climat doux, le Washingtonia robusta fait partie,<span class=\"texte\">\u00a0avec le Washingtonia filifera et le Phoenix canariensis, des esp\u00e8ces de palmier d&rsquo;ornement les plus couramment cultiv\u00e9s depuis le Tropiques jusqu&rsquo;aux aux pays temp\u00e9r\u00e9s. Irrempla\u00e7able et prestigieux, en climat doux, il\u00a0<\/span>peut \u00e9galement \u00eatre cultiv\u00e9 ailleurs dans un grand bac, que l&rsquo;on remisera l&rsquo;hiver dans un local frais, lumineux et a\u00e9r\u00e9. Install\u00e9 pr\u00e8s d&rsquo;une entr\u00e9e, ou de part et d&rsquo;autre d&rsquo;un portail, plant\u00e9 en isol\u00e9 pr\u00e8s d&rsquo;une piscine, il sera superbe. Comme les Eucalyptus et les grands mimosas, en fond de massif, il forme une toile de fond typique des jardins bordant la m\u00e9diterran\u00e9e ou les c\u00f4tes atlantiques du sud de la France.<\/p>\n<h2 class=\"mb-4 text-xl xs:text-2xl lg:text-3xl font-bold leading-tight\">Plantations et soins<\/h2>\n<div class=\"grid grid-cols-1 md:grid-cols-2 gap-4 md:gap-8 lg:gap-12 xl:gap-16 w-full\">\n<div class=\"overflow-hidden\">\n<div class=\"prose max-w-max\">\n<p>Ce palmier montre une croissance tr\u00e8s rapide. Plantez-le Washingtonia robusta en pleine terre en climats doux, ou dans un tr\u00e8s grand pot dans les autres r\u00e9gions. Installez-le dans un sol bien travaill\u00e9, drain\u00e9, m\u00eame pauvre et sec en surface. Il est indiff\u00e9rent \u00e0 la nature du sol, mais montre une pr\u00e9f\u00e9rence pour les terres calcaires (ou alcalines) comme beaucoup de palmiers originaires des zones arides. Il supporte bien la s\u00e9cheresse une fois \u00e9tabli. L&rsquo;id\u00e9al est la plantation dans un m\u00e9lange \u00e9quilibr\u00e9 de terreau et terre de jardin. Installez-le en situation ensoleill\u00e9e et prot\u00e9g\u00e9 des vents froids et secs.\u00a0 Arrosez r\u00e9guli\u00e8rement les 3 premi\u00e8res ann\u00e9es, en particulier si l&rsquo;\u00e9t\u00e9 est sec. De culture facile, il ne demande que peu d&rsquo;entretien si ce n&rsquo;est la taille \u00e0 ras du stipe des palmes les plus \u00e2g\u00e9es.<\/p>\n<p>Dans la r\u00e9gion PACA, o\u00f9 ils sont souvent plant\u00e9s, ainsi que dans tout le sud de la France et en Espagne, les Washingtonia sont victimes de parasites comme le ver du\u00a0 redoutable et tr\u00e8s r\u00e9pandu Paysandra archon, un grand papillon qui s\u00e9vit jusqu&rsquo;en Angleterre. Des traitement sp\u00e9cifiques sont aujourd&rsquo;hui disponibles, \u00e0 titre pr\u00e9ventif.<\/p>\n<\/div>\n<\/div>\n<\/div>\n<p><strong><span style=\"color: #0000ff;\">L&rsquo;oliveraie peut vous proposer\u00a0diff\u00e9rents\u00a0pots de\u00a0diff\u00e9rentes\u00a0couleurs pour vos plantes <\/span><\/strong><br \/>\n<strong><span style=\"color: #0000ff;\">Ainsi de vous livrer sur simple demande <\/span><\/strong><br \/>\n<strong><span style=\"color: #0000ff;\">Une photo de la plante command\u00e9e vous sera envoy\u00e9e par sms ou mail avant livraison ou retrait\u00a0<\/span><\/strong><\/p>\n<div><strong>Nous contacter pour toutes demandes de devis ou une vari\u00e9t\u00e9\u00a0sp\u00e9cifique nous avons un large choix de plantes a vous proposer<\/strong><\/div>\n<div><span style=\"color: #008000;\"><strong>Devis par mail : oliveraieducoudon@gmail.com ou TEL 0643095220<\/strong><\/span><\/div>\n<p>&nbsp;<\/p>\n","protected":false},"excerpt":{"rendered":"<p>WASHINGTONIA ROBUSTA Le\u00a0Washingtonia robusta\u00a0est un grand palmier au\u00a0port tr\u00e8s \u00e9lanc\u00e9 et plein de prestance, originaire du Nord-ouest du Mexique. Il se distingue par une croissance tr\u00e8s rapide et par un port plein de prestance. Son tronc, fin et \u00e9lanc\u00e9, est surmont\u00e9 d&rsquo;une couronne de grandes feuilles palm\u00e9es, en \u00e9ventail, presque rondes. On le reconnait aussi [&hellip;]<\/p>\n","protected":false},"featured_media":15960,"comment_status":"open","ping_status":"closed","template":"","meta":{"om_disable_all_campaigns":false,"_monsterinsights_skip_tracking":false,"_monsterinsights_sitenote_active":false,"_monsterinsights_sitenote_note":"","_monsterinsights_sitenote_category":0,"ocean_post_layout":"","ocean_both_sidebars_style":"","ocean_both_sidebars_content_width":0,"ocean_both_sidebars_sidebars_width":0,"ocean_sidebar":"0","ocean_second_sidebar":"0","ocean_disable_margins":"enable","ocean_add_body_class":"","ocean_shortcode_before_top_bar":"","ocean_shortcode_after_top_bar":"","ocean_shortcode_before_header":"","ocean_shortcode_after_header":"","ocean_has_shortcode":"","ocean_shortcode_after_title":"","ocean_shortcode_before_footer_widgets":"","ocean_shortcode_after_footer_widgets":"","ocean_shortcode_before_footer_bottom":"","ocean_shortcode_after_footer_bottom":"","ocean_display_top_bar":"default","ocean_display_header":"default","ocean_header_style":"","ocean_center_header_left_menu":"0","ocean_custom_header_template":"0","ocean_custom_logo":0,"ocean_custom_retina_logo":0,"ocean_custom_logo_max_width":0,"ocean_custom_logo_tablet_max_width":0,"ocean_custom_logo_mobile_max_width":0,"ocean_custom_logo_max_height":0,"ocean_custom_logo_tablet_max_height":0,"ocean_custom_logo_mobile_max_height":0,"ocean_header_custom_menu":"0","ocean_menu_typo_font_family":"0","ocean_menu_typo_font_subset":"","ocean_menu_typo_font_size":0,"ocean_menu_typo_font_size_tablet":0,"ocean_menu_typo_font_size_mobile":0,"ocean_menu_typo_font_size_unit":"px","ocean_menu_typo_font_weight":"","ocean_menu_typo_font_weight_tablet":"","ocean_menu_typo_font_weight_mobile":"","ocean_menu_typo_transform":"","ocean_menu_typo_transform_tablet":"","ocean_menu_typo_transform_mobile":"","ocean_menu_typo_line_height":0,"ocean_menu_typo_line_height_tablet":0,"ocean_menu_typo_line_height_mobile":0,"ocean_menu_typo_line_height_unit":"","ocean_menu_typo_spacing":0,"ocean_menu_typo_spacing_tablet":0,"ocean_menu_typo_spacing_mobile":0,"ocean_menu_typo_spacing_unit":"","ocean_menu_link_color":"","ocean_menu_link_color_hover":"","ocean_menu_link_color_active":"","ocean_menu_link_background":"","ocean_menu_link_hover_background":"","ocean_menu_link_active_background":"","ocean_menu_social_links_bg":"","ocean_menu_social_hover_links_bg":"","ocean_menu_social_links_color":"","ocean_menu_social_hover_links_color":"","ocean_disable_title":"default","ocean_disable_heading":"default","ocean_post_title":"","ocean_post_subheading":"","ocean_post_title_style":"","ocean_post_title_background_color":"","ocean_post_title_background":0,"ocean_post_title_bg_image_position":"","ocean_post_title_bg_image_attachment":"","ocean_post_title_bg_image_repeat":"","ocean_post_title_bg_image_size":"","ocean_post_title_height":0,"ocean_post_title_bg_overlay":0.5,"ocean_post_title_bg_overlay_color":"","ocean_disable_breadcrumbs":"default","ocean_breadcrumbs_color":"","ocean_breadcrumbs_separator_color":"","ocean_breadcrumbs_links_color":"","ocean_breadcrumbs_links_hover_color":"","ocean_display_footer_widgets":"default","ocean_display_footer_bottom":"default","ocean_custom_footer_template":"0"},"product_brand":[],"product_cat":[64],"product_tag":[],"class_list":{"0":"post-15953","1":"product","2":"type-product","3":"status-publish","4":"has-post-thumbnail","6":"product_cat-les-palmiers","7":"product_shipping_class-produits-non-livrables","9":"entry","10":"has-media","12":"first","13":"instock","14":"taxable","15":"shipping-taxable","16":"purchasable","17":"product-type-variable","18":"has-product-nav","19":"col","20":"span_1_of_4","21":"owp-content-center","22":"owp-thumbs-layout-horizontal","23":"owp-btn-big","24":"owp-tabs-layout-vertical"},"aioseo_notices":[],"jetpack_sharing_enabled":true,"_links":{"self":[{"href":"https:\/\/oliveraieducoudon.com\/index.php?rest_route=\/wp\/v2\/product\/15953","targetHints":{"allow":["GET"]}}],"collection":[{"href":"https:\/\/oliveraieducoudon.com\/index.php?rest_route=\/wp\/v2\/product"}],"about":[{"href":"https:\/\/oliveraieducoudon.com\/index.php?rest_route=\/wp\/v2\/types\/product"}],"replies":[{"embeddable":true,"href":"https:\/\/oliveraieducoudon.com\/index.php?rest_route=%2Fwp%2Fv2%2Fcomments&post=15953"}],"wp:featuredmedia":[{"embeddable":true,"href":"https:\/\/oliveraieducoudon.com\/index.php?rest_route=\/wp\/v2\/media\/15960"}],"wp:attachment":[{"href":"https:\/\/oliveraieducoudon.com\/index.php?rest_route=%2Fwp%2Fv2%2Fmedia&parent=15953"}],"wp:term":[{"taxonomy":"product_brand","embeddable":true,"href":"https:\/\/oliveraieducoudon.com\/index.php?rest_route=%2Fwp%2Fv2%2Fproduct_brand&post=15953"},{"taxonomy":"product_cat","embeddable":true,"href":"https:\/\/oliveraieducoudon.com\/index.php?rest_route=%2Fwp%2Fv2%2Fproduct_cat&post=15953"},{"taxonomy":"product_tag","embeddable":true,"href":"https:\/\/oliveraieducoudon.com\/index.php?rest_route=%2Fwp%2Fv2%2Fproduct_tag&post=15953"}],"curies":[{"name":"wp","href":"https:\/\/api.w.org\/{rel}","templated":true}]}}