{"id":15869,"date":"2023-11-11T19:46:59","date_gmt":"2023-11-11T18:46:59","guid":{"rendered":"https:\/\/oliveraieducoudon.com\/?post_type=product&#038;p=15869"},"modified":"2025-06-23T14:48:46","modified_gmt":"2025-06-23T12:48:46","slug":"photinia-red-robin","status":"publish","type":"product","link":"https:\/\/oliveraieducoudon.com\/?product=photinia-red-robin","title":{"rendered":"PHOTINIA RED ROBIN"},"content":{"rendered":"<p><em><strong><span style=\"color: #ff00ff;\">PHOTINIA RED ROBIN<\/span><\/strong><\/em><\/p>\n<div class=\"c-wysiwyg\">\n<p>Le\u00a0<strong>Photinia Red Robin<\/strong>\u00a0est un arbuste incontournable des haies modernes pour les jardins. Il est d\u00e9coratif par son beau feuillage rouge et sa floraison printani\u00e8re.<\/p>\n<p>Le\u00a0 laurier \u00e0 feuilles rouges est un grand arbuste remarquable par son feuillage persistant vert et rouge et sa floraison printani\u00e8re. Il garde en effet ses feuilles\u00a0tout l&rsquo;hiver. Une haie de cet arbuste est facile \u00e0 entretenir et permet de bien se cacher des voisins.<br \/>\nLe\u00a0<strong>Photinia<\/strong>\u00a0(\u00e0 prononcer \u00ab\u00a0Fotinia\u00a0\u00bb) est devenu la\u00a0<strong>plante de haie<\/strong>\u00a0la plus utilis\u00e9e dans les jardins particuliers et les espaces verts paysagers. Il en existe de nombreuses vari\u00e9t\u00e9s, mais c&rsquo;est le Red Robin qui est le plus connu.<\/p>\n<h3>Utilisation du Photinia Red Robin<\/h3>\n<p>C&rsquo;est une plante id\u00e9ale pour la plantation de haie taill\u00e9e ou haie libre. Son feuillage persistant en hiver permet de se cacher efficacement et de couper le vent.<br \/>\nSes jeunes pousses sont d\u2019un rouge intense. Elles deviennent vert fonc\u00e9 \u00e0 maturit\u00e9. Cette couleur tr\u00e8s originale n&rsquo;est pas courante parmi les diff\u00e9rentes plantes de haie ou de massif.<br \/>\nPour la cr\u00e9ation d&rsquo;une haie persistante taill\u00e9e, on plante les lauriers \u00e0 feuilles rouges tous les 0,80cm sur\u00a0<a href=\"https:\/\/www.leaderplant.com\/acheter-toile-paillage-2175.html\">une toile de paillage<\/a>. Pour un brise-vue sur un balcon ou une terrasse\u00a0 on pr\u00e9f\u00e9rera le photinia &lsquo;Carr\u00e9 rouge&rsquo; mieux adapt\u00e9 \u00e0 une culture en bac.<\/p>\n<p>Cette plante persistante\u00a0rentre dans la composition de la\u00a0Haie Persistante Rustique et Fleurie\u00a0: elle est id\u00e9ale par sa croissance rapide et sa taille adulte de 2.5 \u00e0 3m.<\/p>\n<\/div>\n<p>&nbsp;<\/p>\n<p><strong><span style=\"color: #0000ff;\">L&rsquo;oliveraie peut vous proposer\u00a0diff\u00e9rents\u00a0pots de\u00a0diff\u00e9rentes\u00a0couleurs pour vos plantes <\/span><\/strong><br \/>\n<strong><span style=\"color: #0000ff;\">Ainsi de vous livrer sur simple demande <\/span><\/strong><br \/>\n<strong><span style=\"color: #0000ff;\">Une photo de la plante command\u00e9e vous sera envoy\u00e9e par sms ou mail avant livraison ou retrait\u00a0<\/span><\/strong><\/p>\n","protected":false},"excerpt":{"rendered":"<p>PHOTINIA RED ROBIN Le\u00a0Photinia Red Robin\u00a0est un arbuste incontournable des haies modernes pour les jardins. Il est d\u00e9coratif par son beau feuillage rouge et sa floraison printani\u00e8re. Le\u00a0 laurier \u00e0 feuilles rouges est un grand arbuste remarquable par son feuillage persistant vert et rouge et sa floraison printani\u00e8re. Il garde en effet ses feuilles\u00a0tout l&rsquo;hiver. [&hellip;]<\/p>\n","protected":false},"featured_media":15885,"comment_status":"open","ping_status":"closed","template":"","meta":{"om_disable_all_campaigns":false,"_monsterinsights_skip_tracking":false,"_monsterinsights_sitenote_active":false,"_monsterinsights_sitenote_note":"","_monsterinsights_sitenote_category":0,"ocean_post_layout":"","ocean_both_sidebars_style":"","ocean_both_sidebars_content_width":0,"ocean_both_sidebars_sidebars_width":0,"ocean_sidebar":"0","ocean_second_sidebar":"0","ocean_disable_margins":"enable","ocean_add_body_class":"","ocean_shortcode_before_top_bar":"","ocean_shortcode_after_top_bar":"","ocean_shortcode_before_header":"","ocean_shortcode_after_header":"","ocean_has_shortcode":"","ocean_shortcode_after_title":"","ocean_shortcode_before_footer_widgets":"","ocean_shortcode_after_footer_widgets":"","ocean_shortcode_before_footer_bottom":"","ocean_shortcode_after_footer_bottom":"","ocean_display_top_bar":"default","ocean_display_header":"default","ocean_header_style":"","ocean_center_header_left_menu":"0","ocean_custom_header_template":"0","ocean_custom_logo":0,"ocean_custom_retina_logo":0,"ocean_custom_logo_max_width":0,"ocean_custom_logo_tablet_max_width":0,"ocean_custom_logo_mobile_max_width":0,"ocean_custom_logo_max_height":0,"ocean_custom_logo_tablet_max_height":0,"ocean_custom_logo_mobile_max_height":0,"ocean_header_custom_menu":"0","ocean_menu_typo_font_family":"0","ocean_menu_typo_font_subset":"","ocean_menu_typo_font_size":0,"ocean_menu_typo_font_size_tablet":0,"ocean_menu_typo_font_size_mobile":0,"ocean_menu_typo_font_size_unit":"px","ocean_menu_typo_font_weight":"","ocean_menu_typo_font_weight_tablet":"","ocean_menu_typo_font_weight_mobile":"","ocean_menu_typo_transform":"","ocean_menu_typo_transform_tablet":"","ocean_menu_typo_transform_mobile":"","ocean_menu_typo_line_height":0,"ocean_menu_typo_line_height_tablet":0,"ocean_menu_typo_line_height_mobile":0,"ocean_menu_typo_line_height_unit":"","ocean_menu_typo_spacing":0,"ocean_menu_typo_spacing_tablet":0,"ocean_menu_typo_spacing_mobile":0,"ocean_menu_typo_spacing_unit":"","ocean_menu_link_color":"","ocean_menu_link_color_hover":"","ocean_menu_link_color_active":"","ocean_menu_link_background":"","ocean_menu_link_hover_background":"","ocean_menu_link_active_background":"","ocean_menu_social_links_bg":"","ocean_menu_social_hover_links_bg":"","ocean_menu_social_links_color":"","ocean_menu_social_hover_links_color":"","ocean_disable_title":"default","ocean_disable_heading":"default","ocean_post_title":"","ocean_post_subheading":"","ocean_post_title_style":"","ocean_post_title_background_color":"","ocean_post_title_background":0,"ocean_post_title_bg_image_position":"","ocean_post_title_bg_image_attachment":"","ocean_post_title_bg_image_repeat":"","ocean_post_title_bg_image_size":"","ocean_post_title_height":0,"ocean_post_title_bg_overlay":0.5,"ocean_post_title_bg_overlay_color":"","ocean_disable_breadcrumbs":"default","ocean_breadcrumbs_color":"","ocean_breadcrumbs_separator_color":"","ocean_breadcrumbs_links_color":"","ocean_breadcrumbs_links_hover_color":"","ocean_display_footer_widgets":"default","ocean_display_footer_bottom":"default","ocean_custom_footer_template":"0"},"product_brand":[],"product_cat":[66],"product_tag":[],"class_list":{"0":"post-15869","1":"product","2":"type-product","3":"status-publish","4":"has-post-thumbnail","6":"product_cat-les-plantes-de-haie","7":"product_shipping_class-produits-non-livrables","9":"entry","10":"has-media","12":"first","13":"instock","14":"taxable","15":"shipping-taxable","16":"purchasable","17":"product-type-variable","18":"has-product-nav","19":"col","20":"span_1_of_4","21":"owp-content-center","22":"owp-thumbs-layout-horizontal","23":"owp-btn-big","24":"owp-tabs-layout-vertical"},"aioseo_notices":[],"jetpack_sharing_enabled":true,"_links":{"self":[{"href":"https:\/\/oliveraieducoudon.com\/index.php?rest_route=\/wp\/v2\/product\/15869","targetHints":{"allow":["GET"]}}],"collection":[{"href":"https:\/\/oliveraieducoudon.com\/index.php?rest_route=\/wp\/v2\/product"}],"about":[{"href":"https:\/\/oliveraieducoudon.com\/index.php?rest_route=\/wp\/v2\/types\/product"}],"replies":[{"embeddable":true,"href":"https:\/\/oliveraieducoudon.com\/index.php?rest_route=%2Fwp%2Fv2%2Fcomments&post=15869"}],"wp:featuredmedia":[{"embeddable":true,"href":"https:\/\/oliveraieducoudon.com\/index.php?rest_route=\/wp\/v2\/media\/15885"}],"wp:attachment":[{"href":"https:\/\/oliveraieducoudon.com\/index.php?rest_route=%2Fwp%2Fv2%2Fmedia&parent=15869"}],"wp:term":[{"taxonomy":"product_brand","embeddable":true,"href":"https:\/\/oliveraieducoudon.com\/index.php?rest_route=%2Fwp%2Fv2%2Fproduct_brand&post=15869"},{"taxonomy":"product_cat","embeddable":true,"href":"https:\/\/oliveraieducoudon.com\/index.php?rest_route=%2Fwp%2Fv2%2Fproduct_cat&post=15869"},{"taxonomy":"product_tag","embeddable":true,"href":"https:\/\/oliveraieducoudon.com\/index.php?rest_route=%2Fwp%2Fv2%2Fproduct_tag&post=15869"}],"curies":[{"name":"wp","href":"https:\/\/api.w.org\/{rel}","templated":true}]}}