{"id":15848,"date":"2023-11-11T19:11:08","date_gmt":"2023-11-11T18:11:08","guid":{"rendered":"https:\/\/oliveraieducoudon.com\/?post_type=product&#038;p=15848"},"modified":"2023-11-21T10:57:02","modified_gmt":"2023-11-21T09:57:02","slug":"mandarinier-satsuma","status":"publish","type":"product","link":"https:\/\/oliveraieducoudon.com\/?product=mandarinier-satsuma","title":{"rendered":"MANDARINIER SATSUMA"},"content":{"rendered":"<section class=\"elementor-element elementor-element-917a903 elementor-section-boxed elementor-section-height-default elementor-section-height-default elementor-section elementor-top-section\" data-id=\"917a903\" data-element_type=\"section\">\n<div class=\"elementor-container elementor-column-gap-wider\">\n<div class=\"elementor-row\">\n<div class=\"elementor-element elementor-element-42484dd elementor-column elementor-col-50 elementor-top-column\" data-id=\"42484dd\" data-element_type=\"column\">\n<div class=\"elementor-column-wrap elementor-element-populated\">\n<div class=\"elementor-widget-wrap\">\n<div class=\"elementor-element elementor-element-7281da0 lien-produit elementor-widget elementor-widget-product-description-short elementor-widget-text-editor\" data-id=\"7281da0\" data-element_type=\"widget\" data-widget_type=\"product-description-short.default\">\n<div class=\"elementor-widget-container\">\n<div class=\"ce-product-description-short\">\n<h2><span style=\"color: #ff6600;\"><em><strong>MANDARINIER Satsuma, le fruit du pays du soleil levant<\/strong><\/em><\/span><\/h2>\n<p><i>(doux et sans p\u00e9pins)\u00a0<\/i><\/p>\n<p>Pr\u00e9coces et odorantes, les petites\u00a0<b>fleurs blanches<\/b>\u00a0de l&rsquo;agrume apparaissent au d\u00e9but du printemps et sont suivies de belles\u00a0<strong>mandarines<\/strong>\u00a0au go\u00fbt doux et sans p\u00e9pins. Piqu\u00e9e de clou de girofle et pr\u00e8s d\u2019un radiateur,\u00a0<b>le fruit diffusera ses huiles essentielles<\/b>\u00a0dans votre int\u00e9rieur<\/p>\n<p>Originaire du Japon, le\u00a0<strong>satsuma<\/strong>, ou citrus unshiu, est un des rares<b>\u00a0agrumes\u00a0<\/b>\u00e0 r\u00e9sister au gel jusqu&rsquo;\u00e0 -10\u00b0C.<\/p>\n<\/div>\n<\/div>\n<\/div>\n<\/div>\n<\/div>\n<\/div>\n<\/div>\n<\/div>\n<\/section>\n<section class=\"elementor-element elementor-element-2bf8de3 elementor-widget-nav-menu elementor-section-tabbed elementor-nav--align-left elementor-section-stretched elementor-hidden-phone elementor-section-boxed elementor-section-height-default elementor-section-height-default elementor-section elementor-top-section\" data-id=\"2bf8de3\" data-element_type=\"section\" data-settings=\"{&quot;stretch_section&quot;:&quot;section-stretched&quot;,&quot;background_background&quot;:&quot;classic&quot;}\">\n<div class=\"elementor-container elementor-column-gap-default\">\n<div class=\"elementor-row\">\n<div class=\"elementor-element elementor-element-2dd8bdc elementor-column elementor-col-100 elementor-top-column elementor-active\" data-id=\"2dd8bdc\" data-element_type=\"column\">\n<div class=\"elementor-column-wrap elementor-element-populated\">\n<div class=\"elementor-widget-wrap\">\n<div class=\"elementor-element elementor-element-1d5e865 elementor-widget elementor-widget-product-description elementor-widget-text-editor\" data-id=\"1d5e865\" data-element_type=\"widget\" data-widget_type=\"product-description.default\">\n<div class=\"elementor-widget-container\">\n<div class=\"ce-product-description\">\n<h2>Satsuma,\u00a0une vari\u00e9t\u00e9 \u00e0 l&rsquo;excellente productivit\u00e9<\/h2>\n<p>Cette vari\u00e9t\u00e9 de\u00a0Mandarinier au port pleureur\u00a0produit de nombreux rameaux chaque ann\u00e9e. C&rsquo;est un\u00a0bel arbuste au feuillage persistant, vert fonc\u00e9.\u00a0Sa\u00a0floraison est tr\u00e8s abondante\u00a0en mars\/avril. Les fleurs comme les feuilles sont tr\u00e8s\u00a0parfum\u00e9es. Sa fructification est pr\u00e9coce : entre septembre et d\u00e9cembre. La mandarine Satsuma est un\u00a0fruit savoureux\u00a0:\u00a0juteuse, douce, sans p\u00e9pins, \u00e0 la pulpe orange intense.<\/p>\n<p>Les fruits restent plusieurs mois sur l&rsquo;arbre mais perdent de leur saveur. Nous vous conseillons de\u00a0cueillir les fruits au fur et \u00e0 mesure de leur maturit\u00e9.<\/p>\n<h3><strong>Conseils de culture du Satsuma<\/strong><\/h3>\n<p>R\u00e9sistant au froid : jusque -10\u00b0C, voir -12\u00b0C pendant quelques heures, le mandarinier Satsuma\u00a0peut \u00eatre plant\u00e9 en pleine terre dans les r\u00e9gions au climat assez doux et en r\u00e9gion m\u00e9diterran\u00e9enne.<\/p>\n<p>&#8211; Partout, il peut \u00eatre cultiv\u00e9 en pot ou en bac et hivern\u00e9, d&rsquo;octobre \u00e0 mars-avril, dans une v\u00e9randa ou une pi\u00e8ce claire hors gel, (id\u00e9alement une temp\u00e9rature d\u2019environ + 10\u00b0C).<\/p>\n<p>Il est possible de le rempoter tous les 2 \u00e0 3 ans dans un substrat sp\u00e9cial agrumes avec des billes d&rsquo;argile dans le fond du pot.<\/p>\n<p>Arroser r\u00e9guli\u00e8rement, pour garder le terreau toujours frais, mais sans tremper. R\u00e9duire l&rsquo;arrosage en hiver, attendre que le terreau s\u00e8che sur les 2 premiers cm de surface.<\/p>\n<p>L\u2019apport d\u2019un\u00a0engrais sp\u00e9cial agrume, r\u00e9guli\u00e8rement sauf en hiver, favorise la fructification et la beaut\u00e9 du feuillage.<\/p>\n<h3><strong>Usages culinaires de la mandarine Satsuma<\/strong><\/h3>\n<p>La mandarine Satsuma est\u00a0un fruit savoureux, juteux et parfum\u00e9, sans p\u00e9pin. C&rsquo;est un fruit que l&rsquo;on d\u00e9guste \u00e0 table, du petit d\u00e9jeuner au gouter et que l&rsquo;on emporte pour toutes les pauses\u00a0vitamin\u00e9es\u00a0!<\/p>\n<p>Cuit, vous en ferez \u00e9galement d&rsquo;excellentes\u00a0confitures tr\u00e8s parfum\u00e9es.<\/p>\n<p>Et aussi :<\/p>\n<p>&#8211; Piqu\u00e9e de clou de girofle et pr\u00e8s d\u2019un radiateur, la mandarine Satsuma diffusera ses huiles essentielles dans votre int\u00e9rieur<\/p>\n<h3><strong>Le saviez-vous ?<\/strong><\/h3>\n<p>Originaire du japon, cette vari\u00e9t\u00e9 de mandarine porte le nom de la province japonaise Satsuma. Elle est tr\u00e8s populaire au japon, sous le nom de &lsquo;\u00a0\u00bbmikan\u00a0\u00bb<\/p>\n<\/div>\n<\/div>\n<\/div>\n<\/div>\n<\/div>\n<\/div>\n<\/div>\n<\/div>\n<\/section>\n<p>&nbsp;<\/p>\n<p><strong><span style=\"color: #0000ff;\">L&rsquo;oliveraie peut vous proposer\u00a0diff\u00e9rents\u00a0pots de\u00a0diff\u00e9rentes\u00a0couleurs pour vos plantes <\/span><\/strong><\/p>\n<p><strong><span style=\"color: #0000ff;\"><span style=\"caret-color: #0000ff;\">Possibilit\u00e9 de\u00a0<\/span>\u00a0vous livrer sur simple demande <\/span><\/strong><\/p>\n<p><strong><span style=\"color: #0000ff;\">Une photo de la plante command\u00e9e vous sera envoy\u00e9e par sms ou mail avant livraison ou retrait\u00a0<\/span><\/strong><\/p>\n","protected":false},"excerpt":{"rendered":"<p>MANDARINIER Satsuma, le fruit du pays du soleil levant (doux et sans p\u00e9pins)\u00a0 Pr\u00e9coces et odorantes, les petites\u00a0fleurs blanches\u00a0de l&rsquo;agrume apparaissent au d\u00e9but du printemps et sont suivies de belles\u00a0mandarines\u00a0au go\u00fbt doux et sans p\u00e9pins. Piqu\u00e9e de clou de girofle et pr\u00e8s d\u2019un radiateur,\u00a0le fruit diffusera ses huiles essentielles\u00a0dans votre int\u00e9rieur Originaire du Japon, le\u00a0satsuma, [&hellip;]<\/p>\n","protected":false},"featured_media":15858,"comment_status":"open","ping_status":"closed","template":"","meta":{"om_disable_all_campaigns":false,"_monsterinsights_skip_tracking":false,"_monsterinsights_sitenote_active":false,"_monsterinsights_sitenote_note":"","_monsterinsights_sitenote_category":0,"ocean_post_layout":"","ocean_both_sidebars_style":"","ocean_both_sidebars_content_width":0,"ocean_both_sidebars_sidebars_width":0,"ocean_sidebar":"0","ocean_second_sidebar":"0","ocean_disable_margins":"enable","ocean_add_body_class":"","ocean_shortcode_before_top_bar":"","ocean_shortcode_after_top_bar":"","ocean_shortcode_before_header":"","ocean_shortcode_after_header":"","ocean_has_shortcode":"","ocean_shortcode_after_title":"","ocean_shortcode_before_footer_widgets":"","ocean_shortcode_after_footer_widgets":"","ocean_shortcode_before_footer_bottom":"","ocean_shortcode_after_footer_bottom":"","ocean_display_top_bar":"default","ocean_display_header":"default","ocean_header_style":"","ocean_center_header_left_menu":"0","ocean_custom_header_template":"0","ocean_custom_logo":0,"ocean_custom_retina_logo":0,"ocean_custom_logo_max_width":0,"ocean_custom_logo_tablet_max_width":0,"ocean_custom_logo_mobile_max_width":0,"ocean_custom_logo_max_height":0,"ocean_custom_logo_tablet_max_height":0,"ocean_custom_logo_mobile_max_height":0,"ocean_header_custom_menu":"0","ocean_menu_typo_font_family":"0","ocean_menu_typo_font_subset":"","ocean_menu_typo_font_size":0,"ocean_menu_typo_font_size_tablet":0,"ocean_menu_typo_font_size_mobile":0,"ocean_menu_typo_font_size_unit":"px","ocean_menu_typo_font_weight":"","ocean_menu_typo_font_weight_tablet":"","ocean_menu_typo_font_weight_mobile":"","ocean_menu_typo_transform":"","ocean_menu_typo_transform_tablet":"","ocean_menu_typo_transform_mobile":"","ocean_menu_typo_line_height":0,"ocean_menu_typo_line_height_tablet":0,"ocean_menu_typo_line_height_mobile":0,"ocean_menu_typo_line_height_unit":"","ocean_menu_typo_spacing":0,"ocean_menu_typo_spacing_tablet":0,"ocean_menu_typo_spacing_mobile":0,"ocean_menu_typo_spacing_unit":"","ocean_menu_link_color":"","ocean_menu_link_color_hover":"","ocean_menu_link_color_active":"","ocean_menu_link_background":"","ocean_menu_link_hover_background":"","ocean_menu_link_active_background":"","ocean_menu_social_links_bg":"","ocean_menu_social_hover_links_bg":"","ocean_menu_social_links_color":"","ocean_menu_social_hover_links_color":"","ocean_disable_title":"default","ocean_disable_heading":"default","ocean_post_title":"","ocean_post_subheading":"","ocean_post_title_style":"","ocean_post_title_background_color":"","ocean_post_title_background":0,"ocean_post_title_bg_image_position":"","ocean_post_title_bg_image_attachment":"","ocean_post_title_bg_image_repeat":"","ocean_post_title_bg_image_size":"","ocean_post_title_height":0,"ocean_post_title_bg_overlay":0.5,"ocean_post_title_bg_overlay_color":"","ocean_disable_breadcrumbs":"default","ocean_breadcrumbs_color":"","ocean_breadcrumbs_separator_color":"","ocean_breadcrumbs_links_color":"","ocean_breadcrumbs_links_hover_color":"","ocean_display_footer_widgets":"default","ocean_display_footer_bottom":"default","ocean_custom_footer_template":"0"},"product_brand":[],"product_cat":[50],"product_tag":[],"class_list":{"0":"post-15848","1":"product","2":"type-product","3":"status-publish","4":"has-post-thumbnail","6":"product_cat-les-agrumes","7":"product_shipping_class-produits-non-livrables","9":"entry","10":"has-media","12":"first","13":"instock","14":"taxable","15":"shipping-taxable","16":"purchasable","17":"product-type-variable","18":"has-product-nav","19":"col","20":"span_1_of_4","21":"owp-content-center","22":"owp-thumbs-layout-horizontal","23":"owp-btn-big","24":"owp-tabs-layout-vertical"},"aioseo_notices":[],"jetpack_sharing_enabled":true,"_links":{"self":[{"href":"https:\/\/oliveraieducoudon.com\/index.php?rest_route=\/wp\/v2\/product\/15848","targetHints":{"allow":["GET"]}}],"collection":[{"href":"https:\/\/oliveraieducoudon.com\/index.php?rest_route=\/wp\/v2\/product"}],"about":[{"href":"https:\/\/oliveraieducoudon.com\/index.php?rest_route=\/wp\/v2\/types\/product"}],"replies":[{"embeddable":true,"href":"https:\/\/oliveraieducoudon.com\/index.php?rest_route=%2Fwp%2Fv2%2Fcomments&post=15848"}],"wp:featuredmedia":[{"embeddable":true,"href":"https:\/\/oliveraieducoudon.com\/index.php?rest_route=\/wp\/v2\/media\/15858"}],"wp:attachment":[{"href":"https:\/\/oliveraieducoudon.com\/index.php?rest_route=%2Fwp%2Fv2%2Fmedia&parent=15848"}],"wp:term":[{"taxonomy":"product_brand","embeddable":true,"href":"https:\/\/oliveraieducoudon.com\/index.php?rest_route=%2Fwp%2Fv2%2Fproduct_brand&post=15848"},{"taxonomy":"product_cat","embeddable":true,"href":"https:\/\/oliveraieducoudon.com\/index.php?rest_route=%2Fwp%2Fv2%2Fproduct_cat&post=15848"},{"taxonomy":"product_tag","embeddable":true,"href":"https:\/\/oliveraieducoudon.com\/index.php?rest_route=%2Fwp%2Fv2%2Fproduct_tag&post=15848"}],"curies":[{"name":"wp","href":"https:\/\/api.w.org\/{rel}","templated":true}]}}