{"id":15837,"date":"2023-11-11T19:06:40","date_gmt":"2023-11-11T18:06:40","guid":{"rendered":"https:\/\/oliveraieducoudon.com\/?post_type=product&#038;p=15837"},"modified":"2023-11-21T10:57:02","modified_gmt":"2023-11-21T09:57:02","slug":"citronnier-doux-pursha","status":"publish","type":"product","link":"https:\/\/oliveraieducoudon.com\/?product=citronnier-doux-pursha","title":{"rendered":"CITRONNIER DOUX &lsquo;PURSHA&rsquo;"},"content":{"rendered":"<h3 class=\"page-title\"><span style=\"color: #ff6600;\"><em><strong><span class=\"base\" data-ui-id=\"page-title-wrapper\">Citronnier doux &lsquo;Pursha&rsquo;<\/span><\/strong><\/em><\/span><\/h3>\n<h3 class=\"botanical-text\">Fruits de 5cm de diam\u00e8tre, \u00e0 saveur douce.<\/h3>\n<div class=\"product attribute overview\">\n<div class=\"value\">Le citronnier doux produit des fruits \u00e0 la peau parfum\u00e9e, tr\u00e8s agr\u00e9able une fois confite. Sa chair est facile \u00e0 croquer et d\u00e9licieuse, moins acide que le citron commun.<\/div>\n<\/div>\n<h3 class=\"product-attributes-list\">Plantation<\/h3>\n<p>Exposition soleil, rusticit\u00e9 a prot\u00e9ger (t\u00b0 mini : 0\u00b0), type de sol drain\u00e9 \u00e0 l\u00e9ger, richesse du sol normal, humidit\u00e9 du sol pas trop sec \u00e0 frais, ph du sol neutre<\/p>\n<h3 class=\"page-title\"><span style=\"color: #ff6600;\"><em><strong><span class=\"base\" data-ui-id=\"page-title-wrapper\"><a class=\"data-list-link\" data-href=\"#tab-label-product.info.details.care-attributes\" data-index=\"1\">Tous nos conseils de plantation<\/a><\/span><\/strong><\/em><\/span><\/h3>\n<h3 class=\"product-attributes-list\">Caract\u00e9ristiques<\/h3>\n<p>Plante, parfum\u00e9e, hauteur \u00e0 maturit\u00e9 2 m, largeur \u00e0 maturit\u00e9 1 m, couleur de floraison blanc, mois de floraison de avril \u00e0 juin, couleur du feuillage vert moyen, type de feuillage persistant, port elanc\u00e9<\/p>\n<p><strong><span style=\"color: #0000ff;\">L&rsquo;oliveraie peut vous proposer\u00a0diff\u00e9rents\u00a0pots de\u00a0diff\u00e9rentes\u00a0couleurs pour vos plantes <\/span><\/strong><\/p>\n<p><strong><span style=\"color: #0000ff;\"><span style=\"caret-color: #0000ff;\">Possibilit\u00e9 de\u00a0<\/span>\u00a0vous livrer sur simple demande <\/span><\/strong><\/p>\n<p><strong><span style=\"color: #0000ff;\">Une photo de la plante command\u00e9e vous sera envoy\u00e9e par sms ou mail avant livraison ou retrait\u00a0<\/span><\/strong><\/p>\n","protected":false},"excerpt":{"rendered":"<p>Citronnier doux &lsquo;Pursha&rsquo; Fruits de 5cm de diam\u00e8tre, \u00e0 saveur douce. Le citronnier doux produit des fruits \u00e0 la peau parfum\u00e9e, tr\u00e8s agr\u00e9able une fois confite. Sa chair est facile \u00e0 croquer et d\u00e9licieuse, moins acide que le citron commun. Plantation Exposition soleil, rusticit\u00e9 a prot\u00e9ger (t\u00b0 mini : 0\u00b0), type de sol drain\u00e9 \u00e0 [&hellip;]<\/p>\n","protected":false},"featured_media":15847,"comment_status":"open","ping_status":"closed","template":"","meta":{"om_disable_all_campaigns":false,"_monsterinsights_skip_tracking":false,"_monsterinsights_sitenote_active":false,"_monsterinsights_sitenote_note":"","_monsterinsights_sitenote_category":0,"ocean_post_layout":"","ocean_both_sidebars_style":"","ocean_both_sidebars_content_width":0,"ocean_both_sidebars_sidebars_width":0,"ocean_sidebar":"0","ocean_second_sidebar":"0","ocean_disable_margins":"enable","ocean_add_body_class":"","ocean_shortcode_before_top_bar":"","ocean_shortcode_after_top_bar":"","ocean_shortcode_before_header":"","ocean_shortcode_after_header":"","ocean_has_shortcode":"","ocean_shortcode_after_title":"","ocean_shortcode_before_footer_widgets":"","ocean_shortcode_after_footer_widgets":"","ocean_shortcode_before_footer_bottom":"","ocean_shortcode_after_footer_bottom":"","ocean_display_top_bar":"default","ocean_display_header":"default","ocean_header_style":"","ocean_center_header_left_menu":"0","ocean_custom_header_template":"0","ocean_custom_logo":0,"ocean_custom_retina_logo":0,"ocean_custom_logo_max_width":0,"ocean_custom_logo_tablet_max_width":0,"ocean_custom_logo_mobile_max_width":0,"ocean_custom_logo_max_height":0,"ocean_custom_logo_tablet_max_height":0,"ocean_custom_logo_mobile_max_height":0,"ocean_header_custom_menu":"0","ocean_menu_typo_font_family":"0","ocean_menu_typo_font_subset":"","ocean_menu_typo_font_size":0,"ocean_menu_typo_font_size_tablet":0,"ocean_menu_typo_font_size_mobile":0,"ocean_menu_typo_font_size_unit":"px","ocean_menu_typo_font_weight":"","ocean_menu_typo_font_weight_tablet":"","ocean_menu_typo_font_weight_mobile":"","ocean_menu_typo_transform":"","ocean_menu_typo_transform_tablet":"","ocean_menu_typo_transform_mobile":"","ocean_menu_typo_line_height":0,"ocean_menu_typo_line_height_tablet":0,"ocean_menu_typo_line_height_mobile":0,"ocean_menu_typo_line_height_unit":"","ocean_menu_typo_spacing":0,"ocean_menu_typo_spacing_tablet":0,"ocean_menu_typo_spacing_mobile":0,"ocean_menu_typo_spacing_unit":"","ocean_menu_link_color":"","ocean_menu_link_color_hover":"","ocean_menu_link_color_active":"","ocean_menu_link_background":"","ocean_menu_link_hover_background":"","ocean_menu_link_active_background":"","ocean_menu_social_links_bg":"","ocean_menu_social_hover_links_bg":"","ocean_menu_social_links_color":"","ocean_menu_social_hover_links_color":"","ocean_disable_title":"default","ocean_disable_heading":"default","ocean_post_title":"","ocean_post_subheading":"","ocean_post_title_style":"","ocean_post_title_background_color":"","ocean_post_title_background":0,"ocean_post_title_bg_image_position":"","ocean_post_title_bg_image_attachment":"","ocean_post_title_bg_image_repeat":"","ocean_post_title_bg_image_size":"","ocean_post_title_height":0,"ocean_post_title_bg_overlay":0.5,"ocean_post_title_bg_overlay_color":"","ocean_disable_breadcrumbs":"default","ocean_breadcrumbs_color":"","ocean_breadcrumbs_separator_color":"","ocean_breadcrumbs_links_color":"","ocean_breadcrumbs_links_hover_color":"","ocean_display_footer_widgets":"default","ocean_display_footer_bottom":"default","ocean_custom_footer_template":"0"},"product_brand":[],"product_cat":[50],"product_tag":[],"class_list":{"0":"post-15837","1":"product","2":"type-product","3":"status-publish","4":"has-post-thumbnail","6":"product_cat-les-agrumes","7":"product_shipping_class-produits-non-livrables","9":"entry","10":"has-media","12":"first","13":"instock","14":"taxable","15":"shipping-taxable","16":"purchasable","17":"product-type-variable","18":"has-product-nav","19":"col","20":"span_1_of_4","21":"owp-content-center","22":"owp-thumbs-layout-horizontal","23":"owp-btn-big","24":"owp-tabs-layout-vertical"},"aioseo_notices":[],"jetpack_sharing_enabled":true,"_links":{"self":[{"href":"https:\/\/oliveraieducoudon.com\/index.php?rest_route=\/wp\/v2\/product\/15837","targetHints":{"allow":["GET"]}}],"collection":[{"href":"https:\/\/oliveraieducoudon.com\/index.php?rest_route=\/wp\/v2\/product"}],"about":[{"href":"https:\/\/oliveraieducoudon.com\/index.php?rest_route=\/wp\/v2\/types\/product"}],"replies":[{"embeddable":true,"href":"https:\/\/oliveraieducoudon.com\/index.php?rest_route=%2Fwp%2Fv2%2Fcomments&post=15837"}],"wp:featuredmedia":[{"embeddable":true,"href":"https:\/\/oliveraieducoudon.com\/index.php?rest_route=\/wp\/v2\/media\/15847"}],"wp:attachment":[{"href":"https:\/\/oliveraieducoudon.com\/index.php?rest_route=%2Fwp%2Fv2%2Fmedia&parent=15837"}],"wp:term":[{"taxonomy":"product_brand","embeddable":true,"href":"https:\/\/oliveraieducoudon.com\/index.php?rest_route=%2Fwp%2Fv2%2Fproduct_brand&post=15837"},{"taxonomy":"product_cat","embeddable":true,"href":"https:\/\/oliveraieducoudon.com\/index.php?rest_route=%2Fwp%2Fv2%2Fproduct_cat&post=15837"},{"taxonomy":"product_tag","embeddable":true,"href":"https:\/\/oliveraieducoudon.com\/index.php?rest_route=%2Fwp%2Fv2%2Fproduct_tag&post=15837"}],"curies":[{"name":"wp","href":"https:\/\/api.w.org\/{rel}","templated":true}]}}