{"id":15804,"date":"2023-11-11T18:45:05","date_gmt":"2023-11-11T17:45:05","guid":{"rendered":"https:\/\/oliveraieducoudon.com\/?post_type=product&#038;p=15804"},"modified":"2023-11-21T10:57:03","modified_gmt":"2023-11-21T09:57:03","slug":"pomelos","status":"publish","type":"product","link":"https:\/\/oliveraieducoudon.com\/?product=pomelos","title":{"rendered":"POMELOS"},"content":{"rendered":"<h2><span style=\"color: #ff0000;\"><em><strong>POMELOS<\/strong><\/em><\/span><\/h2>\n<p>Le pomelo, souvent appel\u00e9 pamplemousse est un agrume aux fruits charnus et savoureux.<\/p>\n<p>Avant de commencer, notons que le v\u00e9ritable nom de ce que l\u2019on appelle tous le\u00a0pamplemoussier est pomelo. Nous garderons, pour des raisons de simplicit\u00e9, le nom\u00a0pamplemoussier qui est plus utilis\u00e9.<\/p>\n<p>L\u2019entretien, de la plantation \u00e0 la taille, participe largement \u00e0 la qualit\u00e9 de la r\u00e9colte de pom\u00e9los.<\/p>\n<div class=\"optidigital-wrapper-div\">\n<div id=\"optidigital-adslot-Content_1\" class=\"Content_1 optidigital-ad-center-sticky\" data-adslot-id=\"optidigital-adslot-Content_1\" data-google-query-id=\"CMLv18zAvIIDFZJKQQIdB4AGTQ\">\n<div id=\"google_ads_iframe_\/5950404\/jardiner-malin.fr\/fiche-jardinage_2__container__\">Plantation du pamplemoussier<\/div>\n<\/div>\n<\/div>\n<p>La plantation du pamplemoussier est une \u00e9tape importante car c\u2019est elle qui va conditionner la bonne reprise et la croissance de votre fruitier.<\/p>\n<h3><strong>Pamplemoussier en ext\u00e9rieur, en pleine terre<\/strong>\u00a0:<\/h3>\n<ul>\n<li>De pr\u00e9f\u00e9rence au printemps.<\/li>\n<li>Choisissez un endroit abrit\u00e9 et bien ensoleill\u00e9.<\/li>\n<li>Le pomelo ne r\u00e9siste pas aux\u00a0<strong>temp\u00e9ratures inf\u00e9rieures \u00e0 -5\u00b0<\/strong>\u00a0et ne doit\u00a0<strong>pas \u00eatre expos\u00e9 au gel\u00a0<\/strong>trop longtemps<\/li>\n<\/ul>\n<h3><strong>Plantation du pamplemoussier en pot<\/strong>\u00a0:<\/h3>\n<div>\nSous nos latitudes, la culture du\u00a0pamplemoussier en pot est recommand\u00e9 car elle permet de les mettre \u00e0 l\u2019abri en hiver, sous une serre ou une v\u00e9randa non chauff\u00e9e. Le\u00a0pamplemoussier a besoin de fra\u00eecheur en hiver mais redoute le gel.<\/div>\n<ul>\n<li>La culture en pot est pr\u00e9f\u00e9rable pour tous les agrumes d\u00e8s lors qu\u2019il g\u00e8le dans votre r\u00e9gion.<\/li>\n<li>Il vous faudra alors le rentrer d\u2019octobre \u00e0 mai.<\/li>\n<li>Sit\u00f4t votre achat, effectuez un rempotage dans du terreau et ensuite tous les 2 \u00e0 3 ans.<\/li>\n<\/ul>\n<div class=\"optidigital-wrapper-div\">\n<div id=\"optidigital-adslot-Content_2\" class=\"Content_2 optidigital-ad-center-sticky\" data-adslot-id=\"optidigital-adslot-Content_2\" data-google-query-id=\"CJCtwMjAvIIDFVg5BgAdhnkEjw\">\n<h4>Taille du\u00a0pamplemoussier<\/h4>\n<\/div>\n<\/div>\n<p>La taille du pamplemoussier n\u2019est\u00a0<strong>pas vraiment n\u00e9cessaire<\/strong>\u00a0mais, si vous ne taillez pas, votre pomelo devrait vite prendre beaucoup d\u2019ampleur.<\/p>\n<p>Pour\u00a0<strong>am\u00e9liorer la fructification<\/strong>, r\u00e9duisez chaque nouvelle pousse de moiti\u00e9 environ en prenant soin de couper juste au dessus d\u2019une paire de feuilles, d\u2019un oeil, d\u2019un bourgeon.<\/p>\n<ul>\n<li>Vous permettrez ainsi \u00e9galement \u00e0 votre agrume de conserver une\u00a0<strong>belle silhouette compact<\/strong>.<\/li>\n<li>Il se peut que vous ayez \u00e0 intervenir\u00a0<strong>plusieurs fois<\/strong>\u00a0dans l\u2019ann\u00e9e.<\/li>\n<\/ul>\n<p>Supprimez le bois mort au fur et \u00e0 mesure et\u00a0<strong>a\u00e9rez \u00e9ventuellement l\u2019int\u00e9rieur du pomelo<\/strong>\u00a0pour lui redonner de la lumi\u00e8re.<\/p>\n<h2 data-adslot-top=\"2777.796875\">\u00c0 savoir sur le pamplemoussier<\/h2>\n<p><strong>M\u00eame si nous l\u2019appelons vulgairement pamplemoussier, le pomelo n\u2019est\u00a0<\/strong><strong>pas \u00e0 confondre avec le pamplemoussier<\/strong>\u00a0(Citrus maxima).<\/p>\n<p>Le premier est un croisement entre le pamplemoussier et\u00a0l\u2019oranger, il donne le pamplemousse, alors que le second donne de tr\u00e8s gros fruits, souvent difformes et peu consommables car tr\u00e8s acides.<\/p>\n<p>Le pomelo est, parmi\u00a0<a href=\"https:\/\/www.jardiner-malin.fr\/fiche\/agrumes-arrosage-taille.html\">les <\/a>agrumes<a href=\"https:\/\/www.jardiner-malin.fr\/fiche\/agrumes-arrosage-taille.html\">,<\/a>\u00a0celui qui fournit le fruit le plus gros et le plus lourd.<\/p>\n<p>On le cultive en France en\u00a0<strong>r\u00e9gion m\u00e9diterran\u00e9enne<\/strong>\u00a0et devra \u00eatre\u00a0<strong>rentr\u00e9 en serre, \u00e0 l\u2019abri du gel<\/strong>\u00a0durant l\u2019hiver partout ailleurs.<\/p>\n<p><strong><span style=\"color: #0000ff;\">L&rsquo;oliveraie peut vous proposer\u00a0diff\u00e9rents\u00a0pots de\u00a0diff\u00e9rentes\u00a0couleurs pour vos plantes <\/span><\/strong><\/p>\n<p><strong><span style=\"color: #0000ff;\"><span style=\"caret-color: #0000ff;\">Possibilit\u00e9 de\u00a0<\/span>\u00a0vous livrer sur simple demande <\/span><\/strong><\/p>\n<p><strong><span style=\"color: #0000ff;\">Une photo de la plante command\u00e9e vous sera envoy\u00e9e par sms ou mail avant livraison ou retrait\u00a0<\/span><\/strong><\/p>\n","protected":false},"excerpt":{"rendered":"<p>POMELOS Le pomelo, souvent appel\u00e9 pamplemousse est un agrume aux fruits charnus et savoureux. Avant de commencer, notons que le v\u00e9ritable nom de ce que l\u2019on appelle tous le\u00a0pamplemoussier est pomelo. Nous garderons, pour des raisons de simplicit\u00e9, le nom\u00a0pamplemoussier qui est plus utilis\u00e9. L\u2019entretien, de la plantation \u00e0 la taille, participe largement \u00e0 la [&hellip;]<\/p>\n","protected":false},"featured_media":15814,"comment_status":"open","ping_status":"closed","template":"","meta":{"om_disable_all_campaigns":false,"_monsterinsights_skip_tracking":false,"_monsterinsights_sitenote_active":false,"_monsterinsights_sitenote_note":"","_monsterinsights_sitenote_category":0,"ocean_post_layout":"","ocean_both_sidebars_style":"","ocean_both_sidebars_content_width":0,"ocean_both_sidebars_sidebars_width":0,"ocean_sidebar":"0","ocean_second_sidebar":"0","ocean_disable_margins":"enable","ocean_add_body_class":"","ocean_shortcode_before_top_bar":"","ocean_shortcode_after_top_bar":"","ocean_shortcode_before_header":"","ocean_shortcode_after_header":"","ocean_has_shortcode":"","ocean_shortcode_after_title":"","ocean_shortcode_before_footer_widgets":"","ocean_shortcode_after_footer_widgets":"","ocean_shortcode_before_footer_bottom":"","ocean_shortcode_after_footer_bottom":"","ocean_display_top_bar":"default","ocean_display_header":"default","ocean_header_style":"","ocean_center_header_left_menu":"0","ocean_custom_header_template":"0","ocean_custom_logo":0,"ocean_custom_retina_logo":0,"ocean_custom_logo_max_width":0,"ocean_custom_logo_tablet_max_width":0,"ocean_custom_logo_mobile_max_width":0,"ocean_custom_logo_max_height":0,"ocean_custom_logo_tablet_max_height":0,"ocean_custom_logo_mobile_max_height":0,"ocean_header_custom_menu":"0","ocean_menu_typo_font_family":"0","ocean_menu_typo_font_subset":"","ocean_menu_typo_font_size":0,"ocean_menu_typo_font_size_tablet":0,"ocean_menu_typo_font_size_mobile":0,"ocean_menu_typo_font_size_unit":"px","ocean_menu_typo_font_weight":"","ocean_menu_typo_font_weight_tablet":"","ocean_menu_typo_font_weight_mobile":"","ocean_menu_typo_transform":"","ocean_menu_typo_transform_tablet":"","ocean_menu_typo_transform_mobile":"","ocean_menu_typo_line_height":0,"ocean_menu_typo_line_height_tablet":0,"ocean_menu_typo_line_height_mobile":0,"ocean_menu_typo_line_height_unit":"","ocean_menu_typo_spacing":0,"ocean_menu_typo_spacing_tablet":0,"ocean_menu_typo_spacing_mobile":0,"ocean_menu_typo_spacing_unit":"","ocean_menu_link_color":"","ocean_menu_link_color_hover":"","ocean_menu_link_color_active":"","ocean_menu_link_background":"","ocean_menu_link_hover_background":"","ocean_menu_link_active_background":"","ocean_menu_social_links_bg":"","ocean_menu_social_hover_links_bg":"","ocean_menu_social_links_color":"","ocean_menu_social_hover_links_color":"","ocean_disable_title":"default","ocean_disable_heading":"default","ocean_post_title":"","ocean_post_subheading":"","ocean_post_title_style":"","ocean_post_title_background_color":"","ocean_post_title_background":0,"ocean_post_title_bg_image_position":"","ocean_post_title_bg_image_attachment":"","ocean_post_title_bg_image_repeat":"","ocean_post_title_bg_image_size":"","ocean_post_title_height":0,"ocean_post_title_bg_overlay":0.5,"ocean_post_title_bg_overlay_color":"","ocean_disable_breadcrumbs":"default","ocean_breadcrumbs_color":"","ocean_breadcrumbs_separator_color":"","ocean_breadcrumbs_links_color":"","ocean_breadcrumbs_links_hover_color":"","ocean_display_footer_widgets":"default","ocean_display_footer_bottom":"default","ocean_custom_footer_template":"0"},"product_brand":[],"product_cat":[50],"product_tag":[],"class_list":{"0":"post-15804","1":"product","2":"type-product","3":"status-publish","4":"has-post-thumbnail","6":"product_cat-les-agrumes","7":"product_shipping_class-produits-non-livrables","9":"entry","10":"has-media","12":"first","13":"instock","14":"taxable","15":"shipping-taxable","16":"purchasable","17":"product-type-variable","18":"has-product-nav","19":"col","20":"span_1_of_4","21":"owp-content-center","22":"owp-thumbs-layout-horizontal","23":"owp-btn-big","24":"owp-tabs-layout-vertical"},"aioseo_notices":[],"jetpack_sharing_enabled":true,"_links":{"self":[{"href":"https:\/\/oliveraieducoudon.com\/index.php?rest_route=\/wp\/v2\/product\/15804","targetHints":{"allow":["GET"]}}],"collection":[{"href":"https:\/\/oliveraieducoudon.com\/index.php?rest_route=\/wp\/v2\/product"}],"about":[{"href":"https:\/\/oliveraieducoudon.com\/index.php?rest_route=\/wp\/v2\/types\/product"}],"replies":[{"embeddable":true,"href":"https:\/\/oliveraieducoudon.com\/index.php?rest_route=%2Fwp%2Fv2%2Fcomments&post=15804"}],"wp:featuredmedia":[{"embeddable":true,"href":"https:\/\/oliveraieducoudon.com\/index.php?rest_route=\/wp\/v2\/media\/15814"}],"wp:attachment":[{"href":"https:\/\/oliveraieducoudon.com\/index.php?rest_route=%2Fwp%2Fv2%2Fmedia&parent=15804"}],"wp:term":[{"taxonomy":"product_brand","embeddable":true,"href":"https:\/\/oliveraieducoudon.com\/index.php?rest_route=%2Fwp%2Fv2%2Fproduct_brand&post=15804"},{"taxonomy":"product_cat","embeddable":true,"href":"https:\/\/oliveraieducoudon.com\/index.php?rest_route=%2Fwp%2Fv2%2Fproduct_cat&post=15804"},{"taxonomy":"product_tag","embeddable":true,"href":"https:\/\/oliveraieducoudon.com\/index.php?rest_route=%2Fwp%2Fv2%2Fproduct_tag&post=15804"}],"curies":[{"name":"wp","href":"https:\/\/api.w.org\/{rel}","templated":true}]}}