{"id":15782,"date":"2023-11-11T18:31:01","date_gmt":"2023-11-11T17:31:01","guid":{"rendered":"https:\/\/oliveraieducoudon.com\/?post_type=product&#038;p=15782"},"modified":"2023-11-21T10:57:03","modified_gmt":"2023-11-21T09:57:03","slug":"oranger","status":"publish","type":"product","link":"https:\/\/oliveraieducoudon.com\/?product=oranger","title":{"rendered":"ORANGER"},"content":{"rendered":"<p>L\u2019oranger est un arbre au port harmonieux qui, plant\u00e9 en pleine terre, atteint rapidement 7 \u00e0 8 m. Ses fleurs blanches immacul\u00e9es sont tr\u00e8s parfum\u00e9es, ses feuilles vert profond sont l\u00e9g\u00e8rement ail\u00e9es et ses fruits varient en forme et en couleur selon les vari\u00e9t\u00e9s. Il en est de m\u00eame pour la pulpe plus ou moins acide, et dont la couleur varie de l\u2019orange au rouge. L\u2019orange est le fruit d\u2019hiver par excellence, une importante source de vitamine C et le deuxi\u00e8me fruit le plus consomm\u00e9, en France, apr\u00e8s la pomme.<\/p>\n<h2 id=\"a-la-bonne-place\">A la bonne place<\/h2>\n<p>Plant\u00e9 dans un sol l\u00e9ger, fertile, l\u00e9g\u00e8rement acide et bien drain\u00e9, l\u2019oranger sera expos\u00e9 en plein soleil et \u00e0 l\u2019abri du vent. Dans l\u2019id\u00e9al, on le plante contre un mur orient\u00e9 plein sud, il y sera au chaud et prot\u00e9g\u00e9 des vents violents qui ass\u00e8chent le sol, d\u00e9shydratent la plante, font chuter les temp\u00e9ratures, d\u00e9chirent les feuilles et abiment les fruits. Pour une protection meilleure encore, on le palissera contre le mur. L\u2019oranger sera plant\u00e9 en pleine terre sans souci, en Languedoc, en pays Basque ainsi que sur le littoral atlantique et breton. Ailleurs, on pr\u00e9f\u00e8rera le cultiver en bac, et on le rentrera sous serre en hiver car l\u2019oranger est peu rustique et craint d\u00e8s -7 ou -8\u00b0C. Par contre, il ne sera jamais cultiv\u00e9 en int\u00e9rieur, il ne supporte pas la chaleur des appartements.<\/p>\n<h2 id=\"quelques-soins\">Quelques soins<\/h2>\n<p>Apr\u00e8s une taille de formation, l\u2019oranger sera coup\u00e9 selon une taille dite d\u2019entretien. Taille qui a pour but l\u2019\u00e9limination des branches mortes, malades ou se chevauchant. De l\u2019eau, de l\u2019engrais et une bonne lumi\u00e8re, c\u2019est la recette pour un oranger en pleine sant\u00e9. Pour une belle r\u00e9colte, apportez r\u00e9guli\u00e8rement un engrais riche en azote et en potasse. En hiver, on r\u00e9duira les apports \u00e0 un toutes les 3 semaines. On reprendra ces apports au printemps, \u00e0 une fr\u00e9quence d\u2019une fois tous les quinze jours ; on remplacera la terre en surface sur 5 cm des plantes en pot, selon la technique dite de surfa\u00e7age. Les arrosages sont r\u00e9guliers et indispensables, l\u2019oranger ne supporte pas le manque d\u2019eau. Dans le Midi, on peut favoriser la fructification en cessant les arrosages en juin et juillet, et en les reprenant en ao\u00fbt. Cet agrume r\u00e9ussit mieux en serre froide (ou orangerie) ou en v\u00e9randa avec une temp\u00e9rature hivernale de 5\u00b0C \u00e0 15\u00b0C, il doit \u00eatre peu arros\u00e9 durant cette p\u00e9riode. Dans la maison, un exc\u00e8s de chaleur peut lui faire perdre toutes ses feuilles. Il faut alors couper s\u00e9v\u00e8rement au dessus d\u2019un bourgeon clair (encore vivant) et arroser deux fois par semaine ; il devrait repartir en v\u00e9g\u00e9tation.<\/p>\n<h2 id=\"des-ennemis\">Des ennemis ?<\/h2>\n<p>Les pucerons, ces petites b\u00eates vert clair se voient \u00e0 l\u2019\u0153il nu, sous les feuilles, pr\u00e8s des nervures. Pour vous en d\u00e9barrasser de mani\u00e8re biologique, pulv\u00e9risez de l\u2019eau savonneuse, ou un m\u00e9lange eau et huile d\u2019olive qui en plus, nourrira votre plante.<\/p>\n<p><strong><span style=\"color: #0000ff;\">L&rsquo;oliveraie peut vous proposer\u00a0diff\u00e9rents\u00a0pots de\u00a0diff\u00e9rentes\u00a0couleurs pour vos plantes ainsi que \u00a0vous livrer sur simple demande <\/span><\/strong><br \/>\n<strong><span style=\"color: #0000ff;\">Une photo de la plante command\u00e9e vous sera envoy\u00e9e par sms ou mail avant livraison ou retrait\u00a0<\/span><\/strong><\/p>\n","protected":false},"excerpt":{"rendered":"<p>L\u2019oranger est un arbre au port harmonieux qui, plant\u00e9 en pleine terre, atteint rapidement 7 \u00e0 8 m. Ses fleurs blanches immacul\u00e9es sont tr\u00e8s parfum\u00e9es, ses feuilles vert profond sont l\u00e9g\u00e8rement ail\u00e9es et ses fruits varient en forme et en couleur selon les vari\u00e9t\u00e9s. Il en est de m\u00eame pour la pulpe plus ou moins [&hellip;]<\/p>\n","protected":false},"featured_media":15792,"comment_status":"open","ping_status":"closed","template":"","meta":{"om_disable_all_campaigns":false,"_monsterinsights_skip_tracking":false,"_monsterinsights_sitenote_active":false,"_monsterinsights_sitenote_note":"","_monsterinsights_sitenote_category":0,"ocean_post_layout":"","ocean_both_sidebars_style":"","ocean_both_sidebars_content_width":0,"ocean_both_sidebars_sidebars_width":0,"ocean_sidebar":"0","ocean_second_sidebar":"0","ocean_disable_margins":"enable","ocean_add_body_class":"","ocean_shortcode_before_top_bar":"","ocean_shortcode_after_top_bar":"","ocean_shortcode_before_header":"","ocean_shortcode_after_header":"","ocean_has_shortcode":"","ocean_shortcode_after_title":"","ocean_shortcode_before_footer_widgets":"","ocean_shortcode_after_footer_widgets":"","ocean_shortcode_before_footer_bottom":"","ocean_shortcode_after_footer_bottom":"","ocean_display_top_bar":"default","ocean_display_header":"default","ocean_header_style":"","ocean_center_header_left_menu":"0","ocean_custom_header_template":"0","ocean_custom_logo":0,"ocean_custom_retina_logo":0,"ocean_custom_logo_max_width":0,"ocean_custom_logo_tablet_max_width":0,"ocean_custom_logo_mobile_max_width":0,"ocean_custom_logo_max_height":0,"ocean_custom_logo_tablet_max_height":0,"ocean_custom_logo_mobile_max_height":0,"ocean_header_custom_menu":"0","ocean_menu_typo_font_family":"0","ocean_menu_typo_font_subset":"","ocean_menu_typo_font_size":0,"ocean_menu_typo_font_size_tablet":0,"ocean_menu_typo_font_size_mobile":0,"ocean_menu_typo_font_size_unit":"px","ocean_menu_typo_font_weight":"","ocean_menu_typo_font_weight_tablet":"","ocean_menu_typo_font_weight_mobile":"","ocean_menu_typo_transform":"","ocean_menu_typo_transform_tablet":"","ocean_menu_typo_transform_mobile":"","ocean_menu_typo_line_height":0,"ocean_menu_typo_line_height_tablet":0,"ocean_menu_typo_line_height_mobile":0,"ocean_menu_typo_line_height_unit":"","ocean_menu_typo_spacing":0,"ocean_menu_typo_spacing_tablet":0,"ocean_menu_typo_spacing_mobile":0,"ocean_menu_typo_spacing_unit":"","ocean_menu_link_color":"","ocean_menu_link_color_hover":"","ocean_menu_link_color_active":"","ocean_menu_link_background":"","ocean_menu_link_hover_background":"","ocean_menu_link_active_background":"","ocean_menu_social_links_bg":"","ocean_menu_social_hover_links_bg":"","ocean_menu_social_links_color":"","ocean_menu_social_hover_links_color":"","ocean_disable_title":"default","ocean_disable_heading":"default","ocean_post_title":"","ocean_post_subheading":"","ocean_post_title_style":"","ocean_post_title_background_color":"","ocean_post_title_background":0,"ocean_post_title_bg_image_position":"","ocean_post_title_bg_image_attachment":"","ocean_post_title_bg_image_repeat":"","ocean_post_title_bg_image_size":"","ocean_post_title_height":0,"ocean_post_title_bg_overlay":0.5,"ocean_post_title_bg_overlay_color":"","ocean_disable_breadcrumbs":"default","ocean_breadcrumbs_color":"","ocean_breadcrumbs_separator_color":"","ocean_breadcrumbs_links_color":"","ocean_breadcrumbs_links_hover_color":"","ocean_display_footer_widgets":"default","ocean_display_footer_bottom":"default","ocean_custom_footer_template":"0"},"product_brand":[],"product_cat":[50],"product_tag":[],"class_list":{"0":"post-15782","1":"product","2":"type-product","3":"status-publish","4":"has-post-thumbnail","6":"product_cat-les-agrumes","7":"product_shipping_class-produits-non-livrables","9":"entry","10":"has-media","12":"first","13":"instock","14":"taxable","15":"shipping-taxable","16":"purchasable","17":"product-type-variable","18":"has-product-nav","19":"col","20":"span_1_of_4","21":"owp-content-center","22":"owp-thumbs-layout-horizontal","23":"owp-btn-big","24":"owp-tabs-layout-vertical"},"aioseo_notices":[],"jetpack_sharing_enabled":true,"_links":{"self":[{"href":"https:\/\/oliveraieducoudon.com\/index.php?rest_route=\/wp\/v2\/product\/15782","targetHints":{"allow":["GET"]}}],"collection":[{"href":"https:\/\/oliveraieducoudon.com\/index.php?rest_route=\/wp\/v2\/product"}],"about":[{"href":"https:\/\/oliveraieducoudon.com\/index.php?rest_route=\/wp\/v2\/types\/product"}],"replies":[{"embeddable":true,"href":"https:\/\/oliveraieducoudon.com\/index.php?rest_route=%2Fwp%2Fv2%2Fcomments&post=15782"}],"wp:featuredmedia":[{"embeddable":true,"href":"https:\/\/oliveraieducoudon.com\/index.php?rest_route=\/wp\/v2\/media\/15792"}],"wp:attachment":[{"href":"https:\/\/oliveraieducoudon.com\/index.php?rest_route=%2Fwp%2Fv2%2Fmedia&parent=15782"}],"wp:term":[{"taxonomy":"product_brand","embeddable":true,"href":"https:\/\/oliveraieducoudon.com\/index.php?rest_route=%2Fwp%2Fv2%2Fproduct_brand&post=15782"},{"taxonomy":"product_cat","embeddable":true,"href":"https:\/\/oliveraieducoudon.com\/index.php?rest_route=%2Fwp%2Fv2%2Fproduct_cat&post=15782"},{"taxonomy":"product_tag","embeddable":true,"href":"https:\/\/oliveraieducoudon.com\/index.php?rest_route=%2Fwp%2Fv2%2Fproduct_tag&post=15782"}],"curies":[{"name":"wp","href":"https:\/\/api.w.org\/{rel}","templated":true}]}}