{"id":15760,"date":"2023-11-11T18:17:19","date_gmt":"2023-11-11T17:17:19","guid":{"rendered":"https:\/\/oliveraieducoudon.com\/?post_type=product&#038;p=15760"},"modified":"2023-11-21T10:57:03","modified_gmt":"2023-11-21T09:57:03","slug":"kumquat","status":"publish","type":"product","link":"https:\/\/oliveraieducoudon.com\/?product=kumquat","title":{"rendered":"KUMQUAT"},"content":{"rendered":"<p><span style=\"color: #ff6600;\"><em><strong>KUMQUAT<\/strong><\/em><\/span><\/p>\n<p><span style=\"color: #000000;\"><em><strong>Le kumquat est un agrume dont on appr\u00e9cie les petits fruits, parfaitement comestibles, qui se consomment directement avec la peau.<\/strong><\/em><\/span><\/p>\n<h4 data-adslot-top=\"1091.71875\">Planter et rempoter un kumquat<\/h4>\n<p>La plantation ou le rempotage du kumquat font partie des \u00e9tapes importantes pour assurer \u00e0 votre plante une bonne reprise et croissance au fil des saisons.<\/p>\n<h4>Kumquat en pot\u00a0:<\/h4>\n<h4>Il est recommand\u00e9 de planter le kumquat dans un m\u00e9lange de terreau de pr\u00e9f\u00e9rence enrichi avec un fertilisant.<\/h4>\n<ul>\n<li>Le pot doit imp\u00e9rativement \u00eatre\u00a0<strong>trou\u00e9 au fond<\/strong>\u00a0pour \u00e9viter que les racines ne stagnent dans l\u2019eau.<\/li>\n<\/ul>\n<p>L\u2019id\u00e9al et de mettre au fond du pot une couche de graviers, de billes d\u2019argile ou de cailloux pour \u00eatre certain que l\u2019exc\u00e9dent d\u2019eau s\u2019\u00e9vacue bien au fond.<br \/>\nPr\u00e9voyez une couche de 3 \u00e0 4 cm.<\/p>\n<p>Pr\u00e9voyez un\u00a0<strong>rempotage<\/strong>\u00a0dans un pot de diam\u00e8tre l\u00e9g\u00e8rement sup\u00e9rieur tous les 2 \u00e0 3 ans environ.<\/p>\n<ul>\n<li>Le rempotage s\u2019effectue au printemps ou \u00e0 la fin de l\u2019\u00e9t\u00e9.<strong><br \/>\n<\/strong><\/li>\n<\/ul>\n<h3>Planter un kumquat en ext\u00e9rieur\u00a0:<\/h3>\n<p>Il ne poussera en pleine terre que dans les r\u00e9gions au\u00a0<strong>climat m\u00e9diterran\u00e9en ou tropical<\/strong>.<br \/>\nS\u2019il peut r\u00e9sister \u00e0 des temp\u00e9ratures allants jusqu\u2019\u00e0\u00a0<strong>-8 voir -10\u00b0<\/strong>, il devra n\u00e9cessairement \u00eatre plant\u00e9 \u00e0 l\u2019<strong>abri du vent<\/strong>\u00a0et en\u00a0<strong>plein soleil<\/strong>.<\/p>\n<p>Dans ce cas, m\u00e9langez votre terre de jardin \u00e0 du terreau plantation et assurez vous que votre\u00a0<strong>sol est bien drain\u00e9<\/strong>.<br \/>\nDans le cas contraire, creusez un trou un peu plus profond et mettez au fond une couche de cailloux, de graviers, de sable ou de billes d\u2019argile.<\/p>\n<ul>\n<li>Multiplication du kumquat par\u00a0marcottage.<\/li>\n<\/ul>\n<div class=\"optidigital-wrapper-div\"><\/div>\n<h2 data-adslot-top=\"2062.6796875\">Taille et entretien du kumquat<\/h2>\n<ul>\n<li><strong>Aucune taille n\u2019est vraiment n\u00e9cessaire<\/strong>.<\/li>\n<\/ul>\n<p>Pour r\u00e9\u00e9quilibrer la silhouette du kumquat, taillez l\u00e9g\u00e8rement au printemps apr\u00e8s la r\u00e9colte ou apr\u00e8s le rempotage si il est en pot.Vous pourrez\u00a0<strong>apporter de l\u2019engrais pour agrumes<\/strong>\u00a0pendant toute la phase de croissance.<strong>En hiver<\/strong>, si vous craignez de fortes gel\u00e9es et qu\u2019il est en pot, rentrez le dans une\u00a0<strong>pi\u00e8ce fra\u00eeche et lumineuse<\/strong>\u00a0mais o\u00f9 il en peut pas geler.<br \/>\nSi le kumquat r\u00e9siste aux temp\u00e9ratures n\u00e9gatives, ses\u00a0<strong>fruits tomberont d\u00e8s la premi\u00e8re gel\u00e9e<\/strong>.<\/p>\n<h3>Arrosage du kumquat\u00a0:<\/h3>\n<h3>En int\u00e9rieur, arrosez votre kumquat r\u00e9guli\u00e8rement, mais sans exc\u00e8s, d\u00e8s que le sol est sec.<\/h3>\n<p>En hiver, espacez un peu plus l\u2019arrosage afin de\u00a0<strong>laisser s\u00e9cher la terre<\/strong>\u00a0en profondeur entre 2 arrosages.<\/p>\n<p><strong><span style=\"color: #0000ff;\">L&rsquo;oliveraie peut vous proposer\u00a0diff\u00e9rents\u00a0pots de\u00a0diff\u00e9rentes\u00a0couleurs pour vos plantes ainsi de vous livrer sur simple demande <\/span><\/strong><br \/>\n<strong><span style=\"color: #0000ff;\">Une photo de la plante command\u00e9e vous sera envoy\u00e9e par sms ou mail avant livraison ou retrait\u00a0<\/span><\/strong><\/p>\n","protected":false},"excerpt":{"rendered":"<p>KUMQUAT Le kumquat est un agrume dont on appr\u00e9cie les petits fruits, parfaitement comestibles, qui se consomment directement avec la peau. Planter et rempoter un kumquat La plantation ou le rempotage du kumquat font partie des \u00e9tapes importantes pour assurer \u00e0 votre plante une bonne reprise et croissance au fil des saisons. Kumquat en pot\u00a0: [&hellip;]<\/p>\n","protected":false},"featured_media":15770,"comment_status":"open","ping_status":"closed","template":"","meta":{"om_disable_all_campaigns":false,"_monsterinsights_skip_tracking":false,"_monsterinsights_sitenote_active":false,"_monsterinsights_sitenote_note":"","_monsterinsights_sitenote_category":0,"ocean_post_layout":"","ocean_both_sidebars_style":"","ocean_both_sidebars_content_width":0,"ocean_both_sidebars_sidebars_width":0,"ocean_sidebar":"0","ocean_second_sidebar":"0","ocean_disable_margins":"enable","ocean_add_body_class":"","ocean_shortcode_before_top_bar":"","ocean_shortcode_after_top_bar":"","ocean_shortcode_before_header":"","ocean_shortcode_after_header":"","ocean_has_shortcode":"","ocean_shortcode_after_title":"","ocean_shortcode_before_footer_widgets":"","ocean_shortcode_after_footer_widgets":"","ocean_shortcode_before_footer_bottom":"","ocean_shortcode_after_footer_bottom":"","ocean_display_top_bar":"default","ocean_display_header":"default","ocean_header_style":"","ocean_center_header_left_menu":"0","ocean_custom_header_template":"0","ocean_custom_logo":0,"ocean_custom_retina_logo":0,"ocean_custom_logo_max_width":0,"ocean_custom_logo_tablet_max_width":0,"ocean_custom_logo_mobile_max_width":0,"ocean_custom_logo_max_height":0,"ocean_custom_logo_tablet_max_height":0,"ocean_custom_logo_mobile_max_height":0,"ocean_header_custom_menu":"0","ocean_menu_typo_font_family":"0","ocean_menu_typo_font_subset":"","ocean_menu_typo_font_size":0,"ocean_menu_typo_font_size_tablet":0,"ocean_menu_typo_font_size_mobile":0,"ocean_menu_typo_font_size_unit":"px","ocean_menu_typo_font_weight":"","ocean_menu_typo_font_weight_tablet":"","ocean_menu_typo_font_weight_mobile":"","ocean_menu_typo_transform":"","ocean_menu_typo_transform_tablet":"","ocean_menu_typo_transform_mobile":"","ocean_menu_typo_line_height":0,"ocean_menu_typo_line_height_tablet":0,"ocean_menu_typo_line_height_mobile":0,"ocean_menu_typo_line_height_unit":"","ocean_menu_typo_spacing":0,"ocean_menu_typo_spacing_tablet":0,"ocean_menu_typo_spacing_mobile":0,"ocean_menu_typo_spacing_unit":"","ocean_menu_link_color":"","ocean_menu_link_color_hover":"","ocean_menu_link_color_active":"","ocean_menu_link_background":"","ocean_menu_link_hover_background":"","ocean_menu_link_active_background":"","ocean_menu_social_links_bg":"","ocean_menu_social_hover_links_bg":"","ocean_menu_social_links_color":"","ocean_menu_social_hover_links_color":"","ocean_disable_title":"default","ocean_disable_heading":"default","ocean_post_title":"","ocean_post_subheading":"","ocean_post_title_style":"","ocean_post_title_background_color":"","ocean_post_title_background":0,"ocean_post_title_bg_image_position":"","ocean_post_title_bg_image_attachment":"","ocean_post_title_bg_image_repeat":"","ocean_post_title_bg_image_size":"","ocean_post_title_height":0,"ocean_post_title_bg_overlay":0.5,"ocean_post_title_bg_overlay_color":"","ocean_disable_breadcrumbs":"default","ocean_breadcrumbs_color":"","ocean_breadcrumbs_separator_color":"","ocean_breadcrumbs_links_color":"","ocean_breadcrumbs_links_hover_color":"","ocean_display_footer_widgets":"default","ocean_display_footer_bottom":"default","ocean_custom_footer_template":"0"},"product_brand":[],"product_cat":[50],"product_tag":[],"class_list":{"0":"post-15760","1":"product","2":"type-product","3":"status-publish","4":"has-post-thumbnail","6":"product_cat-les-agrumes","7":"product_shipping_class-produits-non-livrables","9":"entry","10":"has-media","12":"first","13":"instock","14":"taxable","15":"shipping-taxable","16":"purchasable","17":"product-type-variable","18":"has-product-nav","19":"col","20":"span_1_of_4","21":"owp-content-center","22":"owp-thumbs-layout-horizontal","23":"owp-btn-big","24":"owp-tabs-layout-vertical"},"aioseo_notices":[],"jetpack_sharing_enabled":true,"_links":{"self":[{"href":"https:\/\/oliveraieducoudon.com\/index.php?rest_route=\/wp\/v2\/product\/15760","targetHints":{"allow":["GET"]}}],"collection":[{"href":"https:\/\/oliveraieducoudon.com\/index.php?rest_route=\/wp\/v2\/product"}],"about":[{"href":"https:\/\/oliveraieducoudon.com\/index.php?rest_route=\/wp\/v2\/types\/product"}],"replies":[{"embeddable":true,"href":"https:\/\/oliveraieducoudon.com\/index.php?rest_route=%2Fwp%2Fv2%2Fcomments&post=15760"}],"wp:featuredmedia":[{"embeddable":true,"href":"https:\/\/oliveraieducoudon.com\/index.php?rest_route=\/wp\/v2\/media\/15770"}],"wp:attachment":[{"href":"https:\/\/oliveraieducoudon.com\/index.php?rest_route=%2Fwp%2Fv2%2Fmedia&parent=15760"}],"wp:term":[{"taxonomy":"product_brand","embeddable":true,"href":"https:\/\/oliveraieducoudon.com\/index.php?rest_route=%2Fwp%2Fv2%2Fproduct_brand&post=15760"},{"taxonomy":"product_cat","embeddable":true,"href":"https:\/\/oliveraieducoudon.com\/index.php?rest_route=%2Fwp%2Fv2%2Fproduct_cat&post=15760"},{"taxonomy":"product_tag","embeddable":true,"href":"https:\/\/oliveraieducoudon.com\/index.php?rest_route=%2Fwp%2Fv2%2Fproduct_tag&post=15760"}],"curies":[{"name":"wp","href":"https:\/\/api.w.org\/{rel}","templated":true}]}}