{"id":15749,"date":"2023-11-11T18:08:57","date_gmt":"2023-11-11T17:08:57","guid":{"rendered":"https:\/\/oliveraieducoudon.com\/?post_type=product&#038;p=15749"},"modified":"2025-11-11T17:37:36","modified_gmt":"2025-11-11T16:37:36","slug":"mandarinier","status":"publish","type":"product","link":"https:\/\/oliveraieducoudon.com\/?product=mandarinier","title":{"rendered":"MANDARINIER"},"content":{"rendered":"<p><em><strong><span style=\"color: #ff0000;\">MANDARINIER<\/span><\/strong><\/em><\/p>\n<div class=\"list-style block-text-wrapper p-r\">\n<p>Le mandarinier est un agrume qui fait p<em>artie de la famille des Rutac\u00e9es. Son nom latin varie en fonction de l&rsquo;esp\u00e8ce : Citrus deliciosa<\/em>\u00a0ou\u00a0<em>C. reticulata<\/em>\u00a0pour le mandarinier commun.<\/p>\n<\/div>\n<div class=\"list-style block-text-wrapper p-r\">\n<p>Cet arbre fruitier \u00e0 croissance plut\u00f4t lente pr\u00e9sente une silhouette touffue et r\u00e9guli\u00e8re naturellement arrondie. Il se hisse \u00e0 3-4 m de hauteur pour autant d&rsquo;\u00e9talement. En pleine terre, lorsque le climat lui convient, il peut d\u00e9passer les 8 m \u00e0 l&rsquo;\u00e2ge adulte. En pot, il garde des dimensions plus modestes.<\/p>\n<\/div>\n<div class=\"list-style block-text-wrapper p-r\">\n<p>Le feuillage du mandarinier est persistant et d\u00e9coratif toute l&rsquo;ann\u00e9e avec ses feuilles coriaces et\u00a0 lisses. Etroites, en forme de fer de lance (lanc\u00e9ol\u00e9es), elles pr\u00e9sentent une face vert fonc\u00e9 brillant et et un revers vert mat. Les jeunes rameaux sont un peu \u00e9pineux.<\/p>\n<\/div>\n<div class=\"list-style block-text-wrapper p-r\">\n<p>Le mandarinier fleurit massivement au printemps sous forme d&rsquo;une multitude de petites fleurs blanches, de 3 \u00e0 4 cm de diam\u00e8tre, d\u00e9licieusement parfum\u00e9es.<\/p>\n<\/div>\n<div class=\"list-style block-heading-wrapper p-r\"><span id=\"Origine-du-mandarinier\" class=\"ancres\"><\/span><\/p>\n<h3 class=\"mt-8 tw--mb-4\">Origine du mandarinier<\/h3>\n<\/div>\n<div class=\"list-style block-text-wrapper p-r\">\n<p>Le mandarinier commun vient de Chine o\u00f9 sa culture est mill\u00e9naire. Il tient son nom des mandarins, hauts fonctionnaires de l&#8217;empire v\u00eatus de soieries orange vif qui recevaient ses fruits en offrandes. Le mandarinier a \u00e9t\u00e9 introduit en Europe au d\u00e9but du XIXe si\u00e8cle. La France a favoris\u00e9 la culture des mandariniers en Alg\u00e9rie dont le climat est propice aux agrumes. Agrume pas si frileux que \u00e7a, \u00e0 l&rsquo;aise en pot comme en pleine terre, le mandarinier est \u00e0 la port\u00e9e de tous les jardiniers \u00e0 condition de lui offrir soleil, arrosages r\u00e9guliers et hivernage hors climat doux. La floraison blanche tellement odorante et la r\u00e9colte de fruits juteux et sucr\u00e9s valent bien quelques efforts!<\/p>\n<div class=\"list-style block-heading-wrapper p-r\">\n<h3 class=\"mt-8 tw--mb-4\">En pleine terre<\/h3>\n<\/div>\n<div class=\"list-style block-text-wrapper p-r\">\n<p>Le mandarinier, comme tous les agrumes, se pla\u00eet dans un sol fertile, l\u00e9ger, bien drain\u00e9, neutre \u00e0 l\u00e9g\u00e8rement acide. Pour bien fleurir et fructifier, il a besoin d&rsquo;un\u00a0<strong>emplacement ensoleill\u00e9,<\/strong>\u00a0pr\u00e9serv\u00e9 des courants d&rsquo;air froids surtout si on le plante en pleine terre en zone limite de rusticit\u00e9.<\/p>\n<\/div>\n<div class=\"list-style block-text-wrapper p-r\">\n<p>Plantez-le du d\u00e9but du printemps jusqu&rsquo;en d\u00e9but d&rsquo;automne sans enterrer le point de greffe. Paillez le pied pour conserver la fra\u00eecheur du sol.<\/p>\n<\/div>\n<div class=\"list-style block-heading-wrapper p-r\"><span id=\"La-culture-en-pot\" class=\"ancres\"><\/span><\/p>\n<h3 class=\"mt-8 tw--mb-4\">La culture en pot<\/h3>\n<\/div>\n<div class=\"list-style block-text-wrapper p-r\">\n<p><strong>Cultiver le mandarinier comme une plante en pot est pr\u00e9f\u00e9rable hors climat doux.<\/strong>\u00a0Offrez \u00e0 l&rsquo;arbuste un contenant de belle taille, dans un mat\u00e9riau de pr\u00e9f\u00e9rence poreux comme la terre cuite, perc\u00e9 de trous de drainage. Augmentez ce dernier en pla\u00e7ant une couche de billes d&rsquo;argile au fond du pot. Le mandarinier comme tous les agrumes craint les exc\u00e8s d&rsquo;humidit\u00e9. Comblez lors de l&#8217;empotage avec\u00a0<strong>du terreau sp\u00e9cial agrumes<\/strong>, g\u00e9n\u00e9ralement fertile et l\u00e9ger (\u00e0 d\u00e9faut de substrat sp\u00e9cial agrumes m\u00e9langez un terreau universel avec autant de sable grossier et de compost bien d\u00e9compos\u00e9) m\u00e9lang\u00e9 avec un tiers de terre de jardin pour lui donner du corps.<\/p>\n<\/div>\n<div class=\"list-style block-text-wrapper p-r\">\n<p>Placez la pot\u00e9e dans un endroit lumineux et chaud abrit\u00e9 des courants d&rsquo;air. Conseil important: pr\u00e9voyez un plateau \u00e0 roulettes si le mandarinier est de belle taille pour faciliter son hivernage hors-gel.<\/p>\n<\/div>\n<\/div>\n<p>&nbsp;<\/p>\n<p><strong><span style=\"color: #0000ff;\">L&rsquo;oliveraie peut vous proposer\u00a0diff\u00e9rents\u00a0pots de\u00a0diff\u00e9rentes\u00a0couleurs pour vos plantes <\/span><\/strong><\/p>\n<p><strong><span style=\"color: #0000ff;\"><span style=\"caret-color: #0000ff;\">Possibilit\u00e9 de\u00a0<\/span>\u00a0vous livrer sur simple demande <\/span><\/strong><\/p>\n<p><strong><span style=\"color: #0000ff;\">Une photo de la plante command\u00e9e vous sera envoy\u00e9e par sms ou mail avant livraison ou retrait\u00a0<\/span><\/strong><\/p>\n","protected":false},"excerpt":{"rendered":"<p>MANDARINIER Le mandarinier est un agrume qui fait partie de la famille des Rutac\u00e9es. Son nom latin varie en fonction de l&rsquo;esp\u00e8ce : Citrus deliciosa\u00a0ou\u00a0C. reticulata\u00a0pour le mandarinier commun. Cet arbre fruitier \u00e0 croissance plut\u00f4t lente pr\u00e9sente une silhouette touffue et r\u00e9guli\u00e8re naturellement arrondie. Il se hisse \u00e0 3-4 m de hauteur pour autant d&rsquo;\u00e9talement. [&hellip;]<\/p>\n","protected":false},"featured_media":15759,"comment_status":"open","ping_status":"closed","template":"","meta":{"om_disable_all_campaigns":false,"_monsterinsights_skip_tracking":false,"_monsterinsights_sitenote_active":false,"_monsterinsights_sitenote_note":"","_monsterinsights_sitenote_category":0,"ocean_post_layout":"","ocean_both_sidebars_style":"","ocean_both_sidebars_content_width":0,"ocean_both_sidebars_sidebars_width":0,"ocean_sidebar":"0","ocean_second_sidebar":"0","ocean_disable_margins":"enable","ocean_add_body_class":"","ocean_shortcode_before_top_bar":"","ocean_shortcode_after_top_bar":"","ocean_shortcode_before_header":"","ocean_shortcode_after_header":"","ocean_has_shortcode":"","ocean_shortcode_after_title":"","ocean_shortcode_before_footer_widgets":"","ocean_shortcode_after_footer_widgets":"","ocean_shortcode_before_footer_bottom":"","ocean_shortcode_after_footer_bottom":"","ocean_display_top_bar":"default","ocean_display_header":"default","ocean_header_style":"","ocean_center_header_left_menu":"0","ocean_custom_header_template":"0","ocean_custom_logo":0,"ocean_custom_retina_logo":0,"ocean_custom_logo_max_width":0,"ocean_custom_logo_tablet_max_width":0,"ocean_custom_logo_mobile_max_width":0,"ocean_custom_logo_max_height":0,"ocean_custom_logo_tablet_max_height":0,"ocean_custom_logo_mobile_max_height":0,"ocean_header_custom_menu":"0","ocean_menu_typo_font_family":"0","ocean_menu_typo_font_subset":"","ocean_menu_typo_font_size":0,"ocean_menu_typo_font_size_tablet":0,"ocean_menu_typo_font_size_mobile":0,"ocean_menu_typo_font_size_unit":"px","ocean_menu_typo_font_weight":"","ocean_menu_typo_font_weight_tablet":"","ocean_menu_typo_font_weight_mobile":"","ocean_menu_typo_transform":"","ocean_menu_typo_transform_tablet":"","ocean_menu_typo_transform_mobile":"","ocean_menu_typo_line_height":0,"ocean_menu_typo_line_height_tablet":0,"ocean_menu_typo_line_height_mobile":0,"ocean_menu_typo_line_height_unit":"","ocean_menu_typo_spacing":0,"ocean_menu_typo_spacing_tablet":0,"ocean_menu_typo_spacing_mobile":0,"ocean_menu_typo_spacing_unit":"","ocean_menu_link_color":"","ocean_menu_link_color_hover":"","ocean_menu_link_color_active":"","ocean_menu_link_background":"","ocean_menu_link_hover_background":"","ocean_menu_link_active_background":"","ocean_menu_social_links_bg":"","ocean_menu_social_hover_links_bg":"","ocean_menu_social_links_color":"","ocean_menu_social_hover_links_color":"","ocean_disable_title":"default","ocean_disable_heading":"default","ocean_post_title":"","ocean_post_subheading":"","ocean_post_title_style":"","ocean_post_title_background_color":"","ocean_post_title_background":0,"ocean_post_title_bg_image_position":"","ocean_post_title_bg_image_attachment":"","ocean_post_title_bg_image_repeat":"","ocean_post_title_bg_image_size":"","ocean_post_title_height":0,"ocean_post_title_bg_overlay":0.5,"ocean_post_title_bg_overlay_color":"","ocean_disable_breadcrumbs":"default","ocean_breadcrumbs_color":"","ocean_breadcrumbs_separator_color":"","ocean_breadcrumbs_links_color":"","ocean_breadcrumbs_links_hover_color":"","ocean_display_footer_widgets":"default","ocean_display_footer_bottom":"default","ocean_custom_footer_template":"0"},"product_brand":[],"product_cat":[50],"product_tag":[],"class_list":{"0":"post-15749","1":"product","2":"type-product","3":"status-publish","4":"has-post-thumbnail","6":"product_cat-les-agrumes","7":"product_shipping_class-produits-non-livrables","9":"entry","10":"has-media","12":"first","13":"instock","14":"taxable","15":"shipping-taxable","16":"purchasable","17":"product-type-variable","18":"has-product-nav","19":"col","20":"span_1_of_4","21":"owp-content-center","22":"owp-thumbs-layout-horizontal","23":"owp-btn-big","24":"owp-tabs-layout-vertical"},"aioseo_notices":[],"jetpack_sharing_enabled":true,"_links":{"self":[{"href":"https:\/\/oliveraieducoudon.com\/index.php?rest_route=\/wp\/v2\/product\/15749","targetHints":{"allow":["GET"]}}],"collection":[{"href":"https:\/\/oliveraieducoudon.com\/index.php?rest_route=\/wp\/v2\/product"}],"about":[{"href":"https:\/\/oliveraieducoudon.com\/index.php?rest_route=\/wp\/v2\/types\/product"}],"replies":[{"embeddable":true,"href":"https:\/\/oliveraieducoudon.com\/index.php?rest_route=%2Fwp%2Fv2%2Fcomments&post=15749"}],"wp:featuredmedia":[{"embeddable":true,"href":"https:\/\/oliveraieducoudon.com\/index.php?rest_route=\/wp\/v2\/media\/15759"}],"wp:attachment":[{"href":"https:\/\/oliveraieducoudon.com\/index.php?rest_route=%2Fwp%2Fv2%2Fmedia&parent=15749"}],"wp:term":[{"taxonomy":"product_brand","embeddable":true,"href":"https:\/\/oliveraieducoudon.com\/index.php?rest_route=%2Fwp%2Fv2%2Fproduct_brand&post=15749"},{"taxonomy":"product_cat","embeddable":true,"href":"https:\/\/oliveraieducoudon.com\/index.php?rest_route=%2Fwp%2Fv2%2Fproduct_cat&post=15749"},{"taxonomy":"product_tag","embeddable":true,"href":"https:\/\/oliveraieducoudon.com\/index.php?rest_route=%2Fwp%2Fv2%2Fproduct_tag&post=15749"}],"curies":[{"name":"wp","href":"https:\/\/api.w.org\/{rel}","templated":true}]}}