{"id":15700,"date":"2023-11-11T17:10:11","date_gmt":"2023-11-11T16:10:11","guid":{"rendered":"https:\/\/oliveraieducoudon.com\/?post_type=product&#038;p=15700"},"modified":"2023-11-21T10:57:03","modified_gmt":"2023-11-21T09:57:03","slug":"citronnier-4-saisons","status":"publish","type":"product","link":"https:\/\/oliveraieducoudon.com\/?product=citronnier-4-saisons","title":{"rendered":"CITRONNIER 4 SAISONS"},"content":{"rendered":"<p><em><strong><span style=\"color: #ff0000;\">CITRONNIER 4 SAISONS<\/span><\/strong><\/em><\/p>\n<div class=\"ens-product-sheet-description__wrapper ens-product-sheet-description__wrapper--has-content-to-expand ens-product-sheet-description__wrapper--full\" data-v-401d9646=\"\">\n<div class=\"ens-product-sheet-description__content\" data-v-401d9646=\"\">\n<div class=\"ens-product-sheet-description__text\" data-v-401d9646=\"\">\n<div class=\"ens-product-sheet-description__html\" data-v-401d9646=\"\">Le citronnier des 4 saisons est un arbre fruitier tr\u00e8s int\u00e9ressant pour sa floraison qui dure toute l&rsquo;ann\u00e9e et son abondante production de fruits.<br \/>\nLe\u00a0<b>citronnier des 4 saisons<\/b>\u00a0est un\u00a0agrume\u00a0tr\u00e8s r\u00e9pandu au port plut\u00f4t \u00e9tal\u00e9 qui grandit rapidement jusqu&rsquo;\u00e0 atteindre 5 m de hauteur lorsqu&rsquo;il est plant\u00e9 en pleine terre. Il poss\u00e8de un feuillage persistant compos\u00e9 de grandes feuilles parfum\u00e9es.<\/p>\n<p>Il est tr\u00e8s appr\u00e9ci\u00e9 pour sa floraison et sa fructification qui dure toute l&rsquo;ann\u00e9e. Ses petites fleurs blanches aux reflets roses d\u00e9gagent un d\u00e9licieux parfum avant de se changer en citrons. Il est autofertile, et tr\u00e8s productif sauf en p\u00e9riode estivale. Ce citronnier donne des fruits \u00e0 peau et \u00e0 chair jaune. La pulpe tr\u00e8s juteuse et acide est utilis\u00e9e pour la cuisine, les p\u00e2tisseries et les boissons. Les r\u00e9coltes ont g\u00e9n\u00e9ralement lieu en automne entre octobre et d\u00e9cembre puis au printemps entre mars et avril.<\/p>\n<p>Les citronniers ne sont pas tr\u00e8s exigeants en mati\u00e8re de sol, il faut n\u00e9anmoins \u00e9viter le calcaire et privil\u00e9gier un sol bien drainant. Peu rustique, il r\u00e9siste jusqu&rsquo;\u00e0 &#8211; 5 \u00b0C et doit \u00eatre cultiv\u00e9 au soleil. A placer \u00e0 l&rsquo;abri du vent, il faut l&rsquo;arroser r\u00e9guli\u00e8rement pour \u00e9viter la s\u00e9cheresse du sol.<\/p>\n<p>On le cultive g\u00e9n\u00e9ralement en pot, \u00e0 l&rsquo;ext\u00e9rieur pendant les beaux jours et \u00e0 l&rsquo;int\u00e9rieur dans une v\u00e9randa en automne-hiver. Il peut \u00e9galement \u00eatre plant\u00e9 en pleine terre dans le jardin ou dans un verger \u00e0 condition que le climat de la r\u00e9gion soit particuli\u00e8rement doux.<\/p><\/div>\n<\/div>\n<\/div>\n<\/div>\n<p><span style=\"color: #000000;\">Le citronnier sera cultiv\u00e9 en pleine terre dans les r\u00e9gions m\u00e9diterran\u00e9ennes, et en bac partout ailleurs. Il fait partie des plantes dites d\u2019orangerie et \u00e0 ce titre est peu rustique. En lui donnant de l\u2019eau, de l\u2019engrais et beaucoup de lumi\u00e8re, vous pourrez profiter du parfum et de la saveur de son fruit, le citron.<\/span><\/p>\n<h2 id=\"delicieux\">D\u00e9licieux<\/h2>\n<p>Le citronnier est un arbre au port \u00e9rig\u00e9 qui atteindra rapidement 2,50 &#8211; 3 m. Son fruit jaune, le citron est tr\u00e8s connu. Menton, grande productrice de ce fruit depuis des si\u00e8cles, en a fait son embl\u00e8me. D\u00e9licieux en tarte, le citron apporte son zeste \u00e0 bien des plats ainsi que sa pulpe acide et juteuse. Le citronnier arbore aussi de grandes feuilles tr\u00e8s parfum\u00e9es, et des fleurs blanches qui le sont tout autant. La floraison est longue et renouvel\u00e9e.<\/p>\n<h2 id=\"a-la-bonne-place\">A la bonne place<\/h2>\n<p>Plant\u00e9 dans un sol l\u00e9ger, fertile, l\u00e9g\u00e8rement acide et bien drain\u00e9, le citronnier sera expos\u00e9 au plein soleil et \u00e0 l\u2019abri du vent. Dans l\u2019id\u00e9al, on le palisse contre un mur orient\u00e9 plein sud dans les r\u00e9gions \u00e0 climat doux, il y sera au chaud et prot\u00e9g\u00e9 des vents violents qui ass\u00e8chent le sol, d\u00e9shydratent la plante, font chuter les temp\u00e9ratures, d\u00e9chirent les feuilles et ab\u00eement les fruits. Il sera plant\u00e9 en pleine terre sans souci, <strong>en r\u00e9gions m\u00e9diterran\u00e9ennes<\/strong>. Dans le Midi, certaines esp\u00e8ces peuvent supporter de l\u00e9g\u00e8res gel\u00e9es, courtes et accidentelles de -2 \u00e0 -3\u00b0C.<\/p>\n<p>L\u00e0 o\u00f9 les hivers sont plus rigoureux, on pr\u00e9f\u00e9rera le <strong>cultiver en bac<\/strong> et on le rentrera sous serre en hiver car le citronnier est peu rustique et craint d\u00e8s -4 ou -6\u00b0C. Par contre, il ne sera jamais cultiv\u00e9 en int\u00e9rieur, il ne supporte pas la chaleur des appartements.<\/p>\n<h2 id=\"quelques-soins\">Quelques soins<\/h2>\n<p>La <strong>taille du citronnier<\/strong> a pour but d\u2019inciter l\u2019arbre \u00e0 plus de ramifications, pour un port plus compact et moins \u00e9tal\u00e9. Les premi\u00e8res ann\u00e9es on coupera chaque nouvelle tige, une fois sa croissance finie (les nouvelles feuilles sont alors plus fonc\u00e9es et ont durcies) en ne lui laissant qu\u2019une longueur de 20 cm. On pratique 4 \u00e0 5 tailles de mai \u00e0 septembre, jusqu\u2019\u00e0 ce que le citronnier ait pris sa forme. Par la suite, une seule taille dans l\u2019ann\u00e9e suffira, \u00e0 la sortie de l\u2019hiver. On \u00e9liminera alors les branches mortes ou malades ainsi que celles se chevauchant. De l\u2019eau, de l\u2019engrais et une bonne lumi\u00e8re, c\u2019est la recette pour un citronnier <strong>en bonne sant\u00e9<\/strong>. Pour une belle r\u00e9colte, apportez r\u00e9guli\u00e8rement un engrais riche en azote et en potasse.<\/p>\n<p><strong>En hiver<\/strong>, on r\u00e9duira les apports \u00e0 un toutes les trois semaines. On reprendra ces apports au printemps, \u00e0 une fr\u00e9quence d\u2019une fois tous les quinze jours ; on remplacera la terre en surface sur 5 cm des plantes en pot, selon la technique dite de surfa\u00e7age.<\/p>\n<p>Les <strong>arrosages<\/strong> sont r\u00e9guliers et indispensables, le citronnier ne supporte pas le manque d\u2019eau. Dans le Midi, on peut favoriser la fructification en cessant les arrosages en juin et juillet, et en les reprenant en ao\u00fbt.<\/p>\n<p>Cet agrume r\u00e9ussit mieux en serre froide (ou orangerie) ou en v\u00e9randa avec une <strong>temp\u00e9rature hivernale de 5\u00b0C \u00e0 15\u00b0C<\/strong>, il doit \u00eatre peu arros\u00e9 durant cette p\u00e9riode. Dans la maison, un exc\u00e8s de chaleur peut lui faire perdre toutes ses feuilles. Il faut alors couper s\u00e9v\u00e8rement au dessus d\u2019un bourgeon clair (encore vivant) et arroser deux fois par semaine ; le citronnier devrait repartir en v\u00e9g\u00e9tation.<\/p>\n<h2 id=\"pourquoi-tailler-le-citronnier\">Pourquoi tailler le citronnier ?<\/h2>\n<p>Citronnier classique ou des 4 saisons vont \u00eatre taill\u00e9s de la m\u00eame fa\u00e7on et pour les m\u00eames raisons.<\/p>\n<ul>\n<li><strong>Augmenter la production de citrons<\/strong> ;<\/li>\n<li>Le former lorsqu\u2019il est jeune ;<\/li>\n<li>Maintenir un <strong>port d\u00e9coratif<\/strong>, une ramure \u00e9quilibr\u00e9e. En effet, le citronnier et les autres agrumes produisent de longues tiges qui partent dans tous les sens, beaucoup en hauteur, et qui, laiss\u00e9es telles quelles, ne lui donnent pas une allure tr\u00e8s esth\u00e9tique.<\/li>\n<li><strong>Le rendre plus dense<\/strong>, car \u00e0 chaque coupe va se produire un afflux de s\u00e8ve qui va entra\u00eener la formation de nouvelles pousses \u00e0 ces endroits.<\/li>\n<li><strong>Le nettoyer et a\u00e9rer son centre<\/strong> pour diminuer les risques de maladies en laissant circuler l\u2019air.<\/li>\n<li>Aider un citronnier qui a subi une gel\u00e9e ou tout autre stress.<\/li>\n<\/ul>\n<h2 id=\"quelle-est-la-bonne-periode-pour-la-taille-du-citronnier\">Quelle est la bonne p\u00e9riode pour la taille du citronnier ?<\/h2>\n<p><strong>La p\u00e9riode pour la taille principale du <\/strong><strong>citronnier<\/strong><strong> 4 saisons ou autre se r\u00e9alise g\u00e9n\u00e9ralement entre la fin de l\u2019hiver et le d\u00e9but du printemps<\/strong> mais il est \u00e9galement possible d\u2019attendre que la fructification soit termin\u00e9e.<\/p>\n<p>Cette op\u00e9ration sera faite tous les 1 ou 2 ans, tous les ans pour un sujet cultiv\u00e9 en pot. <strong>Des petites tailles compl\u00e9mentaires seront faites au cours de la saison<\/strong>. En r\u00e8gle g\u00e9n\u00e9rale, intervenez un mois apr\u00e8s l\u2019apparition de chaque nouvelle pousse, le citronnier pouvant produire des fruits sans discontinuer.<\/p>\n<p>Dans tous les cas, vous ne taillerez pas durant ou juste avant une p\u00e9riode de gel, sans oublier que cette taille se fait au moment o\u00f9 la v\u00e9g\u00e9tation du citronnier a repris.<\/p>\n<p>Dans certains cas, notamment lorsque le citronnier a \u00e9t\u00e9 longtemps abandonn\u00e9, la taille se fait en mars, et uniquement \u00e0 ce moment-l\u00e0.<\/p>\n<h2 id=\"comment-le-tailler\">Comment le tailler ?<\/h2>\n<p>Comme nombre d\u2019arbres fruitiers, le citronnier est greff\u00e9. Il est donc imp\u00e9ratif de <strong>supprimer les gourmands<\/strong>, c\u2019est-\u00e0-dire les tiges qui poussent en-dessous du point de greffe.<\/p>\n<p>Raccourcissez les pousses qui vont porter des fleurs et des fruits de 20cm ;<\/p>\n<p><strong>Coupez \u00e0 chaque fois au-dessus d\u2019une feuille<\/strong>, effectuez une taille en biseau ;<\/p>\n<p>Supprimez \u00e0 ras les branches qui en croisent d\u2019autres, et celles qui sont mal plac\u00e9es ;<\/p>\n<p>Cherchez \u00e0 a\u00e9rer le c\u0153ur de l\u2019arbre en supprimant \u00e0 leur base les branches se dirigeant vers l\u2019int\u00e9rieur de l\u2019arbre ;<\/p>\n<p>Taillez court si votre citronnier a souffert de gel\u00e9es tardives ou pr\u00e9coces. Il repartira de plus belle.<\/p>\n<p><strong><span style=\"color: #0000ff;\">L&rsquo;oliveraie peut vous proposer\u00a0diff\u00e9rents\u00a0pots de\u00a0diff\u00e9rentes\u00a0couleurs pour vos plantes <\/span><\/strong><\/p>\n<p><strong><span style=\"color: #0000ff;\"><span style=\"caret-color: #0000ff;\">Possibilit\u00e9 de\u00a0<\/span>\u00a0vous livrer sur simple demande <\/span><\/strong><\/p>\n<p><strong><span style=\"color: #0000ff;\">Une photo de la plante command\u00e9e vous sera envoy\u00e9e par sms ou mail avant livraison ou retrait\u00a0<\/span><\/strong><\/p>\n","protected":false},"excerpt":{"rendered":"<p>CITRONNIER 4 SAISONS Le citronnier des 4 saisons est un arbre fruitier tr\u00e8s int\u00e9ressant pour sa floraison qui dure toute l&rsquo;ann\u00e9e et son abondante production de fruits. Le\u00a0citronnier des 4 saisons\u00a0est un\u00a0agrume\u00a0tr\u00e8s r\u00e9pandu au port plut\u00f4t \u00e9tal\u00e9 qui grandit rapidement jusqu&rsquo;\u00e0 atteindre 5 m de hauteur lorsqu&rsquo;il est plant\u00e9 en pleine terre. Il poss\u00e8de un [&hellip;]<\/p>\n","protected":false},"featured_media":15710,"comment_status":"open","ping_status":"closed","template":"","meta":{"om_disable_all_campaigns":false,"_monsterinsights_skip_tracking":false,"_monsterinsights_sitenote_active":false,"_monsterinsights_sitenote_note":"","_monsterinsights_sitenote_category":0,"ocean_post_layout":"","ocean_both_sidebars_style":"","ocean_both_sidebars_content_width":0,"ocean_both_sidebars_sidebars_width":0,"ocean_sidebar":"0","ocean_second_sidebar":"0","ocean_disable_margins":"enable","ocean_add_body_class":"","ocean_shortcode_before_top_bar":"","ocean_shortcode_after_top_bar":"","ocean_shortcode_before_header":"","ocean_shortcode_after_header":"","ocean_has_shortcode":"","ocean_shortcode_after_title":"","ocean_shortcode_before_footer_widgets":"","ocean_shortcode_after_footer_widgets":"","ocean_shortcode_before_footer_bottom":"","ocean_shortcode_after_footer_bottom":"","ocean_display_top_bar":"default","ocean_display_header":"default","ocean_header_style":"","ocean_center_header_left_menu":"0","ocean_custom_header_template":"0","ocean_custom_logo":0,"ocean_custom_retina_logo":0,"ocean_custom_logo_max_width":0,"ocean_custom_logo_tablet_max_width":0,"ocean_custom_logo_mobile_max_width":0,"ocean_custom_logo_max_height":0,"ocean_custom_logo_tablet_max_height":0,"ocean_custom_logo_mobile_max_height":0,"ocean_header_custom_menu":"0","ocean_menu_typo_font_family":"0","ocean_menu_typo_font_subset":"","ocean_menu_typo_font_size":0,"ocean_menu_typo_font_size_tablet":0,"ocean_menu_typo_font_size_mobile":0,"ocean_menu_typo_font_size_unit":"px","ocean_menu_typo_font_weight":"","ocean_menu_typo_font_weight_tablet":"","ocean_menu_typo_font_weight_mobile":"","ocean_menu_typo_transform":"","ocean_menu_typo_transform_tablet":"","ocean_menu_typo_transform_mobile":"","ocean_menu_typo_line_height":0,"ocean_menu_typo_line_height_tablet":0,"ocean_menu_typo_line_height_mobile":0,"ocean_menu_typo_line_height_unit":"","ocean_menu_typo_spacing":0,"ocean_menu_typo_spacing_tablet":0,"ocean_menu_typo_spacing_mobile":0,"ocean_menu_typo_spacing_unit":"","ocean_menu_link_color":"","ocean_menu_link_color_hover":"","ocean_menu_link_color_active":"","ocean_menu_link_background":"","ocean_menu_link_hover_background":"","ocean_menu_link_active_background":"","ocean_menu_social_links_bg":"","ocean_menu_social_hover_links_bg":"","ocean_menu_social_links_color":"","ocean_menu_social_hover_links_color":"","ocean_disable_title":"default","ocean_disable_heading":"default","ocean_post_title":"","ocean_post_subheading":"","ocean_post_title_style":"","ocean_post_title_background_color":"","ocean_post_title_background":0,"ocean_post_title_bg_image_position":"","ocean_post_title_bg_image_attachment":"","ocean_post_title_bg_image_repeat":"","ocean_post_title_bg_image_size":"","ocean_post_title_height":0,"ocean_post_title_bg_overlay":0.5,"ocean_post_title_bg_overlay_color":"","ocean_disable_breadcrumbs":"default","ocean_breadcrumbs_color":"","ocean_breadcrumbs_separator_color":"","ocean_breadcrumbs_links_color":"","ocean_breadcrumbs_links_hover_color":"","ocean_display_footer_widgets":"default","ocean_display_footer_bottom":"default","ocean_custom_footer_template":"0"},"product_brand":[],"product_cat":[50],"product_tag":[],"class_list":{"0":"post-15700","1":"product","2":"type-product","3":"status-publish","4":"has-post-thumbnail","6":"product_cat-les-agrumes","7":"product_shipping_class-produits-non-livrables","9":"entry","10":"has-media","12":"first","13":"instock","14":"taxable","15":"shipping-taxable","16":"purchasable","17":"product-type-variable","18":"has-product-nav","19":"col","20":"span_1_of_4","21":"owp-content-center","22":"owp-thumbs-layout-horizontal","23":"owp-btn-big","24":"owp-tabs-layout-vertical"},"aioseo_notices":[],"jetpack_sharing_enabled":true,"_links":{"self":[{"href":"https:\/\/oliveraieducoudon.com\/index.php?rest_route=\/wp\/v2\/product\/15700","targetHints":{"allow":["GET"]}}],"collection":[{"href":"https:\/\/oliveraieducoudon.com\/index.php?rest_route=\/wp\/v2\/product"}],"about":[{"href":"https:\/\/oliveraieducoudon.com\/index.php?rest_route=\/wp\/v2\/types\/product"}],"replies":[{"embeddable":true,"href":"https:\/\/oliveraieducoudon.com\/index.php?rest_route=%2Fwp%2Fv2%2Fcomments&post=15700"}],"wp:featuredmedia":[{"embeddable":true,"href":"https:\/\/oliveraieducoudon.com\/index.php?rest_route=\/wp\/v2\/media\/15710"}],"wp:attachment":[{"href":"https:\/\/oliveraieducoudon.com\/index.php?rest_route=%2Fwp%2Fv2%2Fmedia&parent=15700"}],"wp:term":[{"taxonomy":"product_brand","embeddable":true,"href":"https:\/\/oliveraieducoudon.com\/index.php?rest_route=%2Fwp%2Fv2%2Fproduct_brand&post=15700"},{"taxonomy":"product_cat","embeddable":true,"href":"https:\/\/oliveraieducoudon.com\/index.php?rest_route=%2Fwp%2Fv2%2Fproduct_cat&post=15700"},{"taxonomy":"product_tag","embeddable":true,"href":"https:\/\/oliveraieducoudon.com\/index.php?rest_route=%2Fwp%2Fv2%2Fproduct_tag&post=15700"}],"curies":[{"name":"wp","href":"https:\/\/api.w.org\/{rel}","templated":true}]}}