{"id":15689,"date":"2023-11-11T17:02:06","date_gmt":"2023-11-11T16:02:06","guid":{"rendered":"https:\/\/oliveraieducoudon.com\/?post_type=product&#038;p=15689"},"modified":"2023-11-21T10:57:04","modified_gmt":"2023-11-21T09:57:04","slug":"clementinier","status":"publish","type":"product","link":"https:\/\/oliveraieducoudon.com\/?product=clementinier","title":{"rendered":"CLEMENTINIER"},"content":{"rendered":"<h3 data-adslot-top=\"1135.7109375\"><span style=\"color: #ff0000;\"><em><strong>CLEMENTINIER<\/strong><\/em><\/span><\/h3>\n<h3 data-adslot-top=\"1135.7109375\">Plantation du cl\u00e9mentinier<\/h3>\n<p>Sous nos climats, la culture du cl\u00e9mentinier en pleine terre n\u2019est possible que dans les r\u00e9gions o\u00f9 il ne g\u00e8le pas en hiver.<\/p>\n<p>Sinon, pr\u00e9f\u00e9rez la culture du cl\u00e9mentinier en pot que vous pourrez mettre \u00e0 l\u2019abri durant les mois les plus froids.<\/p>\n<h3>Cl\u00e9mentinier en pleine terre\u00a0:<\/h3>\n<p>Il est recommand\u00e9 de planter le cl\u00e9mentinier \u00e0 l\u2019<strong>automne ou au printemps<\/strong>.<br \/>\nVous le planterez dans un endroit baign\u00e9 de soleil et abrit\u00e9 du vent pour qu\u2019il ait le meilleur rendement possible.<\/p>\n<p>La\u00a0<strong>culture en pleine terre<\/strong>\u00a0n\u2019est possible qu\u2019en r\u00e9gion o\u00f9 l\u2019<strong>hiver est doux<\/strong>.<br \/>\nPlus au nord, vous le planterez en pot pour pouvoir le rentrer dans un endroit frais, mais hors gel durant les mois les plus frais.<\/p>\n<h3>Cl\u00e9mentinier en pot\u00a0:<\/h3>\n<p>&nbsp;<\/p>\n<p>Il est tout \u00e0 fait possible de cultiver le cl\u00e9mentinier en pot, sur une terrasse ou un balcon.<\/p>\n<p>En revanche, il faudra pr\u00e9voir un abri lumineux en hiver, comme une serre non chauff\u00e9e pour le prot\u00e9ger du gel.<\/p>\n<p>Si vous habitez en M\u00e9diterran\u00e9e, il devrait survivre en ext\u00e9rieur en hiver \u00e0 condition de bien l\u2019abriter du vent.<\/p>\n<h2 data-adslot-top=\"2085.875\">Taille et entretien du cl\u00e9mentinier<\/h2>\n<p>Aucune taille n\u2019est vraiment n\u00e9cessaire chez le cl\u00e9mentinier mais elle peut permettre d\u2019am\u00e9liorer la r\u00e9colte des cl\u00e9mentines.<\/p>\n<ul>\n<li>Supprimez le\u00a0<strong>bois mort<\/strong>\u00a0et\u00a0<strong>a\u00e9rez le centre<\/strong>\u00a0de l\u2019arbre apr\u00e8s la fructification.<\/li>\n<li>Le cl\u00e9mentinier r\u00e9siste assez bien aux temp\u00e9ratures n\u00e9gatives, jusqu\u2019\u00e0\u00a0<strong>-8\u00b0 selon les vari\u00e9t\u00e9s<\/strong>, mais attention, des gel\u00e9es prolong\u00e9es pourraient le condamner.<\/li>\n<\/ul>\n<h2 data-adslot-top=\"2385.859375\">Cl\u00e9mentinier en hiver<\/h2>\n<p>En\u00a0<strong>climat m\u00e9diterran\u00e9en<\/strong>\u00a0vous pourrez le cultiver et le laisser\u00a0<strong>dehors en hiver<\/strong>.<\/p>\n<p>En dehors, sachez qu\u2019il r\u00e9siste aux temp\u00e9ratures n\u00e9gatives allant jusque -8\u00b0.<br \/>\nL\u2019id\u00e9al est d\u2019utiliser un\u00a0<strong>voile d\u2019hivernage<\/strong>\u00a0qui permettra d\u2019apr\u00e9hender un peu mieux ces temp\u00e9ratures n\u00e9gatives et ces gel\u00e9es.<\/p>\n<p>Si vous le\u00a0<strong>cultivez en pot<\/strong>, le mieux est de le placer dans une serre ou une v\u00e9randa non chauff\u00e9e afin de le\u00a0<strong>prot\u00e9ger du gel<\/strong>\u00a0tout en lui apportant la fra\u00eecheur dont il a besoin durant l\u2019hiver.<\/p>\n<p><strong><span style=\"color: #0000ff;\">L&rsquo;oliveraie peut vous proposer\u00a0diff\u00e9rents\u00a0pots de\u00a0diff\u00e9rentes\u00a0couleurs pour vos plantes <\/span><\/strong><\/p>\n<p><strong><span style=\"color: #0000ff;\"><span style=\"caret-color: #0000ff;\">Possibilit\u00e9 de\u00a0<\/span>\u00a0vous livrer sur simple demande <\/span><\/strong><\/p>\n<p><strong><span style=\"color: #0000ff;\">Une photo de la plante command\u00e9e vous sera envoy\u00e9e par sms ou mail avant livraison ou retrait\u00a0<\/span><\/strong><\/p>\n","protected":false},"excerpt":{"rendered":"<p>CLEMENTINIER Plantation du cl\u00e9mentinier Sous nos climats, la culture du cl\u00e9mentinier en pleine terre n\u2019est possible que dans les r\u00e9gions o\u00f9 il ne g\u00e8le pas en hiver. Sinon, pr\u00e9f\u00e9rez la culture du cl\u00e9mentinier en pot que vous pourrez mettre \u00e0 l\u2019abri durant les mois les plus froids. Cl\u00e9mentinier en pleine terre\u00a0: Il est recommand\u00e9 de [&hellip;]<\/p>\n","protected":false},"featured_media":15748,"comment_status":"open","ping_status":"closed","template":"","meta":{"om_disable_all_campaigns":false,"_monsterinsights_skip_tracking":false,"_monsterinsights_sitenote_active":false,"_monsterinsights_sitenote_note":"","_monsterinsights_sitenote_category":0,"ocean_post_layout":"","ocean_both_sidebars_style":"","ocean_both_sidebars_content_width":0,"ocean_both_sidebars_sidebars_width":0,"ocean_sidebar":"0","ocean_second_sidebar":"0","ocean_disable_margins":"enable","ocean_add_body_class":"","ocean_shortcode_before_top_bar":"","ocean_shortcode_after_top_bar":"","ocean_shortcode_before_header":"","ocean_shortcode_after_header":"","ocean_has_shortcode":"","ocean_shortcode_after_title":"","ocean_shortcode_before_footer_widgets":"","ocean_shortcode_after_footer_widgets":"","ocean_shortcode_before_footer_bottom":"","ocean_shortcode_after_footer_bottom":"","ocean_display_top_bar":"default","ocean_display_header":"default","ocean_header_style":"","ocean_center_header_left_menu":"0","ocean_custom_header_template":"0","ocean_custom_logo":0,"ocean_custom_retina_logo":0,"ocean_custom_logo_max_width":0,"ocean_custom_logo_tablet_max_width":0,"ocean_custom_logo_mobile_max_width":0,"ocean_custom_logo_max_height":0,"ocean_custom_logo_tablet_max_height":0,"ocean_custom_logo_mobile_max_height":0,"ocean_header_custom_menu":"0","ocean_menu_typo_font_family":"0","ocean_menu_typo_font_subset":"","ocean_menu_typo_font_size":0,"ocean_menu_typo_font_size_tablet":0,"ocean_menu_typo_font_size_mobile":0,"ocean_menu_typo_font_size_unit":"px","ocean_menu_typo_font_weight":"","ocean_menu_typo_font_weight_tablet":"","ocean_menu_typo_font_weight_mobile":"","ocean_menu_typo_transform":"","ocean_menu_typo_transform_tablet":"","ocean_menu_typo_transform_mobile":"","ocean_menu_typo_line_height":0,"ocean_menu_typo_line_height_tablet":0,"ocean_menu_typo_line_height_mobile":0,"ocean_menu_typo_line_height_unit":"","ocean_menu_typo_spacing":0,"ocean_menu_typo_spacing_tablet":0,"ocean_menu_typo_spacing_mobile":0,"ocean_menu_typo_spacing_unit":"","ocean_menu_link_color":"","ocean_menu_link_color_hover":"","ocean_menu_link_color_active":"","ocean_menu_link_background":"","ocean_menu_link_hover_background":"","ocean_menu_link_active_background":"","ocean_menu_social_links_bg":"","ocean_menu_social_hover_links_bg":"","ocean_menu_social_links_color":"","ocean_menu_social_hover_links_color":"","ocean_disable_title":"default","ocean_disable_heading":"default","ocean_post_title":"","ocean_post_subheading":"","ocean_post_title_style":"","ocean_post_title_background_color":"","ocean_post_title_background":0,"ocean_post_title_bg_image_position":"","ocean_post_title_bg_image_attachment":"","ocean_post_title_bg_image_repeat":"","ocean_post_title_bg_image_size":"","ocean_post_title_height":0,"ocean_post_title_bg_overlay":0.5,"ocean_post_title_bg_overlay_color":"","ocean_disable_breadcrumbs":"default","ocean_breadcrumbs_color":"","ocean_breadcrumbs_separator_color":"","ocean_breadcrumbs_links_color":"","ocean_breadcrumbs_links_hover_color":"","ocean_display_footer_widgets":"default","ocean_display_footer_bottom":"default","ocean_custom_footer_template":"0"},"product_brand":[],"product_cat":[50],"product_tag":[],"class_list":{"0":"post-15689","1":"product","2":"type-product","3":"status-publish","4":"has-post-thumbnail","6":"product_cat-les-agrumes","7":"product_shipping_class-produits-non-livrables","9":"entry","10":"has-media","12":"first","13":"instock","14":"taxable","15":"shipping-taxable","16":"purchasable","17":"product-type-variable","18":"has-product-nav","19":"col","20":"span_1_of_4","21":"owp-content-center","22":"owp-thumbs-layout-horizontal","23":"owp-btn-big","24":"owp-tabs-layout-vertical"},"aioseo_notices":[],"jetpack_sharing_enabled":true,"_links":{"self":[{"href":"https:\/\/oliveraieducoudon.com\/index.php?rest_route=\/wp\/v2\/product\/15689","targetHints":{"allow":["GET"]}}],"collection":[{"href":"https:\/\/oliveraieducoudon.com\/index.php?rest_route=\/wp\/v2\/product"}],"about":[{"href":"https:\/\/oliveraieducoudon.com\/index.php?rest_route=\/wp\/v2\/types\/product"}],"replies":[{"embeddable":true,"href":"https:\/\/oliveraieducoudon.com\/index.php?rest_route=%2Fwp%2Fv2%2Fcomments&post=15689"}],"wp:featuredmedia":[{"embeddable":true,"href":"https:\/\/oliveraieducoudon.com\/index.php?rest_route=\/wp\/v2\/media\/15748"}],"wp:attachment":[{"href":"https:\/\/oliveraieducoudon.com\/index.php?rest_route=%2Fwp%2Fv2%2Fmedia&parent=15689"}],"wp:term":[{"taxonomy":"product_brand","embeddable":true,"href":"https:\/\/oliveraieducoudon.com\/index.php?rest_route=%2Fwp%2Fv2%2Fproduct_brand&post=15689"},{"taxonomy":"product_cat","embeddable":true,"href":"https:\/\/oliveraieducoudon.com\/index.php?rest_route=%2Fwp%2Fv2%2Fproduct_cat&post=15689"},{"taxonomy":"product_tag","embeddable":true,"href":"https:\/\/oliveraieducoudon.com\/index.php?rest_route=%2Fwp%2Fv2%2Fproduct_tag&post=15689"}],"curies":[{"name":"wp","href":"https:\/\/api.w.org\/{rel}","templated":true}]}}