{"id":15669,"date":"2023-11-11T17:01:48","date_gmt":"2023-11-11T16:01:48","guid":{"rendered":"https:\/\/oliveraieducoudon.com\/?post_type=product&#038;p=15669"},"modified":"2023-11-21T10:57:04","modified_gmt":"2023-11-21T09:57:04","slug":"citronnier-caviar","status":"publish","type":"product","link":"https:\/\/oliveraieducoudon.com\/?product=citronnier-caviar","title":{"rendered":"CITRONNIER CAVIAR"},"content":{"rendered":"<p><em><strong><span style=\"color: #ff0000;\">CITRONNIER CAVIAR<\/span><\/strong><\/em><\/p>\n<p>Cet agrume donne des fruits allong\u00e9s et \u00e9troits \u00e0 la peau verte, lisse et fine. Ces fruits ont une pulpe compos\u00e9e de petites v\u00e9sicules comme du caviar, au go\u00fbt acidul\u00e9 aux notes de citron orange.. Les petites perles sont jaunes pour cette vari\u00e9t\u00e9 &lsquo;Golden Pearl&rsquo;. Le citron caviar est tr\u00e8s recherch\u00e9 pour son utilisation en cuisine, son parfum et son aspect tr\u00e8s d\u00e9coratif pour les plats!<br \/>\nSes feuilles sont petites, ovales et tendres. Son feuillage est dense mais reste souple.<\/p>\n<h3>Conseils de culture<\/h3>\n<p>\u00c0 cultiver en pot, il peut \u00eatre install\u00e9 en ext\u00e9rieur aux beaux jours. Il est conseill\u00e9 de l\u2019hiverner en v\u00e9randa ou pi\u00e8ce claire hors gel (d&rsquo;octobre \u00e0 mars) .<br \/>\nPratiquer en mars une taille de formation en mars puis un pincement. Il est possible de le rempoter tous les 2 \u00e0 3 ans dans un substrat sp\u00e9cial agrume avec des billes d&rsquo;argile dans le fond du pot.<br \/>\nArroser r\u00e9guli\u00e8rement, pour garder le terreau toujours frais, mais sans tremper. R\u00e9duire l&rsquo;arrosage en hiver, attendre que le terreau s\u00e8che sur les 2 premiers cm de surface.<br \/>\nL\u2019apport d\u2019un engrais sp\u00e9cial agrume, r\u00e9guli\u00e8rement sauf en hiver, favorise la qualit\u00e9 des fruits et la beaut\u00e9 du feuillage.<\/p>\n<h3>Usages culinaires<\/h3>\n<p>&#8211; Feuilles s\u00e9ch\u00e9es, sa pulpe, son zeste peuvent aromatiser de nombreux plats sucr\u00e9s ou sal\u00e9s<br \/>\n&#8211; Condiment qui s&rsquo;accorde agr\u00e9ablement avec les fruits de mer, poissons sushis,<br \/>\n&#8211; Quelques petites billes apportent une touche d&rsquo;originalit\u00e9 dans les salades de fruits, crudit\u00e9s et les cocktails<\/p>\n<h3>Le saviez vous ?<\/h3>\n<p>\u00c0 cause de la forme tr\u00e8s allong\u00e9e de son fruit, on l&rsquo;appelle \u00e9galement \u00ab\u00a0citron doigt\u00a0\u00bb ou Lime digit\u00e9e d&rsquo;Australie. Originaire d&rsquo;Australie, il y pousse \u00e0 l&rsquo;\u00e9tat sauvage dans les for\u00eats humides.<\/p>\n<h2 id=\"le-caviar-des-chefs\">Le \u00ab\u00a0caviar\u00a0\u00bb des chefs<\/h2>\n<p>Le citron caviar, de son nom latin <em>Citrus australasica<\/em> (il est originaire d&rsquo;Australie), est un agrume dont le fruit allong\u00e9, \u00e9troit, de la forme d&rsquo;un cornichon, dont la couleur varie du vert au noir en passant par le jaune, le rouge et le brun. Il est d&rsquo;ailleurs surnomm\u00e9 <em>Finger lime<\/em> en anglais, litt\u00e9ralement : le \u00ab\u00a0citron doigt\u00a0\u00bb. Il a la peau lisse, tr\u00e8s parfum\u00e9e, de couleur diff\u00e9rente selon la vari\u00e9t\u00e9. Le citron caviar renferme de petites billes translucides et croquantes, rappelant le caviar. Elles lib\u00e8rent une saveur vive, citronn\u00e9e, aux accents de pamplemousse. Les perles du citron caviar se marie tr\u00e8s bien avec l\u2019hu\u00eetre, le poissons et les fruits de la mer. Employez-le aussi en condiment ou en garniture.<\/p>\n<h2 id=\"un-beau-petit-arbuste\">Un beau petit arbuste<\/h2>\n<p>Le citron caviar est un buisson au feuillage dense et persistant, de 3m de haut. Il porte de petites \u00e9pin\u00e9es, de petites feuilles d&rsquo;un beau vert, et de petites fleurs blanches et parfum\u00e9es. Ses feuilles parfum\u00e9es elles-aussi sont utilis\u00e9es pour parfumer les plats, et aromatiser les boissons. Ses fleurs laisseront place aux fruits qui arriveront \u00e0 maturit\u00e9 entre d\u00e9cembre et avril.<\/p>\n<h2 id=\"a-la-bonne-place\">A la bonne place<\/h2>\n<p>Le citron caviar se cultive comme le citronnier. Il r\u00e9clame une terre riche en humus et bien drain\u00e9e, ainsi qu&rsquo;une exposition bien ensoleill\u00e9e. Il se cultive en bac sans probl\u00e8me.<\/p>\n<h2 id=\"aux-petits-soins\">Aux petits soins<\/h2>\n<p>Le citron caviar ne supporte des temp\u00e9ratures inf\u00e9rieures \u00e0 7\u00b0C. Prot\u00e9gez-le des gel\u00e9es par un voile d&rsquo;hivernage, s&rsquo;il est cultiv\u00e9 en pleine terre. En bac, rentrez-le sous la serre, v\u00e9randa ou orangeraie ou tout autre lieu lumineux, maintenue \u00e0 10\u00b0C. Au printemps, donnez-lui un coup de pousse pour repartir avec un engrais sp\u00e9cial agrumes.<\/p>\n<p><strong><span style=\"color: #0000ff;\">L&rsquo;oliveraie peut vous proposer\u00a0diff\u00e9rents\u00a0pots de\u00a0diff\u00e9rentes\u00a0couleurs pour vos plantes <\/span><\/strong><\/p>\n<p><strong><span style=\"color: #0000ff;\"><span style=\"caret-color: #0000ff;\">Possibilit\u00e9 de\u00a0<\/span>\u00a0vous livrer sur simple demande <\/span><\/strong><\/p>\n<p><strong><span style=\"color: #0000ff;\">Une photo de la plante command\u00e9e vous sera envoy\u00e9e par sms ou mail avant livraison ou retrait\u00a0<\/span><\/strong><\/p>\n","protected":false},"excerpt":{"rendered":"<p>CITRONNIER CAVIAR Cet agrume donne des fruits allong\u00e9s et \u00e9troits \u00e0 la peau verte, lisse et fine. Ces fruits ont une pulpe compos\u00e9e de petites v\u00e9sicules comme du caviar, au go\u00fbt acidul\u00e9 aux notes de citron orange.. Les petites perles sont jaunes pour cette vari\u00e9t\u00e9 &lsquo;Golden Pearl&rsquo;. Le citron caviar est tr\u00e8s recherch\u00e9 pour son [&hellip;]<\/p>\n","protected":false},"featured_media":15711,"comment_status":"open","ping_status":"closed","template":"","meta":{"om_disable_all_campaigns":false,"_monsterinsights_skip_tracking":false,"_monsterinsights_sitenote_active":false,"_monsterinsights_sitenote_note":"","_monsterinsights_sitenote_category":0,"ocean_post_layout":"","ocean_both_sidebars_style":"","ocean_both_sidebars_content_width":0,"ocean_both_sidebars_sidebars_width":0,"ocean_sidebar":"0","ocean_second_sidebar":"0","ocean_disable_margins":"enable","ocean_add_body_class":"","ocean_shortcode_before_top_bar":"","ocean_shortcode_after_top_bar":"","ocean_shortcode_before_header":"","ocean_shortcode_after_header":"","ocean_has_shortcode":"","ocean_shortcode_after_title":"","ocean_shortcode_before_footer_widgets":"","ocean_shortcode_after_footer_widgets":"","ocean_shortcode_before_footer_bottom":"","ocean_shortcode_after_footer_bottom":"","ocean_display_top_bar":"default","ocean_display_header":"default","ocean_header_style":"","ocean_center_header_left_menu":"0","ocean_custom_header_template":"0","ocean_custom_logo":0,"ocean_custom_retina_logo":0,"ocean_custom_logo_max_width":0,"ocean_custom_logo_tablet_max_width":0,"ocean_custom_logo_mobile_max_width":0,"ocean_custom_logo_max_height":0,"ocean_custom_logo_tablet_max_height":0,"ocean_custom_logo_mobile_max_height":0,"ocean_header_custom_menu":"0","ocean_menu_typo_font_family":"0","ocean_menu_typo_font_subset":"","ocean_menu_typo_font_size":0,"ocean_menu_typo_font_size_tablet":0,"ocean_menu_typo_font_size_mobile":0,"ocean_menu_typo_font_size_unit":"px","ocean_menu_typo_font_weight":"","ocean_menu_typo_font_weight_tablet":"","ocean_menu_typo_font_weight_mobile":"","ocean_menu_typo_transform":"","ocean_menu_typo_transform_tablet":"","ocean_menu_typo_transform_mobile":"","ocean_menu_typo_line_height":0,"ocean_menu_typo_line_height_tablet":0,"ocean_menu_typo_line_height_mobile":0,"ocean_menu_typo_line_height_unit":"","ocean_menu_typo_spacing":0,"ocean_menu_typo_spacing_tablet":0,"ocean_menu_typo_spacing_mobile":0,"ocean_menu_typo_spacing_unit":"","ocean_menu_link_color":"","ocean_menu_link_color_hover":"","ocean_menu_link_color_active":"","ocean_menu_link_background":"","ocean_menu_link_hover_background":"","ocean_menu_link_active_background":"","ocean_menu_social_links_bg":"","ocean_menu_social_hover_links_bg":"","ocean_menu_social_links_color":"","ocean_menu_social_hover_links_color":"","ocean_disable_title":"default","ocean_disable_heading":"default","ocean_post_title":"","ocean_post_subheading":"","ocean_post_title_style":"","ocean_post_title_background_color":"","ocean_post_title_background":0,"ocean_post_title_bg_image_position":"","ocean_post_title_bg_image_attachment":"","ocean_post_title_bg_image_repeat":"","ocean_post_title_bg_image_size":"","ocean_post_title_height":0,"ocean_post_title_bg_overlay":0.5,"ocean_post_title_bg_overlay_color":"","ocean_disable_breadcrumbs":"default","ocean_breadcrumbs_color":"","ocean_breadcrumbs_separator_color":"","ocean_breadcrumbs_links_color":"","ocean_breadcrumbs_links_hover_color":"","ocean_display_footer_widgets":"default","ocean_display_footer_bottom":"default","ocean_custom_footer_template":"0"},"product_brand":[],"product_cat":[50],"product_tag":[],"class_list":{"0":"post-15669","1":"product","2":"type-product","3":"status-publish","4":"has-post-thumbnail","6":"product_cat-les-agrumes","7":"product_shipping_class-produits-non-livrables","9":"entry","10":"has-media","12":"first","13":"instock","14":"taxable","15":"shipping-taxable","16":"purchasable","17":"product-type-variable","18":"has-product-nav","19":"col","20":"span_1_of_4","21":"owp-content-center","22":"owp-thumbs-layout-horizontal","23":"owp-btn-big","24":"owp-tabs-layout-vertical"},"aioseo_notices":[],"jetpack_sharing_enabled":true,"_links":{"self":[{"href":"https:\/\/oliveraieducoudon.com\/index.php?rest_route=\/wp\/v2\/product\/15669","targetHints":{"allow":["GET"]}}],"collection":[{"href":"https:\/\/oliveraieducoudon.com\/index.php?rest_route=\/wp\/v2\/product"}],"about":[{"href":"https:\/\/oliveraieducoudon.com\/index.php?rest_route=\/wp\/v2\/types\/product"}],"replies":[{"embeddable":true,"href":"https:\/\/oliveraieducoudon.com\/index.php?rest_route=%2Fwp%2Fv2%2Fcomments&post=15669"}],"wp:featuredmedia":[{"embeddable":true,"href":"https:\/\/oliveraieducoudon.com\/index.php?rest_route=\/wp\/v2\/media\/15711"}],"wp:attachment":[{"href":"https:\/\/oliveraieducoudon.com\/index.php?rest_route=%2Fwp%2Fv2%2Fmedia&parent=15669"}],"wp:term":[{"taxonomy":"product_brand","embeddable":true,"href":"https:\/\/oliveraieducoudon.com\/index.php?rest_route=%2Fwp%2Fv2%2Fproduct_brand&post=15669"},{"taxonomy":"product_cat","embeddable":true,"href":"https:\/\/oliveraieducoudon.com\/index.php?rest_route=%2Fwp%2Fv2%2Fproduct_cat&post=15669"},{"taxonomy":"product_tag","embeddable":true,"href":"https:\/\/oliveraieducoudon.com\/index.php?rest_route=%2Fwp%2Fv2%2Fproduct_tag&post=15669"}],"curies":[{"name":"wp","href":"https:\/\/api.w.org\/{rel}","templated":true}]}}