{"id":15643,"date":"2023-11-11T16:45:39","date_gmt":"2023-11-11T15:45:39","guid":{"rendered":"https:\/\/oliveraieducoudon.com\/?post_type=product&#038;p=15643"},"modified":"2023-11-21T10:57:04","modified_gmt":"2023-11-21T09:57:04","slug":"a-copie-copie","status":"publish","type":"product","link":"https:\/\/oliveraieducoudon.com\/?product=a-copie-copie","title":{"rendered":"CEDRAT"},"content":{"rendered":"<p><span style=\"color: #ff0000;\"><em><strong>CEDRAT<\/strong><\/em><\/span><\/p>\n<div class=\"c-wysiwyg\">\n<h3>De gros fruits comestibles<\/h3>\n<p>La particularit\u00e9 du\u00a0<strong>Citron C\u00e9drat G\u00e9ant<\/strong>\u00a0est qu&rsquo;\u00e0 maturit\u00e9, certains fruits peuvent avoir un diam\u00e8tre sup\u00e9rieur \u00e0 la couverture de 2 mains sur le fruit. Ils peuvent atteindre des poids de 2 \u00e0 3kgs. Son port vigoureux et assez irr\u00e9gulier se taille bien. Les jeunes pousses bronze deviennent vertes en viellissant. Le feuillage persistant et odorant est compos\u00e9 de grandes feuilles dent\u00e9es. La floraison assez grosse appara\u00eet en grappes. Elles sont d&rsquo;abord violettes puis blanches en s&rsquo;\u00e9panouissant. Les tiges ont quelques peites \u00e9pines \u00e9parses.<\/p>\n<p>La floraison blanche s&rsquo;ouvre au printemps et on proc\u00e8de \u00e0 la r\u00e9colte 18 mois plus tard \u00e0 l&rsquo;automne. Les gros fruits jaunes sont c\u00f4tel\u00e9s, oblongs et avec une peau \u00e9paisse. Elle peut \u00eatre r\u00e9cup\u00e9r\u00e9e pour r\u00e9aliser des confiture, boissons et fruits confits. La pulpe du fruit est aigre. L&rsquo;Alb\u00e9do (mati\u00e8re entre la peau et le jus) est blanc et assez \u00e9pais. Comestible, son go\u00fbt est sucr\u00e9 et plut\u00f4t doux. Rustique \u00e0 -6\u00b0C, ce C\u00e9drat Maxima appr\u00e9cie les expositions ensoleill\u00e9es et chaudes. On le laisse bien s\u00e9cher entre 2 arrosages.<\/p>\n<p>Ce Citrux maxima se conserve en garage lumineux, v\u00e9randa ou serre froide en hiver lorsqu&rsquo;il est en pot en compagnie d&rsquo;autres Agrumes ou de plantes de\u00a0<a title=\"jardin d'hiver\" href=\"https:\/\/www.leaderplant.com\/jardins-a-themes\/plante-d-interieur-jardin-d-hiver-veranda.html\">Jardin <\/a>d&rsquo;hiver.<\/p>\n<\/div>\n<p><strong><span style=\"color: #0000ff;\">L&rsquo;oliveraie peut vous proposer\u00a0diff\u00e9rents\u00a0pots de\u00a0diff\u00e9rentes\u00a0couleurs pour vos plantes ainsi de vous livrer sur simple demande <\/span><\/strong><br \/>\n<strong><span style=\"color: #0000ff;\">Une photo de la plante command\u00e9e vous sera envoy\u00e9e par sms ou mail avant livraison ou retrait\u00a0<\/span><\/strong><\/p>\n","protected":false},"excerpt":{"rendered":"<p>CEDRAT De gros fruits comestibles La particularit\u00e9 du\u00a0Citron C\u00e9drat G\u00e9ant\u00a0est qu&rsquo;\u00e0 maturit\u00e9, certains fruits peuvent avoir un diam\u00e8tre sup\u00e9rieur \u00e0 la couverture de 2 mains sur le fruit. Ils peuvent atteindre des poids de 2 \u00e0 3kgs. Son port vigoureux et assez irr\u00e9gulier se taille bien. Les jeunes pousses bronze deviennent vertes en viellissant. Le [&hellip;]<\/p>\n","protected":false},"featured_media":15655,"comment_status":"open","ping_status":"closed","template":"","meta":{"om_disable_all_campaigns":false,"_monsterinsights_skip_tracking":false,"_monsterinsights_sitenote_active":false,"_monsterinsights_sitenote_note":"","_monsterinsights_sitenote_category":0,"ocean_post_layout":"","ocean_both_sidebars_style":"","ocean_both_sidebars_content_width":0,"ocean_both_sidebars_sidebars_width":0,"ocean_sidebar":"0","ocean_second_sidebar":"0","ocean_disable_margins":"enable","ocean_add_body_class":"","ocean_shortcode_before_top_bar":"","ocean_shortcode_after_top_bar":"","ocean_shortcode_before_header":"","ocean_shortcode_after_header":"","ocean_has_shortcode":"","ocean_shortcode_after_title":"","ocean_shortcode_before_footer_widgets":"","ocean_shortcode_after_footer_widgets":"","ocean_shortcode_before_footer_bottom":"","ocean_shortcode_after_footer_bottom":"","ocean_display_top_bar":"default","ocean_display_header":"default","ocean_header_style":"","ocean_center_header_left_menu":"0","ocean_custom_header_template":"0","ocean_custom_logo":0,"ocean_custom_retina_logo":0,"ocean_custom_logo_max_width":0,"ocean_custom_logo_tablet_max_width":0,"ocean_custom_logo_mobile_max_width":0,"ocean_custom_logo_max_height":0,"ocean_custom_logo_tablet_max_height":0,"ocean_custom_logo_mobile_max_height":0,"ocean_header_custom_menu":"0","ocean_menu_typo_font_family":"0","ocean_menu_typo_font_subset":"","ocean_menu_typo_font_size":0,"ocean_menu_typo_font_size_tablet":0,"ocean_menu_typo_font_size_mobile":0,"ocean_menu_typo_font_size_unit":"px","ocean_menu_typo_font_weight":"","ocean_menu_typo_font_weight_tablet":"","ocean_menu_typo_font_weight_mobile":"","ocean_menu_typo_transform":"","ocean_menu_typo_transform_tablet":"","ocean_menu_typo_transform_mobile":"","ocean_menu_typo_line_height":0,"ocean_menu_typo_line_height_tablet":0,"ocean_menu_typo_line_height_mobile":0,"ocean_menu_typo_line_height_unit":"","ocean_menu_typo_spacing":0,"ocean_menu_typo_spacing_tablet":0,"ocean_menu_typo_spacing_mobile":0,"ocean_menu_typo_spacing_unit":"","ocean_menu_link_color":"","ocean_menu_link_color_hover":"","ocean_menu_link_color_active":"","ocean_menu_link_background":"","ocean_menu_link_hover_background":"","ocean_menu_link_active_background":"","ocean_menu_social_links_bg":"","ocean_menu_social_hover_links_bg":"","ocean_menu_social_links_color":"","ocean_menu_social_hover_links_color":"","ocean_disable_title":"default","ocean_disable_heading":"default","ocean_post_title":"","ocean_post_subheading":"","ocean_post_title_style":"","ocean_post_title_background_color":"","ocean_post_title_background":0,"ocean_post_title_bg_image_position":"","ocean_post_title_bg_image_attachment":"","ocean_post_title_bg_image_repeat":"","ocean_post_title_bg_image_size":"","ocean_post_title_height":0,"ocean_post_title_bg_overlay":0.5,"ocean_post_title_bg_overlay_color":"","ocean_disable_breadcrumbs":"default","ocean_breadcrumbs_color":"","ocean_breadcrumbs_separator_color":"","ocean_breadcrumbs_links_color":"","ocean_breadcrumbs_links_hover_color":"","ocean_display_footer_widgets":"default","ocean_display_footer_bottom":"default","ocean_custom_footer_template":"0"},"product_brand":[],"product_cat":[50],"product_tag":[],"class_list":{"0":"post-15643","1":"product","2":"type-product","3":"status-publish","4":"has-post-thumbnail","6":"product_cat-les-agrumes","7":"product_shipping_class-produits-non-livrables","9":"entry","10":"has-media","12":"first","13":"instock","14":"taxable","15":"shipping-taxable","16":"purchasable","17":"product-type-variable","18":"has-product-nav","19":"col","20":"span_1_of_4","21":"owp-content-center","22":"owp-thumbs-layout-horizontal","23":"owp-btn-big","24":"owp-tabs-layout-vertical"},"aioseo_notices":[],"jetpack_sharing_enabled":true,"_links":{"self":[{"href":"https:\/\/oliveraieducoudon.com\/index.php?rest_route=\/wp\/v2\/product\/15643","targetHints":{"allow":["GET"]}}],"collection":[{"href":"https:\/\/oliveraieducoudon.com\/index.php?rest_route=\/wp\/v2\/product"}],"about":[{"href":"https:\/\/oliveraieducoudon.com\/index.php?rest_route=\/wp\/v2\/types\/product"}],"replies":[{"embeddable":true,"href":"https:\/\/oliveraieducoudon.com\/index.php?rest_route=%2Fwp%2Fv2%2Fcomments&post=15643"}],"wp:featuredmedia":[{"embeddable":true,"href":"https:\/\/oliveraieducoudon.com\/index.php?rest_route=\/wp\/v2\/media\/15655"}],"wp:attachment":[{"href":"https:\/\/oliveraieducoudon.com\/index.php?rest_route=%2Fwp%2Fv2%2Fmedia&parent=15643"}],"wp:term":[{"taxonomy":"product_brand","embeddable":true,"href":"https:\/\/oliveraieducoudon.com\/index.php?rest_route=%2Fwp%2Fv2%2Fproduct_brand&post=15643"},{"taxonomy":"product_cat","embeddable":true,"href":"https:\/\/oliveraieducoudon.com\/index.php?rest_route=%2Fwp%2Fv2%2Fproduct_cat&post=15643"},{"taxonomy":"product_tag","embeddable":true,"href":"https:\/\/oliveraieducoudon.com\/index.php?rest_route=%2Fwp%2Fv2%2Fproduct_tag&post=15643"}],"curies":[{"name":"wp","href":"https:\/\/api.w.org\/{rel}","templated":true}]}}