{"id":15491,"date":"2023-11-11T14:10:43","date_gmt":"2023-11-11T13:10:43","guid":{"rendered":"https:\/\/oliveraieducoudon.com\/?post_type=product&#038;p=15491"},"modified":"2023-11-21T10:57:04","modified_gmt":"2023-11-21T09:57:04","slug":"magnolia-grandiflora","status":"publish","type":"product","link":"https:\/\/oliveraieducoudon.com\/?product=magnolia-grandiflora","title":{"rendered":"MAGNOLIA GRANDIFLORA"},"content":{"rendered":"<p><span style=\"color: #008000;\"><em><strong>MAGNOLIA GRANDIFLORA<\/strong><\/em><\/span><\/p>\n<h3><span style=\"color: #366b04;\">Les caract\u00e9ristiques du\u00a0Magnolia Grandiflora<\/span><\/h3>\n<p>\u00c9galement connu sous le nom de\u00a0<strong>Magnolia d&rsquo;\u00e9t\u00e9<\/strong>.<br \/>\nLe\u00a0Magnolia Grandiflora\u00a0\u00a0pousse de 30 \u00e0 40 cm par an. Il atteint entre\u00a0<strong>8 et 10 m<\/strong>\u00a0de haut et r\u00e9siste \u00e0\u00a0<strong>-22\u00b0C<\/strong>.<br \/>\nVous pouvez le<strong>\u00a0tailler,<\/strong>\u00a0mais sa forme naturelle le caract\u00e9rise.<\/p>\n<p><strong>Feuilles<\/strong>\u00a0:\u00a0le Magnolia Grandiflora est<strong>\u00a0feuillu<\/strong>\u00a0de la base \u00e0 la cime ; les feuilles sont denses et\u00a0<strong>persistantes<\/strong>, de 12-15 cm de long, de forme ovale \u00e0 la couleur vert fonc\u00e9 lustr\u00e9.Le dessous des feuilles est teint\u00e9 d&rsquo;une couleur rouille.<\/p>\n<p><strong>Fleurs<\/strong>\u00a0:\u00a0Fleurs tr\u00e8s parfum\u00e9es et tr\u00e8s grandes, de 20\u00e0 25 cm de large, de couleur blanc pur, form\u00e9es de 3 \u00e0 12 p\u00e9tales concaves et charnus qui en s\u2019ouvrant r\u00e9v\u00e8lent une belle touffe centrale d\u2019\u00e9tamines jaunes. Elles s\u2019\u00e9panouissent en solitaires aux extr\u00e9mit\u00e9s des branches externes de juin \u00e0 la fin de l\u2019\u00e9t\u00e9.<\/p>\n<p>Le Magnolia Grandiflora pousse bien dans les terrains frais, acides, siliceux, mais s\u2019adapte aussi aux terrains de nature diff\u00e9rente, sauf calcaires.<\/p>\n<p><span style=\"color: #366b04;\"><strong>Quel est le meilleur moment pour planter un\u00a0Magnolia Grandiflora ?<\/strong><\/span><\/p>\n<p>La p\u00e9riode id\u00e9ale pour planter\u00a0un\u00a0Magnolia Grandiflora\u00a0en pleine terre ou en pot est :\u00a0<strong>toute l&rsquo;ann\u00e9e.<\/strong>\u00a0Vous pouvez le\u00a0<strong>planter\u00a0en \u00e9t\u00e9 comme en hiver,<\/strong>\u00a0car toutes nos plantes sont en containers de production adapt\u00e9s. Notez qu&rsquo;il faudra arroser vos plantes de mani\u00e8re plus cons\u00e9quente en \u00e9t\u00e9, mais qu&rsquo;en contrepartie elles pousseront davantage.<\/p>\n<p><span style=\"color: #366b04;\"><strong>Comment planter un\u00a0Magnolia Grandiflora<\/strong><strong>\u00a0?<br \/>\n<\/strong><\/span><\/p>\n<ol>\n<li><strong>En pot ou jardini\u00e8re :<\/strong><br \/>\n1 &#8211; Mettre 15 cm de terreau\u00a0<strong>au fond<\/strong>.<br \/>\n2 &#8211; Mettre\u00a0votre Magnolia Grandiflora dans votre jardini\u00e8re.3 &#8211; Combler avec du terreau\u00a0<strong>\u00e0 hauteur de la motte<\/strong>.<br \/>\n4 &#8211; Garder votre\u00a0plantation\u00a0<strong>humide<\/strong>.<\/li>\n<li><strong>En pleine terre :<\/strong><br \/>\n&#8211; Faire un trou environ 30 % plus grand pour ins\u00e9rer du terreaux de chaque c\u00f4t\u00e9 du Magnolia Grandiflora.<br \/>\n&#8211; Combler avec du terreau \u00e0\u00a0<strong>hauteur de la motte<\/strong>.<\/li>\n<\/ol>\n<p><span style=\"color: #366b04;\"><strong>Conseils<\/strong><\/span><br \/>\nArrosez le\u00a0<strong>pied<\/strong>\u00a0du\u00a0Magnolia Grandiflora\u00a0et non les feuilles.<br \/>\nTailler, si vous le souhaitez, votre haie en hiver.<br \/>\n<span style=\"color: #366b04;\"><strong>Positionnement<\/strong><\/span><\/p>\n<ul>\n<li>Placez votre Magnolia Grandiflora au soleil ou \u00e0 la mi-ombre.<\/li>\n<li>Garder un espacement minimum de 50 cm entre chaque pied.<\/li>\n<li><strong style=\"color: #366b04;\">Conseils et entretien<\/strong><\/li>\n<\/ul>\n<ul>\n<li>Le\u00a0Magnolia grandiflora\u00a0est un arbre qui<strong>\u00a0r\u00e9clame peu de soin<\/strong>\u00a0lorsqu\u2019il est bien install\u00e9 et\u00a0ornera votre jardin durant de longues ann\u00e9es.<\/li>\n<li>Il\u00a0<strong>supporte tr\u00e8s bien la taille<\/strong>.<\/li>\n<li><strong>Arrosez-le<\/strong>. L\u2019arrosage est\u00a0<strong>indispensable<\/strong>\u00a0pour un jeune plant de Magnolia Grandiflora. Nous vous conseillons de plonger la motte de racines dans l\u2019eau avant de la mettre en terre. En p\u00e9riode de s\u00e9cheresse, pensez \u00e0 arroser r\u00e9guli\u00e8rement.<\/li>\n<\/ul>\n<p><span style=\"color: #366b04;\"><strong>Maladies connues du\u00a0Magnolia Grandiflora<br \/>\n<\/strong><\/span><br \/>\nLe\u00a0Magnolia Grandiflora est une<strong>\u00a0plante tr\u00e8s r\u00e9sistante.\u00a0<\/strong><\/p>\n<p><span style=\"color: #366b04;\"><strong>Avantages<\/strong><\/span><\/p>\n<ul>\n<li>Aucune taille n\u2019est n\u00e9cessaire.<\/li>\n<li>Fleurs magnifiques et odorantes<\/li>\n<li>La plante se contente rapidement du type de sol dans lequel elle se trouve.<\/li>\n<li>Le Magnolia Grandiflora est r\u00e9sistant et durable.<\/li>\n<li>Persistant<\/li>\n<li>Peut couvrir un vis \u00e0 vis localis\u00e9.<\/li>\n<\/ul>\n<p><span style=\"color: #366b04;\"><strong>Inconv\u00e9nients<\/strong><\/span><\/p>\n<ul>\n<li>Il n\u2019aime pas\u00a0les sols calcaires.<\/li>\n<li>Seuls les gros sujets font des fleurs la premi\u00e8re ann\u00e9e.<\/li>\n<\/ul>\n<p>Le\u00a0Magnolia Grandiflora est un v\u00e9ritable atout pour votre jardin. Il est magnifique, r\u00e9sistant et rustique.<br \/>\nSa\u00a0floraison\u00a0<strong>estivale,\u00a0<\/strong>mais aussi son\u00a0<strong>parfum\u00a0<\/strong><b>remarquable\u00a0<\/b>en font une plante \u00e0 part.<br \/>\nIl ne n\u00e9cessite pas d\u2019entretien.<br \/>\n<strong><span style=\"color: #0000ff;\">L&rsquo;oliveraie peut vous proposer\u00a0diff\u00e9rents\u00a0pots de\u00a0diff\u00e9rentes\u00a0couleurs pour vos plantes ainsi de vous livrer sur simple demande <\/span><\/strong><br \/>\n<strong><span style=\"color: #0000ff;\">Une photo de la plante command\u00e9e vous sera envoy\u00e9e par sms ou mail avant livraison ou retrait\u00a0<\/span><\/strong><\/p>\n","protected":false},"excerpt":{"rendered":"<p>MAGNOLIA GRANDIFLORA Les caract\u00e9ristiques du\u00a0Magnolia Grandiflora \u00c9galement connu sous le nom de\u00a0Magnolia d&rsquo;\u00e9t\u00e9. Le\u00a0Magnolia Grandiflora\u00a0\u00a0pousse de 30 \u00e0 40 cm par an. Il atteint entre\u00a08 et 10 m\u00a0de haut et r\u00e9siste \u00e0\u00a0-22\u00b0C. Vous pouvez le\u00a0tailler,\u00a0mais sa forme naturelle le caract\u00e9rise. Feuilles\u00a0:\u00a0le Magnolia Grandiflora est\u00a0feuillu\u00a0de la base \u00e0 la cime ; les feuilles sont denses et\u00a0persistantes, [&hellip;]<\/p>\n","protected":false},"featured_media":15526,"comment_status":"open","ping_status":"closed","template":"","meta":{"om_disable_all_campaigns":false,"_monsterinsights_skip_tracking":false,"_monsterinsights_sitenote_active":false,"_monsterinsights_sitenote_note":"","_monsterinsights_sitenote_category":0,"ocean_post_layout":"","ocean_both_sidebars_style":"","ocean_both_sidebars_content_width":0,"ocean_both_sidebars_sidebars_width":0,"ocean_sidebar":"0","ocean_second_sidebar":"0","ocean_disable_margins":"enable","ocean_add_body_class":"","ocean_shortcode_before_top_bar":"","ocean_shortcode_after_top_bar":"","ocean_shortcode_before_header":"","ocean_shortcode_after_header":"","ocean_has_shortcode":"","ocean_shortcode_after_title":"","ocean_shortcode_before_footer_widgets":"","ocean_shortcode_after_footer_widgets":"","ocean_shortcode_before_footer_bottom":"","ocean_shortcode_after_footer_bottom":"","ocean_display_top_bar":"default","ocean_display_header":"default","ocean_header_style":"","ocean_center_header_left_menu":"0","ocean_custom_header_template":"0","ocean_custom_logo":0,"ocean_custom_retina_logo":0,"ocean_custom_logo_max_width":0,"ocean_custom_logo_tablet_max_width":0,"ocean_custom_logo_mobile_max_width":0,"ocean_custom_logo_max_height":0,"ocean_custom_logo_tablet_max_height":0,"ocean_custom_logo_mobile_max_height":0,"ocean_header_custom_menu":"0","ocean_menu_typo_font_family":"0","ocean_menu_typo_font_subset":"","ocean_menu_typo_font_size":0,"ocean_menu_typo_font_size_tablet":0,"ocean_menu_typo_font_size_mobile":0,"ocean_menu_typo_font_size_unit":"px","ocean_menu_typo_font_weight":"","ocean_menu_typo_font_weight_tablet":"","ocean_menu_typo_font_weight_mobile":"","ocean_menu_typo_transform":"","ocean_menu_typo_transform_tablet":"","ocean_menu_typo_transform_mobile":"","ocean_menu_typo_line_height":0,"ocean_menu_typo_line_height_tablet":0,"ocean_menu_typo_line_height_mobile":0,"ocean_menu_typo_line_height_unit":"","ocean_menu_typo_spacing":0,"ocean_menu_typo_spacing_tablet":0,"ocean_menu_typo_spacing_mobile":0,"ocean_menu_typo_spacing_unit":"","ocean_menu_link_color":"","ocean_menu_link_color_hover":"","ocean_menu_link_color_active":"","ocean_menu_link_background":"","ocean_menu_link_hover_background":"","ocean_menu_link_active_background":"","ocean_menu_social_links_bg":"","ocean_menu_social_hover_links_bg":"","ocean_menu_social_links_color":"","ocean_menu_social_hover_links_color":"","ocean_disable_title":"default","ocean_disable_heading":"default","ocean_post_title":"","ocean_post_subheading":"","ocean_post_title_style":"","ocean_post_title_background_color":"","ocean_post_title_background":0,"ocean_post_title_bg_image_position":"","ocean_post_title_bg_image_attachment":"","ocean_post_title_bg_image_repeat":"","ocean_post_title_bg_image_size":"","ocean_post_title_height":0,"ocean_post_title_bg_overlay":0.5,"ocean_post_title_bg_overlay_color":"","ocean_disable_breadcrumbs":"default","ocean_breadcrumbs_color":"","ocean_breadcrumbs_separator_color":"","ocean_breadcrumbs_links_color":"","ocean_breadcrumbs_links_hover_color":"","ocean_display_footer_widgets":"default","ocean_display_footer_bottom":"default","ocean_custom_footer_template":"0"},"product_brand":[],"product_cat":[53],"product_tag":[],"class_list":{"0":"post-15491","1":"product","2":"type-product","3":"status-publish","4":"has-post-thumbnail","6":"product_cat-la-pepiniere","7":"product_shipping_class-produits-non-livrables","9":"entry","10":"has-media","12":"first","13":"instock","14":"taxable","15":"shipping-taxable","16":"purchasable","17":"product-type-variable","18":"has-product-nav","19":"col","20":"span_1_of_4","21":"owp-content-center","22":"owp-thumbs-layout-horizontal","23":"owp-btn-big","24":"owp-tabs-layout-vertical"},"aioseo_notices":[],"jetpack_sharing_enabled":true,"_links":{"self":[{"href":"https:\/\/oliveraieducoudon.com\/index.php?rest_route=\/wp\/v2\/product\/15491","targetHints":{"allow":["GET"]}}],"collection":[{"href":"https:\/\/oliveraieducoudon.com\/index.php?rest_route=\/wp\/v2\/product"}],"about":[{"href":"https:\/\/oliveraieducoudon.com\/index.php?rest_route=\/wp\/v2\/types\/product"}],"replies":[{"embeddable":true,"href":"https:\/\/oliveraieducoudon.com\/index.php?rest_route=%2Fwp%2Fv2%2Fcomments&post=15491"}],"wp:featuredmedia":[{"embeddable":true,"href":"https:\/\/oliveraieducoudon.com\/index.php?rest_route=\/wp\/v2\/media\/15526"}],"wp:attachment":[{"href":"https:\/\/oliveraieducoudon.com\/index.php?rest_route=%2Fwp%2Fv2%2Fmedia&parent=15491"}],"wp:term":[{"taxonomy":"product_brand","embeddable":true,"href":"https:\/\/oliveraieducoudon.com\/index.php?rest_route=%2Fwp%2Fv2%2Fproduct_brand&post=15491"},{"taxonomy":"product_cat","embeddable":true,"href":"https:\/\/oliveraieducoudon.com\/index.php?rest_route=%2Fwp%2Fv2%2Fproduct_cat&post=15491"},{"taxonomy":"product_tag","embeddable":true,"href":"https:\/\/oliveraieducoudon.com\/index.php?rest_route=%2Fwp%2Fv2%2Fproduct_tag&post=15491"}],"curies":[{"name":"wp","href":"https:\/\/api.w.org\/{rel}","templated":true}]}}