{"id":15393,"date":"2023-11-09T18:40:54","date_gmt":"2023-11-09T17:40:54","guid":{"rendered":"https:\/\/oliveraieducoudon.com\/?post_type=product&#038;p=15393"},"modified":"2023-11-21T10:57:05","modified_gmt":"2023-11-21T09:57:05","slug":"cycas-revoluta-cycas-du-japon","status":"publish","type":"product","link":"https:\/\/oliveraieducoudon.com\/?product=cycas-revoluta-cycas-du-japon","title":{"rendered":"CYCAS REVOLUTA &#8211; CYCAS DU JAPON"},"content":{"rendered":"<p>Cet arbuste de croissance lente ressemble \u00e0 une foug\u00e8re arborescente ou \u00e0 un palmier dot\u00e9 d&rsquo;un tronc court portant une couronne compacte de feuilles penn\u00e9es, raides et de couleur vert fonc\u00e9. Sujet paysager de choix dans un jardin c\u00f4tier ou plante vedette de v\u00e9randa, cette esp\u00e8ce frileuse r\u00e9siste bien \u00e0 la s\u00e9cheresse et aux vents marins.<\/p>\n<h3 class=\"mb-4 text-xl xs:text-2xl lg:text-3xl font-bold leading-tight\">Description<\/h3>\n<div class=\"prose max-w-max\">\n<p>Le<span class=\"apple-converted-space\">\u00a0<\/span><strong>Cycas revoluta<\/strong>, \u00e9galement appel\u00e9 Cycas du Japon ou encore Sagou, est une plante pr\u00e9historique rescap\u00e9e des temps g\u00e9ologiques anciens. Mi-foug\u00e8re mi-palmier, cette \u00e9trange plante arbustive semi-rustique n&rsquo;en est pas moins une<span class=\"apple-converted-space\">\u00a0<\/span>esp\u00e8ce particuli\u00e8rement ornementale,<span class=\"apple-converted-space\"><strong>\u00a0<\/strong><\/span><strong>tr\u00e8s recherch\u00e9e dans l&rsquo;art paysager.<\/strong><span class=\"apple-converted-space\">\u00a0<\/span>Il forme lentement un tronc court \u00e9pais et rugueux, portant une couronne compacte de longues feuilles l\u00e9g\u00e8rement arqu\u00e9es, divis\u00e9es en folioles fines vert-bleut\u00e9 fonc\u00e9. Si sa culture en pleine terre n&rsquo;est possible que sur une \u00e9troite frange c\u00f4ti\u00e8re du littoral m\u00e9diterran\u00e9en ou atlantique, il se plaira aussi dans un grand pot \u00e0 remiser l&rsquo;hiver en r\u00e9gion plus froide.<\/p>\n<p>Le Cycas revoluta porte aussi selon les r\u00e9gions les noms de<span class=\"apple-converted-space\">\u00a0<\/span>Foug\u00e8re-palmier, Mini-palmier ou Sagoutier. Il\u00a0appartient \u00e0 une famille botanique tr\u00e8s ancienne, les cycadac\u00e9es, qui pr\u00e9sentent des caract\u00e8res archa\u00efques \u00e9vidents. Devenue rare dans son environnement naturel, cette plante est originaire des \u00eeles Nansei et Ryukyu au Japon, ainsi que de la c\u00f4te chinoise du Fujian. On l&rsquo;y retrouve sur les falaise escarp\u00e9es et dans les prairies rocailleuses de ces r\u00e9gions, mais aussi pr\u00e8s des temples bouddhistes et des sanctuaires shinto, sous la forme de sujets centenaires qui sont v\u00e9n\u00e9r\u00e9s et respect\u00e9s. D&rsquo;un point de vue botanique, le Cycas revoluta pr\u00e9sente des caract\u00e8res interm\u00e9diaires entre les foug\u00e8res et les palmiers. Il s&rsquo;agit d&rsquo;une plante dio\u00efque, dont les individus m\u00e2le et femelles sont distincts.<\/p>\n<p>En culture, sous nos climats, cette plante ne d\u00e9passera que rarement 1 m 50 en tous sens. Elle se compose d&rsquo;abord d&rsquo;un stipe court, trapu et conique, souvent inclin\u00e9, sorte de faux tronc de couleur ocre \u00e0 brune de texture rugueuse, pr\u00e9sentant des cicatrices foliaires. Ce stipe, le plus souvent unique, peut parfois \u00eatre multiple. Le feuillage, persistant, dispos\u00e9 en rosette concentrique, se d\u00e9veloppe \u00e0 l&rsquo;extr\u00e9mit\u00e9 du stipe. Les feuilles\u00a0penn\u00e9es, mesurant 70 cm \u00e0 1 m\u00a0de longueur sur 15-20 cm de large \u00e0 maturit\u00e9,\u00a0sont divis\u00e9es en nombreuses folioles lin\u00e9aires et pointues. Elles sont port\u00e9es par un court p\u00e9tiole bord\u00e9 d&rsquo;\u00e9pines. Les jeunes feuilles, plus claires, apparaissent sous forme de crosses qui se d\u00e9roulent comme celles des foug\u00e8res.<\/p>\n<p>La floraison a lieu en \u00e9t\u00e9, au bout de nombreuses ann\u00e9es de culture en pleine terre et elle est tr\u00e8s rare chez les plantes cultiv\u00e9es en pot. Les inflorescences apparaissent au centre de la couronne. Les cycas m\u00e2les d\u00e9veloppent un gros c\u00f4ne \u00e9rig\u00e9 jaune clair, les pieds femelles portent des inflorescences plus petites,\u00a0de couleur beige et d&rsquo;aspect velout\u00e9. Lorsque la pollinisation des pieds femelles a eu lieu, ces derniers d\u00e9veloppent des graines volumineuses, arrondies, de couleur rouge vif.<\/p>\n<p>Le Cycas revoluta est l&rsquo;esp\u00e8ce la plus r\u00e9pandue en culture de par le monde, en raison de sa relative rusticit\u00e9, qui n&rsquo;exc\u00e8de toutefois pas -6\/-8\u00b0C en situation tr\u00e8s abrit\u00e9e. En pleine terre, on le placera en isol\u00e9, non loin d&rsquo;une piscine par exemple, en compagnie d&rsquo;un petit palmier, de Tetrapanax Rex, de bananiers, d&rsquo;Agave ou de yuccas,<span class=\"apple-converted-space\"><strong>\u00a0<\/strong><\/span><strong>dans un d\u00e9cor d&rsquo;inspiration exotique<\/strong>. Mais cette plante exprimera tout son potentiel en isol\u00e9, ou dans une grande rocaille. Un peu difficile \u00e0 associer en raison de sa forte personnalit\u00e9, on peut n\u00e9anmoins le planter par groupe de 3 sujets et l&rsquo;entourer d&rsquo;un tapis de c\u00e9raistes, d&rsquo;un semis de pourpiers, ou d&rsquo;une banquette de F\u00e9licia. Un jardin contemporain l&rsquo;adoptera au-dessus d&rsquo;une mar\u00e9e de galets blancs. Il constituera un magnifique sp\u00e9cimen dans la v\u00e9randa, sur la terrasse ou le balcon, plant\u00e9 dans un grand bac choisi avec soin.<\/p>\n<h3 class=\"mb-4 text-xl xs:text-2xl lg:text-3xl font-bold leading-tight\">Plantations et soins<\/h3>\n<div class=\"grid grid-cols-1 md:grid-cols-2 gap-4 md:gap-8 lg:gap-12 xl:gap-16 w-full\">\n<div class=\"overflow-hidden\">\n<div class=\"prose max-w-max\">\n<p>Plantez le Cycas revoluta \u00a0achet\u00e9 en container en d\u00e9but d&rsquo;automne ou au printemps, en pleine terre, en climat m\u00e9diterran\u00e9en doux (zone de l&rsquo;oranger)\u00a0et dans certaines zones littorales de l\u2019Atlantique. Choisissez un\u00a0emplacement en plein soleil et abrit\u00e9 des vents dominants, un sol riche,\u00a0<dfn>humif\u00e8re<\/dfn>, parfaitement bien drain\u00e9 et restant frais en \u00e9t\u00e9, plut\u00f4t sec\u00a0en hiver.<\/p>\n<p>Partout ailleurs en France<strong>,<\/strong>\u00a0cultivez le cycas dans un grand pot, que vous sortirez sur la terrasse ou au jardin en fin de printemps. Il s&rsquo;adaptera bien \u00e0 la culture en int\u00e9rieur, si la pi\u00e8ce qui l&rsquo;accueille est ensoleill\u00e9e et lumineuse, pas trop chauff\u00e9e en hiver. Les serres et v\u00e9randas conviennent \u00e9galement tr\u00e8s bien \u00e0 cette plante. Placez votre cycas \u00e0 une exposition\u00a0suffisamment lumineuse, recevant id\u00e9alement un peu de soleil direct.<\/p>\n<p>Ajoutez au fond du pot ou du trou de plantation qui sera id\u00e9alement 2 \u00e0 3 fois de la taille de la motte, une bonne couche de graviers, de billes d&rsquo;argile ou de petites pierres. Puis composez un m\u00e9lange de 2\/3 de terre de jardin pou 1\/3 de sable. Arrosez mod\u00e9r\u00e9ment en \u00e9t\u00e9, en laissant le substrat s&rsquo;ass\u00e9cher un peu entre 2 arrosages. Effectuez un\u00a0apport d\u2019engrais au printemps. L&rsquo;hiver, le Cycas se portera mieux dans un sol bien drain\u00e9, ne retenant pas l&rsquo;eau. En pot, stoppez presque les arrosages en hiver si la temp\u00e9rature ambiante est en dessous de 15\u00a0\u00b0C. \u00c9liminez r\u00e9guli\u00e8rement les feuilles qui s\u00e8chent \u00e0 la base du stipe.\u00a0Vaporisez de temps \u00e0 autre le feuillage, surtout si l\u2019atmosph\u00e8re est s\u00e8che.<\/p>\n<p>En serre ou \u00e0 la maison, le Cycas peut subir des attaques de cochenille farineuse et d&rsquo;araign\u00e9es rouges, r\u00e9v\u00e9latrices d&rsquo;une atmosph\u00e8re trop s\u00e8che et insuffisamment ventil\u00e9e.<\/p>\n<p><strong>Remarque:\u00a0<\/strong><\/p>\n<p><strong>Le Cycas du Japon est une plante particuli\u00e8rement toxique pour les herbivores et l&rsquo;homme. Eloignez les jeunes enfants et vos animaux de compagnie que leurs belles feuilles, leurs fleurs \u00e9tranges ou leurs fruits pourraient tenter!<\/strong><\/p>\n<\/div>\n<\/div>\n<\/div>\n<\/div>\n<p><strong><span style=\"color: #0000ff;\">L&rsquo;oliveraie peut vous proposer\u00a0diff\u00e9rents\u00a0pots de\u00a0diff\u00e9rentes\u00a0couleurs pour vos plantes ainsi de vous livrer sur simple demande <\/span><\/strong><br \/>\n<strong><span style=\"color: #0000ff;\">Une photo de la plante command\u00e9e vous sera envoy\u00e9e par sms ou mail avant livraison ou retrait\u00a0<\/span><\/strong><\/p>\n<p>&nbsp;<\/p>\n<p>&nbsp;<\/p>\n","protected":false},"excerpt":{"rendered":"<p>Cet arbuste de croissance lente ressemble \u00e0 une foug\u00e8re arborescente ou \u00e0 un palmier dot\u00e9 d&rsquo;un tronc court portant une couronne compacte de feuilles penn\u00e9es, raides et de couleur vert fonc\u00e9. Sujet paysager de choix dans un jardin c\u00f4tier ou plante vedette de v\u00e9randa, cette esp\u00e8ce frileuse r\u00e9siste bien \u00e0 la s\u00e9cheresse et aux vents [&hellip;]<\/p>\n","protected":false},"featured_media":15408,"comment_status":"open","ping_status":"closed","template":"","meta":{"om_disable_all_campaigns":false,"_monsterinsights_skip_tracking":false,"_monsterinsights_sitenote_active":false,"_monsterinsights_sitenote_note":"","_monsterinsights_sitenote_category":0,"ocean_post_layout":"","ocean_both_sidebars_style":"","ocean_both_sidebars_content_width":0,"ocean_both_sidebars_sidebars_width":0,"ocean_sidebar":"0","ocean_second_sidebar":"0","ocean_disable_margins":"enable","ocean_add_body_class":"","ocean_shortcode_before_top_bar":"","ocean_shortcode_after_top_bar":"","ocean_shortcode_before_header":"","ocean_shortcode_after_header":"","ocean_has_shortcode":"","ocean_shortcode_after_title":"","ocean_shortcode_before_footer_widgets":"","ocean_shortcode_after_footer_widgets":"","ocean_shortcode_before_footer_bottom":"","ocean_shortcode_after_footer_bottom":"","ocean_display_top_bar":"default","ocean_display_header":"default","ocean_header_style":"","ocean_center_header_left_menu":"0","ocean_custom_header_template":"0","ocean_custom_logo":0,"ocean_custom_retina_logo":0,"ocean_custom_logo_max_width":0,"ocean_custom_logo_tablet_max_width":0,"ocean_custom_logo_mobile_max_width":0,"ocean_custom_logo_max_height":0,"ocean_custom_logo_tablet_max_height":0,"ocean_custom_logo_mobile_max_height":0,"ocean_header_custom_menu":"0","ocean_menu_typo_font_family":"0","ocean_menu_typo_font_subset":"","ocean_menu_typo_font_size":0,"ocean_menu_typo_font_size_tablet":0,"ocean_menu_typo_font_size_mobile":0,"ocean_menu_typo_font_size_unit":"px","ocean_menu_typo_font_weight":"","ocean_menu_typo_font_weight_tablet":"","ocean_menu_typo_font_weight_mobile":"","ocean_menu_typo_transform":"","ocean_menu_typo_transform_tablet":"","ocean_menu_typo_transform_mobile":"","ocean_menu_typo_line_height":0,"ocean_menu_typo_line_height_tablet":0,"ocean_menu_typo_line_height_mobile":0,"ocean_menu_typo_line_height_unit":"","ocean_menu_typo_spacing":0,"ocean_menu_typo_spacing_tablet":0,"ocean_menu_typo_spacing_mobile":0,"ocean_menu_typo_spacing_unit":"","ocean_menu_link_color":"","ocean_menu_link_color_hover":"","ocean_menu_link_color_active":"","ocean_menu_link_background":"","ocean_menu_link_hover_background":"","ocean_menu_link_active_background":"","ocean_menu_social_links_bg":"","ocean_menu_social_hover_links_bg":"","ocean_menu_social_links_color":"","ocean_menu_social_hover_links_color":"","ocean_disable_title":"default","ocean_disable_heading":"default","ocean_post_title":"","ocean_post_subheading":"","ocean_post_title_style":"","ocean_post_title_background_color":"","ocean_post_title_background":0,"ocean_post_title_bg_image_position":"","ocean_post_title_bg_image_attachment":"","ocean_post_title_bg_image_repeat":"","ocean_post_title_bg_image_size":"","ocean_post_title_height":0,"ocean_post_title_bg_overlay":0.5,"ocean_post_title_bg_overlay_color":"","ocean_disable_breadcrumbs":"default","ocean_breadcrumbs_color":"","ocean_breadcrumbs_separator_color":"","ocean_breadcrumbs_links_color":"","ocean_breadcrumbs_links_hover_color":"","ocean_display_footer_widgets":"default","ocean_display_footer_bottom":"default","ocean_custom_footer_template":"0"},"product_brand":[],"product_cat":[53],"product_tag":[],"class_list":{"0":"post-15393","1":"product","2":"type-product","3":"status-publish","4":"has-post-thumbnail","6":"product_cat-la-pepiniere","7":"product_shipping_class-produits-non-livrables","9":"entry","10":"has-media","12":"first","13":"instock","14":"taxable","15":"shipping-taxable","16":"purchasable","17":"product-type-variable","18":"has-product-nav","19":"col","20":"span_1_of_4","21":"owp-content-center","22":"owp-thumbs-layout-horizontal","23":"owp-btn-big","24":"owp-tabs-layout-vertical"},"aioseo_notices":[],"jetpack_sharing_enabled":true,"_links":{"self":[{"href":"https:\/\/oliveraieducoudon.com\/index.php?rest_route=\/wp\/v2\/product\/15393","targetHints":{"allow":["GET"]}}],"collection":[{"href":"https:\/\/oliveraieducoudon.com\/index.php?rest_route=\/wp\/v2\/product"}],"about":[{"href":"https:\/\/oliveraieducoudon.com\/index.php?rest_route=\/wp\/v2\/types\/product"}],"replies":[{"embeddable":true,"href":"https:\/\/oliveraieducoudon.com\/index.php?rest_route=%2Fwp%2Fv2%2Fcomments&post=15393"}],"wp:featuredmedia":[{"embeddable":true,"href":"https:\/\/oliveraieducoudon.com\/index.php?rest_route=\/wp\/v2\/media\/15408"}],"wp:attachment":[{"href":"https:\/\/oliveraieducoudon.com\/index.php?rest_route=%2Fwp%2Fv2%2Fmedia&parent=15393"}],"wp:term":[{"taxonomy":"product_brand","embeddable":true,"href":"https:\/\/oliveraieducoudon.com\/index.php?rest_route=%2Fwp%2Fv2%2Fproduct_brand&post=15393"},{"taxonomy":"product_cat","embeddable":true,"href":"https:\/\/oliveraieducoudon.com\/index.php?rest_route=%2Fwp%2Fv2%2Fproduct_cat&post=15393"},{"taxonomy":"product_tag","embeddable":true,"href":"https:\/\/oliveraieducoudon.com\/index.php?rest_route=%2Fwp%2Fv2%2Fproduct_tag&post=15393"}],"curies":[{"name":"wp","href":"https:\/\/api.w.org\/{rel}","templated":true}]}}