{"id":15378,"date":"2023-11-09T18:29:17","date_gmt":"2023-11-09T17:29:17","guid":{"rendered":"https:\/\/oliveraieducoudon.com\/?post_type=product&#038;p=15378"},"modified":"2023-11-21T10:57:05","modified_gmt":"2023-11-21T09:57:05","slug":"yucca-rostrata","status":"publish","type":"product","link":"https:\/\/oliveraieducoudon.com\/?product=yucca-rostrata","title":{"rendered":"YUCCA ROSTRATA"},"content":{"rendered":"<p><span style=\"color: #008000;\"><em><strong>YUCCA ROSTRATA<\/strong><\/em><\/span><\/p>\n<p>Yucca rostrata, le yucca bleu du Mexique, est une esp\u00e8ce de yucca cultiv\u00e9e comme plante ornementale dans les jardins x\u00e9rophiles o\u00f9 sa silhouette caract\u00e9ristique des d\u00e9serts nord-am\u00e9ricains est appr\u00e9ci\u00e9e.<\/p>\n<h4 class=\"mb-4 text-xl xs:text-2xl lg:text-3xl font-bold leading-tight\">Description<\/h4>\n<div class=\"prose max-w-max\">\n<p>Le\u00a0<strong>Yucca rostrata\u00a0<\/strong>est<strong>\u00a0<\/strong>parfois appel\u00e9 Yucca rostr\u00e9 en raison du graphisme de son inflorescence monumentale, \u00e9voquant un bec g\u00e9ant plongeant dans sa t\u00eate sph\u00e9rique h\u00e9riss\u00e9e de mille feuilles d&rsquo;un vert-gris-bleut\u00e9 m\u00e9tallique. Il fait partie de ces plantes exotiques mais rustiques venues des d\u00e9serts nord-am\u00e9ricains, froids en hiver, arides en \u00e9t\u00e9, que l&rsquo;on r\u00e8ve d&rsquo;adopter pour apporter \u00e0 nos d\u00e9cors parfois conventionnels une note d\u00e9paysante et le souffle des grands espaces. De belle stature,\u00a0<strong>de croissance assez rapide en sol fertile et profond,<\/strong>\u00a0il forme au bout de quelques ann\u00e9es une plante magnifique. R\u00e9servez-lui un emplacement de choix dans un jardin sec ou au centre d&rsquo;une grande rocaille, on ne verra que lui!<\/p>\n<p>Originaire des zones montagneuses du centre Nord du Mexique,\u00a0le Yucca rostrata est capable de r\u00e9sister \u00e0 des temp\u00e9ratures de l&rsquo;ordre de -16\u00b0C en sol tr\u00e8s sec, et \u00e0 de longues p\u00e9riodes de s\u00e9cheresse estivale. C&rsquo;est une plante arbustive appartenant \u00e0 la famille des agavac\u00e9es, de croissance r\u00e9put\u00e9e plut\u00f4t lente en sol pauvre et sec. Lorsqu&rsquo;il est jeune, le Yucca rostrata forme une boule hirsute, tr\u00e8s dense et naturellement peu ramifi\u00e9e. Au bout de nombreuses ann\u00e9es, il peut former un tronc, parfois double, de 3 \u00e0 4m de hauteur,\u00a0couvert d&rsquo;une &lsquo;jupe&rsquo; de feuilles s\u00e8ches, pouvant atteindre 30cm de diam\u00e8tre. Chaque tronc\u00a0porte une grande couronne sph\u00e9rique large de 1m \u00e0 1,50m, compos\u00e9e d&rsquo;une multitude de feuilles lin\u00e9aires. Les feuilles d&rsquo;un vert-bleut\u00e9, margin\u00e9es de jaune, sont assez rigides, \u00e9troites, lin\u00e9aires et termin\u00e9es par une \u00e9pine. Elles mesurent 40 \u00e0 60cm de longueur pour 1,2 \u00e0 2 cm de largeur.\u00a0La floraison intervient apr\u00e8s 3 \u00e0 4 ann\u00e9es de culture, de mai \u00e0 juillet en France. Chez cette esp\u00e8ce,\u00a0l&rsquo;inflorescence est unique et partiellement enfouie dans la masse du feuillage. Elle se d\u00e9veloppe en grande panicule semblable \u00e0 un large chandelier. Les fleurs, en forme de cloches pendantes de 3cm de diam\u00e8tre, sont blanches et de texture cireuse.\u00a0Elles sont port\u00e9es en panicules dress\u00e9es et ramifi\u00e9es mesurant 40 \u00e0 70cm de hauteur, et port\u00e9es \u00e0 plus de 4m de hauteur. Ces fleurs sont comestibles et ont un l\u00e9ger go\u00fbt suave, agr\u00e9able dans les salades estivales. \u00a0Lorsqu&rsquo;il est arros\u00e9 pendant l&rsquo;\u00e9t\u00e9, ce Yucca rostrata montre une croissance spectaculaire.<\/p>\n<p>Le Yucca rostrata est peut-\u00eatre le plus gracieux de tous. Au jardin, il exige beaucoup de soleil et un sol tr\u00e8s drainant, voire pauvre et sec. Il redoute tout particuli\u00e8rement les sols lourds et gorg\u00e9s d&rsquo;eau en hiver. Il trouvera sa place sur un grand talus aride, au centre d&rsquo;une rocaille de style exotique ou contemporain, ou m\u00eame aux abords d&rsquo;une piscine, si le sol est bien pr\u00e9par\u00e9 pour l&rsquo;accueillir.\u00a0Il conviendra de l&rsquo;\u00e9loigner un peu des passages et des jeunes enfants, en raison de ses feuilles aux pointes redoutables. Cette grand plante sera tout simplement magnifique en isol\u00e9, accompagn\u00e9e d&rsquo;un tapis de c\u00e9raistes, de Cerastostigma plumbaginoides, de Delosperma ou encore d&rsquo;une pelouse de terrain sec appel\u00e9e Zoyzia tenuifolia, le gazon des mascareignes. On peut aussi l&rsquo;associer aux\u00a0agaves,\u00a0figuiers de Barbarie\u00a0et aux cactus-cierges assez rustiques (Cleistocactus strausii,\u00a0Cylindropuntia imbricata) et aux\u00a0Aloe arbustifs tout aussi spectaculaires et frugaux. On peut aussi l&rsquo;installer dans un tr\u00e8s grand pot sur la terrasse, juste \u00e0 c\u00f4t\u00e9 d&rsquo;un Sesbania punicea et d&rsquo;un mimosa au feuillage pourpre que l&rsquo;on nomme l&rsquo;Acacia baileyana Purpurea: l&rsquo;alliance entre la texture des feuillages, leur coloris et la discr\u00e8te floraison jaune du mimosa sera superbe en hiver et le mariage de son feuillage bleut\u00e9 et avec les grappes orange vif du Sesbania sera merveilleuse en \u00e9t\u00e9. Choisissez avec soin l&rsquo;endroit le plus abrit\u00e9, en plein soleil, et loin du passage pour \u00e9viter le contact avec ses feuilles pointues.<\/p>\n<\/div>\n<p><strong><span style=\"color: #0000ff;\">L&rsquo;oliveraie peut vous proposer\u00a0diff\u00e9rents\u00a0pots de\u00a0diff\u00e9rentes\u00a0couleurs pour vos plantes ainsi de vous livrer sur simple demande <\/span><\/strong><br \/>\n<strong><span style=\"color: #0000ff;\">Une photo de la plante command\u00e9e vous sera envoy\u00e9e par sms ou mail avant livraison ou retrait\u00a0<\/span><\/strong><\/p>\n<p>&nbsp;<\/p>\n<p>&nbsp;<\/p>\n","protected":false},"excerpt":{"rendered":"<p>YUCCA ROSTRATA Yucca rostrata, le yucca bleu du Mexique, est une esp\u00e8ce de yucca cultiv\u00e9e comme plante ornementale dans les jardins x\u00e9rophiles o\u00f9 sa silhouette caract\u00e9ristique des d\u00e9serts nord-am\u00e9ricains est appr\u00e9ci\u00e9e. Description Le\u00a0Yucca rostrata\u00a0est\u00a0parfois appel\u00e9 Yucca rostr\u00e9 en raison du graphisme de son inflorescence monumentale, \u00e9voquant un bec g\u00e9ant plongeant dans sa t\u00eate sph\u00e9rique h\u00e9riss\u00e9e [&hellip;]<\/p>\n","protected":false},"featured_media":15392,"comment_status":"open","ping_status":"closed","template":"","meta":{"om_disable_all_campaigns":false,"_monsterinsights_skip_tracking":false,"_monsterinsights_sitenote_active":false,"_monsterinsights_sitenote_note":"","_monsterinsights_sitenote_category":0,"ocean_post_layout":"","ocean_both_sidebars_style":"","ocean_both_sidebars_content_width":0,"ocean_both_sidebars_sidebars_width":0,"ocean_sidebar":"0","ocean_second_sidebar":"0","ocean_disable_margins":"enable","ocean_add_body_class":"","ocean_shortcode_before_top_bar":"","ocean_shortcode_after_top_bar":"","ocean_shortcode_before_header":"","ocean_shortcode_after_header":"","ocean_has_shortcode":"","ocean_shortcode_after_title":"","ocean_shortcode_before_footer_widgets":"","ocean_shortcode_after_footer_widgets":"","ocean_shortcode_before_footer_bottom":"","ocean_shortcode_after_footer_bottom":"","ocean_display_top_bar":"default","ocean_display_header":"default","ocean_header_style":"","ocean_center_header_left_menu":"0","ocean_custom_header_template":"0","ocean_custom_logo":0,"ocean_custom_retina_logo":0,"ocean_custom_logo_max_width":0,"ocean_custom_logo_tablet_max_width":0,"ocean_custom_logo_mobile_max_width":0,"ocean_custom_logo_max_height":0,"ocean_custom_logo_tablet_max_height":0,"ocean_custom_logo_mobile_max_height":0,"ocean_header_custom_menu":"0","ocean_menu_typo_font_family":"0","ocean_menu_typo_font_subset":"","ocean_menu_typo_font_size":0,"ocean_menu_typo_font_size_tablet":0,"ocean_menu_typo_font_size_mobile":0,"ocean_menu_typo_font_size_unit":"px","ocean_menu_typo_font_weight":"","ocean_menu_typo_font_weight_tablet":"","ocean_menu_typo_font_weight_mobile":"","ocean_menu_typo_transform":"","ocean_menu_typo_transform_tablet":"","ocean_menu_typo_transform_mobile":"","ocean_menu_typo_line_height":0,"ocean_menu_typo_line_height_tablet":0,"ocean_menu_typo_line_height_mobile":0,"ocean_menu_typo_line_height_unit":"","ocean_menu_typo_spacing":0,"ocean_menu_typo_spacing_tablet":0,"ocean_menu_typo_spacing_mobile":0,"ocean_menu_typo_spacing_unit":"","ocean_menu_link_color":"","ocean_menu_link_color_hover":"","ocean_menu_link_color_active":"","ocean_menu_link_background":"","ocean_menu_link_hover_background":"","ocean_menu_link_active_background":"","ocean_menu_social_links_bg":"","ocean_menu_social_hover_links_bg":"","ocean_menu_social_links_color":"","ocean_menu_social_hover_links_color":"","ocean_disable_title":"default","ocean_disable_heading":"default","ocean_post_title":"","ocean_post_subheading":"","ocean_post_title_style":"","ocean_post_title_background_color":"","ocean_post_title_background":0,"ocean_post_title_bg_image_position":"","ocean_post_title_bg_image_attachment":"","ocean_post_title_bg_image_repeat":"","ocean_post_title_bg_image_size":"","ocean_post_title_height":0,"ocean_post_title_bg_overlay":0.5,"ocean_post_title_bg_overlay_color":"","ocean_disable_breadcrumbs":"default","ocean_breadcrumbs_color":"","ocean_breadcrumbs_separator_color":"","ocean_breadcrumbs_links_color":"","ocean_breadcrumbs_links_hover_color":"","ocean_display_footer_widgets":"default","ocean_display_footer_bottom":"default","ocean_custom_footer_template":"0"},"product_brand":[],"product_cat":[53],"product_tag":[],"class_list":{"0":"post-15378","1":"product","2":"type-product","3":"status-publish","4":"has-post-thumbnail","6":"product_cat-la-pepiniere","7":"product_shipping_class-produits-non-livrables","9":"entry","10":"has-media","12":"first","13":"instock","14":"taxable","15":"shipping-taxable","16":"purchasable","17":"product-type-variable","18":"has-product-nav","19":"col","20":"span_1_of_4","21":"owp-content-center","22":"owp-thumbs-layout-horizontal","23":"owp-btn-big","24":"owp-tabs-layout-vertical","25":"has-no-thumbnails"},"aioseo_notices":[],"jetpack_sharing_enabled":true,"_links":{"self":[{"href":"https:\/\/oliveraieducoudon.com\/index.php?rest_route=\/wp\/v2\/product\/15378","targetHints":{"allow":["GET"]}}],"collection":[{"href":"https:\/\/oliveraieducoudon.com\/index.php?rest_route=\/wp\/v2\/product"}],"about":[{"href":"https:\/\/oliveraieducoudon.com\/index.php?rest_route=\/wp\/v2\/types\/product"}],"replies":[{"embeddable":true,"href":"https:\/\/oliveraieducoudon.com\/index.php?rest_route=%2Fwp%2Fv2%2Fcomments&post=15378"}],"wp:featuredmedia":[{"embeddable":true,"href":"https:\/\/oliveraieducoudon.com\/index.php?rest_route=\/wp\/v2\/media\/15392"}],"wp:attachment":[{"href":"https:\/\/oliveraieducoudon.com\/index.php?rest_route=%2Fwp%2Fv2%2Fmedia&parent=15378"}],"wp:term":[{"taxonomy":"product_brand","embeddable":true,"href":"https:\/\/oliveraieducoudon.com\/index.php?rest_route=%2Fwp%2Fv2%2Fproduct_brand&post=15378"},{"taxonomy":"product_cat","embeddable":true,"href":"https:\/\/oliveraieducoudon.com\/index.php?rest_route=%2Fwp%2Fv2%2Fproduct_cat&post=15378"},{"taxonomy":"product_tag","embeddable":true,"href":"https:\/\/oliveraieducoudon.com\/index.php?rest_route=%2Fwp%2Fv2%2Fproduct_tag&post=15378"}],"curies":[{"name":"wp","href":"https:\/\/api.w.org\/{rel}","templated":true}]}}