{"id":15271,"date":"2023-11-09T16:45:10","date_gmt":"2023-11-09T15:45:10","guid":{"rendered":"https:\/\/oliveraieducoudon.com\/?post_type=product&#038;p=15271"},"modified":"2023-11-21T10:57:06","modified_gmt":"2023-11-21T09:57:06","slug":"notocatus","status":"publish","type":"product","link":"https:\/\/oliveraieducoudon.com\/?product=notocatus","title":{"rendered":"NOTOCATUS"},"content":{"rendered":"<p><span style=\"color: #008000;\"><em><strong>NOTOCATUS<\/strong><\/em><\/span><\/p>\n<p>Le cactus \u00a0<strong>n\u2019appr\u00e9cie pas les sols d\u00e9tremp\u00e9s<\/strong>, puisque c\u2019est un genre de cactus dit \u201cx\u00e9rophyte\u201d (qui vit dans des zones d\u00e9sertiques). Toutefois, il a besoin d\u2019un peu d\u2019eau, surtout pendant les saisons chaudes (printemps et \u00e9t\u00e9) mais n\u2019abusez pas, attendez que le sol soit totalement sec en profondeur avant de l\u2019arroser. Il vous faudra donc l\u2019arroser de mani\u00e8re classique : de temps en temps au printemps, r\u00e9guli\u00e8rement en \u00e9t\u00e9, tr\u00e8s peu \u00e0 l\u2019automne et jamais en hiver. En savoir plus sur l\u2019arrosage des cactus.<\/p>\n<p>Mis dans un pot peu profond, le Parodia doit avoir un\u00a0substrat standard\u00a03 tiers : 1\/3 de terre de jardin, 1\/3 de terreau et 1\/3 de sable grossier de rivi\u00e8re. Comme les racines du Parodia sont tr\u00e8s fines, l\u2019eau froide risque de les \u00e9branler. Il vaut mieux r\u00e9cup\u00e9rer l\u2019<strong>eau de pluie<\/strong>\u00a0qui est \u00e0 la fois \u00e9conomique et aussi saine pour le cactus. Lorsque la plante est en dormance, en hiver, il est pr\u00e9f\u00e9rable de la laisser se reposer dans un endroit sec et frais, aux alentours de 10\u00b0C, pour favoriser la floraison\u00a0pendant l\u2019\u00e9t\u00e9 qui suivra. Ne l\u2019arrosez pas, ou alors l\u00e9g\u00e8rement si l\u2019hiver est long, et n\u2019utilisez surtout plus d\u2019<a class=\"auto-link\" title=\"engrais\" href=\"https:\/\/www.cactus-encyclo.com\/engrais\/\" target=\"_self\" rel=\"noopener\">engrais<\/a>\u00a0durant cette p\u00e9riode.<\/p>\n<p><strong><span style=\"color: #0000ff;\">L&rsquo;oliveraie peut vous proposer\u00a0diff\u00e9rents\u00a0pots de\u00a0diff\u00e9rentes\u00a0couleurs pour vos plantes ainsi de vous livrer sur simple demande <\/span><\/strong><br \/>\n<strong><span style=\"color: #0000ff;\">Une photo de la plante command\u00e9e vous sera envoy\u00e9e par sms ou mail avant livraison ou retrait\u00a0<\/span><\/strong><\/p>\n<p>&nbsp;<\/p>\n<p>&nbsp;<\/p>\n","protected":false},"excerpt":{"rendered":"<p>NOTOCATUS Le cactus \u00a0n\u2019appr\u00e9cie pas les sols d\u00e9tremp\u00e9s, puisque c\u2019est un genre de cactus dit \u201cx\u00e9rophyte\u201d (qui vit dans des zones d\u00e9sertiques). Toutefois, il a besoin d\u2019un peu d\u2019eau, surtout pendant les saisons chaudes (printemps et \u00e9t\u00e9) mais n\u2019abusez pas, attendez que le sol soit totalement sec en profondeur avant de l\u2019arroser. Il vous faudra [&hellip;]<\/p>\n","protected":false},"featured_media":15285,"comment_status":"open","ping_status":"closed","template":"","meta":{"om_disable_all_campaigns":false,"_monsterinsights_skip_tracking":false,"_monsterinsights_sitenote_active":false,"_monsterinsights_sitenote_note":"","_monsterinsights_sitenote_category":0,"ocean_post_layout":"","ocean_both_sidebars_style":"","ocean_both_sidebars_content_width":0,"ocean_both_sidebars_sidebars_width":0,"ocean_sidebar":"0","ocean_second_sidebar":"0","ocean_disable_margins":"enable","ocean_add_body_class":"","ocean_shortcode_before_top_bar":"","ocean_shortcode_after_top_bar":"","ocean_shortcode_before_header":"","ocean_shortcode_after_header":"","ocean_has_shortcode":"","ocean_shortcode_after_title":"","ocean_shortcode_before_footer_widgets":"","ocean_shortcode_after_footer_widgets":"","ocean_shortcode_before_footer_bottom":"","ocean_shortcode_after_footer_bottom":"","ocean_display_top_bar":"default","ocean_display_header":"default","ocean_header_style":"","ocean_center_header_left_menu":"0","ocean_custom_header_template":"0","ocean_custom_logo":0,"ocean_custom_retina_logo":0,"ocean_custom_logo_max_width":0,"ocean_custom_logo_tablet_max_width":0,"ocean_custom_logo_mobile_max_width":0,"ocean_custom_logo_max_height":0,"ocean_custom_logo_tablet_max_height":0,"ocean_custom_logo_mobile_max_height":0,"ocean_header_custom_menu":"0","ocean_menu_typo_font_family":"0","ocean_menu_typo_font_subset":"","ocean_menu_typo_font_size":0,"ocean_menu_typo_font_size_tablet":0,"ocean_menu_typo_font_size_mobile":0,"ocean_menu_typo_font_size_unit":"px","ocean_menu_typo_font_weight":"","ocean_menu_typo_font_weight_tablet":"","ocean_menu_typo_font_weight_mobile":"","ocean_menu_typo_transform":"","ocean_menu_typo_transform_tablet":"","ocean_menu_typo_transform_mobile":"","ocean_menu_typo_line_height":0,"ocean_menu_typo_line_height_tablet":0,"ocean_menu_typo_line_height_mobile":0,"ocean_menu_typo_line_height_unit":"","ocean_menu_typo_spacing":0,"ocean_menu_typo_spacing_tablet":0,"ocean_menu_typo_spacing_mobile":0,"ocean_menu_typo_spacing_unit":"","ocean_menu_link_color":"","ocean_menu_link_color_hover":"","ocean_menu_link_color_active":"","ocean_menu_link_background":"","ocean_menu_link_hover_background":"","ocean_menu_link_active_background":"","ocean_menu_social_links_bg":"","ocean_menu_social_hover_links_bg":"","ocean_menu_social_links_color":"","ocean_menu_social_hover_links_color":"","ocean_disable_title":"default","ocean_disable_heading":"default","ocean_post_title":"","ocean_post_subheading":"","ocean_post_title_style":"","ocean_post_title_background_color":"","ocean_post_title_background":0,"ocean_post_title_bg_image_position":"","ocean_post_title_bg_image_attachment":"","ocean_post_title_bg_image_repeat":"","ocean_post_title_bg_image_size":"","ocean_post_title_height":0,"ocean_post_title_bg_overlay":0.5,"ocean_post_title_bg_overlay_color":"","ocean_disable_breadcrumbs":"default","ocean_breadcrumbs_color":"","ocean_breadcrumbs_separator_color":"","ocean_breadcrumbs_links_color":"","ocean_breadcrumbs_links_hover_color":"","ocean_display_footer_widgets":"default","ocean_display_footer_bottom":"default","ocean_custom_footer_template":"0"},"product_brand":[],"product_cat":[49],"product_tag":[],"class_list":{"0":"post-15271","1":"product","2":"type-product","3":"status-publish","4":"has-post-thumbnail","6":"product_cat-les-succulentes-et-cactus","7":"product_shipping_class-produits-non-livrables","9":"entry","10":"has-media","12":"first","13":"instock","14":"taxable","15":"shipping-taxable","16":"purchasable","17":"product-type-variable","18":"has-product-nav","19":"col","20":"span_1_of_4","21":"owp-content-center","22":"owp-thumbs-layout-horizontal","23":"owp-btn-big","24":"owp-tabs-layout-vertical","25":"has-no-thumbnails"},"aioseo_notices":[],"jetpack_sharing_enabled":true,"_links":{"self":[{"href":"https:\/\/oliveraieducoudon.com\/index.php?rest_route=\/wp\/v2\/product\/15271","targetHints":{"allow":["GET"]}}],"collection":[{"href":"https:\/\/oliveraieducoudon.com\/index.php?rest_route=\/wp\/v2\/product"}],"about":[{"href":"https:\/\/oliveraieducoudon.com\/index.php?rest_route=\/wp\/v2\/types\/product"}],"replies":[{"embeddable":true,"href":"https:\/\/oliveraieducoudon.com\/index.php?rest_route=%2Fwp%2Fv2%2Fcomments&post=15271"}],"wp:featuredmedia":[{"embeddable":true,"href":"https:\/\/oliveraieducoudon.com\/index.php?rest_route=\/wp\/v2\/media\/15285"}],"wp:attachment":[{"href":"https:\/\/oliveraieducoudon.com\/index.php?rest_route=%2Fwp%2Fv2%2Fmedia&parent=15271"}],"wp:term":[{"taxonomy":"product_brand","embeddable":true,"href":"https:\/\/oliveraieducoudon.com\/index.php?rest_route=%2Fwp%2Fv2%2Fproduct_brand&post=15271"},{"taxonomy":"product_cat","embeddable":true,"href":"https:\/\/oliveraieducoudon.com\/index.php?rest_route=%2Fwp%2Fv2%2Fproduct_cat&post=15271"},{"taxonomy":"product_tag","embeddable":true,"href":"https:\/\/oliveraieducoudon.com\/index.php?rest_route=%2Fwp%2Fv2%2Fproduct_tag&post=15271"}],"curies":[{"name":"wp","href":"https:\/\/api.w.org\/{rel}","templated":true}]}}