{"id":15175,"date":"2023-11-09T12:53:37","date_gmt":"2023-11-09T11:53:37","guid":{"rendered":"https:\/\/oliveraieducoudon.com\/?post_type=product&#038;p=15175"},"modified":"2023-11-21T10:57:06","modified_gmt":"2023-11-21T09:57:06","slug":"fougere-de-boston","status":"publish","type":"product","link":"https:\/\/oliveraieducoudon.com\/?product=fougere-de-boston","title":{"rendered":"FOUGERE DE BOSTON"},"content":{"rendered":"<p><span style=\"color: #008000;\"><em><strong>FOUGERE<\/strong><\/em><\/span><\/p>\n<p>La Foug\u00e8re de Boston, connue sous le nom latin de Nephrolepis exaltata, appartient \u00e0 la famille des Lomariopsidaceae. Originaire des Am\u00e9riques, cette esp\u00e8ce de foug\u00e8re pr\u00e9sente un int\u00e9r\u00eat graphique et purifie l&rsquo;air, ce qui la rend attirante pour les jardins et les int\u00e9rieurs. Le nom du genre Nephrolepis provient des mots grecs \u00ab\u00a0nephros\u00a0\u00bb signifiant rein et \u00ab\u00a0lepis\u00a0\u00bb signifiant \u00e9chelle, tandis que l&rsquo;\u00e9pith\u00e8te sp\u00e9cifique \u00ab\u00a0exaltata\u00a0\u00bb signifie tr\u00e8s grand ou \u00e9lev\u00e9. Cette foug\u00e8re \u00e0 l&rsquo;apparence gracieuse se distingue par ses longues frondes fluide, qui poussent de mani\u00e8re \u00e9tendue et arqu\u00e9e.<\/p>\n<p>La Foug\u00e8re de Boston est appr\u00e9ci\u00e9e pour son aspect luxuriant et son feuillage vert vif. Ses frondes sont d\u00e9licatement dent\u00e9es et peuvent atteindre une longueur impressionnante, ajoutant une touche d&rsquo;exotisme \u00e0 tout espace. Elle peut tol\u00e9rer une vari\u00e9t\u00e9 de conditions de croissance, ce qui en fait une plante d&rsquo;int\u00e9rieur tr\u00e8s populaire. En plus de son attrait visuel, la Foug\u00e8re de Boston est \u00e9galement reconnue pour ses capacit\u00e9s de purification de l&rsquo;air, contribuant \u00e0 cr\u00e9er un environnement int\u00e9rieur plus sain.<\/p>\n<p>En somme, la Foug\u00e8re de Boston est une plante d&rsquo;int\u00e9rieur polyvalente qui offre \u00e0 la fois des avantages esth\u00e9tiques et environnementaux. Son feuillage luxuriant et sa capacit\u00e9 \u00e0 purifier l&rsquo;air en font un ajout pr\u00e9cieux \u00e0 tout espace int\u00e9rieur.<\/p>\n<p>&nbsp;<\/p>\n<p>&nbsp;<\/p>\n<p><strong><span style=\"color: #0000ff;\">L&rsquo;oliveraie peut vous proposer\u00a0diff\u00e9rents\u00a0pots de\u00a0diff\u00e9rentes\u00a0couleurs pour vos plantes ainsi de vous livrer sur simple demande <\/span><\/strong><br \/>\n<strong><span style=\"color: #0000ff;\">Une photo de la plante command\u00e9e vous sera envoy\u00e9e par sms ou mail avant livraison ou retrait\u00a0<\/span><\/strong><\/p>\n<p>&nbsp;<\/p>\n<p>&nbsp;<\/p>\n","protected":false},"excerpt":{"rendered":"<p>FOUGERE La Foug\u00e8re de Boston, connue sous le nom latin de Nephrolepis exaltata, appartient \u00e0 la famille des Lomariopsidaceae. Originaire des Am\u00e9riques, cette esp\u00e8ce de foug\u00e8re pr\u00e9sente un int\u00e9r\u00eat graphique et purifie l&rsquo;air, ce qui la rend attirante pour les jardins et les int\u00e9rieurs. Le nom du genre Nephrolepis provient des mots grecs \u00ab\u00a0nephros\u00a0\u00bb signifiant [&hellip;]<\/p>\n","protected":false},"featured_media":15189,"comment_status":"open","ping_status":"closed","template":"","meta":{"om_disable_all_campaigns":false,"_monsterinsights_skip_tracking":false,"_monsterinsights_sitenote_active":false,"_monsterinsights_sitenote_note":"","_monsterinsights_sitenote_category":0,"ocean_post_layout":"","ocean_both_sidebars_style":"","ocean_both_sidebars_content_width":0,"ocean_both_sidebars_sidebars_width":0,"ocean_sidebar":"0","ocean_second_sidebar":"0","ocean_disable_margins":"enable","ocean_add_body_class":"","ocean_shortcode_before_top_bar":"","ocean_shortcode_after_top_bar":"","ocean_shortcode_before_header":"","ocean_shortcode_after_header":"","ocean_has_shortcode":"","ocean_shortcode_after_title":"","ocean_shortcode_before_footer_widgets":"","ocean_shortcode_after_footer_widgets":"","ocean_shortcode_before_footer_bottom":"","ocean_shortcode_after_footer_bottom":"","ocean_display_top_bar":"default","ocean_display_header":"default","ocean_header_style":"","ocean_center_header_left_menu":"0","ocean_custom_header_template":"0","ocean_custom_logo":0,"ocean_custom_retina_logo":0,"ocean_custom_logo_max_width":0,"ocean_custom_logo_tablet_max_width":0,"ocean_custom_logo_mobile_max_width":0,"ocean_custom_logo_max_height":0,"ocean_custom_logo_tablet_max_height":0,"ocean_custom_logo_mobile_max_height":0,"ocean_header_custom_menu":"0","ocean_menu_typo_font_family":"0","ocean_menu_typo_font_subset":"","ocean_menu_typo_font_size":0,"ocean_menu_typo_font_size_tablet":0,"ocean_menu_typo_font_size_mobile":0,"ocean_menu_typo_font_size_unit":"px","ocean_menu_typo_font_weight":"","ocean_menu_typo_font_weight_tablet":"","ocean_menu_typo_font_weight_mobile":"","ocean_menu_typo_transform":"","ocean_menu_typo_transform_tablet":"","ocean_menu_typo_transform_mobile":"","ocean_menu_typo_line_height":0,"ocean_menu_typo_line_height_tablet":0,"ocean_menu_typo_line_height_mobile":0,"ocean_menu_typo_line_height_unit":"","ocean_menu_typo_spacing":0,"ocean_menu_typo_spacing_tablet":0,"ocean_menu_typo_spacing_mobile":0,"ocean_menu_typo_spacing_unit":"","ocean_menu_link_color":"","ocean_menu_link_color_hover":"","ocean_menu_link_color_active":"","ocean_menu_link_background":"","ocean_menu_link_hover_background":"","ocean_menu_link_active_background":"","ocean_menu_social_links_bg":"","ocean_menu_social_hover_links_bg":"","ocean_menu_social_links_color":"","ocean_menu_social_hover_links_color":"","ocean_disable_title":"default","ocean_disable_heading":"default","ocean_post_title":"","ocean_post_subheading":"","ocean_post_title_style":"","ocean_post_title_background_color":"","ocean_post_title_background":0,"ocean_post_title_bg_image_position":"","ocean_post_title_bg_image_attachment":"","ocean_post_title_bg_image_repeat":"","ocean_post_title_bg_image_size":"","ocean_post_title_height":0,"ocean_post_title_bg_overlay":0.5,"ocean_post_title_bg_overlay_color":"","ocean_disable_breadcrumbs":"default","ocean_breadcrumbs_color":"","ocean_breadcrumbs_separator_color":"","ocean_breadcrumbs_links_color":"","ocean_breadcrumbs_links_hover_color":"","ocean_display_footer_widgets":"default","ocean_display_footer_bottom":"default","ocean_custom_footer_template":"0"},"product_brand":[],"product_cat":[48],"product_tag":[],"class_list":{"0":"post-15175","1":"product","2":"type-product","3":"status-publish","4":"has-post-thumbnail","6":"product_cat-les-plantes-dinterieur","7":"product_shipping_class-produits-non-livrables","9":"entry","10":"has-media","12":"first","13":"instock","14":"taxable","15":"shipping-taxable","16":"purchasable","17":"product-type-variable","18":"has-product-nav","19":"col","20":"span_1_of_4","21":"owp-content-center","22":"owp-thumbs-layout-horizontal","23":"owp-btn-big","24":"owp-tabs-layout-vertical","25":"has-no-thumbnails"},"aioseo_notices":[],"jetpack_sharing_enabled":true,"_links":{"self":[{"href":"https:\/\/oliveraieducoudon.com\/index.php?rest_route=\/wp\/v2\/product\/15175","targetHints":{"allow":["GET"]}}],"collection":[{"href":"https:\/\/oliveraieducoudon.com\/index.php?rest_route=\/wp\/v2\/product"}],"about":[{"href":"https:\/\/oliveraieducoudon.com\/index.php?rest_route=\/wp\/v2\/types\/product"}],"replies":[{"embeddable":true,"href":"https:\/\/oliveraieducoudon.com\/index.php?rest_route=%2Fwp%2Fv2%2Fcomments&post=15175"}],"wp:featuredmedia":[{"embeddable":true,"href":"https:\/\/oliveraieducoudon.com\/index.php?rest_route=\/wp\/v2\/media\/15189"}],"wp:attachment":[{"href":"https:\/\/oliveraieducoudon.com\/index.php?rest_route=%2Fwp%2Fv2%2Fmedia&parent=15175"}],"wp:term":[{"taxonomy":"product_brand","embeddable":true,"href":"https:\/\/oliveraieducoudon.com\/index.php?rest_route=%2Fwp%2Fv2%2Fproduct_brand&post=15175"},{"taxonomy":"product_cat","embeddable":true,"href":"https:\/\/oliveraieducoudon.com\/index.php?rest_route=%2Fwp%2Fv2%2Fproduct_cat&post=15175"},{"taxonomy":"product_tag","embeddable":true,"href":"https:\/\/oliveraieducoudon.com\/index.php?rest_route=%2Fwp%2Fv2%2Fproduct_tag&post=15175"}],"curies":[{"name":"wp","href":"https:\/\/api.w.org\/{rel}","templated":true}]}}