{"id":15074,"date":"2023-11-08T16:33:48","date_gmt":"2023-11-08T15:33:48","guid":{"rendered":"https:\/\/oliveraieducoudon.com\/?post_type=product&#038;p=15074"},"modified":"2025-06-23T14:49:12","modified_gmt":"2025-06-23T12:49:12","slug":"areca","status":"publish","type":"product","link":"https:\/\/oliveraieducoudon.com\/?product=areca","title":{"rendered":"ARECA"},"content":{"rendered":"<p><span style=\"color: #008000;\"><em><strong>ARECA<\/strong><\/em><\/span><\/p>\n<p><span style=\"color: #000000;\">Areca est un genre de palmiers \u00e0 feuilles penn\u00e9es, de la famille des Arecaceae et originaire des for\u00eats tropicales de Chine et d&rsquo;Inde. Son esp\u00e8ce la plus connue est le palmier \u00e0 b\u00e9tel.<\/span><\/p>\n<p>L\u2019ar\u00e9ca r\u00e9clame un\u00a0<strong>bon terreau<\/strong>\u00a0que vous m\u00e9langerez \u00e9ventuellement avec 1\/3 de compost si vous en poss\u00e9dez.<br \/>\nAfin de\u00a0<strong>faciliter le drainage<\/strong>, disposez au fond du pot d\u2019un lit de graviers, de petits cailloux ou de billes d\u2019argile.<\/p>\n<p>Cette op\u00e9ration permet d\u2019\u00e9viter que les racines ne baignent dans l\u2019eau, ce qui pourrait lui \u00eatre fatale.<\/p>\n<ul style=\"font-weight: 400;\">\n<li>Installez votre ar\u00e9ca donc dans un pot de bonne taille rempli de terreau sp\u00e9cial plantes d\u2019int\u00e9rieur ou plante verte.<\/li>\n<li>Bien qu\u2019il soit n\u00e9cessaire de le\u00a0<strong>rempoter au printemps\u00a0<\/strong>tous les 2 \u00e0 3 ans, en dehors de \u00e7a, pr\u00e9f\u00e9rez\u00a0<strong>un surfa\u00e7age<\/strong>\u00a0r\u00e9gulier qui comblera parfaitement le besoin de la plante en support de culture.<\/li>\n<\/ul>\n<p style=\"font-weight: 400;\"><strong>Ar\u00e9ac en ext\u00e9rieur\u00a0<\/strong><u>:<\/u><br \/>\nDe mani\u00e8re g\u00e9n\u00e9rale, l\u2019ar\u00e9ca ne\u00a0<strong>tol\u00e8re pas le froid<\/strong>\u00a0et ne pourra \u00eatre\u00a0<strong>plant\u00e9 en terre que lorsque le climat est doux l\u2019hiver.<\/strong><br \/>\nComme pour la plantation en pot, n\u2019h\u00e9sitez pas \u00e0 poser un lit de graviers, de petits cailloux ou de billes d\u2019argile afin de faciliter le drainage.<br \/>\nVous le planterez ensuite dans un m\u00e9lange de terreau, de terre de jardin et de sable.<\/p>\n<p>Dans nos climats,\u00a0<strong>l\u2019ar\u00e9ca s\u2019adapte \u00e0 l\u2019int\u00e9rieur<\/strong>\u00a0de nos maisons et de nos appartements.<br \/>\nIl se d\u00e9veloppe bien lorsque la temp\u00e9ratures tourne autour des 18-22\u00b0 et exige une\u00a0<strong>tr\u00e8s bonne lumi\u00e8re<\/strong>\u00a0et m\u00eame un soleil l\u00e9ger.<br \/>\nDerri\u00e8re une vitre, il vaut mieux\u00a0<strong>\u00e9viter une trop forte exposition au soleil<\/strong>\u00a0qui pourrait ass\u00e9cher l\u2019ar\u00e9ca.<\/p>\n<p>Pr\u00e9f\u00e9rez lui donc la proximit\u00e9 d\u2019une fen\u00eatre orient\u00e9e \u00e0 l\u2019ouest afin de le baigner du maximum de luminosit\u00e9.<\/p>\n<p>Si vous vivez dans un\u00a0<strong>endroit plut\u00f4t sombre<\/strong>, \u00e9vitez d\u2019acheter un ar\u00e9ca car il ne devrait pas trop supporter l\u2019absence de lumi\u00e8re.<\/p>\n<p style=\"font-weight: 400;\">\n<strong><span style=\"color: #0000ff;\">L&rsquo;oliveraie peut vous proposer\u00a0diff\u00e9rents\u00a0pots de\u00a0diff\u00e9rentes\u00a0couleurs pour vos plantes ainsi de vous livrer sur simple demande <\/span><\/strong><br \/>\n<strong><span style=\"color: #0000ff;\">Une photo de la plante command\u00e9e vous sera envoy\u00e9e par sms ou mail avant livraison ou retrait\u00a0<\/span><\/strong><\/p>\n<p>&nbsp;<\/p>\n<p>&nbsp;<\/p>\n","protected":false},"excerpt":{"rendered":"<p>ARECA Areca est un genre de palmiers \u00e0 feuilles penn\u00e9es, de la famille des Arecaceae et originaire des for\u00eats tropicales de Chine et d&rsquo;Inde. Son esp\u00e8ce la plus connue est le palmier \u00e0 b\u00e9tel. L\u2019ar\u00e9ca r\u00e9clame un\u00a0bon terreau\u00a0que vous m\u00e9langerez \u00e9ventuellement avec 1\/3 de compost si vous en poss\u00e9dez. Afin de\u00a0faciliter le drainage, disposez au [&hellip;]<\/p>\n","protected":false},"featured_media":15088,"comment_status":"open","ping_status":"closed","template":"","meta":{"om_disable_all_campaigns":false,"_monsterinsights_skip_tracking":false,"_monsterinsights_sitenote_active":false,"_monsterinsights_sitenote_note":"","_monsterinsights_sitenote_category":0,"ocean_post_layout":"","ocean_both_sidebars_style":"","ocean_both_sidebars_content_width":0,"ocean_both_sidebars_sidebars_width":0,"ocean_sidebar":"0","ocean_second_sidebar":"0","ocean_disable_margins":"enable","ocean_add_body_class":"","ocean_shortcode_before_top_bar":"","ocean_shortcode_after_top_bar":"","ocean_shortcode_before_header":"","ocean_shortcode_after_header":"","ocean_has_shortcode":"","ocean_shortcode_after_title":"","ocean_shortcode_before_footer_widgets":"","ocean_shortcode_after_footer_widgets":"","ocean_shortcode_before_footer_bottom":"","ocean_shortcode_after_footer_bottom":"","ocean_display_top_bar":"default","ocean_display_header":"default","ocean_header_style":"","ocean_center_header_left_menu":"0","ocean_custom_header_template":"0","ocean_custom_logo":0,"ocean_custom_retina_logo":0,"ocean_custom_logo_max_width":0,"ocean_custom_logo_tablet_max_width":0,"ocean_custom_logo_mobile_max_width":0,"ocean_custom_logo_max_height":0,"ocean_custom_logo_tablet_max_height":0,"ocean_custom_logo_mobile_max_height":0,"ocean_header_custom_menu":"0","ocean_menu_typo_font_family":"0","ocean_menu_typo_font_subset":"","ocean_menu_typo_font_size":0,"ocean_menu_typo_font_size_tablet":0,"ocean_menu_typo_font_size_mobile":0,"ocean_menu_typo_font_size_unit":"px","ocean_menu_typo_font_weight":"","ocean_menu_typo_font_weight_tablet":"","ocean_menu_typo_font_weight_mobile":"","ocean_menu_typo_transform":"","ocean_menu_typo_transform_tablet":"","ocean_menu_typo_transform_mobile":"","ocean_menu_typo_line_height":0,"ocean_menu_typo_line_height_tablet":0,"ocean_menu_typo_line_height_mobile":0,"ocean_menu_typo_line_height_unit":"","ocean_menu_typo_spacing":0,"ocean_menu_typo_spacing_tablet":0,"ocean_menu_typo_spacing_mobile":0,"ocean_menu_typo_spacing_unit":"","ocean_menu_link_color":"","ocean_menu_link_color_hover":"","ocean_menu_link_color_active":"","ocean_menu_link_background":"","ocean_menu_link_hover_background":"","ocean_menu_link_active_background":"","ocean_menu_social_links_bg":"","ocean_menu_social_hover_links_bg":"","ocean_menu_social_links_color":"","ocean_menu_social_hover_links_color":"","ocean_disable_title":"default","ocean_disable_heading":"default","ocean_post_title":"","ocean_post_subheading":"","ocean_post_title_style":"","ocean_post_title_background_color":"","ocean_post_title_background":0,"ocean_post_title_bg_image_position":"","ocean_post_title_bg_image_attachment":"","ocean_post_title_bg_image_repeat":"","ocean_post_title_bg_image_size":"","ocean_post_title_height":0,"ocean_post_title_bg_overlay":0.5,"ocean_post_title_bg_overlay_color":"","ocean_disable_breadcrumbs":"default","ocean_breadcrumbs_color":"","ocean_breadcrumbs_separator_color":"","ocean_breadcrumbs_links_color":"","ocean_breadcrumbs_links_hover_color":"","ocean_display_footer_widgets":"default","ocean_display_footer_bottom":"default","ocean_custom_footer_template":"0"},"product_brand":[],"product_cat":[48],"product_tag":[],"class_list":{"0":"post-15074","1":"product","2":"type-product","3":"status-publish","4":"has-post-thumbnail","6":"product_cat-les-plantes-dinterieur","7":"product_shipping_class-produits-non-livrables","9":"entry","10":"has-media","12":"first","13":"instock","14":"taxable","15":"shipping-taxable","16":"purchasable","17":"product-type-variable","18":"has-product-nav","19":"col","20":"span_1_of_4","21":"owp-content-center","22":"owp-thumbs-layout-horizontal","23":"owp-btn-big","24":"owp-tabs-layout-vertical","25":"has-no-thumbnails"},"aioseo_notices":[],"jetpack_sharing_enabled":true,"_links":{"self":[{"href":"https:\/\/oliveraieducoudon.com\/index.php?rest_route=\/wp\/v2\/product\/15074","targetHints":{"allow":["GET"]}}],"collection":[{"href":"https:\/\/oliveraieducoudon.com\/index.php?rest_route=\/wp\/v2\/product"}],"about":[{"href":"https:\/\/oliveraieducoudon.com\/index.php?rest_route=\/wp\/v2\/types\/product"}],"replies":[{"embeddable":true,"href":"https:\/\/oliveraieducoudon.com\/index.php?rest_route=%2Fwp%2Fv2%2Fcomments&post=15074"}],"wp:featuredmedia":[{"embeddable":true,"href":"https:\/\/oliveraieducoudon.com\/index.php?rest_route=\/wp\/v2\/media\/15088"}],"wp:attachment":[{"href":"https:\/\/oliveraieducoudon.com\/index.php?rest_route=%2Fwp%2Fv2%2Fmedia&parent=15074"}],"wp:term":[{"taxonomy":"product_brand","embeddable":true,"href":"https:\/\/oliveraieducoudon.com\/index.php?rest_route=%2Fwp%2Fv2%2Fproduct_brand&post=15074"},{"taxonomy":"product_cat","embeddable":true,"href":"https:\/\/oliveraieducoudon.com\/index.php?rest_route=%2Fwp%2Fv2%2Fproduct_cat&post=15074"},{"taxonomy":"product_tag","embeddable":true,"href":"https:\/\/oliveraieducoudon.com\/index.php?rest_route=%2Fwp%2Fv2%2Fproduct_tag&post=15074"}],"curies":[{"name":"wp","href":"https:\/\/api.w.org\/{rel}","templated":true}]}}