{"id":15025,"date":"2023-11-08T15:42:12","date_gmt":"2023-11-08T14:42:12","guid":{"rendered":"https:\/\/oliveraieducoudon.com\/?post_type=product&#038;p=15025"},"modified":"2023-11-21T10:57:07","modified_gmt":"2023-11-21T09:57:07","slug":"coco-nucifera","status":"publish","type":"product","link":"https:\/\/oliveraieducoudon.com\/?product=coco-nucifera","title":{"rendered":"COCO NUCIFERA"},"content":{"rendered":"<p><em><strong><span style=\"color: #008000;\">COCO NUCIFERA<\/span><\/strong><\/em><\/p>\n<p>Le Cocos Nucifera, qu\u2019on appelle plus simplement un cocotier, est un joli palmier qu\u2019on retrouve de plus en plus dans nos int\u00e9rieurs, o\u00f9 il donne forte impression avec ses grandes et larges feuilles. Il est souvent propos\u00e9 en magasin tr\u00e8s jeune, avec sa noix de coco germ\u00e9e encore en place \u00e0 son pied, ce qui donne un aspect tr\u00e8s paradisiaque au lieu o\u00f9 il se trouve.<br \/>\nCultiv\u00e9 en pot, sa hauteur se limite g\u00e9n\u00e9ralement autour des 2 \u00e0 3m. Et heureusement pour nous, puisque qu\u2019il peut faire jusqu\u2019\u00e0 40 m\u00e8tres dans son environnement naturel.<br \/>\nLes cocotiers sont des plantes originaires de zones tropicales, ils aiment avant tout la chaleur et l\u2019humidit\u00e9. Pendant sa p\u00e9riode v\u00e9g\u00e9tative, entre avril et septembre, tu peux l\u2019arroser d\u00e8s que sa terre est s\u00e8che en surface, soit 1 \u00e0 2 fois par semaine. Pendant l\u2019hiver, tu peux r\u00e9duire les arrosages, pr\u00e9vois de le faire une fois environ toutes les 2 semaines. Attention tout de m\u00eame \u00e0 ne pas laisser d\u2019eau stagner, sans quoi ses racines, ou sa noix de coco, si elle est encore en place, risquent de pourrir.<br \/>\nSi les plantes adultes appr\u00e9cient beaucoup la lumi\u00e8re du soleil dans leur environnement naturel, les jeunes plants qu\u2019on trouve en int\u00e9rieur sous les climats temp\u00e9r\u00e9s d\u2019Europe et d\u2019Am\u00e9rique du Nord, y sont nettement plus sensibles. Tu peux placer ton Cocotier dans un zone bien lumineuse, proche d\u2019une fen\u00eatre. Par contre, \u00e9vite de le laisser en plein soleil pendant l\u2019\u00e9t\u00e9, notamment aux heures les plus chaudes, puisqu\u2019il peut participer \u00e0 dess\u00e9cher son feuillage.<br \/>\nArrosage Tr\u00e8s r\u00e9gulier \u00a01 \u00e0 2 fois par semaine en \u00e9t\u00e9, et toutes les 2 semaines en hiver<\/p>\n<div class=\"wp-block-column is-layout-flow wp-block-column-is-layout-flow\">\n<div class=\"fontawesome-column\">\n<p class=\"description\">Exposition Pleine lumi\u00e8re<br \/>\nLe Cocotier aime la lumi\u00e8re, mais \u00e9vite de le laisser en plein soleil de mai \u00e0 septembre<\/p>\n<\/div>\n<\/div>\n<p>&nbsp;<\/p>\n<p><strong><span style=\"color: #0000ff;\">L&rsquo;oliveraie peut vous proposer\u00a0diff\u00e9rents\u00a0pots de\u00a0diff\u00e9rentes\u00a0couleurs pour vos plantes ainsi de vous livrer sur simple demande <\/span><\/strong><br \/>\n<strong><span style=\"color: #0000ff;\">Une photo de la plante command\u00e9e vous sera envoy\u00e9e par sms ou mail avant livraison ou retrait\u00a0<\/span><\/strong><\/p>\n<p>&nbsp;<\/p>\n<p>&nbsp;<\/p>\n","protected":false},"excerpt":{"rendered":"<p>COCO NUCIFERA Le Cocos Nucifera, qu\u2019on appelle plus simplement un cocotier, est un joli palmier qu\u2019on retrouve de plus en plus dans nos int\u00e9rieurs, o\u00f9 il donne forte impression avec ses grandes et larges feuilles. Il est souvent propos\u00e9 en magasin tr\u00e8s jeune, avec sa noix de coco germ\u00e9e encore en place \u00e0 son pied, [&hellip;]<\/p>\n","protected":false},"featured_media":15039,"comment_status":"open","ping_status":"closed","template":"","meta":{"om_disable_all_campaigns":false,"_monsterinsights_skip_tracking":false,"_monsterinsights_sitenote_active":false,"_monsterinsights_sitenote_note":"","_monsterinsights_sitenote_category":0,"ocean_post_layout":"","ocean_both_sidebars_style":"","ocean_both_sidebars_content_width":0,"ocean_both_sidebars_sidebars_width":0,"ocean_sidebar":"0","ocean_second_sidebar":"0","ocean_disable_margins":"enable","ocean_add_body_class":"","ocean_shortcode_before_top_bar":"","ocean_shortcode_after_top_bar":"","ocean_shortcode_before_header":"","ocean_shortcode_after_header":"","ocean_has_shortcode":"","ocean_shortcode_after_title":"","ocean_shortcode_before_footer_widgets":"","ocean_shortcode_after_footer_widgets":"","ocean_shortcode_before_footer_bottom":"","ocean_shortcode_after_footer_bottom":"","ocean_display_top_bar":"default","ocean_display_header":"default","ocean_header_style":"","ocean_center_header_left_menu":"0","ocean_custom_header_template":"0","ocean_custom_logo":0,"ocean_custom_retina_logo":0,"ocean_custom_logo_max_width":0,"ocean_custom_logo_tablet_max_width":0,"ocean_custom_logo_mobile_max_width":0,"ocean_custom_logo_max_height":0,"ocean_custom_logo_tablet_max_height":0,"ocean_custom_logo_mobile_max_height":0,"ocean_header_custom_menu":"0","ocean_menu_typo_font_family":"0","ocean_menu_typo_font_subset":"","ocean_menu_typo_font_size":0,"ocean_menu_typo_font_size_tablet":0,"ocean_menu_typo_font_size_mobile":0,"ocean_menu_typo_font_size_unit":"px","ocean_menu_typo_font_weight":"","ocean_menu_typo_font_weight_tablet":"","ocean_menu_typo_font_weight_mobile":"","ocean_menu_typo_transform":"","ocean_menu_typo_transform_tablet":"","ocean_menu_typo_transform_mobile":"","ocean_menu_typo_line_height":0,"ocean_menu_typo_line_height_tablet":0,"ocean_menu_typo_line_height_mobile":0,"ocean_menu_typo_line_height_unit":"","ocean_menu_typo_spacing":0,"ocean_menu_typo_spacing_tablet":0,"ocean_menu_typo_spacing_mobile":0,"ocean_menu_typo_spacing_unit":"","ocean_menu_link_color":"","ocean_menu_link_color_hover":"","ocean_menu_link_color_active":"","ocean_menu_link_background":"","ocean_menu_link_hover_background":"","ocean_menu_link_active_background":"","ocean_menu_social_links_bg":"","ocean_menu_social_hover_links_bg":"","ocean_menu_social_links_color":"","ocean_menu_social_hover_links_color":"","ocean_disable_title":"default","ocean_disable_heading":"default","ocean_post_title":"","ocean_post_subheading":"","ocean_post_title_style":"","ocean_post_title_background_color":"","ocean_post_title_background":0,"ocean_post_title_bg_image_position":"","ocean_post_title_bg_image_attachment":"","ocean_post_title_bg_image_repeat":"","ocean_post_title_bg_image_size":"","ocean_post_title_height":0,"ocean_post_title_bg_overlay":0.5,"ocean_post_title_bg_overlay_color":"","ocean_disable_breadcrumbs":"default","ocean_breadcrumbs_color":"","ocean_breadcrumbs_separator_color":"","ocean_breadcrumbs_links_color":"","ocean_breadcrumbs_links_hover_color":"","ocean_display_footer_widgets":"default","ocean_display_footer_bottom":"default","ocean_custom_footer_template":"0"},"product_brand":[],"product_cat":[48],"product_tag":[],"class_list":{"0":"post-15025","1":"product","2":"type-product","3":"status-publish","4":"has-post-thumbnail","6":"product_cat-les-plantes-dinterieur","7":"product_shipping_class-produits-non-livrables","9":"entry","10":"has-media","12":"first","13":"instock","14":"taxable","15":"shipping-taxable","16":"purchasable","17":"product-type-variable","18":"has-product-nav","19":"col","20":"span_1_of_4","21":"owp-content-center","22":"owp-thumbs-layout-horizontal","23":"owp-btn-big","24":"owp-tabs-layout-vertical","25":"has-no-thumbnails"},"aioseo_notices":[],"jetpack_sharing_enabled":true,"_links":{"self":[{"href":"https:\/\/oliveraieducoudon.com\/index.php?rest_route=\/wp\/v2\/product\/15025","targetHints":{"allow":["GET"]}}],"collection":[{"href":"https:\/\/oliveraieducoudon.com\/index.php?rest_route=\/wp\/v2\/product"}],"about":[{"href":"https:\/\/oliveraieducoudon.com\/index.php?rest_route=\/wp\/v2\/types\/product"}],"replies":[{"embeddable":true,"href":"https:\/\/oliveraieducoudon.com\/index.php?rest_route=%2Fwp%2Fv2%2Fcomments&post=15025"}],"wp:featuredmedia":[{"embeddable":true,"href":"https:\/\/oliveraieducoudon.com\/index.php?rest_route=\/wp\/v2\/media\/15039"}],"wp:attachment":[{"href":"https:\/\/oliveraieducoudon.com\/index.php?rest_route=%2Fwp%2Fv2%2Fmedia&parent=15025"}],"wp:term":[{"taxonomy":"product_brand","embeddable":true,"href":"https:\/\/oliveraieducoudon.com\/index.php?rest_route=%2Fwp%2Fv2%2Fproduct_brand&post=15025"},{"taxonomy":"product_cat","embeddable":true,"href":"https:\/\/oliveraieducoudon.com\/index.php?rest_route=%2Fwp%2Fv2%2Fproduct_cat&post=15025"},{"taxonomy":"product_tag","embeddable":true,"href":"https:\/\/oliveraieducoudon.com\/index.php?rest_route=%2Fwp%2Fv2%2Fproduct_tag&post=15025"}],"curies":[{"name":"wp","href":"https:\/\/api.w.org\/{rel}","templated":true}]}}