{"id":14992,"date":"2023-11-08T15:18:13","date_gmt":"2023-11-08T14:18:13","guid":{"rendered":"https:\/\/oliveraieducoudon.com\/?post_type=product&#038;p=14992"},"modified":"2023-11-21T10:57:07","modified_gmt":"2023-11-21T09:57:07","slug":"dasylirion-longissimun","status":"publish","type":"product","link":"https:\/\/oliveraieducoudon.com\/?product=dasylirion-longissimun","title":{"rendered":"DASYLIRION LONGISSIMUN"},"content":{"rendered":"<p><span style=\"color: #008000;\"><em><strong>DASYLIRION LONGISSIMUNU<\/strong><\/em><\/span><\/p>\n<p><span style=\"color: #000000;\">Une plante ligneuse de 2 m de hauteur, \u00e0 stipe court, surmont\u00e9 d&rsquo;une rosette de longues feuilles lineaires, souples, rayonnantes, formant comme une sph\u00e8re. D\u00e9j\u00e0 spectaculaire dans ses jeunes ann\u00e9es, la plante prend toute sa dimension lorsqu&rsquo;elle fleurit, au bout de 10 \u00e0 15 ans: du centre de la rosette jaillit une immense tige florale mince, garnie de petites fleurs jaunes. Le\u00a0Dasylirion longissimum est parfaitement adapt\u00e9 au climat m\u00e9diterran\u00e9en, sec et chaud, mais sa croissance sera plus rapide si le sol reste frais en \u00e9t\u00e9. Sa r\u00e9sistance au froid est excellente en sol sec: au moins -18\u00b0C. En revanche, une terre humide en hiver le condamnera d\u00e8s que l&rsquo;on atteindra le seuil de -8\/-10\u00b0C.<\/span><\/p>\n<p>Originaire des collines rocailleuses et des zones montagneuses du Nord du Mexique, de l&rsquo;Arizona et du Texas, le Dasylirion longissimum est\u00a0capable de r\u00e9sister \u00e0 des temp\u00e9ratures de l&rsquo;ordre de -8\u00b0\/-10C en sol drain\u00e9 dans nos jardins fran\u00e7ais soumis aux pluies hivernales, et tol\u00e8re de longues p\u00e9riodes de s\u00e9cheresse estivale. C&rsquo;est une plante rhizomateuse appartenant \u00e0 la famille des agavac\u00e9es, de croissance lente en sol sec, plus rapide en sol frais. Lorsqu&rsquo;il est jeune, le Dasylirion forme une boule hirsute, tr\u00e8s dense. Au bout de nombreuses ann\u00e9es, il peut former un tronc de 1m \u00e0 1,50m de hauteur,\u00a0couvert des vestiges des anciennes feuilles, de couleur brune.\u00a0Il finit souvent par se coucher, sans s&rsquo;arr\u00eater de cro\u00eetre.\u00a0Ce tronc\u00a0porte une grande couronne sph\u00e9rique large de 1m \u00e0 1,50m, compos\u00e9e de plusieurs centaines de feuilles radiantes, minces et souples, d\u00e9pouvues d&rsquo;\u00e9pines. Les feuilles sont longues, lin\u00e9aires, coriaces, de couleur vert fonc\u00e9.\u00a0La floraison intervient apr\u00e8s 10 \u00e0 15 ann\u00e9es de culture, en \u00e9t\u00e9.\u00a0Une fine hampe florale dress\u00e9e surgit du centre de la rosette, parmi les feuilles. Les petites fleurs, de couleur jaun\u00e2tre, sont serr\u00e9es les unes contre les autres le long de la hampe. Elle persiste longtemps sur la plante, souvent jusqu&rsquo;en hiver. Les plants m\u00e2les sont distincts des plants femelles.\u00a0Lorsqu&rsquo;il est arros\u00e9 pendant l&rsquo;\u00e9t\u00e9, ce Dasylirion montre une croissance spectaculaire. Il faut choisir avec soin l&#8217;emplacement de cette plante et ne plus la d\u00e9ranger : son syst\u00e8me racinaire, fragile, n&rsquo;aime pas du tout \u00eatre perturb\u00e9 et supporte tr\u00e8s mal la transplantation.<\/p>\n<p>&nbsp;<\/p>\n<p>Le Dasylirion longissimum \u00a0exige beaucoup de soleil et un sol tr\u00e8s drainant, voire pauvre et sec. Il redoute tout particuli\u00e8rement les sols lourds et gorg\u00e9s d&rsquo;eau en hiver. Il trouvera sa place sur un grand talus aride, au sommet d&rsquo;une grande rocaille de style exotique ou contemporain, ou m\u00eame aux abords d&rsquo;une piscine, si le sol est bien pr\u00e9par\u00e9 pour l&rsquo;accueillir.\u00a0Cette grand plante sera tout simplement magnifique en isol\u00e9, accompagn\u00e9e d&rsquo;un tapis de c\u00e9raistes, de Cerastostigma plumbaginoides, de Delosperma ou encore d&rsquo;une pelouse de terrain sec appel\u00e9e Zoyzia tenuifolia, le gazon des mascareignes. On peut aussi l&rsquo;associer aux agaves, figuiers de Barbarie, aux cactus-cierges assez rustiques (Cleistocactus strausii, Cylindropuntia imbricata) et aux Aloe arbustifs tout aussi spectaculaires et frugaux. Il est bien adapt\u00e9 \u00e0 la culture en pots, qui permet de l&rsquo;abriter du froid et de l&rsquo;humidit\u00e9 en hiver.<\/p>\n<h2 class=\"mb-4 text-xl xs:text-2xl lg:text-3xl font-bold leading-tight\">Plantations et soins<\/h2>\n<div class=\"grid grid-cols-1 md:grid-cols-2 gap-4 md:gap-8 lg:gap-12 xl:gap-16 w-full\">\n<div class=\"overflow-hidden\">\n<div class=\"prose max-w-max\">\n<p>Plantez le Dasylirion longissimum au printemps, en situation tr\u00e8s ensoleill\u00e9e et abrit\u00e9 si votre jardin est en zone limite de rusticit\u00e9. Un sujet adulte r\u00e9sistera \u00e0 de br\u00e8ves gel\u00e9es de l&rsquo;ordre de -8\/-10\u00b0C. Sa croissance est assez lente, dopp\u00e9e par des arrosages copieux mais espac\u00e9s en \u00e9t\u00e9 et un sol fertile. \u00a0En climat doux, pr\u00e9f\u00e9rez une plantation en automne, en particulier en climat chaud \u00a0et sec l&rsquo;\u00e9t\u00e9. La transplantation n\u00e9cessite quelques pr\u00e9cautions:\u00a0pr\u00e9levez la motte sans l&rsquo;ab\u00eemer, en m\u00e9nageant les racines, au risque de condamner la plante !\u00a0Cette esp\u00e8ce redoute les sols lourds et argileux et l&rsquo;humidit\u00e9, en particulier lorsqu&rsquo;elle est conjugu\u00e9e au froid: installez la plante dans un sol tr\u00e8s bien drain\u00e9, id\u00e9alement dans une grande rocaille, un massif sur\u00e9lev\u00e9 dont le sol aura \u00e9t\u00e9 enrichi en graviers, ou un talus rocailleux. En revanche, elle est peu difficile sur le Ph du sol, qui pourra \u00eatre l\u00e9g\u00e8rement acide, sableux, pierreux, ou m\u00eame l\u00e9g\u00e8rement calcaire. Il s&rsquo;accommode d&rsquo;un sol pauvre, mais sa croissance sera un peu plus rapide en sol tout de m\u00eame un peu fertile. Surveillez les arrosages les 2 premi\u00e8res ann\u00e9es, en particulier en p\u00e9riode chaude et s\u00e8che. Supprimez les tiges d\u00e9fleuries.<\/p>\n<p>Votre Dasylirion est superbe mais il ne fleurit pas? Sans doute est-il trop jeune, ou install\u00e9 depuis seulement 3 ou 4 ans dans votre jardin. En effet, il semble que cette plante mette du temps \u00e0 s&rsquo;installer et ne fleurisse qu&rsquo;au bout de 10 \u00e0 15 ans. Ensuite, en fonction de l&rsquo;ensoleillement et du climat, il fleurira tous les ans, voire tous les deux ou trois ans.\u00a0Si la plante b\u00e9n\u00e9ficie d&rsquo;un arrosage au goutte \u00e0 goutte automatis\u00e9 en \u00e9t\u00e9, sa croissance sera dopp\u00e9e et les rosettes \u00e2g\u00e9es de 5 ans seront capables de fleurir!<\/p>\n<\/div>\n<\/div>\n<\/div>\n<p>&nbsp;<\/p>\n<p><strong><span style=\"color: #0000ff;\">L&rsquo;oliveraie peut vous proposer\u00a0diff\u00e9rents\u00a0pots de\u00a0diff\u00e9rentes\u00a0couleurs pour vos plantes ainsi de vous livrer sur simple demande <\/span><\/strong><br \/>\n<strong><span style=\"color: #0000ff;\">Une photo de la plante command\u00e9e vous sera envoy\u00e9e par sms ou mail avant livraison ou retrait\u00a0<\/span><\/strong><\/p>\n<p>&nbsp;<\/p>\n<p>&nbsp;<\/p>\n","protected":false},"excerpt":{"rendered":"<p>DASYLIRION LONGISSIMUNU Une plante ligneuse de 2 m de hauteur, \u00e0 stipe court, surmont\u00e9 d&rsquo;une rosette de longues feuilles lineaires, souples, rayonnantes, formant comme une sph\u00e8re. D\u00e9j\u00e0 spectaculaire dans ses jeunes ann\u00e9es, la plante prend toute sa dimension lorsqu&rsquo;elle fleurit, au bout de 10 \u00e0 15 ans: du centre de la rosette jaillit une immense [&hellip;]<\/p>\n","protected":false},"featured_media":15411,"comment_status":"open","ping_status":"closed","template":"","meta":{"om_disable_all_campaigns":false,"_monsterinsights_skip_tracking":false,"_monsterinsights_sitenote_active":false,"_monsterinsights_sitenote_note":"","_monsterinsights_sitenote_category":0,"ocean_post_layout":"","ocean_both_sidebars_style":"","ocean_both_sidebars_content_width":0,"ocean_both_sidebars_sidebars_width":0,"ocean_sidebar":"0","ocean_second_sidebar":"0","ocean_disable_margins":"enable","ocean_add_body_class":"","ocean_shortcode_before_top_bar":"","ocean_shortcode_after_top_bar":"","ocean_shortcode_before_header":"","ocean_shortcode_after_header":"","ocean_has_shortcode":"","ocean_shortcode_after_title":"","ocean_shortcode_before_footer_widgets":"","ocean_shortcode_after_footer_widgets":"","ocean_shortcode_before_footer_bottom":"","ocean_shortcode_after_footer_bottom":"","ocean_display_top_bar":"default","ocean_display_header":"default","ocean_header_style":"","ocean_center_header_left_menu":"0","ocean_custom_header_template":"0","ocean_custom_logo":0,"ocean_custom_retina_logo":0,"ocean_custom_logo_max_width":0,"ocean_custom_logo_tablet_max_width":0,"ocean_custom_logo_mobile_max_width":0,"ocean_custom_logo_max_height":0,"ocean_custom_logo_tablet_max_height":0,"ocean_custom_logo_mobile_max_height":0,"ocean_header_custom_menu":"0","ocean_menu_typo_font_family":"0","ocean_menu_typo_font_subset":"","ocean_menu_typo_font_size":0,"ocean_menu_typo_font_size_tablet":0,"ocean_menu_typo_font_size_mobile":0,"ocean_menu_typo_font_size_unit":"px","ocean_menu_typo_font_weight":"","ocean_menu_typo_font_weight_tablet":"","ocean_menu_typo_font_weight_mobile":"","ocean_menu_typo_transform":"","ocean_menu_typo_transform_tablet":"","ocean_menu_typo_transform_mobile":"","ocean_menu_typo_line_height":0,"ocean_menu_typo_line_height_tablet":0,"ocean_menu_typo_line_height_mobile":0,"ocean_menu_typo_line_height_unit":"","ocean_menu_typo_spacing":0,"ocean_menu_typo_spacing_tablet":0,"ocean_menu_typo_spacing_mobile":0,"ocean_menu_typo_spacing_unit":"","ocean_menu_link_color":"","ocean_menu_link_color_hover":"","ocean_menu_link_color_active":"","ocean_menu_link_background":"","ocean_menu_link_hover_background":"","ocean_menu_link_active_background":"","ocean_menu_social_links_bg":"","ocean_menu_social_hover_links_bg":"","ocean_menu_social_links_color":"","ocean_menu_social_hover_links_color":"","ocean_disable_title":"default","ocean_disable_heading":"default","ocean_post_title":"","ocean_post_subheading":"","ocean_post_title_style":"","ocean_post_title_background_color":"","ocean_post_title_background":0,"ocean_post_title_bg_image_position":"","ocean_post_title_bg_image_attachment":"","ocean_post_title_bg_image_repeat":"","ocean_post_title_bg_image_size":"","ocean_post_title_height":0,"ocean_post_title_bg_overlay":0.5,"ocean_post_title_bg_overlay_color":"","ocean_disable_breadcrumbs":"default","ocean_breadcrumbs_color":"","ocean_breadcrumbs_separator_color":"","ocean_breadcrumbs_links_color":"","ocean_breadcrumbs_links_hover_color":"","ocean_display_footer_widgets":"default","ocean_display_footer_bottom":"default","ocean_custom_footer_template":"0"},"product_brand":[],"product_cat":[53],"product_tag":[],"class_list":{"0":"post-14992","1":"product","2":"type-product","3":"status-publish","4":"has-post-thumbnail","6":"product_cat-la-pepiniere","7":"product_shipping_class-produits-non-livrables","9":"entry","10":"has-media","12":"first","13":"instock","14":"taxable","15":"shipping-taxable","16":"purchasable","17":"product-type-variable","18":"has-product-nav","19":"col","20":"span_1_of_4","21":"owp-content-center","22":"owp-thumbs-layout-horizontal","23":"owp-btn-big","24":"owp-tabs-layout-vertical","25":"has-no-thumbnails"},"aioseo_notices":[],"jetpack_sharing_enabled":true,"_links":{"self":[{"href":"https:\/\/oliveraieducoudon.com\/index.php?rest_route=\/wp\/v2\/product\/14992","targetHints":{"allow":["GET"]}}],"collection":[{"href":"https:\/\/oliveraieducoudon.com\/index.php?rest_route=\/wp\/v2\/product"}],"about":[{"href":"https:\/\/oliveraieducoudon.com\/index.php?rest_route=\/wp\/v2\/types\/product"}],"replies":[{"embeddable":true,"href":"https:\/\/oliveraieducoudon.com\/index.php?rest_route=%2Fwp%2Fv2%2Fcomments&post=14992"}],"wp:featuredmedia":[{"embeddable":true,"href":"https:\/\/oliveraieducoudon.com\/index.php?rest_route=\/wp\/v2\/media\/15411"}],"wp:attachment":[{"href":"https:\/\/oliveraieducoudon.com\/index.php?rest_route=%2Fwp%2Fv2%2Fmedia&parent=14992"}],"wp:term":[{"taxonomy":"product_brand","embeddable":true,"href":"https:\/\/oliveraieducoudon.com\/index.php?rest_route=%2Fwp%2Fv2%2Fproduct_brand&post=14992"},{"taxonomy":"product_cat","embeddable":true,"href":"https:\/\/oliveraieducoudon.com\/index.php?rest_route=%2Fwp%2Fv2%2Fproduct_cat&post=14992"},{"taxonomy":"product_tag","embeddable":true,"href":"https:\/\/oliveraieducoudon.com\/index.php?rest_route=%2Fwp%2Fv2%2Fproduct_tag&post=14992"}],"curies":[{"name":"wp","href":"https:\/\/api.w.org\/{rel}","templated":true}]}}