{"id":14914,"date":"2023-11-08T13:34:55","date_gmt":"2023-11-08T12:34:55","guid":{"rendered":"https:\/\/oliveraieducoudon.com\/?post_type=product&#038;p=14914"},"modified":"2023-11-21T10:57:08","modified_gmt":"2023-11-21T09:57:08","slug":"succulente","status":"publish","type":"product","link":"https:\/\/oliveraieducoudon.com\/?product=succulente","title":{"rendered":"SUCCULENTE"},"content":{"rendered":"<h3><em><strong><span style=\"color: #008000;\">SUCCULENTE<\/span><\/strong><\/em><\/h3>\n<p>Une <b>plante succulente<\/b>, appel\u00e9e aussi <b>malacophyte<\/b>, est une plante charnue adapt\u00e9e pour survivre dans des milieux arides du fait des caract\u00e9ristiques du sol, du climat ou \u00e0 forte concentration en sel (dans ce dernier cas, on parle de plante halophyte). L&rsquo;adaptation de ces v\u00e9g\u00e9taux, diff\u00e9rente de celles des plantes x\u00e9rophytes proprement dites, est li\u00e9e \u00e0 leur capacit\u00e9 de stocker de l&rsquo;eau dans les feuilles, les tiges ou les racines. Les plantes succulentes sont tr\u00e8s souvent x\u00e9rophytiques (elles peuvent emp\u00eacher la perte d&rsquo;eau). Par exemple, les feuilles pourront \u00eatre recouvertes de cire ou de poils, ou pr\u00e9senter une r\u00e9duction de la surface.<\/p>\n<p>Les plantes succulentes sont g\u00e9ographiquement r\u00e9parties en bordure de mer, en plaine, dans les grands d\u00e9serts chauds du monde, en montagne jusqu&rsquo;\u00e0 plusieurs milliers de m\u00e8tres d&rsquo;altitude suivant les esp\u00e8ces. Elles sont capables d&rsquo;assimiler rapidement l&rsquo;eau de pluie dans le sol, mais certaines profitent des brouillards matinaux en bordure de mer qui sont leur seule source d&rsquo;eau durant de tr\u00e8s longues p\u00e9riodes.<\/p>\n<p>Le terme vient du latin <i>suculentus<\/i>, qui signifie \u00ab\u00a0plein de suc\u00a0\u00bb.<\/p>\n<p>Les plantes succulentes sont parfois appel\u00e9es \u00ab\u00a0<b>plantes grasses<\/b>\u00a0\u00bb. \u00c0 tort, car elles ne contiennent pas de graisse. Cette d\u00e9nomination \u00e9voque l&rsquo;aspect \u00e9pais et visqueux de leur s\u00e8ve appel\u00e9e \u00ab\u00a0suc\u00a0\u00bb<\/p>\n<p>Certaines esp\u00e8ces de plantes succulentes, notamment les <i><\/i><i>Crassulaceae<\/i> et les <i>Euphorbiaceae<\/i> peuvent \u00eatre cultiv\u00e9es sous forme de bonsa\u00ef.<\/p>\n<p>&nbsp;<\/p>\n","protected":false},"excerpt":{"rendered":"<p>SUCCULENTE Une plante succulente, appel\u00e9e aussi malacophyte, est une plante charnue adapt\u00e9e pour survivre dans des milieux arides du fait des caract\u00e9ristiques du sol, du climat ou \u00e0 forte concentration en sel (dans ce dernier cas, on parle de plante halophyte). L&rsquo;adaptation de ces v\u00e9g\u00e9taux, diff\u00e9rente de celles des plantes x\u00e9rophytes proprement dites, est li\u00e9e [&hellip;]<\/p>\n","protected":false},"featured_media":14928,"comment_status":"open","ping_status":"closed","template":"","meta":{"om_disable_all_campaigns":false,"_monsterinsights_skip_tracking":false,"_monsterinsights_sitenote_active":false,"_monsterinsights_sitenote_note":"","_monsterinsights_sitenote_category":0,"ocean_post_layout":"","ocean_both_sidebars_style":"","ocean_both_sidebars_content_width":0,"ocean_both_sidebars_sidebars_width":0,"ocean_sidebar":"0","ocean_second_sidebar":"0","ocean_disable_margins":"enable","ocean_add_body_class":"","ocean_shortcode_before_top_bar":"","ocean_shortcode_after_top_bar":"","ocean_shortcode_before_header":"","ocean_shortcode_after_header":"","ocean_has_shortcode":"","ocean_shortcode_after_title":"","ocean_shortcode_before_footer_widgets":"","ocean_shortcode_after_footer_widgets":"","ocean_shortcode_before_footer_bottom":"","ocean_shortcode_after_footer_bottom":"","ocean_display_top_bar":"default","ocean_display_header":"default","ocean_header_style":"","ocean_center_header_left_menu":"0","ocean_custom_header_template":"0","ocean_custom_logo":0,"ocean_custom_retina_logo":0,"ocean_custom_logo_max_width":0,"ocean_custom_logo_tablet_max_width":0,"ocean_custom_logo_mobile_max_width":0,"ocean_custom_logo_max_height":0,"ocean_custom_logo_tablet_max_height":0,"ocean_custom_logo_mobile_max_height":0,"ocean_header_custom_menu":"0","ocean_menu_typo_font_family":"0","ocean_menu_typo_font_subset":"","ocean_menu_typo_font_size":0,"ocean_menu_typo_font_size_tablet":0,"ocean_menu_typo_font_size_mobile":0,"ocean_menu_typo_font_size_unit":"px","ocean_menu_typo_font_weight":"","ocean_menu_typo_font_weight_tablet":"","ocean_menu_typo_font_weight_mobile":"","ocean_menu_typo_transform":"","ocean_menu_typo_transform_tablet":"","ocean_menu_typo_transform_mobile":"","ocean_menu_typo_line_height":0,"ocean_menu_typo_line_height_tablet":0,"ocean_menu_typo_line_height_mobile":0,"ocean_menu_typo_line_height_unit":"","ocean_menu_typo_spacing":0,"ocean_menu_typo_spacing_tablet":0,"ocean_menu_typo_spacing_mobile":0,"ocean_menu_typo_spacing_unit":"","ocean_menu_link_color":"","ocean_menu_link_color_hover":"","ocean_menu_link_color_active":"","ocean_menu_link_background":"","ocean_menu_link_hover_background":"","ocean_menu_link_active_background":"","ocean_menu_social_links_bg":"","ocean_menu_social_hover_links_bg":"","ocean_menu_social_links_color":"","ocean_menu_social_hover_links_color":"","ocean_disable_title":"default","ocean_disable_heading":"default","ocean_post_title":"","ocean_post_subheading":"","ocean_post_title_style":"","ocean_post_title_background_color":"","ocean_post_title_background":0,"ocean_post_title_bg_image_position":"","ocean_post_title_bg_image_attachment":"","ocean_post_title_bg_image_repeat":"","ocean_post_title_bg_image_size":"","ocean_post_title_height":0,"ocean_post_title_bg_overlay":0.5,"ocean_post_title_bg_overlay_color":"","ocean_disable_breadcrumbs":"default","ocean_breadcrumbs_color":"","ocean_breadcrumbs_separator_color":"","ocean_breadcrumbs_links_color":"","ocean_breadcrumbs_links_hover_color":"","ocean_display_footer_widgets":"default","ocean_display_footer_bottom":"default","ocean_custom_footer_template":"0"},"product_brand":[],"product_cat":[49],"product_tag":[],"class_list":{"0":"post-14914","1":"product","2":"type-product","3":"status-publish","4":"has-post-thumbnail","6":"product_cat-les-succulentes-et-cactus","7":"product_shipping_class-produits-non-livrables","9":"entry","10":"has-media","12":"first","13":"instock","14":"taxable","15":"shipping-taxable","16":"purchasable","17":"product-type-variable","18":"has-product-nav","19":"col","20":"span_1_of_4","21":"owp-content-center","22":"owp-thumbs-layout-horizontal","23":"owp-btn-big","24":"owp-tabs-layout-vertical"},"aioseo_notices":[],"jetpack_sharing_enabled":true,"_links":{"self":[{"href":"https:\/\/oliveraieducoudon.com\/index.php?rest_route=\/wp\/v2\/product\/14914","targetHints":{"allow":["GET"]}}],"collection":[{"href":"https:\/\/oliveraieducoudon.com\/index.php?rest_route=\/wp\/v2\/product"}],"about":[{"href":"https:\/\/oliveraieducoudon.com\/index.php?rest_route=\/wp\/v2\/types\/product"}],"replies":[{"embeddable":true,"href":"https:\/\/oliveraieducoudon.com\/index.php?rest_route=%2Fwp%2Fv2%2Fcomments&post=14914"}],"wp:featuredmedia":[{"embeddable":true,"href":"https:\/\/oliveraieducoudon.com\/index.php?rest_route=\/wp\/v2\/media\/14928"}],"wp:attachment":[{"href":"https:\/\/oliveraieducoudon.com\/index.php?rest_route=%2Fwp%2Fv2%2Fmedia&parent=14914"}],"wp:term":[{"taxonomy":"product_brand","embeddable":true,"href":"https:\/\/oliveraieducoudon.com\/index.php?rest_route=%2Fwp%2Fv2%2Fproduct_brand&post=14914"},{"taxonomy":"product_cat","embeddable":true,"href":"https:\/\/oliveraieducoudon.com\/index.php?rest_route=%2Fwp%2Fv2%2Fproduct_cat&post=14914"},{"taxonomy":"product_tag","embeddable":true,"href":"https:\/\/oliveraieducoudon.com\/index.php?rest_route=%2Fwp%2Fv2%2Fproduct_tag&post=14914"}],"curies":[{"name":"wp","href":"https:\/\/api.w.org\/{rel}","templated":true}]}}