{"id":14717,"date":"2023-10-25T16:03:24","date_gmt":"2023-10-25T14:03:24","guid":{"rendered":"http:\/\/oliveraieducoudon.com\/?post_type=product&#038;p=14717"},"modified":"2023-11-15T18:13:20","modified_gmt":"2023-11-15T17:13:20","slug":"l-apero-provencal","status":"publish","type":"product","link":"https:\/\/oliveraieducoudon.com\/?product=l-apero-provencal","title":{"rendered":"NOS DIFFERENTS PANIERS\u00a0"},"content":{"rendered":"<h2><span style=\"color: #008000;\"><strong><span style=\"color: #ff00ff;\"><span style=\"caret-color: #ff00ff;\"><i><span style=\"color: #993300;\">NOS DIFFERENTS PANIERS<\/span>\u00a0<\/i><\/span><\/span><\/strong><\/span><\/h2>\n<p><span style=\"color: #ff00ff;\"><em><strong>#1 Panier gourmand \u00e0 20\u20ac\u00a0<\/strong><\/em><strong><em>compos\u00e9 de<\/em> :<\/strong><\/span><br \/>\n<em>1 Tapenade noire 80gr<\/em><br \/>\n<em>1 D\u00e9lice d&rsquo;anchois \u00a080gr<\/em><br \/>\n<em>1 D\u00e9lice de tomates s\u00e9ch\u00e9es 80gr<\/em><br \/>\n<em>1 D\u00e9lice de fromage de ch\u00e8vre 80gr<\/em><\/p>\n<p><em><strong><span style=\"color: #0000ff;\"><span style=\"color: #008000;\"># 2 Panier gourmand \u00e0 24 \u20ac compos\u00e9 de<\/span> <\/span><\/strong><\/em><br \/>\n<em>1 Sachet de Cookie Maison<\/em><br \/>\n<em>1 pot de Miel 250Gr<\/em><br \/>\n<em>1 pot de Confiture 390Gr<\/em><br \/>\n<em>1 pot de Compote 390 Gr<\/em><\/p>\n<p><strong><span style=\"color: #0000ff;\"><span style=\"color: #ff6600;\"># 3 Panier gourmand \u00e0 38\u20ac compos\u00e9 de<\/span> <\/span><\/strong><br \/>\n<em>1 Tartinable 90Gr<\/em><br \/>\n<em>1 pot de Confiture 390Gr<\/em><br \/>\n<em>1 Sachet de Cookie Maison\u00a0<\/em><br \/>\n<em>1 Pot de Miel 250Gr<\/em><br \/>\n<em>1 pot de Compote 390Gr<\/em><br \/>\n<em>1 pot de Terrine 200Gr<\/em><\/p>\n<p><strong><span style=\"color: #0000ff;\"><span style=\"color: #800080;\"># 4 Panier gourmand \u00e0 40\u20ac compos\u00e9 de<\/span> <\/span><\/strong><br \/>\n<em>1 Tartinable 170Gr<\/em><br \/>\n<em>1 pot de Confiture 390Gr<\/em><br \/>\n<em>1 pot de Compote 390Gr<\/em><br \/>\n<em>1 pot de Miel 250Gr<\/em><br \/>\n<em>1 pot de Gingembre Combawa 160Gr<\/em><br \/>\n<em>1 Bouteille de vin Rose ou rouge 75 Cl<\/em><\/p>\n<p><span style=\"color: #ff0000;\"><strong># 5 Panier gourmand \u00e0 50\u20ac compos\u00e9 de<\/strong><\/span><br \/>\n1 pot de confiture<br \/>\n2 pots de Tartinables<br \/>\n1 pot de Moutarde aux olives<br \/>\n1 pot de Ratatouille maison 600Gr<br \/>\n1 Bocal de Soupe de Poissons artisanal 850ml<\/p>\n<p><strong><span style=\"color: #0000ff;\"># 6 Panier gourmand \u00e0 55\u20ac compos\u00e9 de<\/span><\/strong><br \/>\n<em>1 pot de Miel 250gr<\/em><br \/>\n<em>1 sachet de Cookie Maison<\/em><br \/>\n<em>1 Pot de Gingembre Combava 200Gr<\/em><br \/>\n<em>1 pot de Confiture 390Gr<\/em><br \/>\n<em>1 pot de Compote 390Gr<\/em><br \/>\n<em>1 Tartinable 90Gr<\/em><br \/>\n<em>1 bouteille de vin ros\u00e9 ou rouge 75cl <\/em><br \/>\n<em>1 pot de fruit au sirot 200Gr<\/em><\/p>\n<p><strong style=\"color: #993300;\">#7 Panier gourmand \u00e0 85\u20ac compos\u00e9 de :<\/strong><br \/>\n<em>1 pot de Tartinable 90Gr<\/em><br \/>\n<em>1 pot de Tartinable 170Gr<\/em><br \/>\n<em>1 pot de Compote 390Gr<\/em><br \/>\n<em>1 pot de Confiture 390Gr<\/em><br \/>\n<em>1 pot de Gimgembre Combava 200Gr<\/em><br \/>\n<em>1 pot de Ratatouille 600gr<\/em><br \/>\n<em>1 bocal de Soupe de Poissons artisanal 850Ml<\/em><br \/>\n<em>1 bouteille de vin ros\u00e9 ou rouge 75Cl<\/em><br \/>\n<em>1 sachet de Cookie Maison \u00a0<\/em><br \/>\n<em>1 bocal d&rsquo;Antipasti 350Gr<\/em><\/p>\n<p><span style=\"color: #339966;\"><em><strong>#8 Panier gourmand \u00e0 35\u20ac compos\u00e9 de :<\/strong><\/em><\/span><br \/>\n<em>1 pot de Caramel beurre sal\u00e9<\/em><br \/>\n<em>1 sachet de Figuettes 250Gr<\/em><br \/>\n<em>1 pot de Compote 390Gr<\/em><br \/>\n<em>1 pot de Confiture 390Gr<\/em><br \/>\n<em>1 pot de Tartinable 90gr<\/em><br \/>\n<em>1 \u00a0Bouteille huile d&rsquo;olive 25Cl<\/em><\/p>\n<h3><span style=\"color: #993366;\"><em><strong>Nous vous proposons \u00a0des paniers gourmands, garnis de sp\u00e9cialit\u00e9s de Provence : tapenades, terrines, Sardinade, Nougat, vin, caramel au beurre sal\u00e9, Figuette, Huile d&rsquo;olive, Miel, et d&rsquo;autres recettes plus exotiques !!!<\/strong><\/em><\/span><\/h3>\n<h2><span style=\"color: #800080;\"><em><strong>Vous pouvez aussi nous contacter pour une offre personnalis\u00e9e !!!<\/strong><\/em><\/span><\/h2>\n<h3><em><strong><span style=\"color: #ff0000;\"> (comit\u00e9s d&rsquo;entreprises (CE, CSE), associations, cadeaux salari\u00e9s, cadeaux clients&#8230;) <\/span><\/strong><\/em><\/h3>\n<h3><em><strong><span style=\"color: #ff0000;\">TEL:\u00a0<span style=\"color: #000000;\">0643095220<\/span> MAIL: <span style=\"color: #000000;\">oliveraieducoudon@gmail.com<\/span><\/span><\/strong><\/em><\/h3>\n<p><span style=\"color: #ff0000;\"><span style=\"color: #000000;\">En cas de rupture de stock, \u00a0L&rsquo;oliveraie du Coudon se r\u00e9serve le droit de remplacer un produit par un autre dans la m\u00eame gamme et au m\u00eame poids.<\/span><\/span><\/p>\n<p>&nbsp;<\/p>\n","protected":false},"excerpt":{"rendered":"<p>NOS DIFFERENTS PANIERS\u00a0 #1 Panier gourmand \u00e0 20\u20ac\u00a0compos\u00e9 de : 1 Tapenade noire 80gr 1 D\u00e9lice d&rsquo;anchois \u00a080gr 1 D\u00e9lice de tomates s\u00e9ch\u00e9es 80gr 1 D\u00e9lice de fromage de ch\u00e8vre 80gr # 2 Panier gourmand \u00e0 24 \u20ac compos\u00e9 de 1 Sachet de Cookie Maison 1 pot de Miel 250Gr 1 pot de Confiture 390Gr [&hellip;]<\/p>\n","protected":false},"featured_media":14718,"comment_status":"open","ping_status":"closed","template":"","meta":{"om_disable_all_campaigns":false,"_monsterinsights_skip_tracking":false,"_monsterinsights_sitenote_active":false,"_monsterinsights_sitenote_note":"","_monsterinsights_sitenote_category":0,"ocean_post_layout":"","ocean_both_sidebars_style":"","ocean_both_sidebars_content_width":0,"ocean_both_sidebars_sidebars_width":0,"ocean_sidebar":"0","ocean_second_sidebar":"0","ocean_disable_margins":"enable","ocean_add_body_class":"","ocean_shortcode_before_top_bar":"","ocean_shortcode_after_top_bar":"","ocean_shortcode_before_header":"","ocean_shortcode_after_header":"","ocean_has_shortcode":"","ocean_shortcode_after_title":"","ocean_shortcode_before_footer_widgets":"","ocean_shortcode_after_footer_widgets":"","ocean_shortcode_before_footer_bottom":"","ocean_shortcode_after_footer_bottom":"","ocean_display_top_bar":"default","ocean_display_header":"default","ocean_header_style":"","ocean_center_header_left_menu":"0","ocean_custom_header_template":"0","ocean_custom_logo":0,"ocean_custom_retina_logo":0,"ocean_custom_logo_max_width":0,"ocean_custom_logo_tablet_max_width":0,"ocean_custom_logo_mobile_max_width":0,"ocean_custom_logo_max_height":0,"ocean_custom_logo_tablet_max_height":0,"ocean_custom_logo_mobile_max_height":0,"ocean_header_custom_menu":"0","ocean_menu_typo_font_family":"0","ocean_menu_typo_font_subset":"","ocean_menu_typo_font_size":0,"ocean_menu_typo_font_size_tablet":0,"ocean_menu_typo_font_size_mobile":0,"ocean_menu_typo_font_size_unit":"px","ocean_menu_typo_font_weight":"","ocean_menu_typo_font_weight_tablet":"","ocean_menu_typo_font_weight_mobile":"","ocean_menu_typo_transform":"","ocean_menu_typo_transform_tablet":"","ocean_menu_typo_transform_mobile":"","ocean_menu_typo_line_height":0,"ocean_menu_typo_line_height_tablet":0,"ocean_menu_typo_line_height_mobile":0,"ocean_menu_typo_line_height_unit":"","ocean_menu_typo_spacing":0,"ocean_menu_typo_spacing_tablet":0,"ocean_menu_typo_spacing_mobile":0,"ocean_menu_typo_spacing_unit":"","ocean_menu_link_color":"","ocean_menu_link_color_hover":"","ocean_menu_link_color_active":"","ocean_menu_link_background":"","ocean_menu_link_hover_background":"","ocean_menu_link_active_background":"","ocean_menu_social_links_bg":"","ocean_menu_social_hover_links_bg":"","ocean_menu_social_links_color":"","ocean_menu_social_hover_links_color":"","ocean_disable_title":"default","ocean_disable_heading":"default","ocean_post_title":"","ocean_post_subheading":"","ocean_post_title_style":"","ocean_post_title_background_color":"","ocean_post_title_background":0,"ocean_post_title_bg_image_position":"","ocean_post_title_bg_image_attachment":"","ocean_post_title_bg_image_repeat":"","ocean_post_title_bg_image_size":"","ocean_post_title_height":0,"ocean_post_title_bg_overlay":0.5,"ocean_post_title_bg_overlay_color":"","ocean_disable_breadcrumbs":"default","ocean_breadcrumbs_color":"","ocean_breadcrumbs_separator_color":"","ocean_breadcrumbs_links_color":"","ocean_breadcrumbs_links_hover_color":"","ocean_display_footer_widgets":"default","ocean_display_footer_bottom":"default","ocean_custom_footer_template":"0"},"product_brand":[],"product_cat":[43],"product_tag":[],"class_list":{"0":"post-14717","1":"product","2":"type-product","3":"status-publish","4":"has-post-thumbnail","6":"product_cat-paniers-coffrets-a-offrir","7":"product_shipping_class-produits-livrables","9":"entry","10":"has-media","12":"first","13":"instock","14":"taxable","15":"shipping-taxable","16":"purchasable","17":"product-type-variable","18":"has-product-nav","19":"col","20":"span_1_of_4","21":"owp-content-center","22":"owp-thumbs-layout-horizontal","23":"owp-btn-big","24":"owp-tabs-layout-vertical"},"aioseo_notices":[],"jetpack_sharing_enabled":true,"_links":{"self":[{"href":"https:\/\/oliveraieducoudon.com\/index.php?rest_route=\/wp\/v2\/product\/14717","targetHints":{"allow":["GET"]}}],"collection":[{"href":"https:\/\/oliveraieducoudon.com\/index.php?rest_route=\/wp\/v2\/product"}],"about":[{"href":"https:\/\/oliveraieducoudon.com\/index.php?rest_route=\/wp\/v2\/types\/product"}],"replies":[{"embeddable":true,"href":"https:\/\/oliveraieducoudon.com\/index.php?rest_route=%2Fwp%2Fv2%2Fcomments&post=14717"}],"wp:featuredmedia":[{"embeddable":true,"href":"https:\/\/oliveraieducoudon.com\/index.php?rest_route=\/wp\/v2\/media\/14718"}],"wp:attachment":[{"href":"https:\/\/oliveraieducoudon.com\/index.php?rest_route=%2Fwp%2Fv2%2Fmedia&parent=14717"}],"wp:term":[{"taxonomy":"product_brand","embeddable":true,"href":"https:\/\/oliveraieducoudon.com\/index.php?rest_route=%2Fwp%2Fv2%2Fproduct_brand&post=14717"},{"taxonomy":"product_cat","embeddable":true,"href":"https:\/\/oliveraieducoudon.com\/index.php?rest_route=%2Fwp%2Fv2%2Fproduct_cat&post=14717"},{"taxonomy":"product_tag","embeddable":true,"href":"https:\/\/oliveraieducoudon.com\/index.php?rest_route=%2Fwp%2Fv2%2Fproduct_tag&post=14717"}],"curies":[{"name":"wp","href":"https:\/\/api.w.org\/{rel}","templated":true}]}}