{"id":14678,"date":"2023-10-25T14:28:20","date_gmt":"2023-10-25T12:28:20","guid":{"rendered":"http:\/\/oliveraieducoudon.com\/?post_type=product&#038;p=14678"},"modified":"2023-11-15T18:15:07","modified_gmt":"2023-11-15T17:15:07","slug":"delice-de-fromage-de-chevre-a-lartichaut-et-a-la-tomate","status":"publish","type":"product","link":"https:\/\/oliveraieducoudon.com\/?product=delice-de-fromage-de-chevre-a-lartichaut-et-a-la-tomate","title":{"rendered":"D\u00e9lice de fromage de ch\u00e8vre a l&rsquo;artichaut et \u00e0 la tomate"},"content":{"rendered":"<p><span style=\"color: #993366;\"><em><strong>D\u00e9lice de fromage de ch\u00e8vre a l&rsquo;artichaut et \u00e0 la tomate<\/strong><\/em><\/span><br \/>\nPr\u00e9paration culinaire \u00e0 base de fromage de ch\u00e8vre.<\/p>\n<p>Savoureux tartinable au fromage de ch\u00e8vre. L&rsquo;artichaut et la tomate apportent une touche originale et typique de notre terroir de Provence. Suggestion : sur des toasts, sur une grillade, pour farcir des petits l\u00e9gumes crus ou en sauce pour des p\u00e2tes&#8230;<\/p>\n<p><span style=\"color: #993366;\">conseils de d\u00e9gustation<\/span><br \/>\nsur un toast \u00e0 l&rsquo;ap\u00e9ritif. en hors d&rsquo;\u0153uvres pour garnir des feuillet\u00e9s.<br \/>\nen accompagnement de p\u00e2tes fra\u00eeches, de pommes de terres\u2026<br \/>\nsur un buffet froid accompagn\u00e9 de crudit\u00e9s.<\/p>\n<p><span style=\"color: #993366;\">Ingr\u00e9dients :<\/span> artichaut 29%, fromage de ch\u00e8vre 20% (LAIT), huile d&rsquo;olive, oignons, concentr\u00e9 de tomate (tomate, sel) 9,4%, pommes de terre, vin (SULFITES), vinaigre de vin (SULFITES), ail, persil, sel, poivre<\/p>\n<p><span style=\"color: #993366;\">valeurs nutritionnelles pour 100g<\/span><\/p>\n<p>valeur \u00e9nerg\u00e9tique (kcal) : 231<br \/>\nvaleur \u00e9nerg\u00e9tique (kj) : 966<br \/>\nmat. grasses (en g) : 19,97<br \/>\na.g. satur\u00e9s (en g) : 6,02<br \/>\nglucides (en g) : 7,25<br \/>\ndont sucres (en g) : 0,80<br \/>\nprot\u00e9ines (en g) : 6,06<br \/>\nsel (en g) : 1,20<\/p>\n<p>A conserver au frais apr\u00e8s ouverture<\/p>\n<p>Prix au kilo : 42,20\u20ac<\/p>\n","protected":false},"excerpt":{"rendered":"<p>D\u00e9lice de fromage de ch\u00e8vre a l&rsquo;artichaut et \u00e0 la tomate Pr\u00e9paration culinaire \u00e0 base de fromage de ch\u00e8vre. Savoureux tartinable au fromage de ch\u00e8vre. L&rsquo;artichaut et la tomate apportent une touche originale et typique de notre terroir de Provence. Suggestion : sur des toasts, sur une grillade, pour farcir des petits l\u00e9gumes crus ou [&hellip;]<\/p>\n","protected":false},"featured_media":14683,"comment_status":"open","ping_status":"closed","template":"","meta":{"om_disable_all_campaigns":false,"_monsterinsights_skip_tracking":false,"_monsterinsights_sitenote_active":false,"_monsterinsights_sitenote_note":"","_monsterinsights_sitenote_category":0,"ocean_post_layout":"","ocean_both_sidebars_style":"","ocean_both_sidebars_content_width":0,"ocean_both_sidebars_sidebars_width":0,"ocean_sidebar":"0","ocean_second_sidebar":"0","ocean_disable_margins":"enable","ocean_add_body_class":"","ocean_shortcode_before_top_bar":"","ocean_shortcode_after_top_bar":"","ocean_shortcode_before_header":"","ocean_shortcode_after_header":"","ocean_has_shortcode":"","ocean_shortcode_after_title":"","ocean_shortcode_before_footer_widgets":"","ocean_shortcode_after_footer_widgets":"","ocean_shortcode_before_footer_bottom":"","ocean_shortcode_after_footer_bottom":"","ocean_display_top_bar":"default","ocean_display_header":"default","ocean_header_style":"","ocean_center_header_left_menu":"0","ocean_custom_header_template":"0","ocean_custom_logo":0,"ocean_custom_retina_logo":0,"ocean_custom_logo_max_width":0,"ocean_custom_logo_tablet_max_width":0,"ocean_custom_logo_mobile_max_width":0,"ocean_custom_logo_max_height":0,"ocean_custom_logo_tablet_max_height":0,"ocean_custom_logo_mobile_max_height":0,"ocean_header_custom_menu":"0","ocean_menu_typo_font_family":"0","ocean_menu_typo_font_subset":"","ocean_menu_typo_font_size":0,"ocean_menu_typo_font_size_tablet":0,"ocean_menu_typo_font_size_mobile":0,"ocean_menu_typo_font_size_unit":"px","ocean_menu_typo_font_weight":"","ocean_menu_typo_font_weight_tablet":"","ocean_menu_typo_font_weight_mobile":"","ocean_menu_typo_transform":"","ocean_menu_typo_transform_tablet":"","ocean_menu_typo_transform_mobile":"","ocean_menu_typo_line_height":0,"ocean_menu_typo_line_height_tablet":0,"ocean_menu_typo_line_height_mobile":0,"ocean_menu_typo_line_height_unit":"","ocean_menu_typo_spacing":0,"ocean_menu_typo_spacing_tablet":0,"ocean_menu_typo_spacing_mobile":0,"ocean_menu_typo_spacing_unit":"","ocean_menu_link_color":"","ocean_menu_link_color_hover":"","ocean_menu_link_color_active":"","ocean_menu_link_background":"","ocean_menu_link_hover_background":"","ocean_menu_link_active_background":"","ocean_menu_social_links_bg":"","ocean_menu_social_hover_links_bg":"","ocean_menu_social_links_color":"","ocean_menu_social_hover_links_color":"","ocean_disable_title":"default","ocean_disable_heading":"default","ocean_post_title":"","ocean_post_subheading":"","ocean_post_title_style":"","ocean_post_title_background_color":"","ocean_post_title_background":0,"ocean_post_title_bg_image_position":"","ocean_post_title_bg_image_attachment":"","ocean_post_title_bg_image_repeat":"","ocean_post_title_bg_image_size":"","ocean_post_title_height":0,"ocean_post_title_bg_overlay":0.5,"ocean_post_title_bg_overlay_color":"","ocean_disable_breadcrumbs":"default","ocean_breadcrumbs_color":"","ocean_breadcrumbs_separator_color":"","ocean_breadcrumbs_links_color":"","ocean_breadcrumbs_links_hover_color":"","ocean_display_footer_widgets":"default","ocean_display_footer_bottom":"default","ocean_custom_footer_template":"0"},"product_brand":[],"product_cat":[40],"product_tag":[],"class_list":{"0":"post-14678","1":"product","2":"type-product","3":"status-publish","4":"has-post-thumbnail","6":"product_cat-specialites-provencales","7":"product_shipping_class-produits-livrables","9":"entry","10":"has-media","12":"first","13":"instock","14":"taxable","15":"shipping-taxable","16":"purchasable","17":"product-type-variable","18":"has-product-nav","19":"col","20":"span_1_of_4","21":"owp-content-center","22":"owp-thumbs-layout-horizontal","23":"owp-btn-big","24":"owp-tabs-layout-vertical","25":"has-no-thumbnails"},"aioseo_notices":[],"jetpack_sharing_enabled":true,"_links":{"self":[{"href":"https:\/\/oliveraieducoudon.com\/index.php?rest_route=\/wp\/v2\/product\/14678","targetHints":{"allow":["GET"]}}],"collection":[{"href":"https:\/\/oliveraieducoudon.com\/index.php?rest_route=\/wp\/v2\/product"}],"about":[{"href":"https:\/\/oliveraieducoudon.com\/index.php?rest_route=\/wp\/v2\/types\/product"}],"replies":[{"embeddable":true,"href":"https:\/\/oliveraieducoudon.com\/index.php?rest_route=%2Fwp%2Fv2%2Fcomments&post=14678"}],"wp:featuredmedia":[{"embeddable":true,"href":"https:\/\/oliveraieducoudon.com\/index.php?rest_route=\/wp\/v2\/media\/14683"}],"wp:attachment":[{"href":"https:\/\/oliveraieducoudon.com\/index.php?rest_route=%2Fwp%2Fv2%2Fmedia&parent=14678"}],"wp:term":[{"taxonomy":"product_brand","embeddable":true,"href":"https:\/\/oliveraieducoudon.com\/index.php?rest_route=%2Fwp%2Fv2%2Fproduct_brand&post=14678"},{"taxonomy":"product_cat","embeddable":true,"href":"https:\/\/oliveraieducoudon.com\/index.php?rest_route=%2Fwp%2Fv2%2Fproduct_cat&post=14678"},{"taxonomy":"product_tag","embeddable":true,"href":"https:\/\/oliveraieducoudon.com\/index.php?rest_route=%2Fwp%2Fv2%2Fproduct_tag&post=14678"}],"curies":[{"name":"wp","href":"https:\/\/api.w.org\/{rel}","templated":true}]}}