{"id":14586,"date":"2023-10-25T11:11:38","date_gmt":"2023-10-25T09:11:38","guid":{"rendered":"http:\/\/oliveraieducoudon.com\/?post_type=product&#038;p=14586"},"modified":"2023-11-15T18:18:17","modified_gmt":"2023-11-15T17:18:17","slug":"courgettes-grillees-a-lhuile-dolive","status":"publish","type":"product","link":"https:\/\/oliveraieducoudon.com\/?product=courgettes-grillees-a-lhuile-dolive","title":{"rendered":"Courgettes grill\u00e9es \u00e0 l&rsquo;huile d&rsquo;olive"},"content":{"rendered":"<h3 class=\"h1 page-title\"><em><strong><span style=\"color: #ff6600;\">Courgettes grill\u00e9es \u00e0 l&rsquo;huile d&rsquo;olive<\/span><\/strong><\/em><\/h3>\n<p>Des morceaux de courgettes coup\u00e9es sont plac\u00e9s dans l\u2019huile d\u2019olive vierge extra.<br \/>\nCes courgettes grill\u00e9es s\u2019appr\u00e9cient froid en entr\u00e9e ou \u00e0 l\u2019ap\u00e9ritif, ou pour garnir une focaccia ou sandwich.<br \/>\nLors de beaux jours, elles peuvent accompagner vos grillades lors d\u2019un barbecue. Elles apporteront la d\u00e9licate touche de fra\u00eecheur.<\/p>\n<p><span style=\"color: #ff6600;\">Ingr\u00e9dients :<\/span> Courgettes 66%, huile d&rsquo;olive vierge extra (origine UE) 24%, ail, pulpe de citron, persil, basilic, sel, poivre.<\/p>\n<p>Valeur \u00c9nerg\u00e9tique 1365kj \/ 326 Kcal<br \/>\nMati\u00e8res Grasses 29,74g<br \/>\nGlucides 13,32g<br \/>\nDont Sucres 1,11g<br \/>\nProt\u00e9ines 1,04g<br \/>\nSel 0,94g<br \/>\nDont Acides Gras Satur\u00e9s 4,75g<\/p>\n<p>Poid nets : 140g soit 50,71\u20ac\/Kg &#8211;\u00a0 350g soit 30,85\u20ac\/ Kg &#8211; 700g soit 24,42\u20ac\/Kg<\/p>\n<p>&nbsp;<\/p>\n","protected":false},"excerpt":{"rendered":"<p>Courgettes grill\u00e9es \u00e0 l&rsquo;huile d&rsquo;olive Des morceaux de courgettes coup\u00e9es sont plac\u00e9s dans l\u2019huile d\u2019olive vierge extra. Ces courgettes grill\u00e9es s\u2019appr\u00e9cient froid en entr\u00e9e ou \u00e0 l\u2019ap\u00e9ritif, ou pour garnir une focaccia ou sandwich. Lors de beaux jours, elles peuvent accompagner vos grillades lors d\u2019un barbecue. Elles apporteront la d\u00e9licate touche de fra\u00eecheur. Ingr\u00e9dients : [&hellip;]<\/p>\n","protected":false},"featured_media":14590,"comment_status":"open","ping_status":"closed","template":"","meta":{"om_disable_all_campaigns":false,"_monsterinsights_skip_tracking":false,"_monsterinsights_sitenote_active":false,"_monsterinsights_sitenote_note":"","_monsterinsights_sitenote_category":0,"ocean_post_layout":"","ocean_both_sidebars_style":"","ocean_both_sidebars_content_width":0,"ocean_both_sidebars_sidebars_width":0,"ocean_sidebar":"0","ocean_second_sidebar":"0","ocean_disable_margins":"enable","ocean_add_body_class":"","ocean_shortcode_before_top_bar":"","ocean_shortcode_after_top_bar":"","ocean_shortcode_before_header":"","ocean_shortcode_after_header":"","ocean_has_shortcode":"","ocean_shortcode_after_title":"","ocean_shortcode_before_footer_widgets":"","ocean_shortcode_after_footer_widgets":"","ocean_shortcode_before_footer_bottom":"","ocean_shortcode_after_footer_bottom":"","ocean_display_top_bar":"default","ocean_display_header":"default","ocean_header_style":"","ocean_center_header_left_menu":"0","ocean_custom_header_template":"0","ocean_custom_logo":0,"ocean_custom_retina_logo":0,"ocean_custom_logo_max_width":0,"ocean_custom_logo_tablet_max_width":0,"ocean_custom_logo_mobile_max_width":0,"ocean_custom_logo_max_height":0,"ocean_custom_logo_tablet_max_height":0,"ocean_custom_logo_mobile_max_height":0,"ocean_header_custom_menu":"0","ocean_menu_typo_font_family":"0","ocean_menu_typo_font_subset":"","ocean_menu_typo_font_size":0,"ocean_menu_typo_font_size_tablet":0,"ocean_menu_typo_font_size_mobile":0,"ocean_menu_typo_font_size_unit":"px","ocean_menu_typo_font_weight":"","ocean_menu_typo_font_weight_tablet":"","ocean_menu_typo_font_weight_mobile":"","ocean_menu_typo_transform":"","ocean_menu_typo_transform_tablet":"","ocean_menu_typo_transform_mobile":"","ocean_menu_typo_line_height":0,"ocean_menu_typo_line_height_tablet":0,"ocean_menu_typo_line_height_mobile":0,"ocean_menu_typo_line_height_unit":"","ocean_menu_typo_spacing":0,"ocean_menu_typo_spacing_tablet":0,"ocean_menu_typo_spacing_mobile":0,"ocean_menu_typo_spacing_unit":"","ocean_menu_link_color":"","ocean_menu_link_color_hover":"","ocean_menu_link_color_active":"","ocean_menu_link_background":"","ocean_menu_link_hover_background":"","ocean_menu_link_active_background":"","ocean_menu_social_links_bg":"","ocean_menu_social_hover_links_bg":"","ocean_menu_social_links_color":"","ocean_menu_social_hover_links_color":"","ocean_disable_title":"default","ocean_disable_heading":"default","ocean_post_title":"","ocean_post_subheading":"","ocean_post_title_style":"","ocean_post_title_background_color":"","ocean_post_title_background":0,"ocean_post_title_bg_image_position":"","ocean_post_title_bg_image_attachment":"","ocean_post_title_bg_image_repeat":"","ocean_post_title_bg_image_size":"","ocean_post_title_height":0,"ocean_post_title_bg_overlay":0.5,"ocean_post_title_bg_overlay_color":"","ocean_disable_breadcrumbs":"default","ocean_breadcrumbs_color":"","ocean_breadcrumbs_separator_color":"","ocean_breadcrumbs_links_color":"","ocean_breadcrumbs_links_hover_color":"","ocean_display_footer_widgets":"default","ocean_display_footer_bottom":"default","ocean_custom_footer_template":"0"},"product_brand":[],"product_cat":[40],"product_tag":[],"class_list":{"0":"post-14586","1":"product","2":"type-product","3":"status-publish","4":"has-post-thumbnail","6":"product_cat-specialites-provencales","7":"product_shipping_class-produits-livrables","9":"entry","10":"has-media","12":"first","13":"instock","14":"taxable","15":"shipping-taxable","16":"purchasable","17":"product-type-variable","18":"has-product-nav","19":"col","20":"span_1_of_4","21":"owp-content-center","22":"owp-thumbs-layout-horizontal","23":"owp-btn-big","24":"owp-tabs-layout-vertical","25":"has-no-thumbnails"},"aioseo_notices":[],"jetpack_sharing_enabled":true,"_links":{"self":[{"href":"https:\/\/oliveraieducoudon.com\/index.php?rest_route=\/wp\/v2\/product\/14586","targetHints":{"allow":["GET"]}}],"collection":[{"href":"https:\/\/oliveraieducoudon.com\/index.php?rest_route=\/wp\/v2\/product"}],"about":[{"href":"https:\/\/oliveraieducoudon.com\/index.php?rest_route=\/wp\/v2\/types\/product"}],"replies":[{"embeddable":true,"href":"https:\/\/oliveraieducoudon.com\/index.php?rest_route=%2Fwp%2Fv2%2Fcomments&post=14586"}],"wp:featuredmedia":[{"embeddable":true,"href":"https:\/\/oliveraieducoudon.com\/index.php?rest_route=\/wp\/v2\/media\/14590"}],"wp:attachment":[{"href":"https:\/\/oliveraieducoudon.com\/index.php?rest_route=%2Fwp%2Fv2%2Fmedia&parent=14586"}],"wp:term":[{"taxonomy":"product_brand","embeddable":true,"href":"https:\/\/oliveraieducoudon.com\/index.php?rest_route=%2Fwp%2Fv2%2Fproduct_brand&post=14586"},{"taxonomy":"product_cat","embeddable":true,"href":"https:\/\/oliveraieducoudon.com\/index.php?rest_route=%2Fwp%2Fv2%2Fproduct_cat&post=14586"},{"taxonomy":"product_tag","embeddable":true,"href":"https:\/\/oliveraieducoudon.com\/index.php?rest_route=%2Fwp%2Fv2%2Fproduct_tag&post=14586"}],"curies":[{"name":"wp","href":"https:\/\/api.w.org\/{rel}","templated":true}]}}